{"id":1091,"date":"2024-01-18T14:04:55","date_gmt":"2024-01-18T14:04:55","guid":{"rendered":"https:\/\/competencegame.com\/?page_id=1091"},"modified":"2024-06-21T10:46:11","modified_gmt":"2024-06-21T10:46:11","slug":"partnerzy-bozenajanowska","status":"publish","type":"page","link":"https:\/\/competencegame.com\/en\/partnerzy-bozenajanowska\/","title":{"rendered":"Certyfikowani Partnerzy &#8211; Bo\u017cena Janowska"},"content":{"rendered":"<div class=\"vce-row-container\"><div class=\"vce-row vce-element--xl--has-background vce-element--lg--has-background vce-element--md--has-background vce-element--sm--has-background vce-element--xs--has-background vce-row--col-gap-30 vce-row-wrap--reverse vce-row-equal-height vce-row-content--middle\" data-vce-full-width=\"true\" id=\"el-e22f2906\" data-vce-do-apply=\"all el-e22f2906\"><div class=\"vce-content-background-container\"><div class=\"vce-asset-color-gradient-container vce-visible-xl-only\" data-vce-do-apply=\"gradient el-e22f2906\"><\/div><div class=\"vce-asset-color-gradient-container vce-visible-lg-only\" data-vce-do-apply=\"gradient el-e22f2906\"><\/div><div class=\"vce-asset-color-gradient-container vce-visible-md-only\" data-vce-do-apply=\"gradient el-e22f2906\"><\/div><div class=\"vce-asset-color-gradient-container vce-visible-sm-only\" data-vce-do-apply=\"gradient el-e22f2906\"><\/div><div class=\"vce-asset-color-gradient-container vce-visible-xs-only\" data-vce-do-apply=\"gradient el-e22f2906\"><\/div><\/div><div class=\"vce-dividers-wrapper\"><div class=\"vce-container-divider vce-divider-position--bottom vce-container-divider-new vce-visible-all-only\" data-vce-do-apply=\"divider el-e22f2906\"><div class=\"vce-container-divider-inner\"><svg class=\"vce-divider-svg\" viewbox=\"0 0 500 97\" width=\"130%\" preserveaspectratio=\"none\"><g fill=\"rgb(255, 255, 255)\"><path d=\"M370.005859,7 C421.782298,7 471.582031,23.9140625 500,54.4804687 L500,97 L0,97 L0,86.7851562 C135.587891,97.4101563 223.564453,7.000000000000028 370.005859,7 Z\" opacity=\"0.5\"><\/path><path d=\"M370.005859,15 C421.782298,15 471.582031,27.9140625 500,58.4804687 L500,97 L0,97 L0,90.7851562 C135.587891,101.4101562 223.564453,15 370.005859,15 Z\" opacity=\"0.5\"><\/path><path d=\"M370.005859,22 C421.782298,22 471.582031,31.9140625 500,62.4804687 L500,97 L0,97 L0,94.7851562 C135.587891,105.4101562 223.564453,22 370.005859,22 Z\"><\/path><\/g><\/svg><\/div><\/div><\/div><div class=\"vce-row-content\" data-vce-element-content=\"true\"><div class=\"vce-col vce-col--md-50p vce-col--xs-1 vce-col--xs-last vce-col--xs-first vce-col--sm-last vce-col--sm-first vce-col--md-last vce-col--lg-last vce-col--xl-last vce-col--md-first vce-col--lg-first vce-col--xl-first\" id=\"el-01dff754\"><div class=\"vce-col-inner\" data-vce-do-apply=\"border margin background  el-01dff754\"><div class=\"vce-col-content\" data-vce-element-content=\"true\" data-vce-do-apply=\"padding el-01dff754\"><div class=\"vcv-row-control-wrapper\"><\/div><\/div><\/div><\/div><\/div><\/div><\/div><div class=\"vce-row-container\" data-vce-boxed-width=\"true\"><div class=\"vce-row vce-row--col-gap-30 vce-row-equal-height vce-row-content--top\" id=\"el-dea15e9f\" data-vce-do-apply=\"all el-dea15e9f\"><div class=\"vce-row-content\" data-vce-element-content=\"true\"><div class=\"vce-col vce-col--md-auto vce-col--xs-1 vce-col--xs-last vce-col--xs-first vce-col--sm-last vce-col--sm-first vce-col--md-first vce-col--lg-first vce-col--xl-first\" id=\"el-06e13562\"><div class=\"vce-col-inner\" data-vce-do-apply=\"border margin background  el-06e13562\"><div class=\"vce-col-content\" data-vce-element-content=\"true\" data-vce-do-apply=\"padding el-06e13562\"><div class=\"vce-text-block\"><div class=\"vce-text-block-wrapper vce\" id=\"el-519c7de9\" data-vce-do-apply=\"all el-519c7de9\"><h2 style=\"line-height: inherit;\"><strong><span style=\"font-family: 'PT Sans';\">Bo\u017cena Janowska<\/span><\/strong><\/h2><\/div><\/div><div class=\"vce-text-block\"><div class=\"vce-text-block-wrapper vce\" id=\"el-82ee2439\" data-vce-do-apply=\"all el-82ee2439\"><p>Certyfikowany Partner Competence Game <span style=\"color: #000000;\">(Master Level)<\/span><br>Praktyk biznesu - trener, coach ICC, konsultant zarz\u0105dzania i HR, psycholog, doradca &nbsp;zawodowy, asesor AC\/DC&nbsp;<\/p>\n<p aria-level=\"2\"><strong>Kontakt:&nbsp;<\/strong><\/p>\n<p aria-level=\"2\"><a href=\"callto:608574040\"><span data-contrast=\"none\">608 574 040<\/span><\/a><\/p>\n<p><a href=\"mailto:bj@bjanowska.pl\"><span data-contrast=\"none\">bj@bjanowska.pl<\/span><\/a><\/p>\n<p><a href=\"http:\/\/www.bjanowska.pl\"><span data-contrast=\"none\">www.bjanowska.pl<\/span><\/a><\/p><\/div><\/div><\/div><\/div><\/div><div class=\"vce-col vce-col--md-auto vce-col--xs-1 vce-col--xs-last vce-col--xs-first vce-col--sm-last vce-col--sm-first vce-col--md-last vce-col--lg-last vce-col--xl-last\" id=\"el-12cb9982\"><div class=\"vce-col-inner\" data-vce-do-apply=\"border margin background  el-12cb9982\"><div class=\"vce-col-content\" data-vce-element-content=\"true\" data-vce-do-apply=\"padding el-12cb9982\"><div class=\"vce-single-image-container vce-single-image--align-center\"><div class=\"vce vce-single-image-wrapper\" id=\"el-028b1753\" data-vce-do-apply=\"all el-028b1753\"><figure><div class=\"vce-single-image-figure-inner\" style=\"width: 343px;\"><div class=\"vce-single-image-inner vce-single-image--absolute vce-single-image--border-rounded\" style=\"width: 100%; padding-bottom: 132.07%;\"><img loading=\"lazy\" decoding=\"async\" class=\"vce-single-image\"  width=\"343\" height=\"453\" srcset=\"https:\/\/competencegame.com\/wp-content\/uploads\/2024\/01\/bozena-janowska-certyfikowana-partnerka-cg-320x423.png 320w, https:\/\/competencegame.com\/wp-content\/uploads\/2024\/06\/bozena-janowska-certyfikowana-partnerka-cg-343x453.png 343w\" src=\"https:\/\/competencegame.com\/wp-content\/uploads\/2024\/06\/bozena-janowska-certyfikowana-partnerka-cg-343x453.png\" data-img-src=\"https:\/\/competencegame.com\/wp-content\/uploads\/2024\/01\/bozena-janowska-certyfikowana-partnerka-cg.png\" data-attachment-id=\"1092\"  alt=\"\" title=\"bozena janowska certyfikowana partnerka cg\" \/><\/div><\/div><figcaption hidden=\"\"><\/figcaption><\/figure><\/div><\/div><\/div><\/div><\/div><\/div><\/div><\/div><div class=\"vce-row-container\" data-vce-boxed-width=\"true\"><div class=\"vce-row vce-row--col-gap-30 vce-row-equal-height vce-row-content--top\" id=\"el-2aa242cc\" data-vce-do-apply=\"all el-2aa242cc\"><div class=\"vce-content-background-container\"><\/div><div class=\"vce-row-content\" data-vce-element-content=\"true\"><div class=\"vce-col vce-col--md-89p vce-col--xs-1 vce-col--xs-last vce-col--xs-first vce-col--sm-last vce-col--sm-first vce-col--md-last vce-col--lg-last vce-col--xl-last vce-col--md-first vce-col--lg-first vce-col--xl-first\" id=\"el-8a3fd85f\"><div class=\"vce-col-inner\" data-vce-do-apply=\"border margin background  el-8a3fd85f\"><div class=\"vce-col-content\" data-vce-element-content=\"true\" data-vce-do-apply=\"padding el-8a3fd85f\"><div class=\"vce-text-block\"><div class=\"vce-text-block-wrapper vce\" id=\"el-2de2ea6b\" data-vce-do-apply=\"all el-2de2ea6b\"><p><span data-contrast=\"none\"><strong>O mnie:<br><\/strong><\/span><\/p>\n<p>Praktyk biznesu, MBA - trener, psycholog, coach ICC, konsultant zarz\u0105dzania i HR, doradca&nbsp; zawodowy, asesor AC\/DC.<\/p>\n<p>Specjalizuje si\u0119 w obszarach zwi\u0105zanych&nbsp; z zarz\u0105dzaniem, psychologi\u0105 organizacji, HR i rozwojem osobistym. Realizuje projekty&nbsp; rozwojowo - doradcze dotycz\u0105ce okre\u015blania, budowania i wdra\u017cania narz\u0119dzi strategii&nbsp; personalnych (HR), oraz strategii zarz\u0105dzania w organizacji w podej\u015bciu systemowym. W bran\u017cy szkoleniowo doradczej pracuje od ponad dwudziestu lat.<\/p>\n<p>W swojej pracy trenera, konsultanta, asesora oraz wyk\u0142adowcy na uczelniach wy\u017cszych, pos\u0142uguje si\u0119 nowoczesnymi, hybrydowymi narz\u0119dziami rozwojowymi oraz narz\u0119dziami opartymi na rozwi\u0105zaniach IT.<\/p>\n<p><span data-contrast=\"none\">Wi\u0119cej informacji na <a href=\"https:\/\/www.bjanowska.pl\/\">https:\/\/www.bjanowska.pl\/<\/a><br><\/span><\/p>\n<p><strong>Bo\u017cena ma status Master Level w Competence Game i prowadzi <a href=\"https:\/\/competencegame.com\/en\/partnerzy\/\">szkolenia certyfikacyjne <\/a>dla przysz\u0142ych Partner\u00f3w Competence Game. \u015awiadczy r\u00f3wnie\u017c us\u0142ugi doradcze z wykorzystaniem gier kompetencyjnych.<\/strong><\/p><\/div><\/div><div class=\"vce-button--style-basic-container vce-button--style-basic-container--align-center\"><span class=\"vce-button--style-basic-wrapper vce\" id=\"el-415056d5\" data-vce-do-apply=\"margin el-415056d5\"><a class=\"vce-button vce-button--style-basic vce-button--style-basic--border-rounded vce-button--style-basic--size-medium vce-button--style-basic--color-b-231-42-130--fff\" href=\"https:\/\/hrpanel.competencegame.com\/demo\/pl\/l23yV7WpJLUqwDQo\" title=\"\" target=\"_blank\" data-vce-do-apply=\"padding border background  el-415056d5\" rel=\"noopener\">Kliknij tutaj i zagraj w demo ClusterMind<\/a><\/span><\/div><\/div><\/div><\/div><\/div><\/div><\/div>","protected":false},"excerpt":{"rendered":"<p>Bo\u017cena JanowskaCertyfikowany Partner Competence Game (Master Level)Praktyk biznesu &#8211; trener, coach ICC, konsultant zarz\u0105dzania i HR, psycholog, doradca &nbsp;zawodowy, asesor AC\/DC&nbsp; Kontakt:&nbsp; 608 574 040 bj@bjanowska.pl www.bjanowska.plO mnie: Praktyk biznesu, MBA &#8211; trener, psycholog, coach ICC, konsultant zarz\u0105dzania i HR, doradca&nbsp; zawodowy, asesor AC\/DC. Specjalizuje si\u0119 w obszarach zwi\u0105zanych&nbsp; z zarz\u0105dzaniem, psychologi\u0105 organizacji, HR i [&hellip;]<\/p>\n","protected":false},"author":5,"featured_media":0,"parent":0,"menu_order":0,"comment_status":"closed","ping_status":"closed","template":"","meta":{"footnotes":""},"class_list":["post-1091","page","type-page","status-publish","hentry"],"_links":{"self":[{"href":"https:\/\/competencegame.com\/en\/wp-json\/wp\/v2\/pages\/1091","targetHints":{"allow":["GET"]}}],"collection":[{"href":"https:\/\/competencegame.com\/en\/wp-json\/wp\/v2\/pages"}],"about":[{"href":"https:\/\/competencegame.com\/en\/wp-json\/wp\/v2\/types\/page"}],"author":[{"embeddable":true,"href":"https:\/\/competencegame.com\/en\/wp-json\/wp\/v2\/users\/5"}],"replies":[{"embeddable":true,"href":"https:\/\/competencegame.com\/en\/wp-json\/wp\/v2\/comments?post=1091"}],"version-history":[{"count":9,"href":"https:\/\/competencegame.com\/en\/wp-json\/wp\/v2\/pages\/1091\/revisions"}],"predecessor-version":[{"id":1431,"href":"https:\/\/competencegame.com\/en\/wp-json\/wp\/v2\/pages\/1091\/revisions\/1431"}],"wp:attachment":[{"href":"https:\/\/competencegame.com\/en\/wp-json\/wp\/v2\/media?parent=1091"}],"curies":[{"name":"wp","href":"https:\/\/api.w.org\/{rel}","templated":true}]}}