{"id":1103,"date":"2024-01-18T14:49:54","date_gmt":"2024-01-18T14:49:54","guid":{"rendered":"https:\/\/competencegame.com\/?page_id=1103"},"modified":"2024-06-21T10:45:40","modified_gmt":"2024-06-21T10:45:40","slug":"partnerzy-annazielinskawolfigiel","status":"publish","type":"page","link":"https:\/\/competencegame.com\/en\/partnerzy-annazielinskawolfigiel\/","title":{"rendered":"Certyfikowani Partnerzy &#8211; Anna Zieli\u0144ska-Wolfigiel"},"content":{"rendered":"<div class=\"vce-row-container\"><div class=\"vce-row vce-element--xl--has-background vce-element--lg--has-background vce-element--md--has-background vce-element--sm--has-background vce-element--xs--has-background vce-row--col-gap-30 vce-row-wrap--reverse vce-row-equal-height vce-row-content--middle\" data-vce-full-width=\"true\" id=\"el-c17f6001\" data-vce-do-apply=\"all el-c17f6001\"><div class=\"vce-content-background-container\"><div class=\"vce-asset-color-gradient-container vce-visible-xl-only\" data-vce-do-apply=\"gradient el-c17f6001\"><\/div><div class=\"vce-asset-color-gradient-container vce-visible-lg-only\" data-vce-do-apply=\"gradient el-c17f6001\"><\/div><div class=\"vce-asset-color-gradient-container vce-visible-md-only\" data-vce-do-apply=\"gradient el-c17f6001\"><\/div><div class=\"vce-asset-color-gradient-container vce-visible-sm-only\" data-vce-do-apply=\"gradient el-c17f6001\"><\/div><div class=\"vce-asset-color-gradient-container vce-visible-xs-only\" data-vce-do-apply=\"gradient el-c17f6001\"><\/div><\/div><div class=\"vce-dividers-wrapper\"><div class=\"vce-container-divider vce-divider-position--bottom vce-container-divider-new vce-visible-all-only\" data-vce-do-apply=\"divider el-c17f6001\"><div class=\"vce-container-divider-inner\"><svg class=\"vce-divider-svg\" viewbox=\"0 0 500 97\" width=\"130%\" preserveaspectratio=\"none\"><g fill=\"rgb(255, 255, 255)\"><path d=\"M370.005859,7 C421.782298,7 471.582031,23.9140625 500,54.4804687 L500,97 L0,97 L0,86.7851562 C135.587891,97.4101563 223.564453,7.000000000000028 370.005859,7 Z\" opacity=\"0.5\"><\/path><path d=\"M370.005859,15 C421.782298,15 471.582031,27.9140625 500,58.4804687 L500,97 L0,97 L0,90.7851562 C135.587891,101.4101562 223.564453,15 370.005859,15 Z\" opacity=\"0.5\"><\/path><path d=\"M370.005859,22 C421.782298,22 471.582031,31.9140625 500,62.4804687 L500,97 L0,97 L0,94.7851562 C135.587891,105.4101562 223.564453,22 370.005859,22 Z\"><\/path><\/g><\/svg><\/div><\/div><\/div><div class=\"vce-row-content\" data-vce-element-content=\"true\"><div class=\"vce-col vce-col--md-50p vce-col--xs-1 vce-col--xs-last vce-col--xs-first vce-col--sm-last vce-col--sm-first vce-col--md-last vce-col--lg-last vce-col--xl-last vce-col--md-first vce-col--lg-first vce-col--xl-first\" id=\"el-b0c281ac\"><div class=\"vce-col-inner\" data-vce-do-apply=\"border margin background  el-b0c281ac\"><div class=\"vce-col-content\" data-vce-element-content=\"true\" data-vce-do-apply=\"padding el-b0c281ac\"><div class=\"vcv-row-control-wrapper\"><\/div><\/div><\/div><\/div><\/div><\/div><\/div><div class=\"vce-row-container\" data-vce-boxed-width=\"true\"><div class=\"vce-row vce-row--col-gap-30 vce-row-equal-height vce-row-content--top\" id=\"el-56b84a8b\" data-vce-do-apply=\"all el-56b84a8b\"><div class=\"vce-row-content\" data-vce-element-content=\"true\"><div class=\"vce-col vce-col--md-auto vce-col--xs-1 vce-col--xs-last vce-col--xs-first vce-col--sm-last vce-col--sm-first vce-col--md-first vce-col--lg-first vce-col--xl-first\" id=\"el-5e380d31\"><div class=\"vce-col-inner\" data-vce-do-apply=\"border margin background  el-5e380d31\"><div class=\"vce-col-content\" data-vce-element-content=\"true\" data-vce-do-apply=\"padding el-5e380d31\"><div class=\"vce-text-block\"><div class=\"vce-text-block-wrapper vce\" id=\"el-90a9c5d0\" data-vce-do-apply=\"all el-90a9c5d0\"><h2 style=\"line-height: inherit;\"><strong><span style=\"font-family: 'PT Sans';\">Anna Zieli\u0144ska-Wolfigiel<\/span><\/strong><\/h2><\/div><\/div><div class=\"vce-text-block\"><div class=\"vce-text-block-wrapper vce\" id=\"el-3483bac8\" data-vce-do-apply=\"all el-3483bac8\"><p><span class=\"NormalTextRun SCXW257291855 BCX8\" data-ccp-parastyle=\"heading 2\">Doradczyni personalna, trenerka i <\/span><span class=\"NormalTextRun SpellingErrorV2Themed SCXW257291855 BCX8\" data-ccp-parastyle=\"heading 2\">coach<\/span><span class=\"NormalTextRun SCXW257291855 BCX8\" data-ccp-parastyle=\"heading 2\">.<\/span><\/p><p aria-level=\"2\"><strong>Kontakt:&nbsp;<\/strong><\/p><p><a href=\"callto:+48 603 479 776\"><span data-contrast=\"none\">+48 603 479 776<\/span><span data-ccp-props=\"{&quot;134233118&quot;:false,&quot;201341983&quot;:0,&quot;335551550&quot;:2,&quot;335551620&quot;:2,&quot;335559739&quot;:450,&quot;335559740&quot;:259}\">&nbsp;<\/span><\/a><\/p><p><a href=\"mailto:a.wolfigiel@pracowniagier.com\"><span data-contrast=\"none\">a.wolfigiel@pracowniagier.com<\/span><\/a>&nbsp;<br><span data-ccp-props=\"{&quot;134233118&quot;:false,&quot;201341983&quot;:0,&quot;335551550&quot;:2,&quot;335551620&quot;:2,&quot;335559739&quot;:450,&quot;335559740&quot;:259}\">&nbsp;<\/span><\/p><p>&nbsp;<\/p><\/div><\/div><\/div><\/div><\/div><div class=\"vce-col vce-col--md-auto vce-col--xs-1 vce-col--xs-last vce-col--xs-first vce-col--sm-last vce-col--sm-first vce-col--md-last vce-col--lg-last vce-col--xl-last\" id=\"el-0f70684e\"><div class=\"vce-col-inner\" data-vce-do-apply=\"border margin background  el-0f70684e\"><div class=\"vce-col-content\" data-vce-element-content=\"true\" data-vce-do-apply=\"padding el-0f70684e\"><div class=\"vce-single-image-container vce-single-image--align-center\"><div class=\"vce vce-single-image-wrapper\" id=\"el-df014af8\" data-vce-do-apply=\"all el-df014af8\"><figure><div class=\"vce-single-image-figure-inner\" style=\"width: 289px;\"><div class=\"vce-single-image-inner vce-single-image--absolute vce-single-image--border-round\" style=\"width: 100%; padding-bottom: 100%;\"><img loading=\"lazy\" decoding=\"async\" class=\"vce-single-image\"  width=\"289\" height=\"289\" srcset=\"https:\/\/competencegame.com\/wp-content\/uploads\/2024\/06\/Anna-Wolfigiel-289x289.jpg 289w\" src=\"https:\/\/competencegame.com\/wp-content\/uploads\/2024\/06\/Anna-Wolfigiel-289x289.jpg\" data-img-src=\"https:\/\/competencegame.com\/wp-content\/uploads\/2024\/01\/Anna-Wolfigiel.jpg\" data-attachment-id=\"1104\"  alt=\"\" title=\"Anna Wolfigiel\" \/><\/div><\/div><figcaption hidden=\"\"><\/figcaption><\/figure><\/div><\/div><\/div><\/div><\/div><\/div><\/div><\/div><div class=\"vce-row-container\" data-vce-boxed-width=\"true\"><div class=\"vce-row vce-row--col-gap-30 vce-row-equal-height vce-row-content--top\" id=\"el-83a11804\" data-vce-do-apply=\"all el-83a11804\"><div class=\"vce-content-background-container\"><\/div><div class=\"vce-row-content\" data-vce-element-content=\"true\"><div class=\"vce-col vce-col--md-89p vce-col--xs-1 vce-col--xs-last vce-col--xs-first vce-col--sm-last vce-col--sm-first vce-col--md-last vce-col--lg-last vce-col--xl-last vce-col--md-first vce-col--lg-first vce-col--xl-first\" id=\"el-41fc12ed\"><div class=\"vce-col-inner\" data-vce-do-apply=\"border margin background  el-41fc12ed\"><div class=\"vce-col-content\" data-vce-element-content=\"true\" data-vce-do-apply=\"padding el-41fc12ed\"><div class=\"vce-text-block\"><div class=\"vce-text-block-wrapper vce\" id=\"el-d7f89ef7\" data-vce-do-apply=\"all el-d7f89ef7\"><p><span data-contrast=\"none\"><strong>O mnie:<br><\/strong><span class=\"TextRun SCXW155631640 BCX8\" lang=\"PL-PL\" xml:lang=\"PL-PL\" data-contrast=\"none\"><span class=\"NormalTextRun SCXW155631640 BCX8\">Doradca personalny i trener z ponad dziesi\u0119cioletnim do\u015bwiadczeniem w<\/span><\/span> <span class=\"TextRun SCXW155631640 BCX8\" lang=\"PL-PL\" xml:lang=\"PL-PL\" data-contrast=\"none\"><span class=\"NormalTextRun SCXW155631640 BCX8\">pracy zawodowej w firmach doradczych i po stronie klienta. Specjalizuje si\u0119<\/span><\/span> <span class=\"TextRun SCXW155631640 BCX8\" lang=\"PL-PL\" xml:lang=\"PL-PL\" data-contrast=\"none\"><span class=\"NormalTextRun SCXW155631640 BCX8\">w tematyce: doboru i oceny kompetencji personelu, wpierania komunikacji,<\/span><\/span> <span class=\"TextRun SCXW155631640 BCX8\" lang=\"PL-PL\" xml:lang=\"PL-PL\" data-contrast=\"none\"><span class=\"NormalTextRun SCXW155631640 BCX8\">zarz\u0105dzania, negocjacji, sprzeda\u017cy. Prowadzi zaj\u0119cia na uczelniach<\/span><\/span> <span class=\"TextRun SCXW155631640 BCX8\" lang=\"PL-PL\" xml:lang=\"PL-PL\" data-contrast=\"none\"><span class=\"NormalTextRun SCXW155631640 BCX8\">wy\u017cszych dla student\u00f3w studi\u00f3w podyplomowych w zakresie rekrutacji,<\/span><\/span> <span class=\"TextRun SCXW155631640 BCX8\" lang=\"PL-PL\" xml:lang=\"PL-PL\" data-contrast=\"none\"><span class=\"NormalTextRun SCXW155631640 BCX8\">budowania zespo\u0142\u00f3w, motywacji.<\/span><\/span><span class=\"EOP SCXW155631640 BCX8\" data-ccp-props=\"{&quot;134233118&quot;:false,&quot;201341983&quot;:0,&quot;335551550&quot;:2,&quot;335551620&quot;:2,&quot;335559739&quot;:450,&quot;335559740&quot;:259}\">&nbsp;<\/span><br><\/span><\/p>\n<p><strong>Anna \u015bwiadczy us\u0142ugi doradcze, indywidualne i dla firm, z wykorzystaniem gier kompetencyjnych.<\/strong><\/p><\/div><\/div><div class=\"vce-button--style-basic-container vce-button--style-basic-container--align-center\"><span class=\"vce-button--style-basic-wrapper vce\" id=\"el-1829ec9d\" data-vce-do-apply=\"margin el-1829ec9d\"><a class=\"vce-button vce-button--style-basic vce-button--style-basic--border-rounded vce-button--style-basic--size-medium vce-button--style-basic--color-b-231-42-130--fff\" href=\"https:\/\/hrpanel.competencegame.com\/demo\/pl\/SOq4fV7QA13vRuXr\" title=\"\" target=\"_blank\" data-vce-do-apply=\"padding border background  el-1829ec9d\" rel=\"noopener\">Kliknij tutaj i zagraj w demo ClusterMind<\/a><\/span><\/div><\/div><\/div><\/div><\/div><\/div><\/div>","protected":false},"excerpt":{"rendered":"<p>Anna Zieli\u0144ska-WolfigielDoradczyni personalna, trenerka i coach.Kontakt:&nbsp;+48 603 479 776&nbsp;a.wolfigiel@pracowniagier.com&nbsp;&nbsp;&nbsp;O mnie:Doradca personalny i trener z ponad dziesi\u0119cioletnim do\u015bwiadczeniem w pracy zawodowej w firmach doradczych i po stronie klienta. Specjalizuje si\u0119 w tematyce: doboru i oceny kompetencji personelu, wpierania komunikacji, zarz\u0105dzania, negocjacji, sprzeda\u017cy. Prowadzi zaj\u0119cia na uczelniach wy\u017cszych dla student\u00f3w studi\u00f3w podyplomowych w zakresie rekrutacji, budowania zespo\u0142\u00f3w, [&hellip;]<\/p>\n","protected":false},"author":5,"featured_media":0,"parent":0,"menu_order":0,"comment_status":"closed","ping_status":"closed","template":"","meta":{"footnotes":""},"class_list":["post-1103","page","type-page","status-publish","hentry"],"_links":{"self":[{"href":"https:\/\/competencegame.com\/en\/wp-json\/wp\/v2\/pages\/1103","targetHints":{"allow":["GET"]}}],"collection":[{"href":"https:\/\/competencegame.com\/en\/wp-json\/wp\/v2\/pages"}],"about":[{"href":"https:\/\/competencegame.com\/en\/wp-json\/wp\/v2\/types\/page"}],"author":[{"embeddable":true,"href":"https:\/\/competencegame.com\/en\/wp-json\/wp\/v2\/users\/5"}],"replies":[{"embeddable":true,"href":"https:\/\/competencegame.com\/en\/wp-json\/wp\/v2\/comments?post=1103"}],"version-history":[{"count":6,"href":"https:\/\/competencegame.com\/en\/wp-json\/wp\/v2\/pages\/1103\/revisions"}],"predecessor-version":[{"id":1430,"href":"https:\/\/competencegame.com\/en\/wp-json\/wp\/v2\/pages\/1103\/revisions\/1430"}],"wp:attachment":[{"href":"https:\/\/competencegame.com\/en\/wp-json\/wp\/v2\/media?parent=1103"}],"curies":[{"name":"wp","href":"https:\/\/api.w.org\/{rel}","templated":true}]}}