{"id":1112,"date":"2024-01-18T15:10:55","date_gmt":"2024-01-18T15:10:55","guid":{"rendered":"https:\/\/competencegame.com\/?page_id=1112"},"modified":"2024-06-21T10:47:37","modified_gmt":"2024-06-21T10:47:37","slug":"partnerzy-elzbietastrojny","status":"publish","type":"page","link":"https:\/\/competencegame.com\/en\/partnerzy-elzbietastrojny\/","title":{"rendered":"Certyfikowani Partnerzy &#8211; El\u017cbieta Strojny"},"content":{"rendered":"<div class=\"vce-row-container\"><div class=\"vce-row vce-element--xl--has-background vce-element--lg--has-background vce-element--md--has-background vce-element--sm--has-background vce-element--xs--has-background vce-row--col-gap-30 vce-row-wrap--reverse vce-row-equal-height vce-row-content--middle\" data-vce-full-width=\"true\" id=\"el-aa90dc77\" data-vce-do-apply=\"all el-aa90dc77\"><div class=\"vce-content-background-container\"><div class=\"vce-asset-color-gradient-container vce-visible-xl-only\" data-vce-do-apply=\"gradient el-aa90dc77\"><\/div><div class=\"vce-asset-color-gradient-container vce-visible-lg-only\" data-vce-do-apply=\"gradient el-aa90dc77\"><\/div><div class=\"vce-asset-color-gradient-container vce-visible-md-only\" data-vce-do-apply=\"gradient el-aa90dc77\"><\/div><div class=\"vce-asset-color-gradient-container vce-visible-sm-only\" data-vce-do-apply=\"gradient el-aa90dc77\"><\/div><div class=\"vce-asset-color-gradient-container vce-visible-xs-only\" data-vce-do-apply=\"gradient el-aa90dc77\"><\/div><\/div><div class=\"vce-dividers-wrapper\"><div class=\"vce-container-divider vce-divider-position--bottom vce-container-divider-new vce-visible-all-only\" data-vce-do-apply=\"divider el-aa90dc77\"><div class=\"vce-container-divider-inner\"><svg class=\"vce-divider-svg\" viewbox=\"0 0 500 97\" width=\"130%\" preserveaspectratio=\"none\"><g fill=\"rgb(255, 255, 255)\"><path d=\"M370.005859,7 C421.782298,7 471.582031,23.9140625 500,54.4804687 L500,97 L0,97 L0,86.7851562 C135.587891,97.4101563 223.564453,7.000000000000028 370.005859,7 Z\" opacity=\"0.5\"><\/path><path d=\"M370.005859,15 C421.782298,15 471.582031,27.9140625 500,58.4804687 L500,97 L0,97 L0,90.7851562 C135.587891,101.4101562 223.564453,15 370.005859,15 Z\" opacity=\"0.5\"><\/path><path d=\"M370.005859,22 C421.782298,22 471.582031,31.9140625 500,62.4804687 L500,97 L0,97 L0,94.7851562 C135.587891,105.4101562 223.564453,22 370.005859,22 Z\"><\/path><\/g><\/svg><\/div><\/div><\/div><div class=\"vce-row-content\" data-vce-element-content=\"true\"><div class=\"vce-col vce-col--md-50p vce-col--xs-1 vce-col--xs-last vce-col--xs-first vce-col--sm-last vce-col--sm-first vce-col--md-last vce-col--lg-last vce-col--xl-last vce-col--md-first vce-col--lg-first vce-col--xl-first\" id=\"el-4ec6b8a5\"><div class=\"vce-col-inner\" data-vce-do-apply=\"border margin background  el-4ec6b8a5\"><div class=\"vce-col-content\" data-vce-element-content=\"true\" data-vce-do-apply=\"padding el-4ec6b8a5\"><div class=\"vcv-row-control-wrapper\"><\/div><\/div><\/div><\/div><\/div><\/div><\/div><div class=\"vce-row-container\" data-vce-boxed-width=\"true\"><div class=\"vce-row vce-row--col-gap-30 vce-row-equal-height vce-row-content--top\" id=\"el-40496c53\" data-vce-do-apply=\"all el-40496c53\"><div class=\"vce-row-content\" data-vce-element-content=\"true\"><div class=\"vce-col vce-col--md-auto vce-col--xs-1 vce-col--xs-last vce-col--xs-first vce-col--sm-last vce-col--sm-first vce-col--md-first vce-col--lg-first vce-col--xl-first\" id=\"el-9456cb09\"><div class=\"vce-col-inner\" data-vce-do-apply=\"border margin background  el-9456cb09\"><div class=\"vce-col-content\" data-vce-element-content=\"true\" data-vce-do-apply=\"padding el-9456cb09\"><div class=\"vce-text-block\"><div class=\"vce-text-block-wrapper vce\" id=\"el-f48f009f\" data-vce-do-apply=\"all el-f48f009f\"><h2 style=\"line-height: inherit;\"><strong><span style=\"font-family: 'PT Sans';\">El\u017cbieta Strojny<\/span><\/strong><\/h2><\/div><\/div><div class=\"vce-text-block\"><div class=\"vce-text-block-wrapper vce\" id=\"el-2a8f993c\" data-vce-do-apply=\"all el-2a8f993c\"><p>W\u0142a\u015bcicielka firmy rekrutacyjno-szkoleniowej STROJNY &amp; STROJNY.<\/p><p aria-level=\"2\"><strong>Kontakt:&nbsp;<\/strong><\/p><p><a href=\"callto:+48 605 047 440\"><span data-contrast=\"none\">+48 605 047 440<\/span><span data-ccp-props=\"{&quot;134233118&quot;:false,&quot;201341983&quot;:0,&quot;335551550&quot;:2,&quot;335551620&quot;:2,&quot;335559739&quot;:450,&quot;335559740&quot;:259}\">&nbsp;<\/span><\/a><\/p><p><a href=\"mailto:elzbieta.strojny@wp.pl\"><span data-contrast=\"none\">elzbieta.<\/span><span data-contrast=\"none\">strojny@wp.pl<\/span><span data-ccp-props=\"{&quot;134233118&quot;:false,&quot;201341983&quot;:0,&quot;335551550&quot;:2,&quot;335551620&quot;:2,&quot;335559739&quot;:450,&quot;335559740&quot;:259}\">&nbsp;<\/span><\/a><\/p><\/div><\/div><\/div><\/div><\/div><div class=\"vce-col vce-col--md-auto vce-col--xs-1 vce-col--xs-last vce-col--xs-first vce-col--sm-last vce-col--sm-first vce-col--md-last vce-col--lg-last vce-col--xl-last\" id=\"el-162617b0\"><div class=\"vce-col-inner\" data-vce-do-apply=\"border margin background  el-162617b0\"><div class=\"vce-col-content\" data-vce-element-content=\"true\" data-vce-do-apply=\"padding el-162617b0\"><div class=\"vce-single-image-container vce-single-image--align-center\"><div class=\"vce vce-single-image-wrapper\" id=\"el-899898ad\" data-vce-do-apply=\"all el-899898ad\"><figure><div class=\"vce-single-image-figure-inner\" style=\"width: 400px;\"><div class=\"vce-single-image-inner vce-single-image--absolute vce-single-image--border-round\" style=\"width: 100%; padding-bottom: 100%;\"><img loading=\"lazy\" decoding=\"async\" class=\"vce-single-image\"  width=\"400\" height=\"400\" srcset=\"https:\/\/competencegame.com\/wp-content\/uploads\/2024\/01\/Elzbieta-Strojny-320x339.jpg 320w, https:\/\/competencegame.com\/wp-content\/uploads\/2024\/01\/Elzbieta-Strojny-480x509.jpg 480w, https:\/\/competencegame.com\/wp-content\/uploads\/2024\/06\/Elzbieta-Strojny-400x400.jpg 400w\" src=\"https:\/\/competencegame.com\/wp-content\/uploads\/2024\/06\/Elzbieta-Strojny-400x400.jpg\" data-img-src=\"https:\/\/competencegame.com\/wp-content\/uploads\/2024\/01\/Elzbieta-Strojny.jpg\" data-attachment-id=\"1113\"  alt=\"\" title=\"El\u017cbieta Strojny\" \/><\/div><\/div><figcaption hidden=\"\"><\/figcaption><\/figure><\/div><\/div><\/div><\/div><\/div><\/div><\/div><\/div><div class=\"vce-row-container\" data-vce-boxed-width=\"true\"><div class=\"vce-row vce-row--col-gap-30 vce-row-equal-height vce-row-content--top\" id=\"el-c4548b3e\" data-vce-do-apply=\"all el-c4548b3e\"><div class=\"vce-content-background-container\"><\/div><div class=\"vce-row-content\" data-vce-element-content=\"true\"><div class=\"vce-col vce-col--md-89p vce-col--xs-1 vce-col--xs-last vce-col--xs-first vce-col--sm-last vce-col--sm-first vce-col--md-last vce-col--lg-last vce-col--xl-last vce-col--md-first vce-col--lg-first vce-col--xl-first\" id=\"el-0da2486f\"><div class=\"vce-col-inner\" data-vce-do-apply=\"border margin background  el-0da2486f\"><div class=\"vce-col-content\" data-vce-element-content=\"true\" data-vce-do-apply=\"padding el-0da2486f\"><div class=\"vce-text-block\"><div class=\"vce-text-block-wrapper vce\" id=\"el-1416325a\" data-vce-do-apply=\"all el-1416325a\"><p><span data-contrast=\"none\"><strong>O mnie:<br><\/strong><span class=\"TextRun SCXW237271266 BCX8\" lang=\"PL-PL\" xml:lang=\"PL-PL\" data-contrast=\"none\"><span class=\"NormalTextRun SCXW237271266 BCX8\">El\u017cbieta Strojny, by\u0142y Dyrektor Zarz\u0105dzaj\u0105cy DORIES ARIA\/LINCOLN ARIA. <\/span><\/span><span class=\"TextRun SCXW237271266 BCX8\" lang=\"PL-PL\" xml:lang=\"PL-PL\" data-contrast=\"none\"><span class=\"NormalTextRun SCXW237271266 BCX8\">Absolwentka SGH i studi\u00f3w <\/span><span class=\"NormalTextRun SpellingErrorV2Themed SCXW237271266 BCX8\">Executive<\/span><span class=\"NormalTextRun SCXW237271266 BCX8\"> Master HEC Paris, dysponuje wieloletnim<\/span><\/span> <span class=\"TextRun SCXW237271266 BCX8\" lang=\"PL-PL\" xml:lang=\"PL-PL\" data-contrast=\"none\"><span class=\"NormalTextRun SCXW237271266 BCX8\">do\u015bwiadczeniem handlowym w bran\u017cy turystycznej, hotelarskiej i FMCG oraz 18-letnim <\/span><\/span><span class=\"TextRun SCXW237271266 BCX8\" lang=\"PL-PL\" xml:lang=\"PL-PL\" data-contrast=\"none\"><span class=\"NormalTextRun SCXW237271266 BCX8\">do\u015bwiadczeniem trenerskim i konsultingowym. Project Manager wielu projekt\u00f3w<\/span><\/span> <span class=\"TextRun SCXW237271266 BCX8\" lang=\"PL-PL\" xml:lang=\"PL-PL\" data-contrast=\"none\"><span class=\"NormalTextRun SCXW237271266 BCX8\">badawczo-szkoleniowych, autor metodologii bada\u0144 opinii klienta B2B, bada\u0144 oceny<\/span><\/span><span class=\"LineBreakBlob BlobObject DragDrop SCXW237271266 BCX8\"><span class=\"SCXW237271266 BCX8\"> &nbsp;<\/span><\/span><span class=\"TextRun SCXW237271266 BCX8\" lang=\"PL-PL\" xml:lang=\"PL-PL\" data-contrast=\"none\"><span class=\"NormalTextRun SCXW237271266 BCX8\">efektywno\u015bci organizacyjnej w uj\u0119ciu indywidualnym i zespo\u0142owym oraz artyku\u0142\u00f3w w<\/span><\/span> <span class=\"TextRun SCXW237271266 BCX8\" lang=\"PL-PL\" xml:lang=\"PL-PL\" data-contrast=\"none\"><span class=\"NormalTextRun SCXW237271266 BCX8\">Zeszytach SGH (<\/span><span class=\"NormalTextRun SpellingErrorV2Themed SCXW237271266 BCX8\">Assessment<\/span><span class=\"NormalTextRun SCXW237271266 BCX8\"> Center jako narz\u0119dzie ewaluacji potencja\u0142u <\/span><\/span><span class=\"TextRun SCXW237271266 BCX8\" lang=\"PL-PL\" xml:lang=\"PL-PL\" data-contrast=\"none\"><span class=\"NormalTextRun SCXW237271266 BCX8\">menad\u017cerskiego - ponad 1000 przebadanych os\u00f3b i Harvard Business <\/span><span class=\"NormalTextRun SpellingErrorV2Themed SCXW237271266 BCX8\">Review<\/span><span class=\"NormalTextRun SCXW237271266 BCX8\"> (X\/2004<\/span><\/span> <span class=\"TextRun SCXW237271266 BCX8\" lang=\"PL-PL\" xml:lang=\"PL-PL\" data-contrast=\"none\"><span class=\"NormalTextRun SCXW237271266 BCX8\">- Jak skutecznie sprzedawa\u0107 i tworzy\u0107 przewag\u0119 konkurencyjn\u0105 w oparciu o<\/span><\/span> <span class=\"TextRun SCXW237271266 BCX8\" lang=\"PL-PL\" xml:lang=\"PL-PL\" data-contrast=\"none\"><span class=\"NormalTextRun SCXW237271266 BCX8\">budowanie relacji z klientami firmy). Wiele z projekt\u00f3w badawczych zako\u0144czy\u0142o si\u0119<\/span><\/span> <span class=\"TextRun SCXW237271266 BCX8\" lang=\"PL-PL\" xml:lang=\"PL-PL\" data-contrast=\"none\"><span class=\"NormalTextRun SCXW237271266 BCX8\">rezultatami wzrostu sprzeda\u017cy nawet do 150%. Ekspert w dziedzinie TALENT<\/span><\/span> <span class=\"TextRun SCXW237271266 BCX8\" lang=\"PL-PL\" xml:lang=\"PL-PL\" data-contrast=\"none\"><span class=\"NormalTextRun SCXW237271266 BCX8\">ASSESSMENT wg metodologii <\/span><span class=\"NormalTextRun SpellingErrorV2Themed SCXW237271266 BCX8\">EvaluARIA<\/span><span class=\"NormalTextRun SCXW237271266 BCX8\">\u00ae. Autor adaptacji systemu <\/span><span class=\"NormalTextRun SpellingErrorV2Themed SCXW237271266 BCX8\">EvaluARIA<\/span><span class=\"NormalTextRun SCXW237271266 BCX8\">\u00ae do<\/span><\/span> <span class=\"TextRun SCXW237271266 BCX8\" lang=\"PL-PL\" xml:lang=\"PL-PL\" data-contrast=\"none\"><span class=\"NormalTextRun SCXW237271266 BCX8\">firmowych modeli kompetencyjnych. Certyfikowany Partner <\/span><span class=\"NormalTextRun SpellingErrorV2Themed SCXW237271266 BCX8\">Archipelago<\/span><span class=\"NormalTextRun SCXW237271266 BCX8\"> Competence<\/span><\/span> <span class=\"TextRun SCXW237271266 BCX8\" lang=\"PL-PL\" xml:lang=\"PL-PL\" data-contrast=\"none\"><span class=\"NormalTextRun SCXW237271266 BCX8\">Game, narz\u0119dzia oceny umiej\u0119tno\u015bci on-line (z listy umiej\u0119tno\u015bci XXI wieku).<\/span><\/span> <span class=\"TextRun SCXW237271266 BCX8\" lang=\"PL-PL\" xml:lang=\"PL-PL\" data-contrast=\"none\"><span class=\"NormalTextRun SCXW237271266 BCX8\">Porozumiewa si\u0119 w j. francuskim, angielskim i rosyjskim.<\/span><\/span><span class=\"EOP SCXW237271266 BCX8\" data-ccp-props=\"{&quot;134233118&quot;:false,&quot;201341983&quot;:0,&quot;335551550&quot;:2,&quot;335551620&quot;:2,&quot;335559739&quot;:450,&quot;335559740&quot;:259}\">&nbsp;<\/span><br><\/span><\/p>\n<p><strong>El\u017cbieta \u015bwiadczy us\u0142ugi doradcze z wykorzystaniem gier kompetencyjnych.<\/strong><\/p><\/div><\/div><div class=\"vce-button--style-basic-container vce-button--style-basic-container--align-center\"><span class=\"vce-button--style-basic-wrapper vce\" id=\"el-17b92eed\" data-vce-do-apply=\"margin el-17b92eed\"><a class=\"vce-button vce-button--style-basic vce-button--style-basic--border-rounded vce-button--style-basic--size-medium vce-button--style-basic--color-b-231-42-130--fff\" href=\"https:\/\/hrpanel.competencegame.com\/demo\/pl\/SOq4fV7QA13vRuXr\" title=\"\" target=\"_blank\" data-vce-do-apply=\"padding border background  el-17b92eed\" rel=\"noopener\">Kliknij tutaj i zagraj w demo ClusterMind<\/a><\/span><\/div><\/div><\/div><\/div><\/div><\/div><\/div>","protected":false},"excerpt":{"rendered":"<p>El\u017cbieta StrojnyW\u0142a\u015bcicielka firmy rekrutacyjno-szkoleniowej STROJNY &amp; STROJNY.Kontakt:&nbsp;+48 605 047 440&nbsp;elzbieta.strojny@wp.pl&nbsp;O mnie:El\u017cbieta Strojny, by\u0142y Dyrektor Zarz\u0105dzaj\u0105cy DORIES ARIA\/LINCOLN ARIA. Absolwentka SGH i studi\u00f3w Executive Master HEC Paris, dysponuje wieloletnim do\u015bwiadczeniem handlowym w bran\u017cy turystycznej, hotelarskiej i FMCG oraz 18-letnim do\u015bwiadczeniem trenerskim i konsultingowym. Project Manager wielu projekt\u00f3w badawczo-szkoleniowych, autor metodologii bada\u0144 opinii klienta B2B, bada\u0144 oceny [&hellip;]<\/p>\n","protected":false},"author":5,"featured_media":0,"parent":0,"menu_order":0,"comment_status":"closed","ping_status":"closed","template":"","meta":{"footnotes":""},"class_list":["post-1112","page","type-page","status-publish","hentry"],"_links":{"self":[{"href":"https:\/\/competencegame.com\/en\/wp-json\/wp\/v2\/pages\/1112","targetHints":{"allow":["GET"]}}],"collection":[{"href":"https:\/\/competencegame.com\/en\/wp-json\/wp\/v2\/pages"}],"about":[{"href":"https:\/\/competencegame.com\/en\/wp-json\/wp\/v2\/types\/page"}],"author":[{"embeddable":true,"href":"https:\/\/competencegame.com\/en\/wp-json\/wp\/v2\/users\/5"}],"replies":[{"embeddable":true,"href":"https:\/\/competencegame.com\/en\/wp-json\/wp\/v2\/comments?post=1112"}],"version-history":[{"count":7,"href":"https:\/\/competencegame.com\/en\/wp-json\/wp\/v2\/pages\/1112\/revisions"}],"predecessor-version":[{"id":1433,"href":"https:\/\/competencegame.com\/en\/wp-json\/wp\/v2\/pages\/1112\/revisions\/1433"}],"wp:attachment":[{"href":"https:\/\/competencegame.com\/en\/wp-json\/wp\/v2\/media?parent=1112"}],"curies":[{"name":"wp","href":"https:\/\/api.w.org\/{rel}","templated":true}]}}