{"id":1133,"date":"2024-01-24T12:39:17","date_gmt":"2024-01-24T12:39:17","guid":{"rendered":"https:\/\/competencegame.com\/?page_id=1133"},"modified":"2024-06-21T10:50:03","modified_gmt":"2024-06-21T10:50:03","slug":"partnerzy-lukaszszymula","status":"publish","type":"page","link":"https:\/\/competencegame.com\/en\/partnerzy-lukaszszymula\/","title":{"rendered":"Certyfikowani Partnerzy &#8211; \u0141ukasz Szymula"},"content":{"rendered":"<div class=\"vce-row-container\"><div class=\"vce-row vce-element--xl--has-background vce-element--lg--has-background vce-element--md--has-background vce-element--sm--has-background vce-element--xs--has-background vce-row--col-gap-30 vce-row-wrap--reverse vce-row-equal-height vce-row-content--middle\" data-vce-full-width=\"true\" id=\"el-6a59605b\" data-vce-do-apply=\"all el-6a59605b\"><div class=\"vce-content-background-container\"><div class=\"vce-asset-color-gradient-container vce-visible-xl-only\" data-vce-do-apply=\"gradient el-6a59605b\"><\/div><div class=\"vce-asset-color-gradient-container vce-visible-lg-only\" data-vce-do-apply=\"gradient el-6a59605b\"><\/div><div class=\"vce-asset-color-gradient-container vce-visible-md-only\" data-vce-do-apply=\"gradient el-6a59605b\"><\/div><div class=\"vce-asset-color-gradient-container vce-visible-sm-only\" data-vce-do-apply=\"gradient el-6a59605b\"><\/div><div class=\"vce-asset-color-gradient-container vce-visible-xs-only\" data-vce-do-apply=\"gradient el-6a59605b\"><\/div><\/div><div class=\"vce-dividers-wrapper\"><div class=\"vce-container-divider vce-divider-position--bottom vce-container-divider-new vce-visible-all-only\" data-vce-do-apply=\"divider el-6a59605b\"><div class=\"vce-container-divider-inner\"><svg class=\"vce-divider-svg\" viewbox=\"0 0 500 97\" width=\"130%\" preserveaspectratio=\"none\"><g fill=\"rgb(255, 255, 255)\"><path d=\"M370.005859,7 C421.782298,7 471.582031,23.9140625 500,54.4804687 L500,97 L0,97 L0,86.7851562 C135.587891,97.4101563 223.564453,7.000000000000028 370.005859,7 Z\" opacity=\"0.5\"><\/path><path d=\"M370.005859,15 C421.782298,15 471.582031,27.9140625 500,58.4804687 L500,97 L0,97 L0,90.7851562 C135.587891,101.4101562 223.564453,15 370.005859,15 Z\" opacity=\"0.5\"><\/path><path d=\"M370.005859,22 C421.782298,22 471.582031,31.9140625 500,62.4804687 L500,97 L0,97 L0,94.7851562 C135.587891,105.4101562 223.564453,22 370.005859,22 Z\"><\/path><\/g><\/svg><\/div><\/div><\/div><div class=\"vce-row-content\" data-vce-element-content=\"true\"><div class=\"vce-col vce-col--md-50p vce-col--xs-1 vce-col--xs-last vce-col--xs-first vce-col--sm-last vce-col--sm-first vce-col--md-last vce-col--lg-last vce-col--xl-last vce-col--md-first vce-col--lg-first vce-col--xl-first\" id=\"el-2a3a5348\"><div class=\"vce-col-inner\" data-vce-do-apply=\"border margin background  el-2a3a5348\"><div class=\"vce-col-content\" data-vce-element-content=\"true\" data-vce-do-apply=\"padding el-2a3a5348\"><div class=\"vcv-row-control-wrapper\"><\/div><\/div><\/div><\/div><\/div><\/div><\/div><div class=\"vce-row-container\" data-vce-boxed-width=\"true\"><div class=\"vce-row vce-row--col-gap-30 vce-row-equal-height vce-row-content--top\" id=\"el-12c4452a\" data-vce-do-apply=\"all el-12c4452a\"><div class=\"vce-row-content\" data-vce-element-content=\"true\"><div class=\"vce-col vce-col--md-auto vce-col--xs-1 vce-col--xs-last vce-col--xs-first vce-col--sm-last vce-col--sm-first vce-col--md-first vce-col--lg-first vce-col--xl-first\" id=\"el-de463dba\"><div class=\"vce-col-inner\" data-vce-do-apply=\"border margin background  el-de463dba\"><div class=\"vce-col-content\" data-vce-element-content=\"true\" data-vce-do-apply=\"padding el-de463dba\"><div class=\"vce-text-block\"><div class=\"vce-text-block-wrapper vce\" id=\"el-f495572a\" data-vce-do-apply=\"all el-f495572a\"><h2 style=\"line-height: inherit;\"><strong><span style=\"font-family: 'PT Sans';\">\u0141ukasz Szymula<\/span><\/strong><\/h2><\/div><\/div><div class=\"vce-text-block\"><div class=\"vce-text-block-wrapper vce\" id=\"el-dd507afc\" data-vce-do-apply=\"all el-dd507afc\"><p><span class=\"TextRun SCXW120681209 BCX8\" lang=\"PL-PL\" xml:lang=\"PL-PL\" data-contrast=\"none\"><span class=\"NormalTextRun SCXW120681209 BCX8\" data-ccp-parastyle=\"heading 2\">Country Manager Poland &amp; CEE w Trade <\/span><span class=\"NormalTextRun SpellingErrorV2Themed SCXW120681209 BCX8\" data-ccp-parastyle=\"heading 2\">Doubler<\/span><span class=\"NormalTextRun SCXW120681209 BCX8\" data-ccp-parastyle=\"heading 2\">. Business <\/span><span class=\"NormalTextRun SpellingErrorV2Themed SCXW120681209 BCX8\" data-ccp-parastyle=\"heading 2\">Trainer<\/span><span class=\"NormalTextRun SCXW120681209 BCX8\" data-ccp-parastyle=\"heading 2\">. <\/span><span class=\"NormalTextRun SpellingErrorV2Themed SCXW120681209 BCX8\" data-ccp-parastyle=\"heading 2\">Coach<\/span><span class=\"NormalTextRun SCXW120681209 BCX8\" data-ccp-parastyle=\"heading 2\">.<\/span><\/span> <span class=\"TextRun SCXW120681209 BCX8\" lang=\"PL-PL\" xml:lang=\"PL-PL\" data-contrast=\"none\"><span class=\"NormalTextRun SCXW120681209 BCX8\" data-ccp-parastyle=\"heading 2\">Mentor. <\/span><span class=\"NormalTextRun SpellingErrorV2Themed SCXW120681209 BCX8\" data-ccp-parastyle=\"heading 2\">Experienced<\/span><span class=\"NormalTextRun SCXW120681209 BCX8\" data-ccp-parastyle=\"heading 2\"> manager. Master in team engagement. <\/span><span class=\"NormalTextRun SpellingErrorV2Themed SCXW120681209 BCX8\" data-ccp-parastyle=\"heading 2\">Expert<\/span><span class=\"NormalTextRun SCXW120681209 BCX8\" data-ccp-parastyle=\"heading 2\"> of<\/span><\/span> <span class=\"TextRun SCXW120681209 BCX8\" lang=\"PL-PL\" xml:lang=\"PL-PL\" data-contrast=\"none\"><span class=\"NormalTextRun SpellingErrorV2Themed SCXW120681209 BCX8\" data-ccp-parastyle=\"heading 2\">operational<\/span><span class=\"NormalTextRun SCXW120681209 BCX8\" data-ccp-parastyle=\"heading 2\"> excellence.<\/span><\/span><span class=\"EOP SCXW120681209 BCX8\" data-ccp-props=\"{&quot;134245418&quot;:true,&quot;134245529&quot;:true,&quot;201341983&quot;:0,&quot;335559738&quot;:40,&quot;335559739&quot;:0,&quot;335559740&quot;:259}\">&nbsp;<\/span><\/p><p aria-level=\"2\"><strong>Kontakt:&nbsp;<\/strong><\/p><p aria-level=\"2\"><a href=\"callto:600 813 535\"><span class=\"TextRun SCXW225661361 BCX8\" lang=\"PL-PL\" xml:lang=\"PL-PL\" data-contrast=\"none\"><span class=\"NormalTextRun SCXW225661361 BCX8\">600 813 535<\/span><\/span><\/a><\/p><p><a href=\"mailto:lukasz@creativeintelligence.pl\">lukasz@creativeintelligence.pl<\/a><\/p><p><a href=\"http:\/\/www.lukaszszymula.pl\"><span class=\"TextRun Underlined SCXW172019823 BCX8\" lang=\"PL-PL\" title=\"Niestety, Word nie mo\u017ce otworzy\u0107 tego linku w przegl\u0105darce. Aby przej\u015b\u0107 do tego linku, otw\u00f3rz ten dokument w wersji klasycznej programu Microsoft Word.\" xml:lang=\"PL-PL\" data-contrast=\"none\"><span class=\"NormalTextRun SCXW172019823 BCX8\" data-ccp-charstyle=\"Hyperlink\">www.lukaszszymula.pl<\/span><\/span><\/a><span class=\"TextRun SCXW172019823 BCX8\" lang=\"PL-PL\" xml:lang=\"PL-PL\" data-contrast=\"none\"><span class=\"NormalTextRun SCXW172019823 BCX8\">&nbsp;<\/span><\/span><span class=\"EOP SCXW172019823 BCX8\" data-ccp-props=\"{&quot;134233118&quot;:false,&quot;201341983&quot;:0,&quot;335551550&quot;:2,&quot;335551620&quot;:2,&quot;335559739&quot;:450,&quot;335559740&quot;:259}\">&nbsp;<\/span><\/p><\/div><\/div><\/div><\/div><\/div><div class=\"vce-col vce-col--md-auto vce-col--xs-1 vce-col--xs-last vce-col--xs-first vce-col--sm-last vce-col--sm-first vce-col--md-last vce-col--lg-last vce-col--xl-last\" id=\"el-760caa66\"><div class=\"vce-col-inner\" data-vce-do-apply=\"border margin background  el-760caa66\"><div class=\"vce-col-content\" data-vce-element-content=\"true\" data-vce-do-apply=\"padding el-760caa66\"><div class=\"vce-single-image-container vce-single-image--align-center\"><div class=\"vce vce-single-image-wrapper\" id=\"el-32afbe3f\" data-vce-do-apply=\"all el-32afbe3f\"><figure><div class=\"vce-single-image-figure-inner\" style=\"width: 200px;\"><div class=\"vce-single-image-inner vce-single-image--absolute vce-single-image--border-round\" style=\"width: 100%; padding-bottom: 100%;\"><img loading=\"lazy\" decoding=\"async\" class=\"vce-single-image\"  width=\"200\" height=\"200\" srcset=\"https:\/\/competencegame.com\/wp-content\/uploads\/2024\/06\/shesession_lszy-29-200x200-1-200x200.jpg 200w\" src=\"https:\/\/competencegame.com\/wp-content\/uploads\/2024\/06\/shesession_lszy-29-200x200-1-200x200.jpg\" data-img-src=\"https:\/\/competencegame.com\/wp-content\/uploads\/2022\/08\/shesession_lszy-29-200x200-1.jpg\" data-attachment-id=\"369\"  alt=\"\u0141ukasz Szymura\" title=\"shesession_lszy-29-200x200\" \/><\/div><\/div><figcaption hidden=\"\"><\/figcaption><\/figure><\/div><\/div><\/div><\/div><\/div><\/div><\/div><\/div><div class=\"vce-row-container\" data-vce-boxed-width=\"true\"><div class=\"vce-row vce-row--col-gap-30 vce-row-equal-height vce-row-content--top\" id=\"el-28403c43\" data-vce-do-apply=\"all el-28403c43\"><div class=\"vce-content-background-container\"><\/div><div class=\"vce-row-content\" data-vce-element-content=\"true\"><div class=\"vce-col vce-col--md-89p vce-col--xs-1 vce-col--xs-last vce-col--xs-first vce-col--sm-last vce-col--sm-first vce-col--md-last vce-col--lg-last vce-col--xl-last vce-col--md-first vce-col--lg-first vce-col--xl-first\" id=\"el-fb757862\"><div class=\"vce-col-inner\" data-vce-do-apply=\"border margin background  el-fb757862\"><div class=\"vce-col-content\" data-vce-element-content=\"true\" data-vce-do-apply=\"padding el-fb757862\"><div class=\"vce-text-block\"><div class=\"vce-text-block-wrapper vce\" id=\"el-706d3a37\" data-vce-do-apply=\"all el-706d3a37\"><p><span data-contrast=\"none\"><strong>O mnie:<br><\/strong><span class=\"TextRun SCXW231758493 BCX8\" lang=\"PL-PL\" xml:lang=\"PL-PL\" data-contrast=\"none\"><span class=\"NormalTextRun SCXW231758493 BCX8\">\u0141ukasz Szymula jest do\u015bwiadczonym menad\u017cerem, zarz\u0105dzaj\u0105cym firmami <\/span><\/span><span class=\"TextRun SCXW231758493 BCX8\" lang=\"PL-PL\" xml:lang=\"PL-PL\" data-contrast=\"none\"><span class=\"NormalTextRun SCXW231758493 BCX8\">mi\u0119dzynarodowymi, g\u0142\u00f3wnie z obszaru Digital Marketingu. Jako Country Manager<\/span><\/span> <span class=\"TextRun SCXW231758493 BCX8\" lang=\"PL-PL\" xml:lang=\"PL-PL\" data-contrast=\"none\"><span class=\"NormalTextRun SCXW231758493 BCX8\">Poland &amp; CEE w <\/span><span class=\"NormalTextRun SpellingErrorV2Themed SCXW231758493 BCX8\">Tradedoubler<\/span><span class=\"NormalTextRun SCXW231758493 BCX8\"> wdro\u017cy\u0142 autorski program rozwojowy - Zarz\u0105dzanie 3.0\"<\/span><\/span><span class=\"LineBreakBlob BlobObject DragDrop SCXW231758493 BCX8\"><span class=\"SCXW231758493 BCX8\"> <br><\/span><\/span><span class=\"TextRun SCXW231758493 BCX8\" lang=\"PL-PL\" xml:lang=\"PL-PL\" data-contrast=\"none\"><span class=\"NormalTextRun SCXW231758493 BCX8\">oraz skutecznie wdro\u017cy\u0142 6-godzinny czas pracy (w modelu <\/span><span class=\"NormalTextRun SpellingErrorV2Themed SCXW231758493 BCX8\">evidence<\/span> <span class=\"NormalTextRun SpellingErrorV2Themed SCXW231758493 BCX8\">based<\/span><span class=\"NormalTextRun SCXW231758493 BCX8\">). <br>Tw\u00f3rca<\/span><\/span> <span class=\"TextRun SCXW231758493 BCX8\" lang=\"PL-PL\" xml:lang=\"PL-PL\" data-contrast=\"none\"><span class=\"NormalTextRun SCXW231758493 BCX8\">kilku startup\u00f3w. Do\u015bwiadczony i certyfikowany trener biznesu, <\/span><span class=\"NormalTextRun SpellingErrorV2Themed SCXW231758493 BCX8\">coach<\/span><span class=\"NormalTextRun SCXW231758493 BCX8\"> i mentor.<\/span><\/span><span class=\"LineBreakBlob BlobObject DragDrop SCXW231758493 BCX8\"><span class=\"SCXW231758493 BCX8\">&nbsp;<\/span><br class=\"SCXW231758493 BCX8\"><\/span><span class=\"TextRun SCXW231758493 BCX8\" lang=\"PL-PL\" xml:lang=\"PL-PL\" data-contrast=\"none\"><span class=\"NormalTextRun SCXW231758493 BCX8\">Certyfikowany trener Reiss <\/span><span class=\"NormalTextRun SpellingErrorV2Themed SCXW231758493 BCX8\">Motivation<\/span><span class=\"NormalTextRun SCXW231758493 BCX8\"> Profile (pierwszy w Polsce RMP PRO Business <\/span><\/span><span class=\"TextRun SCXW231758493 BCX8\" lang=\"PL-PL\" xml:lang=\"PL-PL\" data-contrast=\"none\"><span class=\"NormalTextRun SCXW231758493 BCX8\">Master) oraz trener FRIS Style My\u015blenia. Cz\u0142onek rad nadzorczych, m.in. w Izbie <\/span><\/span><span class=\"TextRun SCXW231758493 BCX8\" lang=\"PL-PL\" xml:lang=\"PL-PL\" data-contrast=\"none\"><span class=\"NormalTextRun SCXW231758493 BCX8\">Gospodarki Elektronicznej. Mentor i opiekun merytoryczny w najwi\u0119kszym programie <\/span><\/span><span class=\"TextRun SCXW231758493 BCX8\" lang=\"PL-PL\" xml:lang=\"PL-PL\" data-contrast=\"none\"><span class=\"NormalTextRun SpellingErrorV2Themed SCXW231758493 BCX8\">mentoringowym<\/span><span class=\"NormalTextRun SCXW231758493 BCX8\"> w Polsce (Fundacja Liderek Biznesu). Do\u015bwiadczony i zaawansowany <\/span><\/span><span class=\"TextRun SCXW231758493 BCX8\" lang=\"PL-PL\" xml:lang=\"PL-PL\" data-contrast=\"none\"><span class=\"NormalTextRun SCXW231758493 BCX8\">nurek wrakowy i jaskiniowy.<\/span><\/span><span class=\"EOP SCXW231758493 BCX8\" data-ccp-props=\"{&quot;134233118&quot;:false,&quot;201341983&quot;:0,&quot;335551550&quot;:2,&quot;335551620&quot;:2,&quot;335559739&quot;:450,&quot;335559740&quot;:259}\">&nbsp;<\/span><\/span><\/p><p><strong>\u0141ukasz \u015bwiadczy us\u0142ugi doradcze, indywidualne i dla firm, z wykorzystaniem gier kompetencyjnych.<\/strong><\/p><\/div><\/div><\/div><\/div><\/div><\/div><\/div><\/div>","protected":false},"excerpt":{"rendered":"<p>\u0141ukasz SzymulaCountry Manager Poland &amp; CEE w Trade Doubler. Business Trainer. Coach. Mentor. Experienced manager. Master in team engagement. Expert of operational excellence.&nbsp;Kontakt:&nbsp;600 813 535lukasz@creativeintelligence.plwww.lukaszszymula.pl&nbsp;&nbsp;O mnie:\u0141ukasz Szymula jest do\u015bwiadczonym menad\u017cerem, zarz\u0105dzaj\u0105cym firmami mi\u0119dzynarodowymi, g\u0142\u00f3wnie z obszaru Digital Marketingu. Jako Country Manager Poland &amp; CEE w Tradedoubler wdro\u017cy\u0142 autorski program rozwojowy &#8211; Zarz\u0105dzanie 3.0&#8243; oraz skutecznie [&hellip;]<\/p>\n","protected":false},"author":5,"featured_media":0,"parent":0,"menu_order":0,"comment_status":"closed","ping_status":"closed","template":"","meta":{"footnotes":""},"class_list":["post-1133","page","type-page","status-publish","hentry"],"_links":{"self":[{"href":"https:\/\/competencegame.com\/en\/wp-json\/wp\/v2\/pages\/1133","targetHints":{"allow":["GET"]}}],"collection":[{"href":"https:\/\/competencegame.com\/en\/wp-json\/wp\/v2\/pages"}],"about":[{"href":"https:\/\/competencegame.com\/en\/wp-json\/wp\/v2\/types\/page"}],"author":[{"embeddable":true,"href":"https:\/\/competencegame.com\/en\/wp-json\/wp\/v2\/users\/5"}],"replies":[{"embeddable":true,"href":"https:\/\/competencegame.com\/en\/wp-json\/wp\/v2\/comments?post=1133"}],"version-history":[{"count":9,"href":"https:\/\/competencegame.com\/en\/wp-json\/wp\/v2\/pages\/1133\/revisions"}],"predecessor-version":[{"id":1437,"href":"https:\/\/competencegame.com\/en\/wp-json\/wp\/v2\/pages\/1133\/revisions\/1437"}],"wp:attachment":[{"href":"https:\/\/competencegame.com\/en\/wp-json\/wp\/v2\/media?parent=1133"}],"curies":[{"name":"wp","href":"https:\/\/api.w.org\/{rel}","templated":true}]}}