{"id":1143,"date":"2024-01-24T12:49:48","date_gmt":"2024-01-24T12:49:48","guid":{"rendered":"https:\/\/competencegame.com\/?page_id=1143"},"modified":"2024-06-21T10:50:28","modified_gmt":"2024-06-21T10:50:28","slug":"partnerzy-malgorzatakocher","status":"publish","type":"page","link":"https:\/\/competencegame.com\/en\/partnerzy-malgorzatakocher\/","title":{"rendered":"Certyfikowani Partnerzy &#8211; Ma\u0142gorzata Kocher"},"content":{"rendered":"<div class=\"vce-row-container\"><div class=\"vce-row vce-element--xl--has-background vce-element--lg--has-background vce-element--md--has-background vce-element--sm--has-background vce-element--xs--has-background vce-row--col-gap-30 vce-row-wrap--reverse vce-row-equal-height vce-row-content--middle\" data-vce-full-width=\"true\" id=\"el-9728de9f\" data-vce-do-apply=\"all el-9728de9f\"><div class=\"vce-content-background-container\"><div class=\"vce-asset-color-gradient-container vce-visible-xl-only\" data-vce-do-apply=\"gradient el-9728de9f\"><\/div><div class=\"vce-asset-color-gradient-container vce-visible-lg-only\" data-vce-do-apply=\"gradient el-9728de9f\"><\/div><div class=\"vce-asset-color-gradient-container vce-visible-md-only\" data-vce-do-apply=\"gradient el-9728de9f\"><\/div><div class=\"vce-asset-color-gradient-container vce-visible-sm-only\" data-vce-do-apply=\"gradient el-9728de9f\"><\/div><div class=\"vce-asset-color-gradient-container vce-visible-xs-only\" data-vce-do-apply=\"gradient el-9728de9f\"><\/div><\/div><div class=\"vce-dividers-wrapper\"><div class=\"vce-container-divider vce-divider-position--bottom vce-container-divider-new vce-visible-all-only\" data-vce-do-apply=\"divider el-9728de9f\"><div class=\"vce-container-divider-inner\"><svg class=\"vce-divider-svg\" viewbox=\"0 0 500 97\" width=\"130%\" preserveaspectratio=\"none\"><g fill=\"rgb(255, 255, 255)\"><path d=\"M370.005859,7 C421.782298,7 471.582031,23.9140625 500,54.4804687 L500,97 L0,97 L0,86.7851562 C135.587891,97.4101563 223.564453,7.000000000000028 370.005859,7 Z\" opacity=\"0.5\"><\/path><path d=\"M370.005859,15 C421.782298,15 471.582031,27.9140625 500,58.4804687 L500,97 L0,97 L0,90.7851562 C135.587891,101.4101562 223.564453,15 370.005859,15 Z\" opacity=\"0.5\"><\/path><path d=\"M370.005859,22 C421.782298,22 471.582031,31.9140625 500,62.4804687 L500,97 L0,97 L0,94.7851562 C135.587891,105.4101562 223.564453,22 370.005859,22 Z\"><\/path><\/g><\/svg><\/div><\/div><\/div><div class=\"vce-row-content\" data-vce-element-content=\"true\"><div class=\"vce-col vce-col--md-50p vce-col--xs-1 vce-col--xs-last vce-col--xs-first vce-col--sm-last vce-col--sm-first vce-col--md-last vce-col--lg-last vce-col--xl-last vce-col--md-first vce-col--lg-first vce-col--xl-first\" id=\"el-13ecccdc\"><div class=\"vce-col-inner\" data-vce-do-apply=\"border margin background  el-13ecccdc\"><div class=\"vce-col-content\" data-vce-element-content=\"true\" data-vce-do-apply=\"padding el-13ecccdc\"><div class=\"vcv-row-control-wrapper\"><\/div><\/div><\/div><\/div><\/div><\/div><\/div><div class=\"vce-row-container\" data-vce-boxed-width=\"true\"><div class=\"vce-row vce-row--col-gap-30 vce-row-equal-height vce-row-content--top\" id=\"el-4d67f433\" data-vce-do-apply=\"all el-4d67f433\"><div class=\"vce-row-content\" data-vce-element-content=\"true\"><div class=\"vce-col vce-col--md-auto vce-col--xs-1 vce-col--xs-last vce-col--xs-first vce-col--sm-last vce-col--sm-first vce-col--md-first vce-col--lg-first vce-col--xl-first\" id=\"el-49fb03a6\"><div class=\"vce-col-inner\" data-vce-do-apply=\"border margin background  el-49fb03a6\"><div class=\"vce-col-content\" data-vce-element-content=\"true\" data-vce-do-apply=\"padding el-49fb03a6\"><div class=\"vce-text-block\"><div class=\"vce-text-block-wrapper vce\" id=\"el-9d773143\" data-vce-do-apply=\"all el-9d773143\"><h2 style=\"line-height: inherit;\"><strong><span style=\"font-family: 'PT Sans';\">Ma\u0142gorzata Kocher<\/span><\/strong><\/h2><\/div><\/div><div class=\"vce-text-block\"><div class=\"vce-text-block-wrapper vce\" id=\"el-26743431\" data-vce-do-apply=\"all el-26743431\"><p><span class=\"TextRun SCXW75233857 BCX8\" lang=\"PL-PL\" xml:lang=\"PL-PL\" data-contrast=\"none\"><span class=\"NormalTextRun SCXW75233857 BCX8\" data-ccp-parastyle=\"heading 2\">Absolwentka certyfikowanych kurs\u00f3w coachingu <br>i rozwoju osobistego<\/span><\/span> <span class=\"TextRun SCXW75233857 BCX8\" lang=\"PL-PL\" xml:lang=\"PL-PL\" data-contrast=\"none\"><span class=\"NormalTextRun SCXW75233857 BCX8\" data-ccp-parastyle=\"heading 2\">(<\/span><span class=\"NormalTextRun SpellingErrorV2Themed SCXW75233857 BCX8\" data-ccp-parastyle=\"heading 2\">multilevel<\/span><span class=\"NormalTextRun SCXW75233857 BCX8\" data-ccp-parastyle=\"heading 2\"> coaching, zen-coaching, <br>TSR <\/span><span class=\"NormalTextRun SpellingErrorV2Themed SCXW75233857 BCX8\" data-ccp-parastyle=\"heading 2\">solution<\/span> <span class=\"NormalTextRun SpellingErrorV2Themed SCXW75233857 BCX8\" data-ccp-parastyle=\"heading 2\">focused<\/span> <span class=\"NormalTextRun SpellingErrorV2Themed SCXW75233857 BCX8\" data-ccp-parastyle=\"heading 2\">brief<\/span> <span class=\"NormalTextRun SpellingErrorV2Themed SCXW75233857 BCX8\" data-ccp-parastyle=\"heading 2\">therapy<\/span><span class=\"NormalTextRun SCXW75233857 BCX8\" data-ccp-parastyle=\"heading 2\">)<\/span><\/span><\/p><p aria-level=\"2\"><strong>Kontakt:&nbsp;<\/strong><\/p><p aria-level=\"2\"><a href=\"callto:501725150\"><span class=\"TextRun SCXW36431130 BCX8\" lang=\"PL-PL\" xml:lang=\"PL-PL\" data-contrast=\"none\"><span class=\"NormalTextRun SCXW36431130 BCX8\">501 725 150<\/span><\/span><\/a><\/p><p><a href=\"mailto:malgorzata.kocher@KalejdoskopKompetencji.pl\">malgorzata.kocher@KalejdoskopKompetencji.pl<\/a><\/p><p><a href=\"http:\/\/www.kalejdoskopkompetencji.pl\"><span class=\"TextRun Underlined SCXW204380419 BCX8\" lang=\"PL-PL\" title=\"Niestety, Word nie mo\u017ce otworzy\u0107 tego linku w przegl\u0105darce. Aby przej\u015b\u0107 do tego linku, otw\u00f3rz ten dokument w wersji klasycznej programu Microsoft Word.\" xml:lang=\"PL-PL\" data-contrast=\"none\"><span class=\"NormalTextRun SCXW204380419 BCX8\" data-ccp-charstyle=\"Hyperlink\">www.kalejdoskopkompetencji.pl<\/span><\/span><span class=\"EOP SCXW204380419 BCX8\" data-ccp-props=\"{&quot;134233118&quot;:false,&quot;201341983&quot;:0,&quot;335551550&quot;:2,&quot;335551620&quot;:2,&quot;335559739&quot;:450,&quot;335559740&quot;:259}\">&nbsp;<\/span><\/a><\/p><\/div><\/div><\/div><\/div><\/div><div class=\"vce-col vce-col--md-auto vce-col--xs-1 vce-col--xs-last vce-col--xs-first vce-col--sm-last vce-col--sm-first vce-col--md-last vce-col--lg-last vce-col--xl-last\" id=\"el-de03efcc\"><div class=\"vce-col-inner\" data-vce-do-apply=\"border margin background  el-de03efcc\"><div class=\"vce-col-content\" data-vce-element-content=\"true\" data-vce-do-apply=\"padding el-de03efcc\"><div class=\"vce-single-image-container vce-single-image--align-center\"><div class=\"vce vce-single-image-wrapper\" id=\"el-d70625f9\" data-vce-do-apply=\"all el-d70625f9\"><figure><div class=\"vce-single-image-figure-inner\" style=\"width: 200px;\"><div class=\"vce-single-image-inner vce-single-image--absolute vce-single-image--border-round\" style=\"width: 100%; padding-bottom: 100%;\"><img loading=\"lazy\" decoding=\"async\" class=\"vce-single-image\"  width=\"200\" height=\"200\" srcset=\"https:\/\/competencegame.com\/wp-content\/uploads\/2024\/06\/malgorzata-kocher-trener-FRIS-200x200-1-200x200.jpg 200w\" src=\"https:\/\/competencegame.com\/wp-content\/uploads\/2024\/06\/malgorzata-kocher-trener-FRIS-200x200-1-200x200.jpg\" data-img-src=\"https:\/\/competencegame.com\/wp-content\/uploads\/2022\/08\/malgorzata-kocher-trener-FRIS-200x200-1.jpg\" data-attachment-id=\"366\"  alt=\"Ma\u0142gorzata Kocher\" title=\"malgorzata kocher\" \/><\/div><\/div><figcaption hidden=\"\"><\/figcaption><\/figure><\/div><\/div><\/div><\/div><\/div><\/div><\/div><\/div><div class=\"vce-row-container\" data-vce-boxed-width=\"true\"><div class=\"vce-row vce-row--col-gap-30 vce-row-equal-height vce-row-content--top\" id=\"el-13011acd\" data-vce-do-apply=\"all el-13011acd\"><div class=\"vce-content-background-container\"><\/div><div class=\"vce-row-content\" data-vce-element-content=\"true\"><div class=\"vce-col vce-col--md-89p vce-col--xs-1 vce-col--xs-last vce-col--xs-first vce-col--sm-last vce-col--sm-first vce-col--md-last vce-col--lg-last vce-col--xl-last vce-col--md-first vce-col--lg-first vce-col--xl-first\" id=\"el-6aace23f\"><div class=\"vce-col-inner\" data-vce-do-apply=\"border margin background  el-6aace23f\"><div class=\"vce-col-content\" data-vce-element-content=\"true\" data-vce-do-apply=\"padding el-6aace23f\"><div class=\"vce-text-block\"><div class=\"vce-text-block-wrapper vce\" id=\"el-55612b10\" data-vce-do-apply=\"all el-55612b10\"><p><span data-contrast=\"none\"><strong>O mnie:<br><\/strong><span class=\"TextRun SCXW23401473 BCX8\" lang=\"PL-PL\" xml:lang=\"PL-PL\" data-contrast=\"none\"><span class=\"NormalTextRun SCXW23401473 BCX8\">Specjalizuje si\u0119 w obszarze diagnozy kompetencji i planowania rozwoju<\/span><\/span><span class=\"LineBreakBlob BlobObject DragDrop SCXW23401473 BCX8\"><span class=\"SCXW23401473 BCX8\">&nbsp;<\/span><br class=\"SCXW23401473 BCX8\"><\/span><span class=\"TextRun SCXW23401473 BCX8\" lang=\"PL-PL\" xml:lang=\"PL-PL\" data-contrast=\"none\"><span class=\"NormalTextRun SCXW23401473 BCX8\">os\u00f3b i zespo\u0142\u00f3w. Przeprowadzi\u0142a szereg projekt\u00f3w po\u015bwi\u0119conych diagnozie<\/span><\/span><span class=\"LineBreakBlob BlobObject DragDrop SCXW23401473 BCX8\"><span class=\"SCXW23401473 BCX8\">&nbsp;<\/span><br class=\"SCXW23401473 BCX8\"><\/span><span class=\"TextRun SCXW23401473 BCX8\" lang=\"PL-PL\" xml:lang=\"PL-PL\" data-contrast=\"none\"><span class=\"NormalTextRun SCXW23401473 BCX8\">kompetencji, ocenie potencja\u0142u, identyfikowaniu talent\u00f3w i sukcesor\u00f3w w<\/span><\/span><span class=\"LineBreakBlob BlobObject DragDrop SCXW23401473 BCX8\"><span class=\"SCXW23401473 BCX8\">&nbsp;<\/span><br class=\"SCXW23401473 BCX8\"><\/span><span class=\"TextRun SCXW23401473 BCX8\" lang=\"PL-PL\" xml:lang=\"PL-PL\" data-contrast=\"none\"><span class=\"NormalTextRun SCXW23401473 BCX8\">organizacji oraz planowaniu rozwoju.<\/span><\/span><span class=\"LineBreakBlob BlobObject DragDrop SCXW23401473 BCX8\"><span class=\"SCXW23401473 BCX8\">&nbsp;<\/span><br class=\"SCXW23401473 BCX8\"><\/span><span class=\"TextRun SCXW23401473 BCX8\" lang=\"PL-PL\" xml:lang=\"PL-PL\" data-contrast=\"none\"><span class=\"NormalTextRun SCXW23401473 BCX8\">Tworzy narz\u0119dzia diagnostyczne, opracowuje wska\u017aniki behawioralne<\/span><\/span><span class=\"LineBreakBlob BlobObject DragDrop SCXW23401473 BCX8\"><span class=\"SCXW23401473 BCX8\">&nbsp;<\/span><br class=\"SCXW23401473 BCX8\"><\/span><span class=\"TextRun SCXW23401473 BCX8\" lang=\"PL-PL\" xml:lang=\"PL-PL\" data-contrast=\"none\"><span class=\"NormalTextRun SCXW23401473 BCX8\">kompetencji, udziela konsultacji w procesie budowy modeli<\/span><\/span><span class=\"LineBreakBlob BlobObject DragDrop SCXW23401473 BCX8\"><span class=\"SCXW23401473 BCX8\">&nbsp;<\/span><br class=\"SCXW23401473 BCX8\"><\/span><span class=\"TextRun SCXW23401473 BCX8\" lang=\"PL-PL\" xml:lang=\"PL-PL\" data-contrast=\"none\"><span class=\"NormalTextRun SCXW23401473 BCX8\">kompetencyjnych oraz przygotowuje przewodniki do badania kompetencji w<\/span><\/span><span class=\"LineBreakBlob BlobObject DragDrop SCXW23401473 BCX8\"><span class=\"SCXW23401473 BCX8\">&nbsp;<\/span><br class=\"SCXW23401473 BCX8\"><\/span><span class=\"TextRun SCXW23401473 BCX8\" lang=\"PL-PL\" xml:lang=\"PL-PL\" data-contrast=\"none\"><span class=\"NormalTextRun SCXW23401473 BCX8\">organizacji. Prowadzi kursy z zakresu metodologii<\/span><\/span><span class=\"LineBreakBlob BlobObject DragDrop SCXW23401473 BCX8\"><span class=\"SCXW23401473 BCX8\">&nbsp;<\/span><br class=\"SCXW23401473 BCX8\"><\/span><span class=\"TextRun SCXW23401473 BCX8\" lang=\"PL-PL\" xml:lang=\"PL-PL\" data-contrast=\"none\"><span class=\"NormalTextRun SpellingErrorV2Themed SCXW23401473 BCX8\">Assessment<\/span><span class=\"NormalTextRun SCXW23401473 BCX8\">\/Development Center oraz projekty o charakterze<\/span><\/span><span class=\"LineBreakBlob BlobObject DragDrop SCXW23401473 BCX8\"><span class=\"SCXW23401473 BCX8\">&nbsp;<\/span><br class=\"SCXW23401473 BCX8\"><\/span><span class=\"TextRun SCXW23401473 BCX8\" lang=\"PL-PL\" xml:lang=\"PL-PL\" data-contrast=\"none\"><span class=\"NormalTextRun SCXW23401473 BCX8\">szkoleniowym, przygotowuj\u0105ce asesor\u00f3w wewn\u0119trznych w firmach.<\/span><\/span><span class=\"LineBreakBlob BlobObject DragDrop SCXW23401473 BCX8\"><span class=\"SCXW23401473 BCX8\">&nbsp;<\/span><br class=\"SCXW23401473 BCX8\"><\/span><span class=\"TextRun SCXW23401473 BCX8\" lang=\"PL-PL\" xml:lang=\"PL-PL\" data-contrast=\"none\"><span class=\"NormalTextRun SCXW23401473 BCX8\">Prowadzi indywidualne i grupowe projekty kontynuacji kariery<\/span><\/span><span class=\"LineBreakBlob BlobObject DragDrop SCXW23401473 BCX8\"><span class=\"SCXW23401473 BCX8\">&nbsp;<\/span><br class=\"SCXW23401473 BCX8\"><\/span><span class=\"TextRun SCXW23401473 BCX8\" lang=\"PL-PL\" xml:lang=\"PL-PL\" data-contrast=\"none\"><span class=\"NormalTextRun SCXW23401473 BCX8\">(<\/span><span class=\"NormalTextRun SpellingErrorV2Themed SCXW23401473 BCX8\">outplacement<\/span><span class=\"NormalTextRun SCXW23401473 BCX8\">).<\/span><\/span><span class=\"EOP SCXW23401473 BCX8\" data-ccp-props=\"{&quot;134233118&quot;:false,&quot;201341983&quot;:0,&quot;335551550&quot;:2,&quot;335551620&quot;:2,&quot;335559739&quot;:450,&quot;335559740&quot;:259}\">&nbsp;<\/span><br><\/span><\/p>\n<p><strong>Ma\u0142gorzata \u015bwiadczy us\u0142ugi doradcze, indywidualne i dla firm, z wykorzystaniem gier kompetencyjnych.<\/strong><\/p><\/div><\/div><div class=\"vce-button--style-basic-container vce-button--style-basic-container--align-center\"><span class=\"vce-button--style-basic-wrapper vce\" id=\"el-6e8304e0\" data-vce-do-apply=\"margin el-6e8304e0\"><a class=\"vce-button vce-button--style-basic vce-button--style-basic--border-rounded vce-button--style-basic--size-medium vce-button--style-basic--color-b-231-42-130--fff\" href=\"https:\/\/hrpanel.competencegame.com\/demo\/pl\/SOq4fV7QA13vRuXr\" title=\"\" target=\"_blank\" data-vce-do-apply=\"padding border background  el-6e8304e0\" rel=\"noopener\">Kliknij tutaj i zagraj w demo ClusterMind<\/a><\/span><\/div><\/div><\/div><\/div><\/div><\/div><\/div>","protected":false},"excerpt":{"rendered":"<p>Ma\u0142gorzata KocherAbsolwentka certyfikowanych kurs\u00f3w coachingu i rozwoju osobistego (multilevel coaching, zen-coaching, TSR solution focused brief therapy)Kontakt:&nbsp;501 725 150malgorzata.kocher@KalejdoskopKompetencji.plwww.kalejdoskopkompetencji.pl&nbsp;O mnie:Specjalizuje si\u0119 w obszarze diagnozy kompetencji i planowania rozwoju&nbsp;os\u00f3b i zespo\u0142\u00f3w. Przeprowadzi\u0142a szereg projekt\u00f3w po\u015bwi\u0119conych diagnozie&nbsp;kompetencji, ocenie potencja\u0142u, identyfikowaniu talent\u00f3w i sukcesor\u00f3w w&nbsp;organizacji oraz planowaniu rozwoju.&nbsp;Tworzy narz\u0119dzia diagnostyczne, opracowuje wska\u017aniki behawioralne&nbsp;kompetencji, udziela konsultacji w procesie budowy modeli&nbsp;kompetencyjnych [&hellip;]<\/p>\n","protected":false},"author":5,"featured_media":0,"parent":0,"menu_order":0,"comment_status":"closed","ping_status":"closed","template":"","meta":{"footnotes":""},"class_list":["post-1143","page","type-page","status-publish","hentry"],"_links":{"self":[{"href":"https:\/\/competencegame.com\/en\/wp-json\/wp\/v2\/pages\/1143","targetHints":{"allow":["GET"]}}],"collection":[{"href":"https:\/\/competencegame.com\/en\/wp-json\/wp\/v2\/pages"}],"about":[{"href":"https:\/\/competencegame.com\/en\/wp-json\/wp\/v2\/types\/page"}],"author":[{"embeddable":true,"href":"https:\/\/competencegame.com\/en\/wp-json\/wp\/v2\/users\/5"}],"replies":[{"embeddable":true,"href":"https:\/\/competencegame.com\/en\/wp-json\/wp\/v2\/comments?post=1143"}],"version-history":[{"count":4,"href":"https:\/\/competencegame.com\/en\/wp-json\/wp\/v2\/pages\/1143\/revisions"}],"predecessor-version":[{"id":1438,"href":"https:\/\/competencegame.com\/en\/wp-json\/wp\/v2\/pages\/1143\/revisions\/1438"}],"wp:attachment":[{"href":"https:\/\/competencegame.com\/en\/wp-json\/wp\/v2\/media?parent=1143"}],"curies":[{"name":"wp","href":"https:\/\/api.w.org\/{rel}","templated":true}]}}