{"id":1148,"date":"2024-01-24T13:27:50","date_gmt":"2024-01-24T13:27:50","guid":{"rendered":"https:\/\/competencegame.com\/?page_id=1148"},"modified":"2024-06-21T10:43:55","modified_gmt":"2024-06-21T10:43:55","slug":"partnerzy-agnieszkalesny","status":"publish","type":"page","link":"https:\/\/competencegame.com\/en\/partnerzy-agnieszkalesny\/","title":{"rendered":"Certyfikowani Partnerzy &#8211; Agnieszka Le\u015bny"},"content":{"rendered":"<div class=\"vce-row-container\"><div class=\"vce-row vce-element--xl--has-background vce-element--lg--has-background vce-element--md--has-background vce-element--sm--has-background vce-element--xs--has-background vce-row--col-gap-30 vce-row-wrap--reverse vce-row-equal-height vce-row-content--middle\" data-vce-full-width=\"true\" id=\"el-4ca9201d\" data-vce-do-apply=\"all el-4ca9201d\"><div class=\"vce-content-background-container\"><div class=\"vce-asset-color-gradient-container vce-visible-xl-only\" data-vce-do-apply=\"gradient el-4ca9201d\"><\/div><div class=\"vce-asset-color-gradient-container vce-visible-lg-only\" data-vce-do-apply=\"gradient el-4ca9201d\"><\/div><div class=\"vce-asset-color-gradient-container vce-visible-md-only\" data-vce-do-apply=\"gradient el-4ca9201d\"><\/div><div class=\"vce-asset-color-gradient-container vce-visible-sm-only\" data-vce-do-apply=\"gradient el-4ca9201d\"><\/div><div class=\"vce-asset-color-gradient-container vce-visible-xs-only\" data-vce-do-apply=\"gradient el-4ca9201d\"><\/div><\/div><div class=\"vce-dividers-wrapper\"><div class=\"vce-container-divider vce-divider-position--bottom vce-container-divider-new vce-visible-all-only\" data-vce-do-apply=\"divider el-4ca9201d\"><div class=\"vce-container-divider-inner\"><svg class=\"vce-divider-svg\" viewbox=\"0 0 500 97\" width=\"130%\" preserveaspectratio=\"none\"><g fill=\"rgb(255, 255, 255)\"><path d=\"M370.005859,7 C421.782298,7 471.582031,23.9140625 500,54.4804687 L500,97 L0,97 L0,86.7851562 C135.587891,97.4101563 223.564453,7.000000000000028 370.005859,7 Z\" opacity=\"0.5\"><\/path><path d=\"M370.005859,15 C421.782298,15 471.582031,27.9140625 500,58.4804687 L500,97 L0,97 L0,90.7851562 C135.587891,101.4101562 223.564453,15 370.005859,15 Z\" opacity=\"0.5\"><\/path><path d=\"M370.005859,22 C421.782298,22 471.582031,31.9140625 500,62.4804687 L500,97 L0,97 L0,94.7851562 C135.587891,105.4101562 223.564453,22 370.005859,22 Z\"><\/path><\/g><\/svg><\/div><\/div><\/div><div class=\"vce-row-content\" data-vce-element-content=\"true\"><div class=\"vce-col vce-col--md-50p vce-col--xs-1 vce-col--xs-last vce-col--xs-first vce-col--sm-last vce-col--sm-first vce-col--md-last vce-col--lg-last vce-col--xl-last vce-col--md-first vce-col--lg-first vce-col--xl-first\" id=\"el-6e3eb55c\"><div class=\"vce-col-inner\" data-vce-do-apply=\"border margin background  el-6e3eb55c\"><div class=\"vce-col-content\" data-vce-element-content=\"true\" data-vce-do-apply=\"padding el-6e3eb55c\"><div class=\"vcv-row-control-wrapper\"><\/div><\/div><\/div><\/div><\/div><\/div><\/div><div class=\"vce-row-container\" data-vce-boxed-width=\"true\"><div class=\"vce-row vce-row--col-gap-30 vce-row-equal-height vce-row-content--top\" id=\"el-7c186679\" data-vce-do-apply=\"all el-7c186679\"><div class=\"vce-row-content\" data-vce-element-content=\"true\"><div class=\"vce-col vce-col--md-auto vce-col--xs-1 vce-col--xs-last vce-col--xs-first vce-col--sm-last vce-col--sm-first vce-col--md-first vce-col--lg-first vce-col--xl-first\" id=\"el-4a07235c\"><div class=\"vce-col-inner\" data-vce-do-apply=\"border margin background  el-4a07235c\"><div class=\"vce-col-content\" data-vce-element-content=\"true\" data-vce-do-apply=\"padding el-4a07235c\"><div class=\"vce-text-block\"><div class=\"vce-text-block-wrapper vce\" id=\"el-a7c57b1a\" data-vce-do-apply=\"all el-a7c57b1a\"><h2 style=\"line-height: inherit;\"><strong><span style=\"font-family: 'PT Sans';\">Agnieszka Le\u015bny<\/span><\/strong><\/h2><\/div><\/div><div class=\"vce-text-block\"><div class=\"vce-text-block-wrapper vce\" id=\"el-4e6bcfd3\" data-vce-do-apply=\"all el-4e6bcfd3\"><p><span class=\"TextRun SCXW7409244 BCX8\" lang=\"PL-PL\" xml:lang=\"PL-PL\" data-contrast=\"none\"><span class=\"NormalTextRun SCXW7409244 BCX8\" data-ccp-parastyle=\"heading 2\">Trenerka, projektantka i ekspertka w metodyce <\/span><span class=\"NormalTextRun SpellingErrorV2Themed SCXW7409244 BCX8\" data-ccp-parastyle=\"heading 2\">experiential<\/span> <span class=\"NormalTextRun SpellingErrorV2Themed SCXW7409244 BCX8\" data-ccp-parastyle=\"heading 2\">education<\/span><span class=\"NormalTextRun SCXW7409244 BCX8\" data-ccp-parastyle=\"heading 2\">, praktyk<\/span><\/span> <span class=\"TextRun SCXW7409244 BCX8\" lang=\"PL-PL\" xml:lang=\"PL-PL\" data-contrast=\"none\"><span class=\"NormalTextRun SCXW7409244 BCX8\" data-ccp-parastyle=\"heading 2\">zarz\u0105dzania w 3. sektorze.<\/span><\/span><span class=\"EOP SCXW7409244 BCX8\" data-ccp-props=\"{&quot;134245418&quot;:true,&quot;134245529&quot;:true,&quot;201341983&quot;:0,&quot;335559738&quot;:40,&quot;335559739&quot;:0,&quot;335559740&quot;:259}\">&nbsp;<\/span><\/p>\n<p aria-level=\"2\"><strong>Kontakt:&nbsp;<\/strong><\/p>\n<p aria-level=\"2\"><a href=\"callto:+48501783923\"><span data-contrast=\"none\">+48 501 783 923<\/span><\/a><\/p>\n<p><a href=\"mailto:a.lesny@pracowniagier.com\"><span data-contrast=\"none\">a.lesny@pracowniagier.com<\/span><\/a><\/p><\/div><\/div><\/div><\/div><\/div><div class=\"vce-col vce-col--md-auto vce-col--xs-1 vce-col--xs-last vce-col--xs-first vce-col--sm-last vce-col--sm-first vce-col--md-last vce-col--lg-last vce-col--xl-last\" id=\"el-752537ec\"><div class=\"vce-col-inner\" data-vce-do-apply=\"border margin background  el-752537ec\"><div class=\"vce-col-content\" data-vce-element-content=\"true\" data-vce-do-apply=\"padding el-752537ec\"><div class=\"vce-single-image-container vce-single-image--align-center\"><div class=\"vce vce-single-image-wrapper\" id=\"el-2ec1c9eb\" data-vce-do-apply=\"all el-2ec1c9eb\"><figure><div class=\"vce-single-image-figure-inner\" style=\"width: 200px;\"><div class=\"vce-single-image-inner vce-single-image--absolute vce-single-image--border-round\" style=\"width: 100%; padding-bottom: 100%;\"><img loading=\"lazy\" decoding=\"async\" class=\"vce-single-image\"  width=\"200\" height=\"200\" srcset=\"https:\/\/competencegame.com\/wp-content\/uploads\/2024\/06\/Agnieszka-Lesny-Trener-facylitator-1-200x200-1-200x200.jpg 200w\" src=\"https:\/\/competencegame.com\/wp-content\/uploads\/2024\/06\/Agnieszka-Lesny-Trener-facylitator-1-200x200-1-200x200.jpg\" data-img-src=\"https:\/\/competencegame.com\/wp-content\/uploads\/2022\/08\/Agnieszka-Lesny-Trener-facylitator-1-200x200-1.jpg\" data-attachment-id=\"373\"  alt=\"Agnieszka Le\u015bny\" title=\"Agnieszka-Le\u015bny-Trener-facylitator-1-200x200\" \/><\/div><\/div><figcaption hidden=\"\"><\/figcaption><\/figure><\/div><\/div><\/div><\/div><\/div><\/div><\/div><\/div><div class=\"vce-row-container\" data-vce-boxed-width=\"true\"><div class=\"vce-row vce-row--col-gap-30 vce-row-equal-height vce-row-content--top\" id=\"el-c672b837\" data-vce-do-apply=\"all el-c672b837\"><div class=\"vce-content-background-container\"><\/div><div class=\"vce-row-content\" data-vce-element-content=\"true\"><div class=\"vce-col vce-col--md-89p vce-col--xs-1 vce-col--xs-last vce-col--xs-first vce-col--sm-last vce-col--sm-first vce-col--md-last vce-col--lg-last vce-col--xl-last vce-col--md-first vce-col--lg-first vce-col--xl-first\" id=\"el-f711588b\"><div class=\"vce-col-inner\" data-vce-do-apply=\"border margin background  el-f711588b\"><div class=\"vce-col-content\" data-vce-element-content=\"true\" data-vce-do-apply=\"padding el-f711588b\"><div class=\"vce-text-block\"><div class=\"vce-text-block-wrapper vce\" id=\"el-782e5adf\" data-vce-do-apply=\"all el-782e5adf\"><p><span data-contrast=\"none\"><strong>O mnie:<br><\/strong><span class=\"TextRun SCXW182862203 BCX8\" lang=\"PL-PL\" xml:lang=\"PL-PL\" data-contrast=\"none\"><span class=\"NormalTextRun SCXW182862203 BCX8\">Z wykszta\u0142cenia i pasji inspiruje pojedyncze osoby oraz zespo\u0142y do rozwoju. Jest<\/span><\/span> <span class=\"TextRun SCXW182862203 BCX8\" lang=\"PL-PL\" xml:lang=\"PL-PL\" data-contrast=\"none\"><span class=\"NormalTextRun SCXW182862203 BCX8\">prekursork\u0105 lokalizowania i adoptowania koncepcji <\/span><span class=\"NormalTextRun SpellingErrorV2Themed SCXW182862203 BCX8\">outdoor<\/span><span class=\"NormalTextRun SCXW182862203 BCX8\">\/<\/span><span class=\"NormalTextRun SpellingErrorV2Themed SCXW182862203 BCX8\">adventure<\/span><span class=\"NormalTextRun SCXW182862203 BCX8\">\/<\/span><span class=\"NormalTextRun SpellingErrorV2Themed SCXW182862203 BCX8\">experiential<\/span><\/span><span class=\"LineBreakBlob BlobObject DragDrop SCXW182862203 BCX8\"><span class=\"SCXW182862203 BCX8\"> &nbsp;<\/span><\/span><span class=\"TextRun SCXW182862203 BCX8\" lang=\"PL-PL\" xml:lang=\"PL-PL\" data-contrast=\"none\"><span class=\"NormalTextRun SpellingErrorV2Themed SCXW182862203 BCX8\">education<\/span><span class=\"NormalTextRun SCXW182862203 BCX8\"> w polskim nurcie rozwojowym. W swojej pracy projektuje i wykorzystuje gry i<\/span><\/span> <span class=\"TextRun SCXW182862203 BCX8\" lang=\"PL-PL\" xml:lang=\"PL-PL\" data-contrast=\"none\"><span class=\"NormalTextRun SCXW182862203 BCX8\">grywalizacje, tak\u017ce w obszarze rozwoju i oceny kompetencji. Charakteryzuje j\u0105 du\u017ca<\/span><\/span><span class=\"LineBreakBlob BlobObject DragDrop SCXW182862203 BCX8\"><span class=\"SCXW182862203 BCX8\"> &nbsp;<\/span><\/span><span class=\"TextRun SCXW182862203 BCX8\" lang=\"PL-PL\" xml:lang=\"PL-PL\" data-contrast=\"none\"><span class=\"NormalTextRun SCXW182862203 BCX8\">interdyscyplinarno\u015b\u0107. Wsp\u00f3\u0142praca z klientami z wielu bran\u017c biznesowych oraz<\/span><\/span> <span class=\"TextRun SCXW182862203 BCX8\" lang=\"PL-PL\" xml:lang=\"PL-PL\" data-contrast=\"none\"><span class=\"NormalTextRun SCXW182862203 BCX8\">organizacji pozarz\u0105dowych, sektora kultury czy administracji pa\u0144stwowej sprawi\u0142a, \u017ce<\/span><\/span><span class=\"LineBreakBlob BlobObject DragDrop SCXW182862203 BCX8\"><span class=\"SCXW182862203 BCX8\">&nbsp;<\/span><br class=\"SCXW182862203 BCX8\"><\/span><span class=\"TextRun SCXW182862203 BCX8\" lang=\"PL-PL\" xml:lang=\"PL-PL\" data-contrast=\"none\"><span class=\"NormalTextRun SCXW182862203 BCX8\">posiada du\u017c\u0105 uwa\u017cno\u015b\u0107 na nietypowe potrzeby klient\u00f3w. Interesuje j\u0105 wykorzystywanie <\/span><\/span><span class=\"TextRun SCXW182862203 BCX8\" lang=\"PL-PL\" xml:lang=\"PL-PL\" data-contrast=\"none\"><span class=\"NormalTextRun SCXW182862203 BCX8\">Competence Game w nieoczywistych kontekstach, na przyk\u0142ad w pracy z urz\u0119dnikami<\/span><\/span> <span class=\"TextRun SCXW182862203 BCX8\" lang=\"PL-PL\" xml:lang=\"PL-PL\" data-contrast=\"none\"><span class=\"NormalTextRun SCXW182862203 BCX8\">agencji rz\u0105dowych, instytucji kultury czy jako narz\u0119dzie wsparcia freelancer\u00f3w. Jej<\/span><\/span> <span class=\"TextRun SCXW182862203 BCX8\" lang=\"PL-PL\" xml:lang=\"PL-PL\" data-contrast=\"none\"><span class=\"NormalTextRun SCXW182862203 BCX8\">najwi\u0119ksz\u0105 pasj\u0105 jest p\u0142ywanie na \u017caglowcach.<\/span><\/span><span class=\"EOP SCXW182862203 BCX8\" data-ccp-props=\"{&quot;134233118&quot;:false,&quot;201341983&quot;:0,&quot;335551550&quot;:2,&quot;335551620&quot;:2,&quot;335559739&quot;:450,&quot;335559740&quot;:259}\">&nbsp;<\/span><br><\/span><\/p>\n<p><strong>Agnieszka \u015bwiadczy us\u0142ugi doradcze, indywidualne i dla firm, z wykorzystaniem gier kompetencyjnych.<\/strong><\/p><\/div><\/div><\/div><\/div><\/div><\/div><\/div><\/div>","protected":false},"excerpt":{"rendered":"<p>Agnieszka Le\u015bnyTrenerka, projektantka i ekspertka w metodyce experiential education, praktyk zarz\u0105dzania w 3. sektorze.&nbsp; Kontakt:&nbsp; +48 501 783 923 a.lesny@pracowniagier.comO mnie:Z wykszta\u0142cenia i pasji inspiruje pojedyncze osoby oraz zespo\u0142y do rozwoju. Jest prekursork\u0105 lokalizowania i adoptowania koncepcji outdoor\/adventure\/experiential &nbsp;education w polskim nurcie rozwojowym. W swojej pracy projektuje i wykorzystuje gry i grywalizacje, tak\u017ce w obszarze [&hellip;]<\/p>\n","protected":false},"author":5,"featured_media":0,"parent":0,"menu_order":0,"comment_status":"closed","ping_status":"closed","template":"","meta":{"footnotes":""},"class_list":["post-1148","page","type-page","status-publish","hentry"],"_links":{"self":[{"href":"https:\/\/competencegame.com\/en\/wp-json\/wp\/v2\/pages\/1148","targetHints":{"allow":["GET"]}}],"collection":[{"href":"https:\/\/competencegame.com\/en\/wp-json\/wp\/v2\/pages"}],"about":[{"href":"https:\/\/competencegame.com\/en\/wp-json\/wp\/v2\/types\/page"}],"author":[{"embeddable":true,"href":"https:\/\/competencegame.com\/en\/wp-json\/wp\/v2\/users\/5"}],"replies":[{"embeddable":true,"href":"https:\/\/competencegame.com\/en\/wp-json\/wp\/v2\/comments?post=1148"}],"version-history":[{"count":6,"href":"https:\/\/competencegame.com\/en\/wp-json\/wp\/v2\/pages\/1148\/revisions"}],"predecessor-version":[{"id":1426,"href":"https:\/\/competencegame.com\/en\/wp-json\/wp\/v2\/pages\/1148\/revisions\/1426"}],"wp:attachment":[{"href":"https:\/\/competencegame.com\/en\/wp-json\/wp\/v2\/media?parent=1148"}],"curies":[{"name":"wp","href":"https:\/\/api.w.org\/{rel}","templated":true}]}}