{"id":1157,"date":"2024-01-24T15:19:49","date_gmt":"2024-01-24T15:19:49","guid":{"rendered":"https:\/\/competencegame.com\/?page_id=1157"},"modified":"2024-06-21T10:51:17","modified_gmt":"2024-06-21T10:51:17","slug":"partnerzy-marcinfilipowski","status":"publish","type":"page","link":"https:\/\/competencegame.com\/en\/partnerzy-marcinfilipowski\/","title":{"rendered":"Certyfikowani Partnerzy &#8211; Marcin Filipowski"},"content":{"rendered":"<div class=\"vce-row-container\"><div class=\"vce-row vce-element--xl--has-background vce-element--lg--has-background vce-element--md--has-background vce-element--sm--has-background vce-element--xs--has-background vce-row--col-gap-30 vce-row-wrap--reverse vce-row-equal-height vce-row-content--middle\" data-vce-full-width=\"true\" id=\"el-63d8335f\" data-vce-do-apply=\"all el-63d8335f\"><div class=\"vce-content-background-container\"><div class=\"vce-asset-color-gradient-container vce-visible-xl-only\" data-vce-do-apply=\"gradient el-63d8335f\"><\/div><div class=\"vce-asset-color-gradient-container vce-visible-lg-only\" data-vce-do-apply=\"gradient el-63d8335f\"><\/div><div class=\"vce-asset-color-gradient-container vce-visible-md-only\" data-vce-do-apply=\"gradient el-63d8335f\"><\/div><div class=\"vce-asset-color-gradient-container vce-visible-sm-only\" data-vce-do-apply=\"gradient el-63d8335f\"><\/div><div class=\"vce-asset-color-gradient-container vce-visible-xs-only\" data-vce-do-apply=\"gradient el-63d8335f\"><\/div><\/div><div class=\"vce-dividers-wrapper\"><div class=\"vce-container-divider vce-divider-position--bottom vce-container-divider-new vce-visible-all-only\" data-vce-do-apply=\"divider el-63d8335f\"><div class=\"vce-container-divider-inner\"><svg class=\"vce-divider-svg\" viewbox=\"0 0 500 97\" width=\"130%\" preserveaspectratio=\"none\"><g fill=\"rgb(255, 255, 255)\"><path d=\"M370.005859,7 C421.782298,7 471.582031,23.9140625 500,54.4804687 L500,97 L0,97 L0,86.7851562 C135.587891,97.4101563 223.564453,7.000000000000028 370.005859,7 Z\" opacity=\"0.5\"><\/path><path d=\"M370.005859,15 C421.782298,15 471.582031,27.9140625 500,58.4804687 L500,97 L0,97 L0,90.7851562 C135.587891,101.4101562 223.564453,15 370.005859,15 Z\" opacity=\"0.5\"><\/path><path d=\"M370.005859,22 C421.782298,22 471.582031,31.9140625 500,62.4804687 L500,97 L0,97 L0,94.7851562 C135.587891,105.4101562 223.564453,22 370.005859,22 Z\"><\/path><\/g><\/svg><\/div><\/div><\/div><div class=\"vce-row-content\" data-vce-element-content=\"true\"><div class=\"vce-col vce-col--md-50p vce-col--xs-1 vce-col--xs-last vce-col--xs-first vce-col--sm-last vce-col--sm-first vce-col--md-last vce-col--lg-last vce-col--xl-last vce-col--md-first vce-col--lg-first vce-col--xl-first\" id=\"el-f31f61a5\"><div class=\"vce-col-inner\" data-vce-do-apply=\"border margin background  el-f31f61a5\"><div class=\"vce-col-content\" data-vce-element-content=\"true\" data-vce-do-apply=\"padding el-f31f61a5\"><div class=\"vcv-row-control-wrapper\"><\/div><\/div><\/div><\/div><\/div><\/div><\/div><div class=\"vce-row-container\" data-vce-boxed-width=\"true\"><div class=\"vce-row vce-row--col-gap-30 vce-row-equal-height vce-row-content--top\" id=\"el-e9b7d5cc\" data-vce-do-apply=\"all el-e9b7d5cc\"><div class=\"vce-row-content\" data-vce-element-content=\"true\"><div class=\"vce-col vce-col--md-auto vce-col--xs-1 vce-col--xs-last vce-col--xs-first vce-col--sm-last vce-col--sm-first vce-col--md-first vce-col--lg-first vce-col--xl-first\" id=\"el-34347ad7\"><div class=\"vce-col-inner\" data-vce-do-apply=\"border margin background  el-34347ad7\"><div class=\"vce-col-content\" data-vce-element-content=\"true\" data-vce-do-apply=\"padding el-34347ad7\"><div class=\"vce-text-block\"><div class=\"vce-text-block-wrapper vce\" id=\"el-00c19b43\" data-vce-do-apply=\"all el-00c19b43\"><h2 style=\"line-height: inherit;\"><strong><span style=\"font-family: 'PT Sans';\">Marcin Filipowski<\/span><\/strong><\/h2><\/div><\/div><div class=\"vce-text-block\"><div class=\"vce-text-block-wrapper vce\" id=\"el-3e29153c\" data-vce-do-apply=\"all el-3e29153c\"><p><span class=\"TextRun SCXW40031401 BCX8\" lang=\"PL-PL\" xml:lang=\"PL-PL\" data-contrast=\"none\"><span class=\"NormalTextRun SCXW40031401 BCX8\">Trener,<\/span> <span class=\"NormalTextRun SpellingErrorV2Themed SCXW40031401 BCX8\">coac<\/span><span class=\"NormalTextRun SpellingErrorV2Themed SCXW40031401 BCX8\">h<\/span><span class=\"NormalTextRun SCXW40031401 BCX8\">, manager, <br>tw\u00f3rca gry szkoleniowej Profesjonalny<\/span> <span class=\"NormalTextRun SpellingErrorV2Themed SCXW40031401 BCX8\">Targetin<\/span><span class=\"NormalTextRun SpellingErrorV2Themed SCXW40031401 BCX8\">g<\/span><span class=\"NormalTextRun SCXW40031401 BCX8\">.<\/span><\/span><span class=\"LineBreakBlob BlobObject DragDrop SCXW40031401 BCX8\"><span class=\"SCXW40031401 BCX8\">&nbsp;<\/span><br class=\"SCXW40031401 BCX8\"><\/span><span class=\"LineBreakBlob BlobObject DragDrop SCXW40031401 BCX8\"><span class=\"SCXW40031401 BCX8\">&nbsp;<\/span><br class=\"SCXW40031401 BCX8\"><\/span><span class=\"TextRun SCXW40031401 BCX8\" lang=\"PL-PL\" xml:lang=\"PL-PL\" data-contrast=\"none\"><span class=\"NormalTextRun SCXW40031401 BCX8\">Certyfikowany Partner<\/span>&nbsp;<span class=\"NormalTextRun SpellingErrorV2Themed SCXW40031401 BCX8\">Competanc<\/span><span class=\"NormalTextRun SpellingErrorV2Themed SCXW40031401 BCX8\">e<\/span><span class=\"NormalTextRun SCXW40031401 BCX8\"> Game od 2020 roku.<\/span><\/span><span class=\"EOP SCXW40031401 BCX8\" data-ccp-props=\"{&quot;134233118&quot;:false,&quot;201341983&quot;:0,&quot;335551550&quot;:2,&quot;335551620&quot;:2,&quot;335559739&quot;:450,&quot;335559740&quot;:259}\">&nbsp;<\/span><\/p><p aria-level=\"2\"><strong>Kontakt:&nbsp;<\/strong><\/p><p aria-level=\"2\"><a href=\"callto:+48605452073\"><span class=\"TextRun SCXW206950891 BCX8\" lang=\"PL-PL\" xml:lang=\"PL-PL\" data-contrast=\"none\"><span class=\"NormalTextRun SCXW206950891 BCX8\">+48 605 452 073<\/span><\/span><\/a><\/p><p><a href=\"mailto:mf@formatrix.pl\">mf@formatrix.pl<\/a><\/p><p><a href=\"https:\/\/formatrix.pl\/\">https:\/\/formatrix.pl\/<\/a><\/p><\/div><\/div><\/div><\/div><\/div><div class=\"vce-col vce-col--md-auto vce-col--xs-1 vce-col--xs-last vce-col--xs-first vce-col--sm-last vce-col--sm-first vce-col--md-last vce-col--lg-last vce-col--xl-last\" id=\"el-f6e0a865\"><div class=\"vce-col-inner\" data-vce-do-apply=\"border margin background  el-f6e0a865\"><div class=\"vce-col-content\" data-vce-element-content=\"true\" data-vce-do-apply=\"padding el-f6e0a865\"><div class=\"vce-single-image-container vce-single-image--align-center\"><div class=\"vce vce-single-image-wrapper\" id=\"el-d0a4f24e\" data-vce-do-apply=\"all el-d0a4f24e\"><figure><div class=\"vce-single-image-figure-inner\" style=\"width: 400px;\"><div class=\"vce-single-image-inner vce-single-image--absolute vce-single-image--border-round\" style=\"width: 100%; padding-bottom: 100%;\"><img loading=\"lazy\" decoding=\"async\" class=\"vce-single-image\"  width=\"400\" height=\"400\" srcset=\"https:\/\/competencegame.com\/wp-content\/uploads\/2022\/08\/zdje\u0328cie-Marcin-Filipowski-e1706104353311-320x331.jpg 320w, https:\/\/competencegame.com\/wp-content\/uploads\/2022\/08\/zdje\u0328cie-Marcin-Filipowski-e1706104353311-480x496.jpg 480w, https:\/\/competencegame.com\/wp-content\/uploads\/2024\/06\/zdje\u0328cie-Marcin-Filipowski-e1706104353311-400x400.jpg 400w\" src=\"https:\/\/competencegame.com\/wp-content\/uploads\/2024\/06\/zdje\u0328cie-Marcin-Filipowski-e1706104353311-400x400.jpg\" data-img-src=\"https:\/\/competencegame.com\/wp-content\/uploads\/2022\/08\/zdje\u0328cie-Marcin-Filipowski-e1706104353311.jpg\" data-attachment-id=\"524\"  alt=\"Marcin Filipowski\" title=\"zdje\u0328cie Marcin Filipowski\" \/><\/div><\/div><figcaption hidden=\"\"><\/figcaption><\/figure><\/div><\/div><\/div><\/div><\/div><\/div><\/div><\/div><div class=\"vce-row-container\" data-vce-boxed-width=\"true\"><div class=\"vce-row vce-row--col-gap-30 vce-row-equal-height vce-row-content--top\" id=\"el-e002fee9\" data-vce-do-apply=\"all el-e002fee9\"><div class=\"vce-content-background-container\"><\/div><div class=\"vce-row-content\" data-vce-element-content=\"true\"><div class=\"vce-col vce-col--md-89p vce-col--xs-1 vce-col--xs-last vce-col--xs-first vce-col--sm-last vce-col--sm-first vce-col--md-last vce-col--lg-last vce-col--xl-last vce-col--md-first vce-col--lg-first vce-col--xl-first\" id=\"el-34a7c9b3\"><div class=\"vce-col-inner\" data-vce-do-apply=\"border margin background  el-34a7c9b3\"><div class=\"vce-col-content\" data-vce-element-content=\"true\" data-vce-do-apply=\"padding el-34a7c9b3\"><div class=\"vce-text-block\"><div class=\"vce-text-block-wrapper vce\" id=\"el-9c017116\" data-vce-do-apply=\"all el-9c017116\"><p><span data-contrast=\"none\"><strong>O mnie:<br><\/strong><\/span><\/p><p><span data-contrast=\"none\">Posiada 16-letnie do\u015bwiadczenie w sprzeda\u017cy i 8 letnie do\u015bwiadczenie managerskie.<\/span>&nbsp;<br><span data-contrast=\"none\">Specjalizuje si\u0119 w projektach sprzeda\u017cowych, coachingach on the job, konsultingu managerskim podnosz\u0105cym efektywno\u015b\u0107 zespo\u0142\u00f3w sprzeda\u017cowych. Certyfikowany Master RMP ( Reiss Motivation Profile) \u2013 wykorzystuje metod\u0119 do umiej\u0119tnego motywowania zespo\u0142\u00f3w.<\/span><span data-ccp-props=\"{&quot;134233118&quot;:false,&quot;201341983&quot;:0,&quot;335551550&quot;:2,&quot;335551620&quot;:2,&quot;335559739&quot;:450,&quot;335559740&quot;:259}\">&nbsp;<\/span><\/p><p><span data-contrast=\"none\">By\u0142 trenerem wewn\u0119trznym w jednej z najwi\u0119kszych korporacji farmaceutycznych na \u015bwiecie. Jako trener biznesu przeprowadzi\u0142 m.in. warsztaty dla takich firm jak: Pracuj.pl, BG\u017b, ratiopharm, Pfizer, Chiesi, Actavis, Johnson&amp;Johnson, Glenmark, Polskie Linie Lotnicze LOT czy Polfa Warszawa uzyskuj\u0105c doskona\u0142e oceny od uczestnik\u00f3w. Specjalizuje si\u0119 w podnoszeniu efektywno\u015bci sprzeda\u017cy poprzez rozwijanie kompetencji manager\u00f3w ( projekty coachingowe) oraz szkolenia z metod osi\u0105gania cel\u00f3w, asertywno\u015bci i&nbsp; skutecznej komunikacji. Metodyczne dzia\u0142anie, interesuj\u0105cy spos\u00f3b prowadzenia zaj\u0119\u0107 i bardzo silny nacisk na osi\u0105gni\u0119cie ko\u0144cowego celu szkolenia - to jego niew\u0105tpliwe zalety w pracy trenera.<\/span>&nbsp;<br><span data-contrast=\"none\">Cz\u0142onek Polskiego Towarzystwa Trener\u00f3w Biznesu.<\/span><span data-ccp-props=\"{&quot;134233118&quot;:false,&quot;201341983&quot;:0,&quot;335551550&quot;:2,&quot;335551620&quot;:2,&quot;335559739&quot;:450,&quot;335559740&quot;:259}\">&nbsp;<\/span><\/p><p><span data-contrast=\"none\">Uko\u0144czy\u0142 szko\u0142\u0119 trener\u00f3w METRUM akredytowan\u0105 przez Polskie Towarzystwo Psychologiczne.<\/span><span data-ccp-props=\"{&quot;134233118&quot;:false,&quot;201341983&quot;:0,&quot;335551550&quot;:2,&quot;335551620&quot;:2,&quot;335559739&quot;:450,&quot;335559740&quot;:259}\">&nbsp;<\/span><\/p><p><span data-contrast=\"none\">Trener Neurolingwistycznego Programowania Instytutu Andrzeja Batko.<\/span><span data-ccp-props=\"{&quot;134233118&quot;:false,&quot;201341983&quot;:0,&quot;335551550&quot;:2,&quot;335551620&quot;:2,&quot;335559739&quot;:450,&quot;335559740&quot;:259}\">&nbsp;<\/span><\/p><p><span data-contrast=\"none\">Uko\u0144czy\u0142 szko\u0142\u0119 coachingu metod\u0105 CoachWise w Coaching Center w Warszawie akredytowan\u0105 przez International Coach Federation.<\/span><span data-ccp-props=\"{&quot;134233118&quot;:false,&quot;201341983&quot;:0,&quot;335551550&quot;:2,&quot;335551620&quot;:2,&quot;335559739&quot;:450,&quot;335559740&quot;:259}\">&nbsp;<\/span><\/p><p><span data-contrast=\"none\">&nbsp;<\/span><\/p><p><strong>Marcin \u015bwiadczy us\u0142ugi doradcze, indywidualne i dla firm, z wykorzystaniem gier kompetencyjnych.<\/strong><\/p><\/div><\/div><\/div><\/div><\/div><\/div><\/div><\/div>","protected":false},"excerpt":{"rendered":"<p>Marcin FilipowskiTrener, coach, manager, tw\u00f3rca gry szkoleniowej Profesjonalny Targeting.&nbsp;&nbsp;Certyfikowany Partner&nbsp;Competance Game od 2020 roku.&nbsp;Kontakt:&nbsp;+48 605 452 073mf@formatrix.plhttps:\/\/formatrix.pl\/O mnie:Posiada 16-letnie do\u015bwiadczenie w sprzeda\u017cy i 8 letnie do\u015bwiadczenie managerskie.&nbsp;Specjalizuje si\u0119 w projektach sprzeda\u017cowych, coachingach on the job, konsultingu managerskim podnosz\u0105cym efektywno\u015b\u0107 zespo\u0142\u00f3w sprzeda\u017cowych. Certyfikowany Master RMP ( Reiss Motivation Profile) \u2013 wykorzystuje metod\u0119 do umiej\u0119tnego motywowania zespo\u0142\u00f3w.&nbsp;By\u0142 [&hellip;]<\/p>\n","protected":false},"author":5,"featured_media":0,"parent":0,"menu_order":0,"comment_status":"closed","ping_status":"closed","template":"","meta":{"footnotes":""},"class_list":["post-1157","page","type-page","status-publish","hentry"],"_links":{"self":[{"href":"https:\/\/competencegame.com\/en\/wp-json\/wp\/v2\/pages\/1157","targetHints":{"allow":["GET"]}}],"collection":[{"href":"https:\/\/competencegame.com\/en\/wp-json\/wp\/v2\/pages"}],"about":[{"href":"https:\/\/competencegame.com\/en\/wp-json\/wp\/v2\/types\/page"}],"author":[{"embeddable":true,"href":"https:\/\/competencegame.com\/en\/wp-json\/wp\/v2\/users\/5"}],"replies":[{"embeddable":true,"href":"https:\/\/competencegame.com\/en\/wp-json\/wp\/v2\/comments?post=1157"}],"version-history":[{"count":5,"href":"https:\/\/competencegame.com\/en\/wp-json\/wp\/v2\/pages\/1157\/revisions"}],"predecessor-version":[{"id":1440,"href":"https:\/\/competencegame.com\/en\/wp-json\/wp\/v2\/pages\/1157\/revisions\/1440"}],"wp:attachment":[{"href":"https:\/\/competencegame.com\/en\/wp-json\/wp\/v2\/media?parent=1157"}],"curies":[{"name":"wp","href":"https:\/\/api.w.org\/{rel}","templated":true}]}}