{"id":1164,"date":"2024-01-24T15:26:03","date_gmt":"2024-01-24T15:26:03","guid":{"rendered":"https:\/\/competencegame.com\/?page_id=1164"},"modified":"2024-06-21T10:44:25","modified_gmt":"2024-06-21T10:44:25","slug":"partnerzy-agnieszkawrona","status":"publish","type":"page","link":"https:\/\/competencegame.com\/en\/partnerzy-agnieszkawrona\/","title":{"rendered":"Certyfikowani Partnerzy &#8211; Agnieszka Wrona"},"content":{"rendered":"<div class=\"vce-row-container\"><div class=\"vce-row vce-element--xl--has-background vce-element--lg--has-background vce-element--md--has-background vce-element--sm--has-background vce-element--xs--has-background vce-row--col-gap-30 vce-row-wrap--reverse vce-row-equal-height vce-row-content--middle\" data-vce-full-width=\"true\" id=\"el-a9436483\" data-vce-do-apply=\"all el-a9436483\"><div class=\"vce-content-background-container\"><div class=\"vce-asset-color-gradient-container vce-visible-xl-only\" data-vce-do-apply=\"gradient el-a9436483\"><\/div><div class=\"vce-asset-color-gradient-container vce-visible-lg-only\" data-vce-do-apply=\"gradient el-a9436483\"><\/div><div class=\"vce-asset-color-gradient-container vce-visible-md-only\" data-vce-do-apply=\"gradient el-a9436483\"><\/div><div class=\"vce-asset-color-gradient-container vce-visible-sm-only\" data-vce-do-apply=\"gradient el-a9436483\"><\/div><div class=\"vce-asset-color-gradient-container vce-visible-xs-only\" data-vce-do-apply=\"gradient el-a9436483\"><\/div><\/div><div class=\"vce-dividers-wrapper\"><div class=\"vce-container-divider vce-divider-position--bottom vce-container-divider-new vce-visible-all-only\" data-vce-do-apply=\"divider el-a9436483\"><div class=\"vce-container-divider-inner\"><svg class=\"vce-divider-svg\" viewbox=\"0 0 500 97\" width=\"130%\" preserveaspectratio=\"none\"><g fill=\"rgb(255, 255, 255)\"><path d=\"M370.005859,7 C421.782298,7 471.582031,23.9140625 500,54.4804687 L500,97 L0,97 L0,86.7851562 C135.587891,97.4101563 223.564453,7.000000000000028 370.005859,7 Z\" opacity=\"0.5\"><\/path><path d=\"M370.005859,15 C421.782298,15 471.582031,27.9140625 500,58.4804687 L500,97 L0,97 L0,90.7851562 C135.587891,101.4101562 223.564453,15 370.005859,15 Z\" opacity=\"0.5\"><\/path><path d=\"M370.005859,22 C421.782298,22 471.582031,31.9140625 500,62.4804687 L500,97 L0,97 L0,94.7851562 C135.587891,105.4101562 223.564453,22 370.005859,22 Z\"><\/path><\/g><\/svg><\/div><\/div><\/div><div class=\"vce-row-content\" data-vce-element-content=\"true\"><div class=\"vce-col vce-col--md-50p vce-col--xs-1 vce-col--xs-last vce-col--xs-first vce-col--sm-last vce-col--sm-first vce-col--md-last vce-col--lg-last vce-col--xl-last vce-col--md-first vce-col--lg-first vce-col--xl-first\" id=\"el-a33ca134\"><div class=\"vce-col-inner\" data-vce-do-apply=\"border margin background  el-a33ca134\"><div class=\"vce-col-content\" data-vce-element-content=\"true\" data-vce-do-apply=\"padding el-a33ca134\"><div class=\"vcv-row-control-wrapper\"><\/div><\/div><\/div><\/div><\/div><\/div><\/div><div class=\"vce-row-container\" data-vce-boxed-width=\"true\"><div class=\"vce-row vce-row--col-gap-30 vce-row-equal-height vce-row-content--top\" id=\"el-53c06e78\" data-vce-do-apply=\"all el-53c06e78\"><div class=\"vce-row-content\" data-vce-element-content=\"true\"><div class=\"vce-col vce-col--md-auto vce-col--xs-1 vce-col--xs-last vce-col--xs-first vce-col--sm-last vce-col--sm-first vce-col--md-first vce-col--lg-first vce-col--xl-first\" id=\"el-db8a5201\"><div class=\"vce-col-inner\" data-vce-do-apply=\"border margin background  el-db8a5201\"><div class=\"vce-col-content\" data-vce-element-content=\"true\" data-vce-do-apply=\"padding el-db8a5201\"><div class=\"vce-text-block\"><div class=\"vce-text-block-wrapper vce\" id=\"el-ab53f248\" data-vce-do-apply=\"all el-ab53f248\"><h2 style=\"line-height: inherit;\"><strong><span style=\"font-family: 'PT Sans';\">Agnieszka Wrona<\/span><\/strong><\/h2><\/div><\/div><div class=\"vce-text-block\"><div class=\"vce-text-block-wrapper vce\" id=\"el-c9936559\" data-vce-do-apply=\"all el-c9936559\"><p><span class=\"TextRun SCXW74980179 BCX8\" lang=\"PL-PL\" xml:lang=\"PL-PL\" data-contrast=\"none\"><span class=\"NormalTextRun SCXW74980179 BCX8\" data-ccp-parastyle=\"heading 2\">Trenerka biznesu, psycholog i praktyk zarz\u0105dzania procesami HR.<\/span><\/span><\/p><p aria-level=\"2\"><strong>Kontakt:&nbsp;<\/strong><\/p><p aria-level=\"2\"><a href=\"callto:+48 502 521 998\"><span class=\"TextRun SCXW215582924 BCX8\" lang=\"PL-PL\" xml:lang=\"PL-PL\" data-contrast=\"none\"><span class=\"NormalTextRun SCXW215582924 BCX8\">+48 502 521 998<\/span><\/span><\/a><\/p><p><a href=\"mailto:a.wrona@pracowniagier.com\">a.wrona@pracowniagier.com<\/a><\/p><p><a href=\"http:\/\/www.pracowniagier.com\"><span class=\"TextRun Underlined SCXW217249853 BCX8\" lang=\"PL-PL\" title=\"Niestety, Word nie mo\u017ce otworzy\u0107 tego linku w przegl\u0105darce. Aby przej\u015b\u0107 do tego linku, otw\u00f3rz ten dokument w wersji klasycznej programu Microsoft Word.\" xml:lang=\"PL-PL\" data-contrast=\"none\"><span class=\"NormalTextRun SCXW217249853 BCX8\" data-ccp-charstyle=\"Hyperlink\">www.pracowniagier.com<\/span><\/span><\/a><span class=\"EOP SCXW217249853 BCX8\" data-ccp-props=\"{&quot;134233118&quot;:false,&quot;201341983&quot;:0,&quot;335551550&quot;:2,&quot;335551620&quot;:2,&quot;335559739&quot;:450,&quot;335559740&quot;:259}\">&nbsp;<\/span><\/p><\/div><\/div><\/div><\/div><\/div><div class=\"vce-col vce-col--md-auto vce-col--xs-1 vce-col--xs-last vce-col--xs-first vce-col--sm-last vce-col--sm-first vce-col--md-last vce-col--lg-last vce-col--xl-last\" id=\"el-c0e9e293\"><div class=\"vce-col-inner\" data-vce-do-apply=\"border margin background  el-c0e9e293\"><div class=\"vce-col-content\" data-vce-element-content=\"true\" data-vce-do-apply=\"padding el-c0e9e293\"><div class=\"vce-single-image-container vce-single-image--align-center\"><div class=\"vce vce-single-image-wrapper\" id=\"el-afc88341\" data-vce-do-apply=\"all el-afc88341\"><figure><div class=\"vce-single-image-figure-inner\" style=\"width: 304px;\"><div class=\"vce-single-image-inner vce-single-image--absolute vce-single-image--border-round\" style=\"width: 100%; padding-bottom: 100%;\"><img loading=\"lazy\" decoding=\"async\" class=\"vce-single-image\"  width=\"304\" height=\"304\" srcset=\"https:\/\/competencegame.com\/wp-content\/uploads\/2024\/06\/Agnieszka-Wrona-304x304.jpg 304w\" src=\"https:\/\/competencegame.com\/wp-content\/uploads\/2024\/06\/Agnieszka-Wrona-304x304.jpg\" data-img-src=\"https:\/\/competencegame.com\/wp-content\/uploads\/2024\/01\/Agnieszka-Wrona.jpg\" data-attachment-id=\"1165\"  alt=\"\" title=\"Agnieszka Wrona\" \/><\/div><\/div><figcaption hidden=\"\"><\/figcaption><\/figure><\/div><\/div><\/div><\/div><\/div><\/div><\/div><\/div><div class=\"vce-row-container\" data-vce-boxed-width=\"true\"><div class=\"vce-row vce-row--col-gap-30 vce-row-equal-height vce-row-content--top\" id=\"el-89222e72\" data-vce-do-apply=\"all el-89222e72\"><div class=\"vce-content-background-container\"><\/div><div class=\"vce-row-content\" data-vce-element-content=\"true\"><div class=\"vce-col vce-col--md-89p vce-col--xs-1 vce-col--xs-last vce-col--xs-first vce-col--sm-last vce-col--sm-first vce-col--md-last vce-col--lg-last vce-col--xl-last vce-col--md-first vce-col--lg-first vce-col--xl-first\" id=\"el-698f73fb\"><div class=\"vce-col-inner\" data-vce-do-apply=\"border margin background  el-698f73fb\"><div class=\"vce-col-content\" data-vce-element-content=\"true\" data-vce-do-apply=\"padding el-698f73fb\"><div class=\"vce-text-block\"><div class=\"vce-text-block-wrapper vce\" id=\"el-8cffae75\" data-vce-do-apply=\"all el-8cffae75\"><p><span data-contrast=\"none\"><strong>O mnie:<br><\/strong><span class=\"TextRun SCXW119774168 BCX8\" lang=\"PL-PL\" xml:lang=\"PL-PL\" data-contrast=\"none\"><span class=\"NormalTextRun SCXW119774168 BCX8\">Psycholog, od ponad 10 lat zajmuje si\u0119 rozwojem kompetencji z obszaru<\/span><\/span> <span class=\"TextRun SCXW119774168 BCX8\" lang=\"PL-PL\" xml:lang=\"PL-PL\" data-contrast=\"none\"><span class=\"NormalTextRun SCXW119774168 BCX8\">zarz\u0105dzania strategicznego organizacj\u0105, zarz\u0105dzania zespo\u0142ami oraz<\/span><\/span> <span class=\"TextRun SCXW119774168 BCX8\" lang=\"PL-PL\" xml:lang=\"PL-PL\" data-contrast=\"none\"><span class=\"NormalTextRun SCXW119774168 BCX8\">efektywno\u015bci osobistej. Ekspertka w obszarze gier kompetencyjnych - <\/span><\/span><span class=\"TextRun SCXW119774168 BCX8\" lang=\"PL-PL\" xml:lang=\"PL-PL\" data-contrast=\"none\"><span class=\"NormalTextRun SpellingErrorV2Themed SCXW119774168 BCX8\">pomiaru<\/span><span class=\"NormalTextRun SCXW119774168 BCX8\"> kompetencji metod\u0105 gier on-line. W roli konsultantki wsp\u00f3\u0142pracuje<\/span><\/span> <span class=\"TextRun SCXW119774168 BCX8\" lang=\"PL-PL\" xml:lang=\"PL-PL\" data-contrast=\"none\"><span class=\"NormalTextRun SCXW119774168 BCX8\">przy tworzeniu i doskonaleniu polityki personalnej firm oraz zarz\u0105dzaniu<\/span><\/span> <span class=\"TextRun SCXW119774168 BCX8\" lang=\"PL-PL\" xml:lang=\"PL-PL\" data-contrast=\"none\"><span class=\"NormalTextRun SCXW119774168 BCX8\">procesami z obszaru HR. Do\u015bwiadczona asesorka i projektantka metody<\/span><\/span> <span class=\"TextRun SCXW119774168 BCX8\" lang=\"PL-PL\" xml:lang=\"PL-PL\" data-contrast=\"none\"><span class=\"NormalTextRun SpellingErrorV2Themed SCXW119774168 BCX8\">Assessment<\/span><span class=\"NormalTextRun SCXW119774168 BCX8\">\/Development Center. Certyfikowany <\/span><span class=\"NormalTextRun SpellingErrorV2Themed SCXW119774168 BCX8\">coach<\/span><span class=\"NormalTextRun SCXW119774168 BCX8\"> metodyki<\/span><\/span> <span class=\"TextRun SCXW119774168 BCX8\" lang=\"PL-PL\" xml:lang=\"PL-PL\" data-contrast=\"none\"><span class=\"NormalTextRun SpellingErrorV2Themed SCXW119774168 BCX8\">CoachWise<\/span><span class=\"NormalTextRun SCXW119774168 BCX8\"> akredytowanej przez ICF.<\/span><\/span><span class=\"EOP SCXW119774168 BCX8\" data-ccp-props=\"{&quot;134233118&quot;:false,&quot;201341983&quot;:0,&quot;335551550&quot;:2,&quot;335551620&quot;:2,&quot;335559739&quot;:450,&quot;335559740&quot;:259}\">&nbsp;<\/span><br><\/span><\/p>\n<p><strong>Agnieszka \u015bwiadczy us\u0142ugi doradcze, indywidualne i dla firm, z wykorzystaniem gier kompetencyjnych.<\/strong><\/p><\/div><\/div><\/div><\/div><\/div><\/div><\/div><\/div>","protected":false},"excerpt":{"rendered":"<p>Agnieszka WronaTrenerka biznesu, psycholog i praktyk zarz\u0105dzania procesami HR.Kontakt:&nbsp;+48 502 521 998a.wrona@pracowniagier.comwww.pracowniagier.com&nbsp;O mnie:Psycholog, od ponad 10 lat zajmuje si\u0119 rozwojem kompetencji z obszaru zarz\u0105dzania strategicznego organizacj\u0105, zarz\u0105dzania zespo\u0142ami oraz efektywno\u015bci osobistej. Ekspertka w obszarze gier kompetencyjnych &#8211; pomiaru kompetencji metod\u0105 gier on-line. W roli konsultantki wsp\u00f3\u0142pracuje przy tworzeniu i doskonaleniu polityki personalnej firm oraz zarz\u0105dzaniu [&hellip;]<\/p>\n","protected":false},"author":5,"featured_media":0,"parent":0,"menu_order":0,"comment_status":"closed","ping_status":"closed","template":"","meta":{"footnotes":""},"class_list":["post-1164","page","type-page","status-publish","hentry"],"_links":{"self":[{"href":"https:\/\/competencegame.com\/en\/wp-json\/wp\/v2\/pages\/1164","targetHints":{"allow":["GET"]}}],"collection":[{"href":"https:\/\/competencegame.com\/en\/wp-json\/wp\/v2\/pages"}],"about":[{"href":"https:\/\/competencegame.com\/en\/wp-json\/wp\/v2\/types\/page"}],"author":[{"embeddable":true,"href":"https:\/\/competencegame.com\/en\/wp-json\/wp\/v2\/users\/5"}],"replies":[{"embeddable":true,"href":"https:\/\/competencegame.com\/en\/wp-json\/wp\/v2\/comments?post=1164"}],"version-history":[{"count":4,"href":"https:\/\/competencegame.com\/en\/wp-json\/wp\/v2\/pages\/1164\/revisions"}],"predecessor-version":[{"id":1427,"href":"https:\/\/competencegame.com\/en\/wp-json\/wp\/v2\/pages\/1164\/revisions\/1427"}],"wp:attachment":[{"href":"https:\/\/competencegame.com\/en\/wp-json\/wp\/v2\/media?parent=1164"}],"curies":[{"name":"wp","href":"https:\/\/api.w.org\/{rel}","templated":true}]}}