{"id":1170,"date":"2024-01-24T15:31:53","date_gmt":"2024-01-24T15:31:53","guid":{"rendered":"https:\/\/competencegame.com\/?page_id=1170"},"modified":"2024-06-21T10:46:27","modified_gmt":"2024-06-21T10:46:27","slug":"partnerzy-dorotawieczorek","status":"publish","type":"page","link":"https:\/\/competencegame.com\/en\/partnerzy-dorotawieczorek\/","title":{"rendered":"Certyfikowani Partnerzy &#8211; Dorota Wieczorek"},"content":{"rendered":"<div class=\"vce-row-container\"><div class=\"vce-row vce-element--xl--has-background vce-element--lg--has-background vce-element--md--has-background vce-element--sm--has-background vce-element--xs--has-background vce-row--col-gap-30 vce-row-wrap--reverse vce-row-equal-height vce-row-content--middle\" data-vce-full-width=\"true\" id=\"el-dc76bdb7\" data-vce-do-apply=\"all el-dc76bdb7\"><div class=\"vce-content-background-container\"><div class=\"vce-asset-color-gradient-container vce-visible-xl-only\" data-vce-do-apply=\"gradient el-dc76bdb7\"><\/div><div class=\"vce-asset-color-gradient-container vce-visible-lg-only\" data-vce-do-apply=\"gradient el-dc76bdb7\"><\/div><div class=\"vce-asset-color-gradient-container vce-visible-md-only\" data-vce-do-apply=\"gradient el-dc76bdb7\"><\/div><div class=\"vce-asset-color-gradient-container vce-visible-sm-only\" data-vce-do-apply=\"gradient el-dc76bdb7\"><\/div><div class=\"vce-asset-color-gradient-container vce-visible-xs-only\" data-vce-do-apply=\"gradient el-dc76bdb7\"><\/div><\/div><div class=\"vce-dividers-wrapper\"><div class=\"vce-container-divider vce-divider-position--bottom vce-container-divider-new vce-visible-all-only\" data-vce-do-apply=\"divider el-dc76bdb7\"><div class=\"vce-container-divider-inner\"><svg class=\"vce-divider-svg\" viewbox=\"0 0 500 97\" width=\"130%\" preserveaspectratio=\"none\"><g fill=\"rgb(255, 255, 255)\"><path d=\"M370.005859,7 C421.782298,7 471.582031,23.9140625 500,54.4804687 L500,97 L0,97 L0,86.7851562 C135.587891,97.4101563 223.564453,7.000000000000028 370.005859,7 Z\" opacity=\"0.5\"><\/path><path d=\"M370.005859,15 C421.782298,15 471.582031,27.9140625 500,58.4804687 L500,97 L0,97 L0,90.7851562 C135.587891,101.4101562 223.564453,15 370.005859,15 Z\" opacity=\"0.5\"><\/path><path d=\"M370.005859,22 C421.782298,22 471.582031,31.9140625 500,62.4804687 L500,97 L0,97 L0,94.7851562 C135.587891,105.4101562 223.564453,22 370.005859,22 Z\"><\/path><\/g><\/svg><\/div><\/div><\/div><div class=\"vce-row-content\" data-vce-element-content=\"true\"><div class=\"vce-col vce-col--md-50p vce-col--xs-1 vce-col--xs-last vce-col--xs-first vce-col--sm-last vce-col--sm-first vce-col--md-last vce-col--lg-last vce-col--xl-last vce-col--md-first vce-col--lg-first vce-col--xl-first\" id=\"el-029acb9e\"><div class=\"vce-col-inner\" data-vce-do-apply=\"border margin background  el-029acb9e\"><div class=\"vce-col-content\" data-vce-element-content=\"true\" data-vce-do-apply=\"padding el-029acb9e\"><div class=\"vcv-row-control-wrapper\"><\/div><\/div><\/div><\/div><\/div><\/div><\/div><div class=\"vce-row-container\" data-vce-boxed-width=\"true\"><div class=\"vce-row vce-row--col-gap-30 vce-row-equal-height vce-row-content--top\" id=\"el-d2f2cc84\" data-vce-do-apply=\"all el-d2f2cc84\"><div class=\"vce-row-content\" data-vce-element-content=\"true\"><div class=\"vce-col vce-col--md-auto vce-col--xs-1 vce-col--xs-last vce-col--xs-first vce-col--sm-last vce-col--sm-first vce-col--md-first vce-col--lg-first vce-col--xl-first\" id=\"el-a9f24f07\"><div class=\"vce-col-inner\" data-vce-do-apply=\"border margin background  el-a9f24f07\"><div class=\"vce-col-content\" data-vce-element-content=\"true\" data-vce-do-apply=\"padding el-a9f24f07\"><div class=\"vce-text-block\"><div class=\"vce-text-block-wrapper vce\" id=\"el-2d0e5338\" data-vce-do-apply=\"all el-2d0e5338\"><h2 style=\"line-height: inherit;\"><strong><span style=\"font-family: 'PT Sans';\">Dorota Wieczorek<\/span><\/strong><\/h2><\/div><\/div><div class=\"vce-text-block\"><div class=\"vce-text-block-wrapper vce\" id=\"el-f978672b\" data-vce-do-apply=\"all el-f978672b\"><p><span class=\"TextRun SCXW184216095 BCX8\" lang=\"PL-PL\" xml:lang=\"PL-PL\" data-contrast=\"none\"><span class=\"NormalTextRun SCXW184216095 BCX8\" data-ccp-parastyle=\"heading 2\">Certyfikowany Doradca <\/span><span class=\"NormalTextRun SpellingErrorV2Themed SCXW184216095 BCX8\" data-ccp-parastyle=\"heading 2\">Growing<\/span> <span class=\"NormalTextRun SpellingErrorV2Themed SCXW184216095 BCX8\" data-ccp-parastyle=\"heading 2\">Pains<\/span> <span class=\"NormalTextRun SpellingErrorV2Themed SCXW184216095 BCX8\" data-ccp-parastyle=\"heading 2\">Strategy<\/span><span class=\"NormalTextRun SCXW184216095 BCX8\" data-ccp-parastyle=\"heading 2\"> Certyfikowany Interim<\/span><\/span> <span class=\"TextRun SCXW184216095 BCX8\" lang=\"PL-PL\" xml:lang=\"PL-PL\" data-contrast=\"none\"><span class=\"NormalTextRun SCXW184216095 BCX8\" data-ccp-parastyle=\"heading 2\">Manager Mentor <\/span><span class=\"NormalTextRun SpellingErrorV2Themed SCXW184216095 BCX8\" data-ccp-parastyle=\"heading 2\">Early<\/span> <span class=\"NormalTextRun SpellingErrorV2Themed SCXW184216095 BCX8\" data-ccp-parastyle=\"heading 2\">Warning<\/span><span class=\"NormalTextRun SCXW184216095 BCX8\" data-ccp-parastyle=\"heading 2\"> Europe Doradztwo Biznesowe<\/span><span class=\"NormalTextRun SCXW184216095 BCX8\" data-ccp-parastyle=\"heading 2\">.<\/span><\/span><span class=\"EOP SCXW184216095 BCX8\" data-ccp-props=\"{&quot;134245418&quot;:true,&quot;134245529&quot;:true,&quot;201341983&quot;:0,&quot;335559738&quot;:40,&quot;335559739&quot;:0,&quot;335559740&quot;:259}\">&nbsp;<\/span><\/p>\n<p aria-level=\"2\"><strong>Kontakt:&nbsp;<\/strong><\/p>\n<p><a href=\"callto:+48 510 029 076\"><span data-contrast=\"none\">+48 510 029 076<\/span><\/a><\/p>\n<p><a href=\"mailto:dorota.wieczorek.dw@gmail.com\"><span data-contrast=\"none\">dorota.wieczorek.dw@gmail.com<\/span><\/a><span data-ccp-props=\"{&quot;134233118&quot;:false,&quot;201341983&quot;:0,&quot;335551550&quot;:2,&quot;335551620&quot;:2,&quot;335559739&quot;:450,&quot;335559740&quot;:259}\">&nbsp;<\/span><\/p><\/div><\/div><\/div><\/div><\/div><div class=\"vce-col vce-col--md-auto vce-col--xs-1 vce-col--xs-last vce-col--xs-first vce-col--sm-last vce-col--sm-first vce-col--md-last vce-col--lg-last vce-col--xl-last\" id=\"el-8c3b91e2\"><div class=\"vce-col-inner\" data-vce-do-apply=\"border margin background  el-8c3b91e2\"><div class=\"vce-col-content\" data-vce-element-content=\"true\" data-vce-do-apply=\"padding el-8c3b91e2\"><div class=\"vce-single-image-container vce-single-image--align-center\"><div class=\"vce vce-single-image-wrapper\" id=\"el-d11bd472\" data-vce-do-apply=\"all el-d11bd472\"><figure><div class=\"vce-single-image-figure-inner\" style=\"width: 200px;\"><div class=\"vce-single-image-inner vce-single-image--absolute vce-single-image--border-round\" style=\"width: 100%; padding-bottom: 100%;\"><img loading=\"lazy\" decoding=\"async\" class=\"vce-single-image\"  width=\"200\" height=\"200\" srcset=\"https:\/\/competencegame.com\/wp-content\/uploads\/2024\/06\/DOROTA-WIECZOREK-200x200-1-200x200.png 200w\" src=\"https:\/\/competencegame.com\/wp-content\/uploads\/2024\/06\/DOROTA-WIECZOREK-200x200-1-200x200.png\" data-img-src=\"https:\/\/competencegame.com\/wp-content\/uploads\/2022\/08\/DOROTA-WIECZOREK-200x200-1.png\" data-attachment-id=\"374\"  alt=\"Dorota Wieczorek\" title=\"DOROTA-WIECZOREK-200x200\" \/><\/div><\/div><figcaption hidden=\"\"><\/figcaption><\/figure><\/div><\/div><\/div><\/div><\/div><\/div><\/div><\/div><div class=\"vce-row-container\" data-vce-boxed-width=\"true\"><div class=\"vce-row vce-row--col-gap-30 vce-row-equal-height vce-row-content--top\" id=\"el-e5ff0f03\" data-vce-do-apply=\"all el-e5ff0f03\"><div class=\"vce-content-background-container\"><\/div><div class=\"vce-row-content\" data-vce-element-content=\"true\"><div class=\"vce-col vce-col--md-89p vce-col--xs-1 vce-col--xs-last vce-col--xs-first vce-col--sm-last vce-col--sm-first vce-col--md-last vce-col--lg-last vce-col--xl-last vce-col--md-first vce-col--lg-first vce-col--xl-first\" id=\"el-086cfd86\"><div class=\"vce-col-inner\" data-vce-do-apply=\"border margin background  el-086cfd86\"><div class=\"vce-col-content\" data-vce-element-content=\"true\" data-vce-do-apply=\"padding el-086cfd86\"><div class=\"vce-text-block\"><div class=\"vce-text-block-wrapper vce\" id=\"el-166d1e5a\" data-vce-do-apply=\"all el-166d1e5a\"><p><span data-contrast=\"none\"><strong>O mnie:<br><\/strong><span class=\"TextRun SCXW11373281 BCX8\" lang=\"PL-PL\" xml:lang=\"PL-PL\" data-contrast=\"none\"><span class=\"NormalTextRun SCXW11373281 BCX8\">Posiada ponad 25-letnie do\u015bwiadczenie projektowe i wdro\u017ceniowe w <\/span><\/span><span class=\"TextRun SCXW11373281 BCX8\" lang=\"PL-PL\" xml:lang=\"PL-PL\" data-contrast=\"none\"><span class=\"NormalTextRun SCXW11373281 BCX8\">mi\u0119dzynarodowych i polskich korporacjach (grupa kapita\u0142owa mBank - we wsp\u00f3\u0142pracy<\/span><\/span> <span class=\"TextRun SCXW11373281 BCX8\" lang=\"PL-PL\" xml:lang=\"PL-PL\" data-contrast=\"none\"><span class=\"NormalTextRun SCXW11373281 BCX8\">z Commerzbankiem, <\/span><span class=\"NormalTextRun SpellingErrorV2Themed SCXW11373281 BCX8\">Sygnity<\/span><span class=\"NormalTextRun SCXW11373281 BCX8\">, Raiffeisen Leasing, <\/span><span class=\"NormalTextRun SpellingErrorV2Themed SCXW11373281 BCX8\">Sygma<\/span><span class=\"NormalTextRun SCXW11373281 BCX8\"> Bank, BG\u017b BNP <\/span><span class=\"NormalTextRun SpellingErrorV2Themed SCXW11373281 BCX8\">Paribas<\/span><span class=\"NormalTextRun SCXW11373281 BCX8\">) oraz<\/span><\/span><span class=\"LineBreakBlob BlobObject DragDrop SCXW11373281 BCX8\"><span class=\"SCXW11373281 BCX8\">&nbsp;<\/span><br class=\"SCXW11373281 BCX8\"><\/span><span class=\"TextRun SCXW11373281 BCX8\" lang=\"PL-PL\" xml:lang=\"PL-PL\" data-contrast=\"none\"><span class=\"NormalTextRun SCXW11373281 BCX8\">firmach <\/span><span class=\"NormalTextRun SpellingErrorV2Themed SCXW11373281 BCX8\">msp<\/span><span class=\"NormalTextRun SCXW11373281 BCX8\">, rodzinnych i du\u017cych przedsi\u0119biorstwach, a tak\u017ce w startupach.<\/span><\/span><span class=\"LineBreakBlob BlobObject DragDrop SCXW11373281 BCX8\"><span class=\"SCXW11373281 BCX8\">&nbsp;<\/span><br class=\"SCXW11373281 BCX8\"><\/span><span class=\"TextRun SCXW11373281 BCX8\" lang=\"PL-PL\" xml:lang=\"PL-PL\" data-contrast=\"none\"><span class=\"NormalTextRun SCXW11373281 BCX8\">Wieloletni dyrektor obszar\u00f3w rozwoju organizacji, controllingu i HR w<\/span><\/span> <span class=\"TextRun SCXW11373281 BCX8\" lang=\"PL-PL\" xml:lang=\"PL-PL\" data-contrast=\"none\"><span class=\"NormalTextRun SCXW11373281 BCX8\">mi\u0119dzynarodowych strukturach bankowych, firmach <\/span><span class=\"NormalTextRun SpellingErrorV2Themed SCXW11373281 BCX8\">msp<\/span><span class=\"NormalTextRun SCXW11373281 BCX8\"> - prowadzi\u0142a projekty<\/span><\/span> <span class=\"TextRun SCXW11373281 BCX8\" lang=\"PL-PL\" xml:lang=\"PL-PL\" data-contrast=\"none\"><span class=\"NormalTextRun ContextualSpellingAndGrammarErrorV2Themed SCXW11373281 BCX8\">strategiczne:,<\/span><span class=\"NormalTextRun SCXW11373281 BCX8\"> controlling, systemy pomiaru i rentowno\u015bci klient\u00f3w, produkt\u00f3w, linii<\/span><\/span><span class=\"LineBreakBlob BlobObject DragDrop SCXW11373281 BCX8\"><span class=\"SCXW11373281 BCX8\">&nbsp;<\/span><br class=\"SCXW11373281 BCX8\"><\/span><span class=\"TextRun SCXW11373281 BCX8\" lang=\"PL-PL\" xml:lang=\"PL-PL\" data-contrast=\"none\"><span class=\"NormalTextRun SCXW11373281 BCX8\">biznesowych, Activity <\/span><span class=\"NormalTextRun SpellingErrorV2Themed SCXW11373281 BCX8\">Based<\/span> <span class=\"NormalTextRun SpellingErrorV2Themed SCXW11373281 BCX8\">Costing<\/span><span class=\"NormalTextRun SCXW11373281 BCX8\"> i narz\u0119dzia rachunkowo\u015bci zarz\u0105dczej oraz<\/span><\/span> <span class=\"TextRun SCXW11373281 BCX8\" lang=\"PL-PL\" xml:lang=\"PL-PL\" data-contrast=\"none\"><span class=\"NormalTextRun SCXW11373281 BCX8\">nowoczesne systemy HR (MBO, MBV, OKR, systemy ocen wynik\u00f3w, postaw i warto\u015bci),<\/span><\/span> <span class=\"TextRun SCXW11373281 BCX8\" lang=\"PL-PL\" xml:lang=\"PL-PL\" data-contrast=\"none\"><span class=\"NormalTextRun SCXW11373281 BCX8\">opracowywa\u0142a i wdra\u017ca\u0142a strategie i polityki wynagradzania, tworzy\u0142a systemy<\/span><\/span> <span class=\"TextRun SCXW11373281 BCX8\" lang=\"PL-PL\" xml:lang=\"PL-PL\" data-contrast=\"none\"><span class=\"NormalTextRun SCXW11373281 BCX8\">wynagradzania, systemy premiowe i motywacyjne, prowizyjne, zarz\u0105dzania wynikami -<\/span><\/span> <span class=\"TextRun SCXW11373281 BCX8\" lang=\"PL-PL\" xml:lang=\"PL-PL\" data-contrast=\"none\"><span class=\"NormalTextRun SCXW11373281 BCX8\">performance management, bud\u017cetowanie, realizowa\u0142a projekty dostosowania struktur<\/span><\/span> <span class=\"TextRun SCXW11373281 BCX8\" lang=\"PL-PL\" xml:lang=\"PL-PL\" data-contrast=\"none\"><span class=\"NormalTextRun SCXW11373281 BCX8\">organizacyjnych do strategii, oparte o drabiny karier, definiuj\u0105ce \u015bcie\u017cki rozwoju i<\/span><\/span> <span class=\"TextRun SCXW11373281 BCX8\" lang=\"PL-PL\" xml:lang=\"PL-PL\" data-contrast=\"none\"><span class=\"NormalTextRun SCXW11373281 BCX8\">r\u00f3\u017cnicowanie wynagrodze\u0144 sta\u0142ych i zmiennych, <\/span><span class=\"NormalTextRun SpellingErrorV2Themed SCXW11373281 BCX8\">Employer<\/span> <span class=\"NormalTextRun SpellingErrorV2Themed SCXW11373281 BCX8\">Branding<\/span><span class=\"NormalTextRun SCXW11373281 BCX8\">, oparte o EVP,<\/span><\/span> <span class=\"TextRun SCXW11373281 BCX8\" lang=\"PL-PL\" xml:lang=\"PL-PL\" data-contrast=\"none\"><span class=\"NormalTextRun SCXW11373281 BCX8\">wdra\u017ca\u0142a kanon warto\u015bci <br>i programy zarz\u0105dzania kultur\u0105 organizacyjn\u0105, opart\u0105 o<\/span><\/span> <span class=\"TextRun SCXW11373281 BCX8\" lang=\"PL-PL\" xml:lang=\"PL-PL\" data-contrast=\"none\"><span class=\"NormalTextRun SCXW11373281 BCX8\">warto\u015bci.<\/span><\/span><span class=\"LineBreakBlob BlobObject DragDrop SCXW11373281 BCX8\"><span class=\"SCXW11373281 BCX8\">&nbsp;<\/span><br class=\"SCXW11373281 BCX8\"><\/span><span class=\"TextRun SCXW11373281 BCX8\" lang=\"PL-PL\" xml:lang=\"PL-PL\" data-contrast=\"none\"><span class=\"NormalTextRun SCXW11373281 BCX8\">Prowadzi\u0142a projekty sukcesji w firmach rodzinnych oparte o budow\u0119 nowych r\u00f3l, <\/span><\/span><span class=\"TextRun SCXW11373281 BCX8\" lang=\"PL-PL\" xml:lang=\"PL-PL\" data-contrast=\"none\"><span class=\"NormalTextRun SCXW11373281 BCX8\">definiowanie warto\u015bci kluczowych dla realizacji strategii i nowej kultury organizacyjnej<\/span><\/span> <span class=\"TextRun SCXW11373281 BCX8\" lang=\"PL-PL\" xml:lang=\"PL-PL\" data-contrast=\"none\"><span class=\"NormalTextRun SCXW11373281 BCX8\">oraz map\u0119 organizacji, bud\u017cetowanie i pomiary obszar\u00f3w rentownych, dochodowych<\/span><\/span> <span class=\"TextRun SCXW11373281 BCX8\" lang=\"PL-PL\" xml:lang=\"PL-PL\" data-contrast=\"none\"><span class=\"NormalTextRun SCXW11373281 BCX8\">klient\u00f3w, produkt\u00f3w i us\u0142ug. Zarz\u0105dza\u0142a z sukcesem jako Dyrektor Generalny lub<\/span><\/span> <span class=\"TextRun SCXW11373281 BCX8\" lang=\"PL-PL\" xml:lang=\"PL-PL\" data-contrast=\"none\"><span class=\"NormalTextRun SCXW11373281 BCX8\">Operacyjny w firmach <\/span><span class=\"NormalTextRun SpellingErrorV2Themed SCXW11373281 BCX8\">m\u015bp<\/span><span class=\"NormalTextRun SCXW11373281 BCX8\">, upraszczaj\u0105c <br>i optymalizuj\u0105c dotychczasowe procesy.<\/span><\/span><span class=\"LineBreakBlob BlobObject DragDrop SCXW11373281 BCX8\"><span class=\"SCXW11373281 BCX8\">&nbsp;<\/span><br class=\"SCXW11373281 BCX8\"><\/span><span class=\"TextRun SCXW11373281 BCX8\" lang=\"PL-PL\" xml:lang=\"PL-PL\" data-contrast=\"none\"><span class=\"NormalTextRun SCXW11373281 BCX8\">Matematyk, absolwentka FTIMS Politechniki Warszawskiej, posiada dyplom Studi\u00f3w<\/span><\/span> <span class=\"TextRun SCXW11373281 BCX8\" lang=\"PL-PL\" xml:lang=\"PL-PL\" data-contrast=\"none\"><span class=\"NormalTextRun SCXW11373281 BCX8\">Podyplomowych z zakresu finans\u00f3w <br>i bankowo\u015bci oraz MBA z zakresu zarz\u0105dzania.<\/span><\/span> <span class=\"TextRun SCXW11373281 BCX8\" lang=\"PL-PL\" xml:lang=\"PL-PL\" data-contrast=\"none\"><span class=\"NormalTextRun SCXW11373281 BCX8\">Posiada certyfikaty: Controlling, Project Management, <\/span><span class=\"NormalTextRun SpellingErrorV2Themed SCXW11373281 BCX8\">CoachWise<\/span><span class=\"NormalTextRun SCXW11373281 BCX8\"> Essentials\",<\/span><\/span><span class=\"LineBreakBlob BlobObject DragDrop SCXW11373281 BCX8\"><span class=\"SCXW11373281 BCX8\">&nbsp;<\/span><br class=\"SCXW11373281 BCX8\"><\/span><span class=\"TextRun SCXW11373281 BCX8\" lang=\"PL-PL\" xml:lang=\"PL-PL\" data-contrast=\"none\"><span class=\"NormalTextRun SCXW11373281 BCX8\">Certyfikowany Interim Manager, Certyfikowany Doradca GROWING PAINS STRATEGY\u24c7.<\/span><\/span><span class=\"EOP SCXW11373281 BCX8\" data-ccp-props=\"{&quot;134233118&quot;:false,&quot;201341983&quot;:0,&quot;335551550&quot;:2,&quot;335551620&quot;:2,&quot;335559739&quot;:450,&quot;335559740&quot;:259}\">&nbsp;<\/span><br><\/span><\/p>\n<p><strong>Dorota \u015bwiadczy us\u0142ugi doradcze, indywidualne i dla firm, z wykorzystaniem gier kompetencyjnych.<\/strong><\/p><\/div><\/div><\/div><\/div><\/div><\/div><\/div><\/div>","protected":false},"excerpt":{"rendered":"<p>Dorota WieczorekCertyfikowany Doradca Growing Pains Strategy Certyfikowany Interim Manager Mentor Early Warning Europe Doradztwo Biznesowe.&nbsp; Kontakt:&nbsp; +48 510 029 076 dorota.wieczorek.dw@gmail.com&nbsp;O mnie:Posiada ponad 25-letnie do\u015bwiadczenie projektowe i wdro\u017ceniowe w mi\u0119dzynarodowych i polskich korporacjach (grupa kapita\u0142owa mBank &#8211; we wsp\u00f3\u0142pracy z Commerzbankiem, Sygnity, Raiffeisen Leasing, Sygma Bank, BG\u017b BNP Paribas) oraz&nbsp;firmach msp, rodzinnych i du\u017cych przedsi\u0119biorstwach, [&hellip;]<\/p>\n","protected":false},"author":5,"featured_media":0,"parent":0,"menu_order":0,"comment_status":"closed","ping_status":"closed","template":"","meta":{"footnotes":""},"class_list":["post-1170","page","type-page","status-publish","hentry"],"_links":{"self":[{"href":"https:\/\/competencegame.com\/en\/wp-json\/wp\/v2\/pages\/1170","targetHints":{"allow":["GET"]}}],"collection":[{"href":"https:\/\/competencegame.com\/en\/wp-json\/wp\/v2\/pages"}],"about":[{"href":"https:\/\/competencegame.com\/en\/wp-json\/wp\/v2\/types\/page"}],"author":[{"embeddable":true,"href":"https:\/\/competencegame.com\/en\/wp-json\/wp\/v2\/users\/5"}],"replies":[{"embeddable":true,"href":"https:\/\/competencegame.com\/en\/wp-json\/wp\/v2\/comments?post=1170"}],"version-history":[{"count":5,"href":"https:\/\/competencegame.com\/en\/wp-json\/wp\/v2\/pages\/1170\/revisions"}],"predecessor-version":[{"id":1432,"href":"https:\/\/competencegame.com\/en\/wp-json\/wp\/v2\/pages\/1170\/revisions\/1432"}],"wp:attachment":[{"href":"https:\/\/competencegame.com\/en\/wp-json\/wp\/v2\/media?parent=1170"}],"curies":[{"name":"wp","href":"https:\/\/api.w.org\/{rel}","templated":true}]}}