{"id":1176,"date":"2024-01-24T15:38:28","date_gmt":"2024-01-24T15:38:28","guid":{"rendered":"https:\/\/competencegame.com\/?page_id=1176"},"modified":"2024-06-21T10:48:36","modified_gmt":"2024-06-21T10:48:36","slug":"partnerzy-juliavitsko","status":"publish","type":"page","link":"https:\/\/competencegame.com\/en\/partnerzy-juliavitsko\/","title":{"rendered":"Certyfikowani Partnerzy &#8211; Julia Vitsko"},"content":{"rendered":"<div class=\"vce-row-container\"><div class=\"vce-row vce-element--xl--has-background vce-element--lg--has-background vce-element--md--has-background vce-element--sm--has-background vce-element--xs--has-background vce-row--col-gap-30 vce-row-wrap--reverse vce-row-equal-height vce-row-content--middle\" data-vce-full-width=\"true\" id=\"el-40974c94\" data-vce-do-apply=\"all el-40974c94\"><div class=\"vce-content-background-container\"><div class=\"vce-asset-color-gradient-container vce-visible-xl-only\" data-vce-do-apply=\"gradient el-40974c94\"><\/div><div class=\"vce-asset-color-gradient-container vce-visible-lg-only\" data-vce-do-apply=\"gradient el-40974c94\"><\/div><div class=\"vce-asset-color-gradient-container vce-visible-md-only\" data-vce-do-apply=\"gradient el-40974c94\"><\/div><div class=\"vce-asset-color-gradient-container vce-visible-sm-only\" data-vce-do-apply=\"gradient el-40974c94\"><\/div><div class=\"vce-asset-color-gradient-container vce-visible-xs-only\" data-vce-do-apply=\"gradient el-40974c94\"><\/div><\/div><div class=\"vce-dividers-wrapper\"><div class=\"vce-container-divider vce-divider-position--bottom vce-container-divider-new vce-visible-all-only\" data-vce-do-apply=\"divider el-40974c94\"><div class=\"vce-container-divider-inner\"><svg class=\"vce-divider-svg\" viewbox=\"0 0 500 97\" width=\"130%\" preserveaspectratio=\"none\"><g fill=\"rgb(255, 255, 255)\"><path d=\"M370.005859,7 C421.782298,7 471.582031,23.9140625 500,54.4804687 L500,97 L0,97 L0,86.7851562 C135.587891,97.4101563 223.564453,7.000000000000028 370.005859,7 Z\" opacity=\"0.5\"><\/path><path d=\"M370.005859,15 C421.782298,15 471.582031,27.9140625 500,58.4804687 L500,97 L0,97 L0,90.7851562 C135.587891,101.4101562 223.564453,15 370.005859,15 Z\" opacity=\"0.5\"><\/path><path d=\"M370.005859,22 C421.782298,22 471.582031,31.9140625 500,62.4804687 L500,97 L0,97 L0,94.7851562 C135.587891,105.4101562 223.564453,22 370.005859,22 Z\"><\/path><\/g><\/svg><\/div><\/div><\/div><div class=\"vce-row-content\" data-vce-element-content=\"true\"><div class=\"vce-col vce-col--md-50p vce-col--xs-1 vce-col--xs-last vce-col--xs-first vce-col--sm-last vce-col--sm-first vce-col--md-last vce-col--lg-last vce-col--xl-last vce-col--md-first vce-col--lg-first vce-col--xl-first\" id=\"el-40583180\"><div class=\"vce-col-inner\" data-vce-do-apply=\"border margin background  el-40583180\"><div class=\"vce-col-content\" data-vce-element-content=\"true\" data-vce-do-apply=\"padding el-40583180\"><div class=\"vcv-row-control-wrapper\"><\/div><\/div><\/div><\/div><\/div><\/div><\/div><div class=\"vce-row-container\" data-vce-boxed-width=\"true\"><div class=\"vce-row vce-row--col-gap-30 vce-row-equal-height vce-row-content--top\" id=\"el-655d0bd4\" data-vce-do-apply=\"all el-655d0bd4\"><div class=\"vce-row-content\" data-vce-element-content=\"true\"><div class=\"vce-col vce-col--md-auto vce-col--xs-1 vce-col--xs-last vce-col--xs-first vce-col--sm-last vce-col--sm-first vce-col--md-first vce-col--lg-first vce-col--xl-first\" id=\"el-b558766a\"><div class=\"vce-col-inner\" data-vce-do-apply=\"border margin background  el-b558766a\"><div class=\"vce-col-content\" data-vce-element-content=\"true\" data-vce-do-apply=\"padding el-b558766a\"><div class=\"vce-text-block\"><div class=\"vce-text-block-wrapper vce\" id=\"el-ec3b48d0\" data-vce-do-apply=\"all el-ec3b48d0\"><h2 style=\"line-height: inherit;\"><strong><span style=\"font-family: 'PT Sans';\">Julia Vitsko<\/span><\/strong><\/h2><\/div><\/div><div class=\"vce-text-block\"><div class=\"vce-text-block-wrapper vce\" id=\"el-195d34d2\" data-vce-do-apply=\"all el-195d34d2\"><p><span class=\"NormalTextRun SCXW22454569 BCX8\" data-ccp-parastyle=\"heading 2\">Trener biznesu, <\/span><span class=\"NormalTextRun SpellingErrorV2Themed SCXW22454569 BCX8\" data-ccp-parastyle=\"heading 2\">coach<\/span><span class=\"NormalTextRun SCXW22454569 BCX8\" data-ccp-parastyle=\"heading 2\">, praktyk zarz\u0105dzania i sprzeda\u017cy<\/span><span class=\"NormalTextRun SCXW22454569 BCX8\" data-ccp-parastyle=\"heading 2\">.<\/span><\/p>\n<p aria-level=\"2\"><strong>Kontakt:&nbsp;<\/strong><\/p>\n<p><a href=\"callto:+48 600 338 163\"><span data-contrast=\"none\">+48 600 338 163<\/span><span data-ccp-props=\"{&quot;134233118&quot;:false,&quot;201341983&quot;:0,&quot;335551550&quot;:2,&quot;335551620&quot;:2,&quot;335559739&quot;:450,&quot;335559740&quot;:259}\">&nbsp;<\/span><\/a><\/p>\n<p><a href=\"mailto:juliavitsko@bmentor.eu\"><span data-contrast=\"none\">juliavitsko@bmentor.eu<\/span><\/a><span data-ccp-props=\"{&quot;134233118&quot;:false,&quot;201341983&quot;:0,&quot;335551550&quot;:2,&quot;335551620&quot;:2,&quot;335559739&quot;:450,&quot;335559740&quot;:259}\">&nbsp;<\/span><\/p><\/div><\/div><\/div><\/div><\/div><div class=\"vce-col vce-col--md-auto vce-col--xs-1 vce-col--xs-last vce-col--xs-first vce-col--sm-last vce-col--sm-first vce-col--md-last vce-col--lg-last vce-col--xl-last\" id=\"el-dd4b808b\"><div class=\"vce-col-inner\" data-vce-do-apply=\"border margin background  el-dd4b808b\"><div class=\"vce-col-content\" data-vce-element-content=\"true\" data-vce-do-apply=\"padding el-dd4b808b\"><div class=\"vce-single-image-container vce-single-image--align-center\"><div class=\"vce vce-single-image-wrapper\" id=\"el-85b07276\" data-vce-do-apply=\"all el-85b07276\"><figure><div class=\"vce-single-image-figure-inner\" style=\"width: 200px;\"><div class=\"vce-single-image-inner vce-single-image--absolute vce-single-image--border-round\" style=\"width: 100%; padding-bottom: 100%;\"><img loading=\"lazy\" decoding=\"async\" class=\"vce-single-image\"  width=\"200\" height=\"200\" srcset=\"https:\/\/competencegame.com\/wp-content\/uploads\/2024\/06\/julia-vitsko-200x200-1-200x200.jpg 200w\" src=\"https:\/\/competencegame.com\/wp-content\/uploads\/2024\/06\/julia-vitsko-200x200-1-200x200.jpg\" data-img-src=\"https:\/\/competencegame.com\/wp-content\/uploads\/2022\/08\/julia-vitsko-200x200-1.jpg\" data-attachment-id=\"365\"  alt=\"Julia Vitsko\" title=\"julia-vitsko-200x200\" \/><\/div><\/div><figcaption hidden=\"\"><\/figcaption><\/figure><\/div><\/div><\/div><\/div><\/div><\/div><\/div><\/div><div class=\"vce-row-container\" data-vce-boxed-width=\"true\"><div class=\"vce-row vce-row--col-gap-30 vce-row-equal-height vce-row-content--top\" id=\"el-33cb7945\" data-vce-do-apply=\"all el-33cb7945\"><div class=\"vce-content-background-container\"><\/div><div class=\"vce-row-content\" data-vce-element-content=\"true\"><div class=\"vce-col vce-col--md-89p vce-col--xs-1 vce-col--xs-last vce-col--xs-first vce-col--sm-last vce-col--sm-first vce-col--md-last vce-col--lg-last vce-col--xl-last vce-col--md-first vce-col--lg-first vce-col--xl-first\" id=\"el-c564257d\"><div class=\"vce-col-inner\" data-vce-do-apply=\"border margin background  el-c564257d\"><div class=\"vce-col-content\" data-vce-element-content=\"true\" data-vce-do-apply=\"padding el-c564257d\"><div class=\"vce-text-block\"><div class=\"vce-text-block-wrapper vce\" id=\"el-15de4fb5\" data-vce-do-apply=\"all el-15de4fb5\"><p><span data-contrast=\"none\"><strong>O mnie:<br><\/strong><span class=\"TextRun SCXW188766649 BCX8\" lang=\"PL-PL\" xml:lang=\"PL-PL\" data-contrast=\"none\"><span class=\"NormalTextRun SCXW188766649 BCX8\">Akredytowany <\/span><span class=\"NormalTextRun SpellingErrorV2Themed SCXW188766649 BCX8\">coach<\/span><span class=\"NormalTextRun SCXW188766649 BCX8\">, trener biznesu, konsultant <\/span><span class=\"NormalTextRun SpellingErrorV2Themed SCXW188766649 BCX8\">Insights<\/span><span class=\"NormalTextRun SCXW188766649 BCX8\"> Discovery,<\/span><\/span> <span class=\"TextRun SCXW188766649 BCX8\" lang=\"PL-PL\" xml:lang=\"PL-PL\" data-contrast=\"none\"><span class=\"NormalTextRun SCXW188766649 BCX8\">za\u0142o\u017cyciel i dyrektor zarz\u0105dzaj\u0105ca firmy szkoleniowej \u201eBusiness Mentor\",<\/span><\/span> <span class=\"TextRun SCXW188766649 BCX8\" lang=\"PL-PL\" xml:lang=\"PL-PL\" data-contrast=\"none\"><span class=\"NormalTextRun SCXW188766649 BCX8\">magister Prawa i Ekonomii. Wspiera firmy oraz kadr\u0119 zarz\u0105dzaj\u0105c\u0105 w<\/span><\/span> <span class=\"TextRun SCXW188766649 BCX8\" lang=\"PL-PL\" xml:lang=\"PL-PL\" data-contrast=\"none\"><span class=\"NormalTextRun SCXW188766649 BCX8\">zakresie sprzeda\u017cy, zarz\u0105dzania, skutecznej komunikacji, przyw\u00f3dztwa,<\/span><\/span> <span class=\"TextRun SCXW188766649 BCX8\" lang=\"PL-PL\" xml:lang=\"PL-PL\" data-contrast=\"none\"><span class=\"NormalTextRun SCXW188766649 BCX8\">budowania zespo\u0142\u00f3w, bazuj\u0105c na ponad 10 letnim do\u015bwiadczeniu w tych <\/span><\/span><span class=\"TextRun SCXW188766649 BCX8\" lang=\"PL-PL\" xml:lang=\"PL-PL\" data-contrast=\"none\"><span class=\"NormalTextRun SCXW188766649 BCX8\">dziedzinach. Wsp\u00f3\u0142pracuje z mi\u0119dzynarodowymi firmami, prowadz\u0105c <\/span><\/span><span class=\"TextRun SCXW188766649 BCX8\" lang=\"PL-PL\" xml:lang=\"PL-PL\" data-contrast=\"none\"><span class=\"NormalTextRun SCXW188766649 BCX8\">szkolenia w j\u0119zyku polskim, angielskim oraz rosyjskim.<\/span><\/span><span class=\"EOP SCXW188766649 BCX8\" data-ccp-props=\"{&quot;134233118&quot;:false,&quot;201341983&quot;:0,&quot;335551550&quot;:2,&quot;335551620&quot;:2,&quot;335559739&quot;:450,&quot;335559740&quot;:259}\">&nbsp;<\/span><br><\/span><\/p>\n<p><strong>Julia \u015bwiadczy us\u0142ugi doradcze, indywidualne i dla firm, z wykorzystaniem gier kompetencyjnych.<\/strong><\/p><\/div><\/div><\/div><\/div><\/div><\/div><\/div><\/div>","protected":false},"excerpt":{"rendered":"<p>Julia VitskoTrener biznesu, coach, praktyk zarz\u0105dzania i sprzeda\u017cy. Kontakt:&nbsp; +48 600 338 163&nbsp; juliavitsko@bmentor.eu&nbsp;O mnie:Akredytowany coach, trener biznesu, konsultant Insights Discovery, za\u0142o\u017cyciel i dyrektor zarz\u0105dzaj\u0105ca firmy szkoleniowej \u201eBusiness Mentor&#8221;, magister Prawa i Ekonomii. Wspiera firmy oraz kadr\u0119 zarz\u0105dzaj\u0105c\u0105 w zakresie sprzeda\u017cy, zarz\u0105dzania, skutecznej komunikacji, przyw\u00f3dztwa, budowania zespo\u0142\u00f3w, bazuj\u0105c na ponad 10 letnim do\u015bwiadczeniu w tych [&hellip;]<\/p>\n","protected":false},"author":5,"featured_media":0,"parent":0,"menu_order":0,"comment_status":"closed","ping_status":"closed","template":"","meta":{"footnotes":""},"class_list":["post-1176","page","type-page","status-publish","hentry"],"_links":{"self":[{"href":"https:\/\/competencegame.com\/en\/wp-json\/wp\/v2\/pages\/1176","targetHints":{"allow":["GET"]}}],"collection":[{"href":"https:\/\/competencegame.com\/en\/wp-json\/wp\/v2\/pages"}],"about":[{"href":"https:\/\/competencegame.com\/en\/wp-json\/wp\/v2\/types\/page"}],"author":[{"embeddable":true,"href":"https:\/\/competencegame.com\/en\/wp-json\/wp\/v2\/users\/5"}],"replies":[{"embeddable":true,"href":"https:\/\/competencegame.com\/en\/wp-json\/wp\/v2\/comments?post=1176"}],"version-history":[{"count":5,"href":"https:\/\/competencegame.com\/en\/wp-json\/wp\/v2\/pages\/1176\/revisions"}],"predecessor-version":[{"id":1435,"href":"https:\/\/competencegame.com\/en\/wp-json\/wp\/v2\/pages\/1176\/revisions\/1435"}],"wp:attachment":[{"href":"https:\/\/competencegame.com\/en\/wp-json\/wp\/v2\/media?parent=1176"}],"curies":[{"name":"wp","href":"https:\/\/api.w.org\/{rel}","templated":true}]}}