{"id":1183,"date":"2024-01-24T15:44:59","date_gmt":"2024-01-24T15:44:59","guid":{"rendered":"https:\/\/competencegame.com\/?page_id=1183"},"modified":"2024-06-21T10:50:57","modified_gmt":"2024-06-21T10:50:57","slug":"partnerzy-malgorzatakwiecien","status":"publish","type":"page","link":"https:\/\/competencegame.com\/en\/partnerzy-malgorzatakwiecien\/","title":{"rendered":"Certyfikowani Partnerzy &#8211; Ma\u0142gorzata Kwiecie\u0144"},"content":{"rendered":"<div class=\"vce-row-container\"><div class=\"vce-row vce-element--xl--has-background vce-element--lg--has-background vce-element--md--has-background vce-element--sm--has-background vce-element--xs--has-background vce-row--col-gap-30 vce-row-wrap--reverse vce-row-equal-height vce-row-content--middle\" data-vce-full-width=\"true\" id=\"el-020358df\" data-vce-do-apply=\"all el-020358df\"><div class=\"vce-content-background-container\"><div class=\"vce-asset-color-gradient-container vce-visible-xl-only\" data-vce-do-apply=\"gradient el-020358df\"><\/div><div class=\"vce-asset-color-gradient-container vce-visible-lg-only\" data-vce-do-apply=\"gradient el-020358df\"><\/div><div class=\"vce-asset-color-gradient-container vce-visible-md-only\" data-vce-do-apply=\"gradient el-020358df\"><\/div><div class=\"vce-asset-color-gradient-container vce-visible-sm-only\" data-vce-do-apply=\"gradient el-020358df\"><\/div><div class=\"vce-asset-color-gradient-container vce-visible-xs-only\" data-vce-do-apply=\"gradient el-020358df\"><\/div><\/div><div class=\"vce-dividers-wrapper\"><div class=\"vce-container-divider vce-divider-position--bottom vce-container-divider-new vce-visible-all-only\" data-vce-do-apply=\"divider el-020358df\"><div class=\"vce-container-divider-inner\"><svg class=\"vce-divider-svg\" viewbox=\"0 0 500 97\" width=\"130%\" preserveaspectratio=\"none\"><g fill=\"rgb(255, 255, 255)\"><path d=\"M370.005859,7 C421.782298,7 471.582031,23.9140625 500,54.4804687 L500,97 L0,97 L0,86.7851562 C135.587891,97.4101563 223.564453,7.000000000000028 370.005859,7 Z\" opacity=\"0.5\"><\/path><path d=\"M370.005859,15 C421.782298,15 471.582031,27.9140625 500,58.4804687 L500,97 L0,97 L0,90.7851562 C135.587891,101.4101562 223.564453,15 370.005859,15 Z\" opacity=\"0.5\"><\/path><path d=\"M370.005859,22 C421.782298,22 471.582031,31.9140625 500,62.4804687 L500,97 L0,97 L0,94.7851562 C135.587891,105.4101562 223.564453,22 370.005859,22 Z\"><\/path><\/g><\/svg><\/div><\/div><\/div><div class=\"vce-row-content\" data-vce-element-content=\"true\"><div class=\"vce-col vce-col--md-50p vce-col--xs-1 vce-col--xs-last vce-col--xs-first vce-col--sm-last vce-col--sm-first vce-col--md-last vce-col--lg-last vce-col--xl-last vce-col--md-first vce-col--lg-first vce-col--xl-first\" id=\"el-1ec8db86\"><div class=\"vce-col-inner\" data-vce-do-apply=\"border margin background  el-1ec8db86\"><div class=\"vce-col-content\" data-vce-element-content=\"true\" data-vce-do-apply=\"padding el-1ec8db86\"><div class=\"vcv-row-control-wrapper\"><\/div><\/div><\/div><\/div><\/div><\/div><\/div><div class=\"vce-row-container\" data-vce-boxed-width=\"true\"><div class=\"vce-row vce-row--col-gap-30 vce-row-equal-height vce-row-content--top\" id=\"el-e37fea8b\" data-vce-do-apply=\"all el-e37fea8b\"><div class=\"vce-row-content\" data-vce-element-content=\"true\"><div class=\"vce-col vce-col--md-auto vce-col--xs-1 vce-col--xs-last vce-col--xs-first vce-col--sm-last vce-col--sm-first vce-col--md-first vce-col--lg-first vce-col--xl-first\" id=\"el-6486de19\"><div class=\"vce-col-inner\" data-vce-do-apply=\"border margin background  el-6486de19\"><div class=\"vce-col-content\" data-vce-element-content=\"true\" data-vce-do-apply=\"padding el-6486de19\"><div class=\"vce-text-block\"><div class=\"vce-text-block-wrapper vce\" id=\"el-2de17d98\" data-vce-do-apply=\"all el-2de17d98\"><h2 style=\"line-height: inherit;\"><strong><span style=\"font-family: 'PT Sans';\">Ma\u0142gorzata Kwiecie\u0144<\/span><\/strong><\/h2><\/div><\/div><div class=\"vce-text-block\"><div class=\"vce-text-block-wrapper vce\" id=\"el-d5570b8e\" data-vce-do-apply=\"all el-d5570b8e\"><p><span class=\"NormalTextRun SCXW258890071 BCX8\" data-ccp-parastyle=\"heading 2\">Trener konsultant, <\/span><span class=\"NormalTextRun SpellingErrorV2Themed SCXW258890071 BCX8\" data-ccp-parastyle=\"heading 2\">coach<\/span><span class=\"NormalTextRun SCXW258890071 BCX8\" data-ccp-parastyle=\"heading 2\"> z wieloletnim do\u015bwiadczeniem w pracy dla biznesu.<\/span><\/p><p aria-level=\"2\"><strong>Kontakt:&nbsp;<\/strong><\/p><p><a href=\"callto:+48 601 343 735\"><span data-contrast=\"none\">+48 601 343 735<\/span><span data-ccp-props=\"{&quot;134233118&quot;:false,&quot;201341983&quot;:0,&quot;335551550&quot;:2,&quot;335551620&quot;:2,&quot;335559739&quot;:450,&quot;335559740&quot;:259}\">&nbsp;<\/span><\/a><\/p><p><a href=\"mailto:malgorzatakwiecien@wp.pl\"><span data-contrast=\"none\">malgorzatakwiecien@wp.pl<\/span><\/a><span data-ccp-props=\"{&quot;134233118&quot;:false,&quot;201341983&quot;:0,&quot;335551550&quot;:2,&quot;335551620&quot;:2,&quot;335559739&quot;:450,&quot;335559740&quot;:259}\">&nbsp;<\/span><\/p><\/div><\/div><\/div><\/div><\/div><div class=\"vce-col vce-col--md-auto vce-col--xs-1 vce-col--xs-last vce-col--xs-first vce-col--sm-last vce-col--sm-first vce-col--md-last vce-col--lg-last vce-col--xl-last\" id=\"el-598a4cc9\"><div class=\"vce-col-inner\" data-vce-do-apply=\"border margin background  el-598a4cc9\"><div class=\"vce-col-content\" data-vce-element-content=\"true\" data-vce-do-apply=\"padding el-598a4cc9\"><div class=\"vce-single-image-container vce-single-image--align-center\"><div class=\"vce vce-single-image-wrapper\" id=\"el-a6031d90\" data-vce-do-apply=\"all el-a6031d90\"><figure><div class=\"vce-single-image-figure-inner\" style=\"width: 200px;\"><div class=\"vce-single-image-inner vce-single-image--absolute vce-single-image--border-round\" style=\"width: 100%; padding-bottom: 100%;\"><img loading=\"lazy\" decoding=\"async\" class=\"vce-single-image\"  width=\"200\" height=\"200\" srcset=\"https:\/\/competencegame.com\/wp-content\/uploads\/2024\/06\/Malgorzata-Kwiecien-200x200-1-200x200.jpg 200w\" src=\"https:\/\/competencegame.com\/wp-content\/uploads\/2024\/06\/Malgorzata-Kwiecien-200x200-1-200x200.jpg\" data-img-src=\"https:\/\/competencegame.com\/wp-content\/uploads\/2022\/08\/Malgorzata-Kwiecien-200x200-1.jpg\" data-attachment-id=\"367\"  alt=\"Ma\u0142gorzata Kwiecie\u0144\" title=\"Ma\u0142gorzata-Kwiecie\u0144-200x200\" \/><\/div><\/div><figcaption hidden=\"\"><\/figcaption><\/figure><\/div><\/div><\/div><\/div><\/div><\/div><\/div><\/div><div class=\"vce-row-container\" data-vce-boxed-width=\"true\"><div class=\"vce-row vce-row--col-gap-30 vce-row-equal-height vce-row-content--top\" id=\"el-bdb5e63f\" data-vce-do-apply=\"all el-bdb5e63f\"><div class=\"vce-content-background-container\"><\/div><div class=\"vce-row-content\" data-vce-element-content=\"true\"><div class=\"vce-col vce-col--md-89p vce-col--xs-1 vce-col--xs-last vce-col--xs-first vce-col--sm-last vce-col--sm-first vce-col--md-last vce-col--lg-last vce-col--xl-last vce-col--md-first vce-col--lg-first vce-col--xl-first\" id=\"el-f6d0bb68\"><div class=\"vce-col-inner\" data-vce-do-apply=\"border margin background  el-f6d0bb68\"><div class=\"vce-col-content\" data-vce-element-content=\"true\" data-vce-do-apply=\"padding el-f6d0bb68\"><div class=\"vce-text-block\"><div class=\"vce-text-block-wrapper vce\" id=\"el-1d968b47\" data-vce-do-apply=\"all el-1d968b47\"><p><span data-contrast=\"none\"><strong>O mnie:<br><\/strong><\/span><\/p><p><span data-contrast=\"none\">Specjalizuje si\u0119 w prowadzeniu warsztat\u00f3w z zakresu: zarz\u0105dzania,<\/span> <span data-contrast=\"none\">komunikacji w organizacji, obs\u0142udze klienta i rozwoju osobistym. Prowadzi<\/span> <span data-contrast=\"none\">projekty AC\/DC dla biznesu.<\/span><span data-ccp-props=\"{&quot;134233118&quot;:false,&quot;201341983&quot;:0,&quot;335551550&quot;:2,&quot;335551620&quot;:2,&quot;335559739&quot;:450,&quot;335559740&quot;:259}\">&nbsp;<\/span><\/p><p><span data-contrast=\"none\">Magister pedagogiki, absolwentka Uniwersytetu \u0141\u00f3dzkiego oraz Wy\u017cszej Szko\u0142y<\/span> <span data-contrast=\"none\">Przedsi\u0119biorczo\u015bci i Zarz\u0105dzania im. Leona Ko\u017ami\u0144skiego, gdzie uko\u0144czy\u0142a<\/span> <span data-contrast=\"none\">Podyplomowe Studia Mened\u017cerskie-program MBA. Odby\u0142a 3-letnie szkolenie w<\/span> <span data-contrast=\"none\">zakresie oddzia\u0142ywa\u0144 poznawczo-behawioralnych w Oxford Cognitive Therapy<\/span> <span data-contrast=\"none\">Centre, posiada certyfikaty w zakresie Neuro-Lingwistycznego Programowania w<\/span> <span data-contrast=\"none\">biznesie - Master Practitioner.<\/span>&nbsp;<br><span data-contrast=\"none\">Jest certyfikowanym konsultantem w zakresie metodologii Insights Discovery oraz w<\/span> <span data-contrast=\"none\">zakresie metodologii Facets. Partner<\/span><span data-contrast=\"none\">&nbsp;Competence Game pierwszych na rynku wirtualnych assessment\u00f3w on-line<\/span> <span data-contrast=\"none\">w formie gier strategicznych.<\/span>&nbsp;<br><span data-contrast=\"none\">Jest certyfikowanym coachem ACC ICF<\/span><span data-ccp-props=\"{&quot;134233118&quot;:false,&quot;201341983&quot;:0,&quot;335551550&quot;:2,&quot;335551620&quot;:2,&quot;335559739&quot;:450,&quot;335559740&quot;:259}\">&nbsp;<\/span><\/p><p><span data-contrast=\"none\">&nbsp;<\/span><\/p><p><strong>Ma\u0142gorzata \u015bwiadczy us\u0142ugi doradcze, indywidualne i dla firm, z wykorzystaniem gier kompetencyjnych.<\/strong><\/p><\/div><\/div><\/div><\/div><\/div><\/div><\/div><\/div>","protected":false},"excerpt":{"rendered":"<p>Ma\u0142gorzata Kwiecie\u0144Trener konsultant, coach z wieloletnim do\u015bwiadczeniem w pracy dla biznesu.Kontakt:&nbsp;+48 601 343 735&nbsp;malgorzatakwiecien@wp.pl&nbsp;O mnie:Specjalizuje si\u0119 w prowadzeniu warsztat\u00f3w z zakresu: zarz\u0105dzania, komunikacji w organizacji, obs\u0142udze klienta i rozwoju osobistym. Prowadzi projekty AC\/DC dla biznesu.&nbsp;Magister pedagogiki, absolwentka Uniwersytetu \u0141\u00f3dzkiego oraz Wy\u017cszej Szko\u0142y Przedsi\u0119biorczo\u015bci i Zarz\u0105dzania im. Leona Ko\u017ami\u0144skiego, gdzie uko\u0144czy\u0142a Podyplomowe Studia Mened\u017cerskie-program MBA. Odby\u0142a [&hellip;]<\/p>\n","protected":false},"author":5,"featured_media":0,"parent":0,"menu_order":0,"comment_status":"closed","ping_status":"closed","template":"","meta":{"footnotes":""},"class_list":["post-1183","page","type-page","status-publish","hentry"],"_links":{"self":[{"href":"https:\/\/competencegame.com\/en\/wp-json\/wp\/v2\/pages\/1183","targetHints":{"allow":["GET"]}}],"collection":[{"href":"https:\/\/competencegame.com\/en\/wp-json\/wp\/v2\/pages"}],"about":[{"href":"https:\/\/competencegame.com\/en\/wp-json\/wp\/v2\/types\/page"}],"author":[{"embeddable":true,"href":"https:\/\/competencegame.com\/en\/wp-json\/wp\/v2\/users\/5"}],"replies":[{"embeddable":true,"href":"https:\/\/competencegame.com\/en\/wp-json\/wp\/v2\/comments?post=1183"}],"version-history":[{"count":7,"href":"https:\/\/competencegame.com\/en\/wp-json\/wp\/v2\/pages\/1183\/revisions"}],"predecessor-version":[{"id":1439,"href":"https:\/\/competencegame.com\/en\/wp-json\/wp\/v2\/pages\/1183\/revisions\/1439"}],"wp:attachment":[{"href":"https:\/\/competencegame.com\/en\/wp-json\/wp\/v2\/media?parent=1183"}],"curies":[{"name":"wp","href":"https:\/\/api.w.org\/{rel}","templated":true}]}}