{"id":1191,"date":"2024-01-24T15:49:18","date_gmt":"2024-01-24T15:49:18","guid":{"rendered":"https:\/\/competencegame.com\/?page_id=1191"},"modified":"2024-06-21T10:48:58","modified_gmt":"2024-06-21T10:48:58","slug":"partnerzy-kasiavanklinken","status":"publish","type":"page","link":"https:\/\/competencegame.com\/en\/partnerzy-kasiavanklinken\/","title":{"rendered":"Certyfikowani Partnerzy &#8211; Kasia van Klinken"},"content":{"rendered":"<div class=\"vce-row-container\"><div class=\"vce-row vce-element--xl--has-background vce-element--lg--has-background vce-element--md--has-background vce-element--sm--has-background vce-element--xs--has-background vce-row--col-gap-30 vce-row-wrap--reverse vce-row-equal-height vce-row-content--middle\" data-vce-full-width=\"true\" id=\"el-16a094fd\" data-vce-do-apply=\"all el-16a094fd\"><div class=\"vce-content-background-container\"><div class=\"vce-asset-color-gradient-container vce-visible-xl-only\" data-vce-do-apply=\"gradient el-16a094fd\"><\/div><div class=\"vce-asset-color-gradient-container vce-visible-lg-only\" data-vce-do-apply=\"gradient el-16a094fd\"><\/div><div class=\"vce-asset-color-gradient-container vce-visible-md-only\" data-vce-do-apply=\"gradient el-16a094fd\"><\/div><div class=\"vce-asset-color-gradient-container vce-visible-sm-only\" data-vce-do-apply=\"gradient el-16a094fd\"><\/div><div class=\"vce-asset-color-gradient-container vce-visible-xs-only\" data-vce-do-apply=\"gradient el-16a094fd\"><\/div><\/div><div class=\"vce-dividers-wrapper\"><div class=\"vce-container-divider vce-divider-position--bottom vce-container-divider-new vce-visible-all-only\" data-vce-do-apply=\"divider el-16a094fd\"><div class=\"vce-container-divider-inner\"><svg class=\"vce-divider-svg\" viewbox=\"0 0 500 97\" width=\"130%\" preserveaspectratio=\"none\"><g fill=\"rgb(255, 255, 255)\"><path d=\"M370.005859,7 C421.782298,7 471.582031,23.9140625 500,54.4804687 L500,97 L0,97 L0,86.7851562 C135.587891,97.4101563 223.564453,7.000000000000028 370.005859,7 Z\" opacity=\"0.5\"><\/path><path d=\"M370.005859,15 C421.782298,15 471.582031,27.9140625 500,58.4804687 L500,97 L0,97 L0,90.7851562 C135.587891,101.4101562 223.564453,15 370.005859,15 Z\" opacity=\"0.5\"><\/path><path d=\"M370.005859,22 C421.782298,22 471.582031,31.9140625 500,62.4804687 L500,97 L0,97 L0,94.7851562 C135.587891,105.4101562 223.564453,22 370.005859,22 Z\"><\/path><\/g><\/svg><\/div><\/div><\/div><div class=\"vce-row-content\" data-vce-element-content=\"true\"><div class=\"vce-col vce-col--md-50p vce-col--xs-1 vce-col--xs-last vce-col--xs-first vce-col--sm-last vce-col--sm-first vce-col--md-last vce-col--lg-last vce-col--xl-last vce-col--md-first vce-col--lg-first vce-col--xl-first\" id=\"el-459bacd2\"><div class=\"vce-col-inner\" data-vce-do-apply=\"border margin background  el-459bacd2\"><div class=\"vce-col-content\" data-vce-element-content=\"true\" data-vce-do-apply=\"padding el-459bacd2\"><div class=\"vcv-row-control-wrapper\"><\/div><\/div><\/div><\/div><\/div><\/div><\/div><div class=\"vce-row-container\" data-vce-boxed-width=\"true\"><div class=\"vce-row vce-row--col-gap-30 vce-row-equal-height vce-row-content--top\" id=\"el-b58f0ec1\" data-vce-do-apply=\"all el-b58f0ec1\"><div class=\"vce-row-content\" data-vce-element-content=\"true\"><div class=\"vce-col vce-col--md-auto vce-col--xs-1 vce-col--xs-last vce-col--xs-first vce-col--sm-last vce-col--sm-first vce-col--md-first vce-col--lg-first vce-col--xl-first\" id=\"el-8ef2ab3c\"><div class=\"vce-col-inner\" data-vce-do-apply=\"border margin background  el-8ef2ab3c\"><div class=\"vce-col-content\" data-vce-element-content=\"true\" data-vce-do-apply=\"padding el-8ef2ab3c\"><div class=\"vce-text-block\"><div class=\"vce-text-block-wrapper vce\" id=\"el-54b43211\" data-vce-do-apply=\"all el-54b43211\"><h2 style=\"line-height: inherit;\"><strong><span style=\"font-family: 'PT Sans';\">Kasia van Klinken<\/span><\/strong><\/h2><\/div><\/div><div class=\"vce-text-block\"><div class=\"vce-text-block-wrapper vce\" id=\"el-082dea66\" data-vce-do-apply=\"all el-082dea66\"><p><span class=\"TextRun SCXW125057034 BCX8\" lang=\"PL-PL\" xml:lang=\"PL-PL\" data-contrast=\"none\"><span class=\"NormalTextRun SpellingErrorV2Themed SCXW125057034 BCX8\" data-ccp-parastyle=\"heading 2\">Executive<\/span> <span class=\"NormalTextRun SpellingErrorV2Themed SCXW125057034 BCX8\" data-ccp-parastyle=\"heading 2\">coach<\/span><span class=\"NormalTextRun SCXW125057034 BCX8\" data-ccp-parastyle=\"heading 2\">, Certyfikowany <\/span><span class=\"NormalTextRun SpellingErrorV2Themed SCXW125057034 BCX8\" data-ccp-parastyle=\"heading 2\">Coach<\/span><span class=\"NormalTextRun SCXW125057034 BCX8\" data-ccp-parastyle=\"heading 2\"> talent\u00f3w i mocnych stron.<\/span><\/span> <span class=\"TextRun SCXW125057034 BCX8\" lang=\"PL-PL\" xml:lang=\"PL-PL\" data-contrast=\"none\"><span class=\"NormalTextRun SCXW125057034 BCX8\" data-ccp-parastyle=\"heading 2\">W\u0142a\u015bcicielka <\/span><span class=\"NormalTextRun SpellingErrorV2Themed SCXW125057034 BCX8\" data-ccp-parastyle=\"heading 2\">Incharge<\/span><span class=\"NormalTextRun SCXW125057034 BCX8\" data-ccp-parastyle=\"heading 2\"> Coaching.<\/span><\/span><\/p><p aria-level=\"2\"><strong>Kontakt:&nbsp;<\/strong><\/p><p><a href=\"callto:+31 612 212 099\"><span data-contrast=\"none\">+31 612 212 099<\/span><span data-ccp-props=\"{&quot;134233118&quot;:false,&quot;201341983&quot;:0,&quot;335551550&quot;:2,&quot;335551620&quot;:2,&quot;335559739&quot;:450,&quot;335559740&quot;:259}\">&nbsp;<\/span><\/a><\/p><p><a href=\"mailto:contact@inchargecoaching.nl\"><span data-ccp-props=\"{&quot;134233118&quot;:false,&quot;201341983&quot;:0,&quot;335551550&quot;:2,&quot;335551620&quot;:2,&quot;335559739&quot;:450,&quot;335559740&quot;:259}\">contact@inchargecoaching.nl<\/span><\/a><\/p><p><a href=\"http:\/\/www.inchargecoaching.nl\"><span class=\"TextRun Underlined SCXW6958824 BCX8\" lang=\"PL-PL\" title=\"Niestety, Word nie mo\u017ce otworzy\u0107 tego linku w przegl\u0105darce. Aby przej\u015b\u0107 do tego linku, otw\u00f3rz ten dokument w wersji klasycznej programu Microsoft Word.\" xml:lang=\"PL-PL\" data-contrast=\"none\"><span class=\"NormalTextRun SCXW6958824 BCX8\" data-ccp-charstyle=\"Hyperlink\">www.inchargecoaching.nl<\/span><\/span><\/a><\/p><\/div><\/div><\/div><\/div><\/div><div class=\"vce-col vce-col--md-auto vce-col--xs-1 vce-col--xs-last vce-col--xs-first vce-col--sm-last vce-col--sm-first vce-col--md-last vce-col--lg-last vce-col--xl-last\" id=\"el-3b10779a\"><div class=\"vce-col-inner\" data-vce-do-apply=\"border margin background  el-3b10779a\"><div class=\"vce-col-content\" data-vce-element-content=\"true\" data-vce-do-apply=\"padding el-3b10779a\"><div class=\"vce-single-image-container vce-single-image--align-center\"><div class=\"vce vce-single-image-wrapper\" id=\"el-82eaeb83\" data-vce-do-apply=\"all el-82eaeb83\"><figure><div class=\"vce-single-image-figure-inner\" style=\"width: 200px;\"><div class=\"vce-single-image-inner vce-single-image--absolute vce-single-image--border-round\" style=\"width: 100%; padding-bottom: 100%;\"><img loading=\"lazy\" decoding=\"async\" class=\"vce-single-image\"  width=\"200\" height=\"200\" srcset=\"https:\/\/competencegame.com\/wp-content\/uploads\/2024\/06\/KASIA-VAN-KLINKEN-200x200-1-200x200.jpeg 200w\" src=\"https:\/\/competencegame.com\/wp-content\/uploads\/2024\/06\/KASIA-VAN-KLINKEN-200x200-1-200x200.jpeg\" data-img-src=\"https:\/\/competencegame.com\/wp-content\/uploads\/2022\/08\/KASIA-VAN-KLINKEN-200x200-1.jpeg\" data-attachment-id=\"371\"  alt=\"Kasia van Klinken\" title=\"KASIA-VAN-KLINKEN-200x200\" \/><\/div><\/div><figcaption hidden=\"\"><\/figcaption><\/figure><\/div><\/div><\/div><\/div><\/div><\/div><\/div><\/div><div class=\"vce-row-container\" data-vce-boxed-width=\"true\"><div class=\"vce-row vce-row--col-gap-30 vce-row-equal-height vce-row-content--top\" id=\"el-61ca43a5\" data-vce-do-apply=\"all el-61ca43a5\"><div class=\"vce-content-background-container\"><\/div><div class=\"vce-row-content\" data-vce-element-content=\"true\"><div class=\"vce-col vce-col--md-89p vce-col--xs-1 vce-col--xs-last vce-col--xs-first vce-col--sm-last vce-col--sm-first vce-col--md-last vce-col--lg-last vce-col--xl-last vce-col--md-first vce-col--lg-first vce-col--xl-first\" id=\"el-6906f2a5\"><div class=\"vce-col-inner\" data-vce-do-apply=\"border margin background  el-6906f2a5\"><div class=\"vce-col-content\" data-vce-element-content=\"true\" data-vce-do-apply=\"padding el-6906f2a5\"><div class=\"vce-text-block\"><div class=\"vce-text-block-wrapper vce\" id=\"el-17f4bbf8\" data-vce-do-apply=\"all el-17f4bbf8\"><p><span data-contrast=\"none\"><strong>O mnie:<br><\/strong><span class=\"TextRun SCXW71585586 BCX8\" lang=\"PL-PL\" xml:lang=\"PL-PL\" data-contrast=\"none\"><span class=\"NormalTextRun SCXW71585586 BCX8\">Jestem <\/span><span class=\"NormalTextRun SpellingErrorV2Themed SCXW71585586 BCX8\">dyplomowanym-coachem-dla<\/span><span class=\"NormalTextRun SCXW71585586 BCX8\"> kadry kierowniczej. Wspieram i<\/span><\/span> <span class=\"TextRun SCXW71585586 BCX8\" lang=\"PL-PL\" xml:lang=\"PL-PL\" data-contrast=\"none\"><span class=\"NormalTextRun SCXW71585586 BCX8\">rozwijam <\/span><span class=\"NormalTextRun ContextualSpellingAndGrammarErrorV2Themed SCXW71585586 BCX8\">kompetencje,<\/span><span class=\"NormalTextRun SCXW71585586 BCX8\"> i talenty mened\u017cer\u00f3w oraz dyrektor\u00f3w. Zajmuj\u0119 si\u0119<\/span><\/span> <span class=\"TextRun SCXW71585586 BCX8\" lang=\"PL-PL\" xml:lang=\"PL-PL\" data-contrast=\"none\"><span class=\"NormalTextRun SCXW71585586 BCX8\">r\u00f3wnie\u017c coachingiem indywidualnym. Jestem absolwentk\u0105 presti\u017cowej<\/span><\/span> <span class=\"TextRun SCXW71585586 BCX8\" lang=\"PL-PL\" xml:lang=\"PL-PL\" data-contrast=\"none\"><span class=\"NormalTextRun SCXW71585586 BCX8\">szko\u0142y dla <\/span><span class=\"NormalTextRun SpellingErrorV2Themed SCXW71585586 BCX8\">coach\u00f3w<\/span> <span class=\"NormalTextRun SpellingErrorV2Themed SCXW71585586 BCX8\">Academie<\/span> <span class=\"NormalTextRun SpellingErrorV2Themed SCXW71585586 BCX8\">voor<\/span> <span class=\"NormalTextRun SpellingErrorV2Themed SCXW71585586 BCX8\">Psychodynamica<\/span><span class=\"NormalTextRun SCXW71585586 BCX8\"> w Holandii i studi\u00f3w<\/span><\/span> <span class=\"TextRun SCXW71585586 BCX8\" lang=\"PL-PL\" xml:lang=\"PL-PL\" data-contrast=\"none\"><span class=\"NormalTextRun SCXW71585586 BCX8\">pedagogicznych we Wroc\u0142awiu.<\/span><\/span><span class=\"LineBreakBlob BlobObject DragDrop SCXW71585586 BCX8\"><span class=\"SCXW71585586 BCX8\">&nbsp;<\/span><br class=\"SCXW71585586 BCX8\"><\/span><span class=\"TextRun SCXW71585586 BCX8\" lang=\"PL-PL\" xml:lang=\"PL-PL\" data-contrast=\"none\"><span class=\"NormalTextRun SCXW71585586 BCX8\">Coaching to moja pasja i prawdziwe powo\u0142anie. Kocham ludzi, dlatego chc\u0119<\/span><\/span> <span class=\"TextRun SCXW71585586 BCX8\" lang=\"PL-PL\" xml:lang=\"PL-PL\" data-contrast=\"none\"><span class=\"NormalTextRun SCXW71585586 BCX8\">odkrywa\u0107 w nich wszystko to, co najlepsze. Staram si\u0119 codziennie zara\u017ca\u0107<\/span><\/span> <span class=\"TextRun SCXW71585586 BCX8\" lang=\"PL-PL\" xml:lang=\"PL-PL\" data-contrast=\"none\"><span class=\"NormalTextRun SCXW71585586 BCX8\">innych pozytywn\u0105 energi\u0105 oraz inspirowa\u0107 do dzia\u0142ania i prze\u0142amywania<\/span><\/span> <span class=\"TextRun SCXW71585586 BCX8\" lang=\"PL-PL\" xml:lang=\"PL-PL\" data-contrast=\"none\"><span class=\"NormalTextRun SCXW71585586 BCX8\">barier. Ci, kt\u00f3rych spotykam na swojej drodze m\u00f3wi\u0105, \u017ce roztaczam wok\u00f3\u0142<\/span><\/span> <span class=\"TextRun SCXW71585586 BCX8\" lang=\"PL-PL\" xml:lang=\"PL-PL\" data-contrast=\"none\"><span class=\"NormalTextRun SCXW71585586 BCX8\">siebie aur\u0119 optymistycznej, empatycznej i charyzmatycznej osoby.<\/span><\/span><span class=\"LineBreakBlob BlobObject DragDrop SCXW71585586 BCX8\"><span class=\"SCXW71585586 BCX8\">&nbsp;<\/span><br class=\"SCXW71585586 BCX8\"><\/span><span class=\"TextRun SCXW71585586 BCX8\" lang=\"PL-PL\" xml:lang=\"PL-PL\" data-contrast=\"none\"><span class=\"NormalTextRun SCXW71585586 BCX8\">Najwi\u0119ksz\u0105 motywacj\u0119 do pracy daje mi poczucie, \u017ce pomagam innym w<\/span><\/span> <span class=\"TextRun SCXW71585586 BCX8\" lang=\"PL-PL\" xml:lang=\"PL-PL\" data-contrast=\"none\"><span class=\"NormalTextRun SCXW71585586 BCX8\">zmienianiu ich \u015bwiata na lepsze. Dlaczego? Szczerze wierz\u0119, \u017ce ka\u017cdy z nas<\/span><\/span> <span class=\"TextRun SCXW71585586 BCX8\" lang=\"PL-PL\" xml:lang=\"PL-PL\" data-contrast=\"none\"><span class=\"NormalTextRun SCXW71585586 BCX8\">ma nieograniczony potencja\u0142, by osi\u0105ga\u0107 sukcesy i realizowa\u0107 za\u0142o\u017cone<\/span><\/span> <span class=\"TextRun SCXW71585586 BCX8\" lang=\"PL-PL\" xml:lang=\"PL-PL\" data-contrast=\"none\"><span class=\"NormalTextRun SCXW71585586 BCX8\">cele. Potrafi\u0119 s\u0142ucha\u0107, zadawa\u0107 w\u0142a\u015bciwe pytania, a tak\u017ce mobilizowa\u0107 do<\/span><\/span> <span class=\"TextRun SCXW71585586 BCX8\" lang=\"PL-PL\" xml:lang=\"PL-PL\" data-contrast=\"none\"><span class=\"NormalTextRun SCXW71585586 BCX8\">rozwoju.<\/span><\/span><span class=\"EOP SCXW71585586 BCX8\" data-ccp-props=\"{&quot;134233118&quot;:false,&quot;201341983&quot;:0,&quot;335551550&quot;:2,&quot;335551620&quot;:2,&quot;335559739&quot;:450,&quot;335559740&quot;:259}\">&nbsp;<\/span><br><\/span><\/p><p><strong>Kasia \u015bwiadczy us\u0142ugi doradcze, indywidualne i dla firm, z wykorzystaniem gier kompetencyjnych.<\/strong><\/p><\/div><\/div><\/div><\/div><\/div><\/div><\/div><\/div>","protected":false},"excerpt":{"rendered":"<p>Kasia van KlinkenExecutive coach, Certyfikowany Coach talent\u00f3w i mocnych stron. W\u0142a\u015bcicielka Incharge Coaching.Kontakt:&nbsp;+31 612 212 099&nbsp;contact@inchargecoaching.nlwww.inchargecoaching.nlO mnie:Jestem dyplomowanym-coachem-dla kadry kierowniczej. Wspieram i rozwijam kompetencje, i talenty mened\u017cer\u00f3w oraz dyrektor\u00f3w. Zajmuj\u0119 si\u0119 r\u00f3wnie\u017c coachingiem indywidualnym. Jestem absolwentk\u0105 presti\u017cowej szko\u0142y dla coach\u00f3w Academie voor Psychodynamica w Holandii i studi\u00f3w pedagogicznych we Wroc\u0142awiu.&nbsp;Coaching to moja pasja i prawdziwe [&hellip;]<\/p>\n","protected":false},"author":5,"featured_media":0,"parent":0,"menu_order":0,"comment_status":"closed","ping_status":"closed","template":"","meta":{"footnotes":""},"class_list":["post-1191","page","type-page","status-publish","hentry"],"_links":{"self":[{"href":"https:\/\/competencegame.com\/en\/wp-json\/wp\/v2\/pages\/1191","targetHints":{"allow":["GET"]}}],"collection":[{"href":"https:\/\/competencegame.com\/en\/wp-json\/wp\/v2\/pages"}],"about":[{"href":"https:\/\/competencegame.com\/en\/wp-json\/wp\/v2\/types\/page"}],"author":[{"embeddable":true,"href":"https:\/\/competencegame.com\/en\/wp-json\/wp\/v2\/users\/5"}],"replies":[{"embeddable":true,"href":"https:\/\/competencegame.com\/en\/wp-json\/wp\/v2\/comments?post=1191"}],"version-history":[{"count":8,"href":"https:\/\/competencegame.com\/en\/wp-json\/wp\/v2\/pages\/1191\/revisions"}],"predecessor-version":[{"id":1436,"href":"https:\/\/competencegame.com\/en\/wp-json\/wp\/v2\/pages\/1191\/revisions\/1436"}],"wp:attachment":[{"href":"https:\/\/competencegame.com\/en\/wp-json\/wp\/v2\/media?parent=1191"}],"curies":[{"name":"wp","href":"https:\/\/api.w.org\/{rel}","templated":true}]}}