{"id":1200,"date":"2024-01-24T15:56:23","date_gmt":"2024-01-24T15:56:23","guid":{"rendered":"https:\/\/competencegame.com\/?page_id=1200"},"modified":"2024-06-21T10:44:42","modified_gmt":"2024-06-21T10:44:42","slug":"partnerzy-annabartoszewska","status":"publish","type":"page","link":"https:\/\/competencegame.com\/en\/partnerzy-annabartoszewska\/","title":{"rendered":"Certyfikowani Partnerzy &#8211; Anna Bartoszewska"},"content":{"rendered":"<div class=\"vce-row-container\"><div class=\"vce-row vce-element--xl--has-background vce-element--lg--has-background vce-element--md--has-background vce-element--sm--has-background vce-element--xs--has-background vce-row--col-gap-30 vce-row-wrap--reverse vce-row-equal-height vce-row-content--middle\" data-vce-full-width=\"true\" id=\"el-4a618253\" data-vce-do-apply=\"all el-4a618253\"><div class=\"vce-content-background-container\"><div class=\"vce-asset-color-gradient-container vce-visible-xl-only\" data-vce-do-apply=\"gradient el-4a618253\"><\/div><div class=\"vce-asset-color-gradient-container vce-visible-lg-only\" data-vce-do-apply=\"gradient el-4a618253\"><\/div><div class=\"vce-asset-color-gradient-container vce-visible-md-only\" data-vce-do-apply=\"gradient el-4a618253\"><\/div><div class=\"vce-asset-color-gradient-container vce-visible-sm-only\" data-vce-do-apply=\"gradient el-4a618253\"><\/div><div class=\"vce-asset-color-gradient-container vce-visible-xs-only\" data-vce-do-apply=\"gradient el-4a618253\"><\/div><\/div><div class=\"vce-dividers-wrapper\"><div class=\"vce-container-divider vce-divider-position--bottom vce-container-divider-new vce-visible-all-only\" data-vce-do-apply=\"divider el-4a618253\"><div class=\"vce-container-divider-inner\"><svg class=\"vce-divider-svg\" viewbox=\"0 0 500 97\" width=\"130%\" preserveaspectratio=\"none\"><g fill=\"rgb(255, 255, 255)\"><path d=\"M370.005859,7 C421.782298,7 471.582031,23.9140625 500,54.4804687 L500,97 L0,97 L0,86.7851562 C135.587891,97.4101563 223.564453,7.000000000000028 370.005859,7 Z\" opacity=\"0.5\"><\/path><path d=\"M370.005859,15 C421.782298,15 471.582031,27.9140625 500,58.4804687 L500,97 L0,97 L0,90.7851562 C135.587891,101.4101562 223.564453,15 370.005859,15 Z\" opacity=\"0.5\"><\/path><path d=\"M370.005859,22 C421.782298,22 471.582031,31.9140625 500,62.4804687 L500,97 L0,97 L0,94.7851562 C135.587891,105.4101562 223.564453,22 370.005859,22 Z\"><\/path><\/g><\/svg><\/div><\/div><\/div><div class=\"vce-row-content\" data-vce-element-content=\"true\"><div class=\"vce-col vce-col--md-50p vce-col--xs-1 vce-col--xs-last vce-col--xs-first vce-col--sm-last vce-col--sm-first vce-col--md-last vce-col--lg-last vce-col--xl-last vce-col--md-first vce-col--lg-first vce-col--xl-first\" id=\"el-de3da4ea\"><div class=\"vce-col-inner\" data-vce-do-apply=\"border margin background  el-de3da4ea\"><div class=\"vce-col-content\" data-vce-element-content=\"true\" data-vce-do-apply=\"padding el-de3da4ea\"><div class=\"vcv-row-control-wrapper\"><\/div><\/div><\/div><\/div><\/div><\/div><\/div><div class=\"vce-row-container\" data-vce-boxed-width=\"true\"><div class=\"vce-row vce-row--col-gap-30 vce-row-equal-height vce-row-content--top\" id=\"el-e1844e5a\" data-vce-do-apply=\"all el-e1844e5a\"><div class=\"vce-row-content\" data-vce-element-content=\"true\"><div class=\"vce-col vce-col--md-auto vce-col--xs-1 vce-col--xs-last vce-col--xs-first vce-col--sm-last vce-col--sm-first vce-col--md-first vce-col--lg-first vce-col--xl-first\" id=\"el-b3d397fd\"><div class=\"vce-col-inner\" data-vce-do-apply=\"border margin background  el-b3d397fd\"><div class=\"vce-col-content\" data-vce-element-content=\"true\" data-vce-do-apply=\"padding el-b3d397fd\"><div class=\"vce-text-block\"><div class=\"vce-text-block-wrapper vce\" id=\"el-0956ecbe\" data-vce-do-apply=\"all el-0956ecbe\"><h2 style=\"line-height: inherit;\"><strong><span style=\"font-family: 'PT Sans';\">Anna Bartoszewska<\/span><\/strong><\/h2><\/div><\/div><div class=\"vce-text-block\"><div class=\"vce-text-block-wrapper vce\" id=\"el-f1b3d528\" data-vce-do-apply=\"all el-f1b3d528\"><p><span class=\"TextRun SCXW135748275 BCX8\" lang=\"PL-PL\" xml:lang=\"PL-PL\" data-contrast=\"none\"><span class=\"NormalTextRun SCXW135748275 BCX8\" data-ccp-parastyle=\"heading 2\">Ekspert rozwoju talent\u00f3w, doradca zawodowy, trenerka i <\/span><span class=\"NormalTextRun SpellingErrorV2Themed SCXW135748275 BCX8\" data-ccp-parastyle=\"heading 2\">coach.<\/span><\/span><\/p><p aria-level=\"2\"><strong>Kontakt:&nbsp;<\/strong><\/p><p><a href=\"callto:+48 793 709 059\"><span data-contrast=\"none\">+48 793 709 059<\/span><span data-ccp-props=\"{&quot;134233118&quot;:false,&quot;201341983&quot;:0,&quot;335551550&quot;:2,&quot;335551620&quot;:2,&quot;335559739&quot;:450,&quot;335559740&quot;:259}\">&nbsp;<\/span><\/a><\/p><p><a href=\"mailto:annabartoszewska@progressus.com.pl\"><span data-contrast=\"none\">annabartoszewska@progressus.com.pl<\/span><\/a><\/p><\/div><\/div><\/div><\/div><\/div><div class=\"vce-col vce-col--md-auto vce-col--xs-1 vce-col--xs-last vce-col--xs-first vce-col--sm-last vce-col--sm-first vce-col--md-last vce-col--lg-last vce-col--xl-last\" id=\"el-5aa0a763\"><div class=\"vce-col-inner\" data-vce-do-apply=\"border margin background  el-5aa0a763\"><div class=\"vce-col-content\" data-vce-element-content=\"true\" data-vce-do-apply=\"padding el-5aa0a763\"><div class=\"vce-single-image-container vce-single-image--align-center\"><div class=\"vce vce-single-image-wrapper\" id=\"el-87268169\" data-vce-do-apply=\"all el-87268169\"><figure><div class=\"vce-single-image-figure-inner\" style=\"width: 200px;\"><div class=\"vce-single-image-inner vce-single-image--absolute vce-single-image--border-round\" style=\"width: 100%; padding-bottom: 100%;\"><img loading=\"lazy\" decoding=\"async\" class=\"vce-single-image\"  width=\"200\" height=\"200\" srcset=\"https:\/\/competencegame.com\/wp-content\/uploads\/2024\/06\/A.Bartoszewska-3-200x200-1-200x200.jpg 200w\" src=\"https:\/\/competencegame.com\/wp-content\/uploads\/2024\/06\/A.Bartoszewska-3-200x200-1-200x200.jpg\" data-img-src=\"https:\/\/competencegame.com\/wp-content\/uploads\/2022\/08\/A.Bartoszewska-3-200x200-1.jpg\" data-attachment-id=\"372\"  alt=\"A Bartoszewska\" title=\"A.Bartoszewska-3-200x200\" \/><\/div><\/div><figcaption hidden=\"\"><\/figcaption><\/figure><\/div><\/div><\/div><\/div><\/div><\/div><\/div><\/div><div class=\"vce-row-container\" data-vce-boxed-width=\"true\"><div class=\"vce-row vce-row--col-gap-30 vce-row-equal-height vce-row-content--top\" id=\"el-b53cf252\" data-vce-do-apply=\"all el-b53cf252\"><div class=\"vce-content-background-container\"><\/div><div class=\"vce-row-content\" data-vce-element-content=\"true\"><div class=\"vce-col vce-col--md-89p vce-col--xs-1 vce-col--xs-last vce-col--xs-first vce-col--sm-last vce-col--sm-first vce-col--md-last vce-col--lg-last vce-col--xl-last vce-col--md-first vce-col--lg-first vce-col--xl-first\" id=\"el-3caed7fa\"><div class=\"vce-col-inner\" data-vce-do-apply=\"border margin background  el-3caed7fa\"><div class=\"vce-col-content\" data-vce-element-content=\"true\" data-vce-do-apply=\"padding el-3caed7fa\"><div class=\"vce-text-block\"><div class=\"vce-text-block-wrapper vce\" id=\"el-5f5cc529\" data-vce-do-apply=\"all el-5f5cc529\"><p><span data-contrast=\"none\"><strong>O mnie:<br><\/strong><span class=\"TextRun SCXW129789587 BCX8\" lang=\"PL-PL\" xml:lang=\"PL-PL\" data-contrast=\"none\"><span class=\"NormalTextRun SCXW129789587 BCX8\">Ekspert rozwoju talent\u00f3w, doradca zawodowy, trenerka i coach z ponad<\/span> <span class=\"NormalTextRun SpellingErrorV2Themed SCXW129789587 BCX8\">dziesiecioletnim<\/span><span class=\"NormalTextRun SCXW129789587 BCX8\"> doswiadczeniem w pracy zawodowej w firmach<\/span> <span class=\"NormalTextRun SCXW129789587 BCX8\">handlowych. Pomaga przedsi\u0119biorcom w budowaniu zmotywowanych i<\/span> <span class=\"NormalTextRun SCXW129789587 BCX8\">zaanga\u017cowanych zespo\u0142\u00f3w. Profesjonalista w dziedzinie rekrutacji, oceny<\/span> <span class=\"NormalTextRun SCXW129789587 BCX8\">rocznej i<\/span> <span class=\"NormalTextRun SCXW129789587 BCX8\">badaniu kompetencji pracownik\u00f3w. Wsp\u00f3\u0142autorka szkole\u0144 w firmie<\/span> <span class=\"NormalTextRun SpellingErrorV2Themed SCXW129789587 BCX8\">Progressus<\/span><span class=\"NormalTextRun SCXW129789587 BCX8\"> Lublin opartych na do\u015bwiadczeniach, prowadzi szkolenia i<\/span> <span class=\"NormalTextRun SCXW129789587 BCX8\">warsztaty stacjonarne, super wizj\u0119 sprzeda\u017cowe oraz coaching. Doradca<\/span> <span class=\"NormalTextRun SCXW129789587 BCX8\">zawodowy zaanga\u017cowany przy projektach <\/span><span class=\"NormalTextRun SpellingErrorV2Themed SCXW129789587 BCX8\">outplacement<\/span><span class=\"NormalTextRun SCXW129789587 BCX8\">, opracowuje<\/span> <span class=\"NormalTextRun SCXW129789587 BCX8\">indywidualne \u015bcie\u017cki rozwoju kariery zawodowej.<\/span><\/span><span class=\"EOP SCXW129789587 BCX8\" data-ccp-props=\"{&quot;134233118&quot;:false,&quot;201341983&quot;:0,&quot;335551550&quot;:2,&quot;335551620&quot;:2,&quot;335559739&quot;:450,&quot;335559740&quot;:259}\">&nbsp;<\/span><br><\/span><\/p><p><strong>Anna \u015bwiadczy us\u0142ugi doradcze, indywidualne i dla firm, z wykorzystaniem gier kompetencyjnych.<\/strong><\/p><\/div><\/div><\/div><\/div><\/div><\/div><\/div><\/div>","protected":false},"excerpt":{"rendered":"<p>Anna BartoszewskaEkspert rozwoju talent\u00f3w, doradca zawodowy, trenerka i coach.Kontakt:&nbsp;+48 793 709 059&nbsp;annabartoszewska@progressus.com.plO mnie:Ekspert rozwoju talent\u00f3w, doradca zawodowy, trenerka i coach z ponad dziesiecioletnim doswiadczeniem w pracy zawodowej w firmach handlowych. Pomaga przedsi\u0119biorcom w budowaniu zmotywowanych i zaanga\u017cowanych zespo\u0142\u00f3w. Profesjonalista w dziedzinie rekrutacji, oceny rocznej i badaniu kompetencji pracownik\u00f3w. Wsp\u00f3\u0142autorka szkole\u0144 w firmie Progressus Lublin opartych [&hellip;]<\/p>\n","protected":false},"author":5,"featured_media":0,"parent":0,"menu_order":0,"comment_status":"closed","ping_status":"closed","template":"","meta":{"footnotes":""},"class_list":["post-1200","page","type-page","status-publish","hentry"],"_links":{"self":[{"href":"https:\/\/competencegame.com\/en\/wp-json\/wp\/v2\/pages\/1200","targetHints":{"allow":["GET"]}}],"collection":[{"href":"https:\/\/competencegame.com\/en\/wp-json\/wp\/v2\/pages"}],"about":[{"href":"https:\/\/competencegame.com\/en\/wp-json\/wp\/v2\/types\/page"}],"author":[{"embeddable":true,"href":"https:\/\/competencegame.com\/en\/wp-json\/wp\/v2\/users\/5"}],"replies":[{"embeddable":true,"href":"https:\/\/competencegame.com\/en\/wp-json\/wp\/v2\/comments?post=1200"}],"version-history":[{"count":5,"href":"https:\/\/competencegame.com\/en\/wp-json\/wp\/v2\/pages\/1200\/revisions"}],"predecessor-version":[{"id":1428,"href":"https:\/\/competencegame.com\/en\/wp-json\/wp\/v2\/pages\/1200\/revisions\/1428"}],"wp:attachment":[{"href":"https:\/\/competencegame.com\/en\/wp-json\/wp\/v2\/media?parent=1200"}],"curies":[{"name":"wp","href":"https:\/\/api.w.org\/{rel}","templated":true}]}}