{"id":1207,"date":"2024-01-25T09:15:20","date_gmt":"2024-01-25T09:15:20","guid":{"rendered":"https:\/\/competencegame.com\/?page_id=1207"},"modified":"2024-06-21T10:53:48","modified_gmt":"2024-06-21T10:53:48","slug":"partnerzy-zofiabaranska","status":"publish","type":"page","link":"https:\/\/competencegame.com\/en\/partnerzy-zofiabaranska\/","title":{"rendered":"Certyfikowani Partnerzy &#8211; Zofia Bara\u0144ska"},"content":{"rendered":"<div class=\"vce-row-container\"><div class=\"vce-row vce-element--xl--has-background vce-element--lg--has-background vce-element--md--has-background vce-element--sm--has-background vce-element--xs--has-background vce-row--col-gap-30 vce-row-wrap--reverse vce-row-equal-height vce-row-content--middle\" data-vce-full-width=\"true\" id=\"el-9c3e99a6\" data-vce-do-apply=\"all el-9c3e99a6\"><div class=\"vce-content-background-container\"><div class=\"vce-asset-color-gradient-container vce-visible-xl-only\" data-vce-do-apply=\"gradient el-9c3e99a6\"><\/div><div class=\"vce-asset-color-gradient-container vce-visible-lg-only\" data-vce-do-apply=\"gradient el-9c3e99a6\"><\/div><div class=\"vce-asset-color-gradient-container vce-visible-md-only\" data-vce-do-apply=\"gradient el-9c3e99a6\"><\/div><div class=\"vce-asset-color-gradient-container vce-visible-sm-only\" data-vce-do-apply=\"gradient el-9c3e99a6\"><\/div><div class=\"vce-asset-color-gradient-container vce-visible-xs-only\" data-vce-do-apply=\"gradient el-9c3e99a6\"><\/div><\/div><div class=\"vce-dividers-wrapper\"><div class=\"vce-container-divider vce-divider-position--bottom vce-container-divider-new vce-visible-all-only\" data-vce-do-apply=\"divider el-9c3e99a6\"><div class=\"vce-container-divider-inner\"><svg class=\"vce-divider-svg\" viewbox=\"0 0 500 97\" width=\"130%\" preserveaspectratio=\"none\"><g fill=\"rgb(255, 255, 255)\"><path d=\"M370.005859,7 C421.782298,7 471.582031,23.9140625 500,54.4804687 L500,97 L0,97 L0,86.7851562 C135.587891,97.4101563 223.564453,7.000000000000028 370.005859,7 Z\" opacity=\"0.5\"><\/path><path d=\"M370.005859,15 C421.782298,15 471.582031,27.9140625 500,58.4804687 L500,97 L0,97 L0,90.7851562 C135.587891,101.4101562 223.564453,15 370.005859,15 Z\" opacity=\"0.5\"><\/path><path d=\"M370.005859,22 C421.782298,22 471.582031,31.9140625 500,62.4804687 L500,97 L0,97 L0,94.7851562 C135.587891,105.4101562 223.564453,22 370.005859,22 Z\"><\/path><\/g><\/svg><\/div><\/div><\/div><div class=\"vce-row-content\" data-vce-element-content=\"true\"><div class=\"vce-col vce-col--md-50p vce-col--xs-1 vce-col--xs-last vce-col--xs-first vce-col--sm-last vce-col--sm-first vce-col--md-last vce-col--lg-last vce-col--xl-last vce-col--md-first vce-col--lg-first vce-col--xl-first\" id=\"el-35585cf4\"><div class=\"vce-col-inner\" data-vce-do-apply=\"border margin background  el-35585cf4\"><div class=\"vce-col-content\" data-vce-element-content=\"true\" data-vce-do-apply=\"padding el-35585cf4\"><div class=\"vcv-row-control-wrapper\"><\/div><\/div><\/div><\/div><\/div><\/div><\/div><div class=\"vce-row-container\" data-vce-boxed-width=\"true\"><div class=\"vce-row vce-row--col-gap-30 vce-row-equal-height vce-row-content--top\" id=\"el-ae1c7780\" data-vce-do-apply=\"all el-ae1c7780\"><div class=\"vce-row-content\" data-vce-element-content=\"true\"><div class=\"vce-col vce-col--md-auto vce-col--xs-1 vce-col--xs-last vce-col--xs-first vce-col--sm-last vce-col--sm-first vce-col--md-first vce-col--lg-first vce-col--xl-first\" id=\"el-846c284c\"><div class=\"vce-col-inner\" data-vce-do-apply=\"border margin background  el-846c284c\"><div class=\"vce-col-content\" data-vce-element-content=\"true\" data-vce-do-apply=\"padding el-846c284c\"><div class=\"vce-text-block\"><div class=\"vce-text-block-wrapper vce\" id=\"el-0d7e95a2\" data-vce-do-apply=\"all el-0d7e95a2\"><h2 style=\"line-height: inherit;\"><strong><span style=\"font-family: 'PT Sans';\">Zofia Bara\u0144ska<\/span><\/strong><\/h2><\/div><\/div><div class=\"vce-text-block\"><div class=\"vce-text-block-wrapper vce\" id=\"el-f8684bd2\" data-vce-do-apply=\"all el-f8684bd2\"><p><span class=\"NormalTextRun SCXW165220008 BCX8\" data-ccp-parastyle=\"heading 2\">Przedsi\u0119biorca, <\/span><span class=\"NormalTextRun SpellingErrorV2Themed SCXW165220008 BCX8\" data-ccp-parastyle=\"heading 2\">coach<\/span><span class=\"NormalTextRun SCXW165220008 BCX8\" data-ccp-parastyle=\"heading 2\">, trener i <\/span><span class=\"NormalTextRun SpellingErrorV2Themed SCXW165220008 BCX8\" data-ccp-parastyle=\"heading 2\">facylitator<\/span><span class=\"NormalTextRun SCXW165220008 BCX8\" data-ccp-parastyle=\"heading 2\"> Open Space Technology<\/span><span class=\"NormalTextRun SCXW165220008 BCX8\" data-ccp-parastyle=\"heading 2\">.<\/span><\/p><p aria-level=\"2\"><strong>Kontakt:&nbsp;<\/strong><\/p><p><a href=\"callto:+48 509 717 141\"><span data-contrast=\"none\">+48 509 717 141<\/span><span data-ccp-props=\"{&quot;134233118&quot;:false,&quot;201341983&quot;:0,&quot;335551550&quot;:2,&quot;335551620&quot;:2,&quot;335559739&quot;:450,&quot;335559740&quot;:259}\">&nbsp;<\/span><\/a><\/p><p><a href=\"mailto:zofia@hello-blackbird.com\"><span data-contrast=\"none\">zofia@hello-blackbird.com<\/span><\/a><span data-ccp-props=\"{&quot;134233118&quot;:false,&quot;201341983&quot;:0,&quot;335551550&quot;:2,&quot;335551620&quot;:2,&quot;335559739&quot;:450,&quot;335559740&quot;:259}\">&nbsp;<\/span><\/p><p><a href=\"http:\/\/www.hello-blackbird.com\"><span data-contrast=\"none\">www.hello-blackbird.com<\/span><\/a><\/p><\/div><\/div><\/div><\/div><\/div><div class=\"vce-col vce-col--md-auto vce-col--xs-1 vce-col--xs-last vce-col--xs-first vce-col--sm-last vce-col--sm-first vce-col--md-last vce-col--lg-last vce-col--xl-last\" id=\"el-f1d210bc\"><div class=\"vce-col-inner\" data-vce-do-apply=\"border margin background  el-f1d210bc\"><div class=\"vce-col-content\" data-vce-element-content=\"true\" data-vce-do-apply=\"padding el-f1d210bc\"><div class=\"vce-single-image-container vce-single-image--align-center\"><div class=\"vce vce-single-image-wrapper\" id=\"el-be04d21b\" data-vce-do-apply=\"all el-be04d21b\"><figure><div class=\"vce-single-image-figure-inner\" style=\"width: 200px;\"><div class=\"vce-single-image-inner vce-single-image--absolute vce-single-image--border-round\" style=\"width: 100%; padding-bottom: 100%;\"><img loading=\"lazy\" decoding=\"async\" class=\"vce-single-image\"  width=\"200\" height=\"200\" srcset=\"https:\/\/competencegame.com\/wp-content\/uploads\/2024\/06\/Zofia-Baranska1-200x200-1-200x200.jpg 200w\" src=\"https:\/\/competencegame.com\/wp-content\/uploads\/2024\/06\/Zofia-Baranska1-200x200-1-200x200.jpg\" data-img-src=\"https:\/\/competencegame.com\/wp-content\/uploads\/2022\/08\/Zofia-Baranska1-200x200-1.jpg\" data-attachment-id=\"370\"  alt=\"Zofia Bara\u0144ska\" title=\"Zofia-Baranska1-200x200\" \/><\/div><\/div><figcaption hidden=\"\"><\/figcaption><\/figure><\/div><\/div><\/div><\/div><\/div><\/div><\/div><\/div><div class=\"vce-row-container\" data-vce-boxed-width=\"true\"><div class=\"vce-row vce-row--col-gap-30 vce-row-equal-height vce-row-content--top\" id=\"el-8bb40ee0\" data-vce-do-apply=\"all el-8bb40ee0\"><div class=\"vce-content-background-container\"><\/div><div class=\"vce-row-content\" data-vce-element-content=\"true\"><div class=\"vce-col vce-col--md-89p vce-col--xs-1 vce-col--xs-last vce-col--xs-first vce-col--sm-last vce-col--sm-first vce-col--md-last vce-col--lg-last vce-col--xl-last vce-col--md-first vce-col--lg-first vce-col--xl-first\" id=\"el-bfe5090f\"><div class=\"vce-col-inner\" data-vce-do-apply=\"border margin background  el-bfe5090f\"><div class=\"vce-col-content\" data-vce-element-content=\"true\" data-vce-do-apply=\"padding el-bfe5090f\"><div class=\"vce-text-block\"><div class=\"vce-text-block-wrapper vce\" id=\"el-5b0b8db0\" data-vce-do-apply=\"all el-5b0b8db0\"><p><span data-contrast=\"none\"><strong>O mnie:<br><\/strong><span class=\"TextRun SCXW53556576 BCX8\" lang=\"PL-PL\" xml:lang=\"PL-PL\" data-contrast=\"none\"><span class=\"NormalTextRun SCXW53556576 BCX8\">Dyrektor zarz\u0105dzaj\u0105cy w <\/span><span class=\"NormalTextRun SpellingErrorV2Themed SCXW53556576 BCX8\">Blackbird<\/span><span class=\"NormalTextRun SCXW53556576 BCX8\"> i specjalista w zakresie skutecznej<\/span><\/span> <span class=\"TextRun SCXW53556576 BCX8\" lang=\"PL-PL\" xml:lang=\"PL-PL\" data-contrast=\"none\"><span class=\"NormalTextRun SCXW53556576 BCX8\">komunikacji. Od 2007 roku projektuje i prowadzi szkolenia dla biznesu po<\/span><\/span> <span class=\"TextRun SCXW53556576 BCX8\" lang=\"PL-PL\" xml:lang=\"PL-PL\" data-contrast=\"none\"><span class=\"NormalTextRun SCXW53556576 BCX8\">polsku i po angielsku. W ci\u0105gu ostatnich 10 lat odwiedzi\u0142a ponad 30 r\u00f3\u017cnych<\/span><\/span><span class=\"LineBreakBlob BlobObject DragDrop SCXW53556576 BCX8\"><span class=\"SCXW53556576 BCX8\"> &nbsp;<\/span><\/span><span class=\"TextRun SCXW53556576 BCX8\" lang=\"PL-PL\" xml:lang=\"PL-PL\" data-contrast=\"none\"><span class=\"NormalTextRun SCXW53556576 BCX8\">kraj\u00f3w: od Ekwadoru po Gruzj\u0119, Kirgistan i Bangladesz. Mieszka\u0142a i<\/span><\/span> <span class=\"TextRun SCXW53556576 BCX8\" lang=\"PL-PL\" xml:lang=\"PL-PL\" data-contrast=\"none\"><span class=\"NormalTextRun SCXW53556576 BCX8\">pracowa\u0142a m.in. w Irlandii i Indiach. Uko\u0144czy\u0142a kulturoznawstwo na SWPS,<\/span><\/span> <span class=\"TextRun SCXW53556576 BCX8\" lang=\"PL-PL\" xml:lang=\"PL-PL\" data-contrast=\"none\"><span class=\"NormalTextRun SCXW53556576 BCX8\">kursy Art &amp; Science of Coaching organizowane przez Wszechnic\u0119 UJ i<\/span><\/span> <span class=\"TextRun SCXW53556576 BCX8\" lang=\"PL-PL\" xml:lang=\"PL-PL\" data-contrast=\"none\"><span class=\"NormalTextRun SpellingErrorV2Themed SCXW53556576 BCX8\">Erickson<\/span><span class=\"NormalTextRun SCXW53556576 BCX8\"> College oraz liczne kursy trenerskie i managerskie. Cz\u0142onek KIT<\/span><\/span> <span class=\"TextRun SCXW53556576 BCX8\" lang=\"PL-PL\" xml:lang=\"PL-PL\" data-contrast=\"none\"><span class=\"NormalTextRun SpellingErrorV2Themed SCXW53556576 BCX8\">Intercultural<\/span> <span class=\"NormalTextRun SpellingErrorV2Themed SCXW53556576 BCX8\">Professionals<\/span><span class=\"NormalTextRun SCXW53556576 BCX8\"> Network. M\u00f3wca na konferencjach dla IT<\/span><\/span> <span class=\"TextRun SCXW53556576 BCX8\" lang=\"PL-PL\" xml:lang=\"PL-PL\" data-contrast=\"none\"><span class=\"NormalTextRun SCXW53556576 BCX8\">Infomeet<\/span><span class=\"NormalTextRun SCXW53556576 BCX8\">. Prywatnie mama Helki, kocha g\u00f3ry i Gdyni\u0119 oraz zimowe <\/span><\/span><span class=\"TextRun SCXW53556576 BCX8\" lang=\"PL-PL\" xml:lang=\"PL-PL\" data-contrast=\"none\"><span class=\"NormalTextRun SCXW53556576 BCX8\">morsowania w Ba\u0142tyku.<\/span><\/span><\/span><\/p>\n<div class=\"vce-row-container\" data-vce-boxed-width=\"true\">\n<div id=\"el-83a11804\" class=\"vce-row vce-row--col-gap-30 vce-row-equal-height vce-row-content--top\" data-vce-do-apply=\"all el-83a11804\">\n<div class=\"vce-row-content\" data-vce-element-content=\"true\">\n<div id=\"el-41fc12ed\" class=\"vce-col vce-col--md-89p vce-col--xs-1 vce-col--xs-last vce-col--xs-first vce-col--sm-last vce-col--sm-first vce-col--md-last vce-col--lg-last vce-col--xl-last vce-col--md-first vce-col--lg-first vce-col--xl-first\">\n<div class=\"vce-col-inner\" data-vce-do-apply=\"border margin background  el-41fc12ed\">\n<div class=\"vce-col-content\" data-vce-element-content=\"true\" data-vce-do-apply=\"padding el-41fc12ed\">\n<div class=\"vce-text-block\">\n<div id=\"el-d7f89ef7\" class=\"vce-text-block-wrapper vce\" data-vce-do-apply=\"all el-d7f89ef7\">\n<p><strong>Zofia \u015bwiadczy us\u0142ugi doradcze, indywidualne i dla firm, z wykorzystaniem gier kompetencyjnych.<\/strong><\/p>\n<\/div>\n<\/div>\n<\/div>\n<\/div>\n<\/div>\n<\/div>\n<\/div>\n<\/div><\/div><\/div><\/div><\/div><\/div><\/div><\/div><\/div>","protected":false},"excerpt":{"rendered":"<p>Zofia Bara\u0144skaPrzedsi\u0119biorca, coach, trener i facylitator Open Space Technology.Kontakt:&nbsp;+48 509 717 141&nbsp;zofia@hello-blackbird.com&nbsp;www.hello-blackbird.comO mnie:Dyrektor zarz\u0105dzaj\u0105cy w Blackbird i specjalista w zakresie skutecznej komunikacji. Od 2007 roku projektuje i prowadzi szkolenia dla biznesu po polsku i po angielsku. W ci\u0105gu ostatnich 10 lat odwiedzi\u0142a ponad 30 r\u00f3\u017cnych &nbsp;kraj\u00f3w: od Ekwadoru po Gruzj\u0119, Kirgistan i Bangladesz. Mieszka\u0142a i [&hellip;]<\/p>\n","protected":false},"author":5,"featured_media":0,"parent":0,"menu_order":0,"comment_status":"closed","ping_status":"closed","template":"","meta":{"footnotes":""},"class_list":["post-1207","page","type-page","status-publish","hentry"],"_links":{"self":[{"href":"https:\/\/competencegame.com\/en\/wp-json\/wp\/v2\/pages\/1207","targetHints":{"allow":["GET"]}}],"collection":[{"href":"https:\/\/competencegame.com\/en\/wp-json\/wp\/v2\/pages"}],"about":[{"href":"https:\/\/competencegame.com\/en\/wp-json\/wp\/v2\/types\/page"}],"author":[{"embeddable":true,"href":"https:\/\/competencegame.com\/en\/wp-json\/wp\/v2\/users\/5"}],"replies":[{"embeddable":true,"href":"https:\/\/competencegame.com\/en\/wp-json\/wp\/v2\/comments?post=1207"}],"version-history":[{"count":11,"href":"https:\/\/competencegame.com\/en\/wp-json\/wp\/v2\/pages\/1207\/revisions"}],"predecessor-version":[{"id":1443,"href":"https:\/\/competencegame.com\/en\/wp-json\/wp\/v2\/pages\/1207\/revisions\/1443"}],"wp:attachment":[{"href":"https:\/\/competencegame.com\/en\/wp-json\/wp\/v2\/media?parent=1207"}],"curies":[{"name":"wp","href":"https:\/\/api.w.org\/{rel}","templated":true}]}}