{"id":1219,"date":"2024-01-25T10:30:26","date_gmt":"2024-01-25T10:30:26","guid":{"rendered":"https:\/\/competencegame.com\/?page_id=1219"},"modified":"2024-06-21T10:47:58","modified_gmt":"2024-06-21T10:47:58","slug":"partnerzy-ewabrzozowska","status":"publish","type":"page","link":"https:\/\/competencegame.com\/en\/partnerzy-ewabrzozowska\/","title":{"rendered":"Certyfikowani Partnerzy &#8211; Ewa Brzozowska"},"content":{"rendered":"<div class=\"vce-row-container\"><div class=\"vce-row vce-element--xl--has-background vce-element--lg--has-background vce-element--md--has-background vce-element--sm--has-background vce-element--xs--has-background vce-row--col-gap-30 vce-row-wrap--reverse vce-row-equal-height vce-row-content--middle\" data-vce-full-width=\"true\" id=\"el-5fafec23\" data-vce-do-apply=\"all el-5fafec23\"><div class=\"vce-content-background-container\"><div class=\"vce-asset-color-gradient-container vce-visible-xl-only\" data-vce-do-apply=\"gradient el-5fafec23\"><\/div><div class=\"vce-asset-color-gradient-container vce-visible-lg-only\" data-vce-do-apply=\"gradient el-5fafec23\"><\/div><div class=\"vce-asset-color-gradient-container vce-visible-md-only\" data-vce-do-apply=\"gradient el-5fafec23\"><\/div><div class=\"vce-asset-color-gradient-container vce-visible-sm-only\" data-vce-do-apply=\"gradient el-5fafec23\"><\/div><div class=\"vce-asset-color-gradient-container vce-visible-xs-only\" data-vce-do-apply=\"gradient el-5fafec23\"><\/div><\/div><div class=\"vce-dividers-wrapper\"><div class=\"vce-container-divider vce-divider-position--bottom vce-container-divider-new vce-visible-all-only\" data-vce-do-apply=\"divider el-5fafec23\"><div class=\"vce-container-divider-inner\"><svg class=\"vce-divider-svg\" viewbox=\"0 0 500 97\" width=\"130%\" preserveaspectratio=\"none\"><g fill=\"rgb(255, 255, 255)\"><path d=\"M370.005859,7 C421.782298,7 471.582031,23.9140625 500,54.4804687 L500,97 L0,97 L0,86.7851562 C135.587891,97.4101563 223.564453,7.000000000000028 370.005859,7 Z\" opacity=\"0.5\"><\/path><path d=\"M370.005859,15 C421.782298,15 471.582031,27.9140625 500,58.4804687 L500,97 L0,97 L0,90.7851562 C135.587891,101.4101562 223.564453,15 370.005859,15 Z\" opacity=\"0.5\"><\/path><path d=\"M370.005859,22 C421.782298,22 471.582031,31.9140625 500,62.4804687 L500,97 L0,97 L0,94.7851562 C135.587891,105.4101562 223.564453,22 370.005859,22 Z\"><\/path><\/g><\/svg><\/div><\/div><\/div><div class=\"vce-row-content\" data-vce-element-content=\"true\"><div class=\"vce-col vce-col--md-50p vce-col--xs-1 vce-col--xs-last vce-col--xs-first vce-col--sm-last vce-col--sm-first vce-col--md-last vce-col--lg-last vce-col--xl-last vce-col--md-first vce-col--lg-first vce-col--xl-first\" id=\"el-14d6eb8e\"><div class=\"vce-col-inner\" data-vce-do-apply=\"border margin background  el-14d6eb8e\"><div class=\"vce-col-content\" data-vce-element-content=\"true\" data-vce-do-apply=\"padding el-14d6eb8e\"><div class=\"vcv-row-control-wrapper\"><\/div><\/div><\/div><\/div><\/div><\/div><\/div><div class=\"vce-row-container\" data-vce-boxed-width=\"true\"><div class=\"vce-row vce-row--col-gap-30 vce-row-equal-height vce-row-content--top\" id=\"el-6d674a59\" data-vce-do-apply=\"all el-6d674a59\"><div class=\"vce-row-content\" data-vce-element-content=\"true\"><div class=\"vce-col vce-col--md-auto vce-col--xs-1 vce-col--xs-last vce-col--xs-first vce-col--sm-last vce-col--sm-first vce-col--md-first vce-col--lg-first vce-col--xl-first\" id=\"el-9fb5ac05\"><div class=\"vce-col-inner\" data-vce-do-apply=\"border margin background  el-9fb5ac05\"><div class=\"vce-col-content\" data-vce-element-content=\"true\" data-vce-do-apply=\"padding el-9fb5ac05\"><div class=\"vce-text-block\"><div class=\"vce-text-block-wrapper vce\" id=\"el-d9b6ad92\" data-vce-do-apply=\"all el-d9b6ad92\"><h2 style=\"line-height: inherit;\"><strong><span style=\"font-family: 'PT Sans';\">Ewa Brzozowska<\/span><\/strong><\/h2><\/div><\/div><div class=\"vce-text-block\"><div class=\"vce-text-block-wrapper vce\" id=\"el-9618f30d\" data-vce-do-apply=\"all el-9618f30d\"><p>Certyfikowany Life &amp; Business Coach.<\/p>\n<p aria-level=\"2\"><strong>Kontakt:&nbsp;<\/strong><\/p>\n<p aria-level=\"2\"><a href=\"callto:+48 570 140 730\">+48 570 140 730<\/a><\/p>\n<p><a href=\"mailto:kontakt@ewabrzozowskacoach.pl\">kontakt@ewabrzozowskacoach.pl<\/a><\/p>\n<p><a href=\"https:\/\/ewabrzozowskacoach.pl\">https:\/\/ewabrzozowskacoach.pl<\/a><\/p><\/div><\/div><\/div><\/div><\/div><div class=\"vce-col vce-col--md-auto vce-col--xs-1 vce-col--xs-last vce-col--xs-first vce-col--sm-last vce-col--sm-first vce-col--md-last vce-col--lg-last vce-col--xl-last\" id=\"el-23561732\"><div class=\"vce-col-inner\" data-vce-do-apply=\"border margin background  el-23561732\"><div class=\"vce-col-content\" data-vce-element-content=\"true\" data-vce-do-apply=\"padding el-23561732\"><div class=\"vce-single-image-container vce-single-image--align-center\"><div class=\"vce vce-single-image-wrapper\" id=\"el-816df2b9\" data-vce-do-apply=\"all el-816df2b9\"><figure><div class=\"vce-single-image-figure-inner\" style=\"width: 400px;\"><div class=\"vce-single-image-inner vce-single-image--absolute vce-single-image--border-round\" style=\"width: 100%; padding-bottom: 100%;\"><img loading=\"lazy\" decoding=\"async\" class=\"vce-single-image\"  width=\"400\" height=\"400\" srcset=\"https:\/\/competencegame.com\/wp-content\/uploads\/2024\/02\/Ewa_Brzozowska_life_coach-\u2014-kopia-1-320x367.jpg 320w, https:\/\/competencegame.com\/wp-content\/uploads\/2024\/02\/Ewa_Brzozowska_life_coach-\u2014-kopia-1-480x551.jpg 480w, https:\/\/competencegame.com\/wp-content\/uploads\/2024\/06\/Ewa_Brzozowska_life_coach-\u2014-kopia-1-400x400.jpg 400w\" src=\"https:\/\/competencegame.com\/wp-content\/uploads\/2024\/06\/Ewa_Brzozowska_life_coach-\u2014-kopia-1-400x400.jpg\" data-img-src=\"https:\/\/competencegame.com\/wp-content\/uploads\/2024\/02\/Ewa_Brzozowska_life_coach-\u2014-kopia-1.jpg\" data-attachment-id=\"1269\"  alt=\"\" title=\"Ewa_Brzozowska_life_coach \u2014 kopia\" \/><\/div><\/div><figcaption hidden=\"\"><\/figcaption><\/figure><\/div><\/div><\/div><\/div><\/div><\/div><\/div><\/div><div class=\"vce-row-container\" data-vce-boxed-width=\"true\"><div class=\"vce-row vce-row--col-gap-30 vce-row-equal-height vce-row-content--top\" id=\"el-e64f9dd5\" data-vce-do-apply=\"all el-e64f9dd5\"><div class=\"vce-content-background-container\"><\/div><div class=\"vce-row-content\" data-vce-element-content=\"true\"><div class=\"vce-col vce-col--md-89p vce-col--xs-1 vce-col--xs-last vce-col--xs-first vce-col--sm-last vce-col--sm-first vce-col--md-last vce-col--lg-last vce-col--xl-last vce-col--md-first vce-col--lg-first vce-col--xl-first\" id=\"el-799efd8a\"><div class=\"vce-col-inner\" data-vce-do-apply=\"border margin background  el-799efd8a\"><div class=\"vce-col-content\" data-vce-element-content=\"true\" data-vce-do-apply=\"padding el-799efd8a\"><div class=\"vce-text-block\"><div class=\"vce-text-block-wrapper vce\" id=\"el-180ea563\" data-vce-do-apply=\"all el-180ea563\"><p><span data-contrast=\"none\"><strong>O mnie:<br><\/strong>Ewa Brzozowska jest certyfikowanym coachem. Wspiera kobiety w odnalezieniu \u015bcie\u017cki zawodowej, kt\u00f3ra daje im poczucie spe\u0142nienia i odczarowuje poniedzia\u0142ki. Specjalizuje si\u0119 w odkrywaniu potencja\u0142u, mocnych stron oraz pracy marze\u0144. Jest autork\u0105 programu \u201eOdkryj swoj\u0105 misj\u0119 i dzia\u0142aj\". To proces coachingowy, kt\u00f3ry wspiera w okre\u015blaniu swojej \u015bcie\u017cki \u017cyciowej, tworzeniu planu na siebie i \u017cycia w zgodzie ze sob\u0105.<\/span><\/p>\n<p><span data-contrast=\"none\">&nbsp;<\/span><\/p>\n<p><strong>Ewa \u015bwiadczy us\u0142ugi doradcze, indywidualne i dla firm, z wykorzystaniem gier kompetencyjnych.<\/strong><\/p><\/div><\/div><div class=\"vce-button--style-basic-container vce-button--style-basic-container--align-center\"><span class=\"vce-button--style-basic-wrapper vce\" id=\"el-3dbb421f\" data-vce-do-apply=\"margin el-3dbb421f\"><a class=\"vce-button vce-button--style-basic vce-button--style-basic--border-rounded vce-button--style-basic--size-medium vce-button--style-basic--color-b-231-42-130--fff\" href=\"https:\/\/hrpanel.competencegame.com\/demo\/pl\/dKF1zunoHmrUGBwY\" title=\"\" target=\"_blank\" data-vce-do-apply=\"padding border background  el-3dbb421f\" rel=\"noopener\">Kliknij tutaj i zagraj w demo ClusterMind<\/a><\/span><\/div><\/div><\/div><\/div><\/div><\/div><\/div>","protected":false},"excerpt":{"rendered":"<p>Ewa BrzozowskaCertyfikowany Life &amp; Business Coach. Kontakt:&nbsp; +48 570 140 730 kontakt@ewabrzozowskacoach.pl https:\/\/ewabrzozowskacoach.plO mnie:Ewa Brzozowska jest certyfikowanym coachem. Wspiera kobiety w odnalezieniu \u015bcie\u017cki zawodowej, kt\u00f3ra daje im poczucie spe\u0142nienia i odczarowuje poniedzia\u0142ki. Specjalizuje si\u0119 w odkrywaniu potencja\u0142u, mocnych stron oraz pracy marze\u0144. Jest autork\u0105 programu \u201eOdkryj swoj\u0105 misj\u0119 i dzia\u0142aj&#8221;. To proces coachingowy, kt\u00f3ry wspiera [&hellip;]<\/p>\n","protected":false},"author":5,"featured_media":0,"parent":0,"menu_order":0,"comment_status":"closed","ping_status":"closed","template":"","meta":{"footnotes":""},"class_list":["post-1219","page","type-page","status-publish","hentry"],"_links":{"self":[{"href":"https:\/\/competencegame.com\/en\/wp-json\/wp\/v2\/pages\/1219","targetHints":{"allow":["GET"]}}],"collection":[{"href":"https:\/\/competencegame.com\/en\/wp-json\/wp\/v2\/pages"}],"about":[{"href":"https:\/\/competencegame.com\/en\/wp-json\/wp\/v2\/types\/page"}],"author":[{"embeddable":true,"href":"https:\/\/competencegame.com\/en\/wp-json\/wp\/v2\/users\/5"}],"replies":[{"embeddable":true,"href":"https:\/\/competencegame.com\/en\/wp-json\/wp\/v2\/comments?post=1219"}],"version-history":[{"count":12,"href":"https:\/\/competencegame.com\/en\/wp-json\/wp\/v2\/pages\/1219\/revisions"}],"predecessor-version":[{"id":1434,"href":"https:\/\/competencegame.com\/en\/wp-json\/wp\/v2\/pages\/1219\/revisions\/1434"}],"wp:attachment":[{"href":"https:\/\/competencegame.com\/en\/wp-json\/wp\/v2\/media?parent=1219"}],"curies":[{"name":"wp","href":"https:\/\/api.w.org\/{rel}","templated":true}]}}