{"id":1381,"date":"2024-05-23T12:25:06","date_gmt":"2024-05-23T12:25:06","guid":{"rendered":"https:\/\/competencegame.com\/?page_id=1381"},"modified":"2024-06-21T10:45:20","modified_gmt":"2024-06-21T10:45:20","slug":"partnerzy-annamianowska","status":"publish","type":"page","link":"https:\/\/competencegame.com\/en\/partnerzy-annamianowska\/","title":{"rendered":"Certyfikowani Partnerzy &#8211; Anna Mianowska"},"content":{"rendered":"<div class=\"vce-row-container\"><div class=\"vce-row vce-element--xl--has-background vce-element--lg--has-background vce-element--md--has-background vce-element--sm--has-background vce-element--xs--has-background vce-row--col-gap-30 vce-row-wrap--reverse vce-row-equal-height vce-row-content--middle\" data-vce-full-width=\"true\" id=\"el-541f9113\" data-vce-do-apply=\"all el-541f9113\"><div class=\"vce-content-background-container\"><div class=\"vce-asset-color-gradient-container vce-visible-xl-only\" data-vce-do-apply=\"gradient el-541f9113\"><\/div><div class=\"vce-asset-color-gradient-container vce-visible-lg-only\" data-vce-do-apply=\"gradient el-541f9113\"><\/div><div class=\"vce-asset-color-gradient-container vce-visible-md-only\" data-vce-do-apply=\"gradient el-541f9113\"><\/div><div class=\"vce-asset-color-gradient-container vce-visible-sm-only\" data-vce-do-apply=\"gradient el-541f9113\"><\/div><div class=\"vce-asset-color-gradient-container vce-visible-xs-only\" data-vce-do-apply=\"gradient el-541f9113\"><\/div><\/div><div class=\"vce-dividers-wrapper\"><div class=\"vce-container-divider vce-divider-position--bottom vce-container-divider-new vce-visible-all-only\" data-vce-do-apply=\"divider el-541f9113\"><div class=\"vce-container-divider-inner\"><svg class=\"vce-divider-svg\" viewbox=\"0 0 500 97\" width=\"130%\" preserveaspectratio=\"none\"><g fill=\"rgb(255, 255, 255)\"><path d=\"M370.005859,7 C421.782298,7 471.582031,23.9140625 500,54.4804687 L500,97 L0,97 L0,86.7851562 C135.587891,97.4101563 223.564453,7.000000000000028 370.005859,7 Z\" opacity=\"0.5\"><\/path><path d=\"M370.005859,15 C421.782298,15 471.582031,27.9140625 500,58.4804687 L500,97 L0,97 L0,90.7851562 C135.587891,101.4101562 223.564453,15 370.005859,15 Z\" opacity=\"0.5\"><\/path><path d=\"M370.005859,22 C421.782298,22 471.582031,31.9140625 500,62.4804687 L500,97 L0,97 L0,94.7851562 C135.587891,105.4101562 223.564453,22 370.005859,22 Z\"><\/path><\/g><\/svg><\/div><\/div><\/div><div class=\"vce-row-content\" data-vce-element-content=\"true\"><div class=\"vce-col vce-col--md-50p vce-col--xs-1 vce-col--xs-last vce-col--xs-first vce-col--sm-last vce-col--sm-first vce-col--md-last vce-col--lg-last vce-col--xl-last vce-col--md-first vce-col--lg-first vce-col--xl-first\" id=\"el-fb7e7517\"><div class=\"vce-col-inner\" data-vce-do-apply=\"border margin background  el-fb7e7517\"><div class=\"vce-col-content\" data-vce-element-content=\"true\" data-vce-do-apply=\"padding el-fb7e7517\"><div class=\"vcv-row-control-wrapper\"><\/div><\/div><\/div><\/div><\/div><\/div><\/div><div class=\"vce-row-container\" data-vce-boxed-width=\"true\"><div class=\"vce-row vce-row--col-gap-30 vce-row-equal-height vce-row-content--top\" id=\"el-846d24df\" data-vce-do-apply=\"all el-846d24df\"><div class=\"vce-row-content\" data-vce-element-content=\"true\"><div class=\"vce-col vce-col--md-auto vce-col--xs-1 vce-col--xs-last vce-col--xs-first vce-col--sm-last vce-col--sm-first vce-col--md-first vce-col--lg-first vce-col--xl-first\" id=\"el-17a88558\"><div class=\"vce-col-inner\" data-vce-do-apply=\"border margin background  el-17a88558\"><div class=\"vce-col-content\" data-vce-element-content=\"true\" data-vce-do-apply=\"padding el-17a88558\"><div class=\"vce-text-block\"><div class=\"vce-text-block-wrapper vce\" id=\"el-f6bf1e70\" data-vce-do-apply=\"all el-f6bf1e70\"><h2 style=\"line-height: inherit;\"><strong><span style=\"font-family: 'PT Sans';\">Anna Mianowska<\/span><\/strong><\/h2><\/div><\/div><div class=\"vce-text-block\"><div class=\"vce-text-block-wrapper vce\" id=\"el-83cdd72b\" data-vce-do-apply=\"all el-83cdd72b\"><p>Trenerka, konsultantka, asesorka oraz projektantka gier szkoleniowych<\/p>\n<p aria-level=\"2\"><strong>Kontakt:&nbsp;<\/strong><\/p>\n<p aria-level=\"2\"><a href=\"callto:0048606720917\">+48 606 720 917<\/a><\/p>\n<p aria-level=\"2\"><a href=\"mailto:a.mianowska@pracowniagier.com\">a.mianowska@pracowniagier.com<\/a><\/p><\/div><\/div><\/div><\/div><\/div><div class=\"vce-col vce-col--md-auto vce-col--xs-1 vce-col--xs-last vce-col--xs-first vce-col--sm-last vce-col--sm-first vce-col--md-last vce-col--lg-last vce-col--xl-last\" id=\"el-16c63c51\"><div class=\"vce-col-inner\" data-vce-do-apply=\"border margin background  el-16c63c51\"><div class=\"vce-col-content\" data-vce-element-content=\"true\" data-vce-do-apply=\"padding el-16c63c51\"><div class=\"vce-single-image-container vce-single-image--align-center\"><div class=\"vce vce-single-image-wrapper\" id=\"el-cae74470\" data-vce-do-apply=\"all el-cae74470\"><figure><div class=\"vce-single-image-figure-inner\" style=\"width: 400px;\"><div class=\"vce-single-image-inner vce-single-image--absolute vce-single-image--border-round\" style=\"width: 100%; padding-bottom: 100%;\"><img loading=\"lazy\" decoding=\"async\" class=\"vce-single-image\"  width=\"400\" height=\"400\" srcset=\"https:\/\/competencegame.com\/wp-content\/uploads\/2024\/05\/Anna-Mianowska-320x320.png 320w, https:\/\/competencegame.com\/wp-content\/uploads\/2024\/05\/Anna-Mianowska-480x480.png 480w, https:\/\/competencegame.com\/wp-content\/uploads\/2024\/06\/Anna-Mianowska-400x400.png 400w\" src=\"https:\/\/competencegame.com\/wp-content\/uploads\/2024\/06\/Anna-Mianowska-400x400.png\" data-img-src=\"https:\/\/competencegame.com\/wp-content\/uploads\/2024\/05\/Anna-Mianowska.png\" data-attachment-id=\"1385\"  alt=\"\" title=\"Anna Mianowska\" \/><\/div><\/div><figcaption hidden=\"\"><\/figcaption><\/figure><\/div><\/div><\/div><\/div><\/div><\/div><\/div><\/div><div class=\"vce-row-container\" data-vce-boxed-width=\"true\"><div class=\"vce-row vce-row--col-gap-30 vce-row-equal-height vce-row-content--top\" id=\"el-dde79e5a\" data-vce-do-apply=\"all el-dde79e5a\"><div class=\"vce-content-background-container\"><\/div><div class=\"vce-row-content\" data-vce-element-content=\"true\"><div class=\"vce-col vce-col--md-89p vce-col--xs-1 vce-col--xs-last vce-col--xs-first vce-col--sm-last vce-col--sm-first vce-col--md-last vce-col--lg-last vce-col--xl-last vce-col--md-first vce-col--lg-first vce-col--xl-first\" id=\"el-5e5171d6\"><div class=\"vce-col-inner\" data-vce-do-apply=\"border margin background  el-5e5171d6\"><div class=\"vce-col-content\" data-vce-element-content=\"true\" data-vce-do-apply=\"padding el-5e5171d6\"><div class=\"vce-text-block\"><div class=\"vce-text-block-wrapper vce\" id=\"el-9455a81f\" data-vce-do-apply=\"all el-9455a81f\"><p><span data-contrast=\"none\"><strong>O mnie:<br><\/strong><\/span><\/p>\n<p><span data-contrast=\"auto\">Trenerka, konsultantka, asesorka oraz projektantka gier szkoleniowych. Posiada kilkunastoletnie do\u015bwiadczenie w dziedzinie szkole\u0144 i rozwoju kompetencji, zarz\u0105dzania zasobami ludzkimi, rekrutacji oraz sprzeda\u017cy. Od wielu lat jest zwi\u0105zana z ExperienceCorner.com \u2013 jednym z czo\u0142owych europejskich dostawc\u00f3w rozwi\u0105za\u0144 z zakresu experiential learning. Anna doradza w doborze narz\u0119dzi i gier szkoleniowych firmom i organizacjom z r\u00f3\u017cnych bran\u017c i sektor\u00f3w, kt\u00f3re chc\u0105 wzbogaci\u0107 swoje procesy szkoleniowe o innowacyjne narz\u0119dzia i metody.<\/span>&nbsp;<br><span data-ccp-props=\"{&quot;134233117&quot;:true,&quot;134233118&quot;:true,&quot;201341983&quot;:0,&quot;335559740&quot;:240}\">&nbsp;<\/span><\/p>\n<p><span data-contrast=\"auto\">Od kilku lat wsp\u00f3\u0142pracuje r\u00f3wnie\u017c z Pracowni\u0105 Gier Szkoleniowych, wykorzystuj\u0105c swoj\u0105 wiedz\u0119, do\u015bwiadczenie i umiej\u0119tno\u015bci w szkoleniach wykorzystuj\u0105cych gry i symulacje biznesowe. W pracy z grup\u0105 jak r\u00f3wnie\u017c w pracy 1-na-1 wnosi wyj\u0105tkow\u0105 uwa\u017cno\u015b\u0107 i przenikliwo\u015b\u0107 oraz wiedz\u0119 o procesach komunikacji interpersonalnej. \u0141\u0105czy to z obszern\u0105 wiedz\u0105 o tym, jak efektywnie stosowa\u0107 metod\u0119 gier w szkoleniach i rozwoju mi\u0119kkich kompetencji. Czyni to z niej jedn\u0105 z czo\u0142owych ekspertek prowadz\u0105cych szkolenia typu train-the-trainers.<\/span>&nbsp;<br>&nbsp;<br><span data-contrast=\"auto\">Poza studiami psychologicznymi uko\u0144czy\u0142a szereg szkole\u0144 podnosz\u0105cych jej kompetencje w obszarze HR: m.in. Akademi\u0119 Asesora EY Academy of Business oraz studia podyplomowe z zarzadzania kompetencjami w Akademii Leona Ko\u017ami\u0144skiego. Jest certyfikowan\u0105 asesork\u0105 Competence Game oraz certyfikowan\u0105 trenerk\u0105 AHA.<\/span><span data-ccp-props=\"{&quot;201341983&quot;:0,&quot;335559739&quot;:160,&quot;335559740&quot;:259}\">&nbsp;<\/span><\/p>\n<p><span data-contrast=\"auto\">Anna dzia\u0142a jako wolontariuszka w Centrum Kryzysowym, gdzie wspiera osoby mierz\u0105ce si\u0119 z chorob\u0105 nowotworow\u0105.<\/span><span data-ccp-props=\"{&quot;134233117&quot;:true,&quot;134233118&quot;:true,&quot;201341983&quot;:0,&quot;335559740&quot;:240}\">&nbsp;<\/span><\/p>\n<p><span data-contrast=\"none\">&nbsp;<\/span><\/p>\n<p><strong>Anna \u015bwiadczy us\u0142ugi doradcze z wykorzystaniem gier kompetencyjnych.<\/strong><\/p><\/div><\/div><div class=\"vce-button--style-basic-container vce-button--style-basic-container--align-center\"><span class=\"vce-button--style-basic-wrapper vce\" id=\"el-c48b0743\" data-vce-do-apply=\"margin el-c48b0743\"><a class=\"vce-button vce-button--style-basic vce-button--style-basic--border-rounded vce-button--style-basic--size-medium vce-button--style-basic--color-b-231-42-130--fff\" href=\"https:\/\/hrpanel.competencegame.com\/demo\/pl\/SOq4fV7QA13vRuXr\" title=\"\" target=\"_blank\" data-vce-do-apply=\"padding border background  el-c48b0743\" rel=\"noopener\">Kliknij tutaj i zagraj w demo ClusterMind<\/a><\/span><\/div><\/div><\/div><\/div><\/div><\/div><\/div>","protected":false},"excerpt":{"rendered":"<p>Anna MianowskaTrenerka, konsultantka, asesorka oraz projektantka gier szkoleniowych Kontakt:&nbsp; +48 606 720 917 a.mianowska@pracowniagier.comO mnie: Trenerka, konsultantka, asesorka oraz projektantka gier szkoleniowych. Posiada kilkunastoletnie do\u015bwiadczenie w dziedzinie szkole\u0144 i rozwoju kompetencji, zarz\u0105dzania zasobami ludzkimi, rekrutacji oraz sprzeda\u017cy. Od wielu lat jest zwi\u0105zana z ExperienceCorner.com \u2013 jednym z czo\u0142owych europejskich dostawc\u00f3w rozwi\u0105za\u0144 z zakresu experiential learning. [&hellip;]<\/p>\n","protected":false},"author":5,"featured_media":0,"parent":0,"menu_order":0,"comment_status":"closed","ping_status":"closed","template":"","meta":{"footnotes":""},"class_list":["post-1381","page","type-page","status-publish","hentry"],"_links":{"self":[{"href":"https:\/\/competencegame.com\/en\/wp-json\/wp\/v2\/pages\/1381","targetHints":{"allow":["GET"]}}],"collection":[{"href":"https:\/\/competencegame.com\/en\/wp-json\/wp\/v2\/pages"}],"about":[{"href":"https:\/\/competencegame.com\/en\/wp-json\/wp\/v2\/types\/page"}],"author":[{"embeddable":true,"href":"https:\/\/competencegame.com\/en\/wp-json\/wp\/v2\/users\/5"}],"replies":[{"embeddable":true,"href":"https:\/\/competencegame.com\/en\/wp-json\/wp\/v2\/comments?post=1381"}],"version-history":[{"count":4,"href":"https:\/\/competencegame.com\/en\/wp-json\/wp\/v2\/pages\/1381\/revisions"}],"predecessor-version":[{"id":1429,"href":"https:\/\/competencegame.com\/en\/wp-json\/wp\/v2\/pages\/1381\/revisions\/1429"}],"wp:attachment":[{"href":"https:\/\/competencegame.com\/en\/wp-json\/wp\/v2\/media?parent=1381"}],"curies":[{"name":"wp","href":"https:\/\/api.w.org\/{rel}","templated":true}]}}