{"id":1387,"date":"2024-05-23T12:43:25","date_gmt":"2024-05-23T12:43:25","guid":{"rendered":"https:\/\/competencegame.com\/?page_id=1387"},"modified":"2024-06-21T10:52:55","modified_gmt":"2024-06-21T10:52:55","slug":"partnerzy-tobiasznaryniecki","status":"publish","type":"page","link":"https:\/\/competencegame.com\/en\/partnerzy-tobiasznaryniecki\/","title":{"rendered":"Certyfikowani Partnerzy &#8211; Tobiasz Naryniecki"},"content":{"rendered":"<div class=\"vce-row-container\"><div class=\"vce-row vce-element--xl--has-background vce-element--lg--has-background vce-element--md--has-background vce-element--sm--has-background vce-element--xs--has-background vce-row--col-gap-30 vce-row-wrap--reverse vce-row-equal-height vce-row-content--middle\" data-vce-full-width=\"true\" id=\"el-903f23a8\" data-vce-do-apply=\"all el-903f23a8\"><div class=\"vce-content-background-container\"><div class=\"vce-asset-color-gradient-container vce-visible-xl-only\" data-vce-do-apply=\"gradient el-903f23a8\"><\/div><div class=\"vce-asset-color-gradient-container vce-visible-lg-only\" data-vce-do-apply=\"gradient el-903f23a8\"><\/div><div class=\"vce-asset-color-gradient-container vce-visible-md-only\" data-vce-do-apply=\"gradient el-903f23a8\"><\/div><div class=\"vce-asset-color-gradient-container vce-visible-sm-only\" data-vce-do-apply=\"gradient el-903f23a8\"><\/div><div class=\"vce-asset-color-gradient-container vce-visible-xs-only\" data-vce-do-apply=\"gradient el-903f23a8\"><\/div><\/div><div class=\"vce-dividers-wrapper\"><div class=\"vce-container-divider vce-divider-position--bottom vce-container-divider-new vce-visible-all-only\" data-vce-do-apply=\"divider el-903f23a8\"><div class=\"vce-container-divider-inner\"><svg class=\"vce-divider-svg\" viewbox=\"0 0 500 97\" width=\"130%\" preserveaspectratio=\"none\"><g fill=\"rgb(255, 255, 255)\"><path d=\"M370.005859,7 C421.782298,7 471.582031,23.9140625 500,54.4804687 L500,97 L0,97 L0,86.7851562 C135.587891,97.4101563 223.564453,7.000000000000028 370.005859,7 Z\" opacity=\"0.5\"><\/path><path d=\"M370.005859,15 C421.782298,15 471.582031,27.9140625 500,58.4804687 L500,97 L0,97 L0,90.7851562 C135.587891,101.4101562 223.564453,15 370.005859,15 Z\" opacity=\"0.5\"><\/path><path d=\"M370.005859,22 C421.782298,22 471.582031,31.9140625 500,62.4804687 L500,97 L0,97 L0,94.7851562 C135.587891,105.4101562 223.564453,22 370.005859,22 Z\"><\/path><\/g><\/svg><\/div><\/div><\/div><div class=\"vce-row-content\" data-vce-element-content=\"true\"><div class=\"vce-col vce-col--md-50p vce-col--xs-1 vce-col--xs-last vce-col--xs-first vce-col--sm-last vce-col--sm-first vce-col--md-last vce-col--lg-last vce-col--xl-last vce-col--md-first vce-col--lg-first vce-col--xl-first\" id=\"el-bc3c03a9\"><div class=\"vce-col-inner\" data-vce-do-apply=\"border margin background  el-bc3c03a9\"><div class=\"vce-col-content\" data-vce-element-content=\"true\" data-vce-do-apply=\"padding el-bc3c03a9\"><div class=\"vcv-row-control-wrapper\"><\/div><\/div><\/div><\/div><\/div><\/div><\/div><div class=\"vce-row-container\" data-vce-boxed-width=\"true\"><div class=\"vce-row vce-row--col-gap-30 vce-row-equal-height vce-row-content--top\" id=\"el-2feade9b\" data-vce-do-apply=\"all el-2feade9b\"><div class=\"vce-row-content\" data-vce-element-content=\"true\"><div class=\"vce-col vce-col--md-auto vce-col--xs-1 vce-col--xs-last vce-col--xs-first vce-col--sm-last vce-col--sm-first vce-col--md-first vce-col--lg-first vce-col--xl-first\" id=\"el-a7963841\"><div class=\"vce-col-inner\" data-vce-do-apply=\"border margin background  el-a7963841\"><div class=\"vce-col-content\" data-vce-element-content=\"true\" data-vce-do-apply=\"padding el-a7963841\"><div class=\"vce-text-block\"><div class=\"vce-text-block-wrapper vce\" id=\"el-a0e5442b\" data-vce-do-apply=\"all el-a0e5442b\"><h2 style=\"line-height: inherit;\"><strong><span style=\"font-family: 'PT Sans';\">Tobiasz Naryniecki<\/span><\/strong><\/h2><\/div><\/div><div class=\"vce-text-block\"><div class=\"vce-text-block-wrapper vce\" id=\"el-30dd6197\" data-vce-do-apply=\"all el-30dd6197\"><p>Psycholog, project manager, coach i trener. <br>Absolwent Wydzia\u0142u Psychologii UW i studi\u00f3w podyplomowych z zarz\u0105dzania projektami na Sorbonne Universite. <br>Obecnie doktorant SDNS UW.<\/p><p aria-level=\"2\"><strong>Kontakt:&nbsp;<\/strong><\/p><p aria-level=\"2\"><a href=\"callto:+48 513 834 638\">+48 513 834 638<\/a><\/p><p><a href=\"mailto:tobiasz.naryniecki@gmail.com\">tobiasz.naryniecki@gmail.com<\/a><\/p><\/div><\/div><\/div><\/div><\/div><div class=\"vce-col vce-col--md-auto vce-col--xs-1 vce-col--xs-last vce-col--xs-first vce-col--sm-last vce-col--sm-first vce-col--md-last vce-col--lg-last vce-col--xl-last\" id=\"el-922454ef\"><div class=\"vce-col-inner\" data-vce-do-apply=\"border margin background  el-922454ef\"><div class=\"vce-col-content\" data-vce-element-content=\"true\" data-vce-do-apply=\"padding el-922454ef\"><div class=\"vce-single-image-container vce-single-image--align-center\"><div class=\"vce vce-single-image-wrapper\" id=\"el-21ba232e\" data-vce-do-apply=\"all el-21ba232e\"><figure><div class=\"vce-single-image-figure-inner\" style=\"width: 300px;\"><div class=\"vce-single-image-inner vce-single-image--absolute vce-single-image--border-rounded\" style=\"width: 100%; padding-bottom: 166.667%;\"><img loading=\"lazy\" decoding=\"async\" class=\"vce-single-image\"  width=\"300\" height=\"500\" srcset=\"https:\/\/competencegame.com\/wp-content\/uploads\/2024\/05\/Tobiasz-Naryniecki-1-320x518.jpg 320w, https:\/\/competencegame.com\/wp-content\/uploads\/2024\/05\/Tobiasz-Naryniecki-1-480x777.jpg 480w, https:\/\/competencegame.com\/wp-content\/uploads\/2024\/05\/Tobiasz-Naryniecki-1-800x1296.jpg 800w, https:\/\/competencegame.com\/wp-content\/uploads\/2024\/06\/Tobiasz-Naryniecki-1-e1716467916835-300x500.jpg 300w\" src=\"https:\/\/competencegame.com\/wp-content\/uploads\/2024\/06\/Tobiasz-Naryniecki-1-e1716467916835-300x500.jpg\" data-img-src=\"https:\/\/competencegame.com\/wp-content\/uploads\/2024\/05\/Tobiasz-Naryniecki-1-e1716467916835.jpg\" data-attachment-id=\"1389\"  alt=\"\" title=\"Tobiasz Naryniecki\" \/><\/div><\/div><figcaption hidden=\"\"><\/figcaption><\/figure><\/div><\/div><\/div><\/div><\/div><\/div><\/div><\/div><div class=\"vce-row-container\" data-vce-boxed-width=\"true\"><div class=\"vce-row vce-row--col-gap-30 vce-row-equal-height vce-row-content--top\" id=\"el-fe50bab0\" data-vce-do-apply=\"all el-fe50bab0\"><div class=\"vce-content-background-container\"><\/div><div class=\"vce-row-content\" data-vce-element-content=\"true\"><div class=\"vce-col vce-col--md-89p vce-col--xs-1 vce-col--xs-last vce-col--xs-first vce-col--sm-last vce-col--sm-first vce-col--md-last vce-col--lg-last vce-col--xl-last vce-col--md-first vce-col--lg-first vce-col--xl-first\" id=\"el-2abb0941\"><div class=\"vce-col-inner\" data-vce-do-apply=\"border margin background  el-2abb0941\"><div class=\"vce-col-content\" data-vce-element-content=\"true\" data-vce-do-apply=\"padding el-2abb0941\"><div class=\"vce-text-block\"><div class=\"vce-text-block-wrapper vce\" id=\"el-24f404de\" data-vce-do-apply=\"all el-24f404de\"><p><span data-contrast=\"none\"><strong>O mnie:<br><br><\/strong><\/span><span data-contrast=\"none\">Jestem psychologiem, coachem i trenerem, absolwentem Wydzia\u0142u Psychologii UW, studi\u00f3w podyplomowych na Sorbonne Universite, a obecnie doktorantem SDNS UW.<br>Uko\u0144czy\u0142em kursy zwi\u0105zane z zarz\u0105dzaniem projektami i prowadzeniem zespo\u0142\u00f3w: <br>&gt; Warsztat Lidera, Parlament Student\u00f3w RP, <br>&gt; Coaching Zespo\u0142\u00f3w, Multi-level Concept,<br>&gt; Akademia Lider\u00f3w Zmiany Cyfrowej, Cloudity i Salesforce.<br><br>Zdobyte umiej\u0119tno\u015bci wykorzystuj\u0119 pe\u0142ni\u0105c rol\u0119 project managera w Competence Game. <br>Zainteresowania naukowe rozwijam w ramach Szko\u0142y Doktorskiej Nauk Spo\u0142ecznych UW, gdzie zajmuj\u0119 si\u0119 badaniem reakcji kandydat\u00f3w na zastosowanie gier w procesach rekrutacyjnych. <br>W trakcie studi\u00f3w magisterskich przebywa\u0142em na wymianie zagranicznej na uniwersytecie w Padwie, a r\u00f3wnolegle do nauki w Szkole Doktorskiej uko\u0144czy\u0142em studia podyplomowe na Sorbonie.<\/span><\/p><\/div><\/div><\/div><\/div><\/div><\/div><\/div><\/div>","protected":false},"excerpt":{"rendered":"<p>Tobiasz NarynieckiPsycholog, project manager, coach i trener. Absolwent Wydzia\u0142u Psychologii UW i studi\u00f3w podyplomowych z zarz\u0105dzania projektami na Sorbonne Universite. Obecnie doktorant SDNS UW.Kontakt:&nbsp;+48 513 834 638tobiasz.naryniecki@gmail.comO mnie:Jestem psychologiem, coachem i trenerem, absolwentem Wydzia\u0142u Psychologii UW, studi\u00f3w podyplomowych na Sorbonne Universite, a obecnie doktorantem SDNS UW.Uko\u0144czy\u0142em kursy zwi\u0105zane z zarz\u0105dzaniem projektami i prowadzeniem zespo\u0142\u00f3w: &gt; [&hellip;]<\/p>\n","protected":false},"author":5,"featured_media":0,"parent":0,"menu_order":0,"comment_status":"closed","ping_status":"closed","template":"","meta":{"footnotes":""},"class_list":["post-1387","page","type-page","status-publish","hentry"],"_links":{"self":[{"href":"https:\/\/competencegame.com\/en\/wp-json\/wp\/v2\/pages\/1387","targetHints":{"allow":["GET"]}}],"collection":[{"href":"https:\/\/competencegame.com\/en\/wp-json\/wp\/v2\/pages"}],"about":[{"href":"https:\/\/competencegame.com\/en\/wp-json\/wp\/v2\/types\/page"}],"author":[{"embeddable":true,"href":"https:\/\/competencegame.com\/en\/wp-json\/wp\/v2\/users\/5"}],"replies":[{"embeddable":true,"href":"https:\/\/competencegame.com\/en\/wp-json\/wp\/v2\/comments?post=1387"}],"version-history":[{"count":3,"href":"https:\/\/competencegame.com\/en\/wp-json\/wp\/v2\/pages\/1387\/revisions"}],"predecessor-version":[{"id":1442,"href":"https:\/\/competencegame.com\/en\/wp-json\/wp\/v2\/pages\/1387\/revisions\/1442"}],"wp:attachment":[{"href":"https:\/\/competencegame.com\/en\/wp-json\/wp\/v2\/media?parent=1387"}],"curies":[{"name":"wp","href":"https:\/\/api.w.org\/{rel}","templated":true}]}}