{"id":1396,"date":"2024-05-23T12:53:30","date_gmt":"2024-05-23T12:53:30","guid":{"rendered":"https:\/\/competencegame.com\/?page_id=1396"},"modified":"2024-06-21T10:52:37","modified_gmt":"2024-06-21T10:52:37","slug":"partnerzy-pawelgierczak","status":"publish","type":"page","link":"https:\/\/competencegame.com\/en\/partnerzy-pawelgierczak\/","title":{"rendered":"Certyfikowani Partnerzy &#8211; Pawe\u0142 Gierczak"},"content":{"rendered":"<div class=\"vce-row-container\"><div class=\"vce-row vce-element--xl--has-background vce-element--lg--has-background vce-element--md--has-background vce-element--sm--has-background vce-element--xs--has-background vce-row--col-gap-30 vce-row-wrap--reverse vce-row-equal-height vce-row-content--middle\" data-vce-full-width=\"true\" id=\"el-119cf902\" data-vce-do-apply=\"all el-119cf902\"><div class=\"vce-content-background-container\"><div class=\"vce-asset-color-gradient-container vce-visible-xl-only\" data-vce-do-apply=\"gradient el-119cf902\"><\/div><div class=\"vce-asset-color-gradient-container vce-visible-lg-only\" data-vce-do-apply=\"gradient el-119cf902\"><\/div><div class=\"vce-asset-color-gradient-container vce-visible-md-only\" data-vce-do-apply=\"gradient el-119cf902\"><\/div><div class=\"vce-asset-color-gradient-container vce-visible-sm-only\" data-vce-do-apply=\"gradient el-119cf902\"><\/div><div class=\"vce-asset-color-gradient-container vce-visible-xs-only\" data-vce-do-apply=\"gradient el-119cf902\"><\/div><\/div><div class=\"vce-dividers-wrapper\"><div class=\"vce-container-divider vce-divider-position--bottom vce-container-divider-new vce-visible-all-only\" data-vce-do-apply=\"divider el-119cf902\"><div class=\"vce-container-divider-inner\"><svg class=\"vce-divider-svg\" viewbox=\"0 0 500 97\" width=\"130%\" preserveaspectratio=\"none\"><g fill=\"rgb(255, 255, 255)\"><path d=\"M370.005859,7 C421.782298,7 471.582031,23.9140625 500,54.4804687 L500,97 L0,97 L0,86.7851562 C135.587891,97.4101563 223.564453,7.000000000000028 370.005859,7 Z\" opacity=\"0.5\"><\/path><path d=\"M370.005859,15 C421.782298,15 471.582031,27.9140625 500,58.4804687 L500,97 L0,97 L0,90.7851562 C135.587891,101.4101562 223.564453,15 370.005859,15 Z\" opacity=\"0.5\"><\/path><path d=\"M370.005859,22 C421.782298,22 471.582031,31.9140625 500,62.4804687 L500,97 L0,97 L0,94.7851562 C135.587891,105.4101562 223.564453,22 370.005859,22 Z\"><\/path><\/g><\/svg><\/div><\/div><\/div><div class=\"vce-row-content\" data-vce-element-content=\"true\"><div class=\"vce-col vce-col--md-50p vce-col--xs-1 vce-col--xs-last vce-col--xs-first vce-col--sm-last vce-col--sm-first vce-col--md-last vce-col--lg-last vce-col--xl-last vce-col--md-first vce-col--lg-first vce-col--xl-first\" id=\"el-fb83747e\"><div class=\"vce-col-inner\" data-vce-do-apply=\"border margin background  el-fb83747e\"><div class=\"vce-col-content\" data-vce-element-content=\"true\" data-vce-do-apply=\"padding el-fb83747e\"><div class=\"vcv-row-control-wrapper\"><\/div><\/div><\/div><\/div><\/div><\/div><\/div><div class=\"vce-row-container\" data-vce-boxed-width=\"true\"><div class=\"vce-row vce-row--col-gap-30 vce-row-equal-height vce-row-content--top\" id=\"el-f95a711d\" data-vce-do-apply=\"all el-f95a711d\"><div class=\"vce-row-content\" data-vce-element-content=\"true\"><div class=\"vce-col vce-col--md-auto vce-col--xs-1 vce-col--xs-last vce-col--xs-first vce-col--sm-last vce-col--sm-first vce-col--md-first vce-col--lg-first vce-col--xl-first\" id=\"el-9afaf2fd\"><div class=\"vce-col-inner\" data-vce-do-apply=\"border margin background  el-9afaf2fd\"><div class=\"vce-col-content\" data-vce-element-content=\"true\" data-vce-do-apply=\"padding el-9afaf2fd\"><div class=\"vce-text-block\"><div class=\"vce-text-block-wrapper vce\" id=\"el-da0da023\" data-vce-do-apply=\"all el-da0da023\"><h2 style=\"line-height: inherit;\"><strong><span style=\"font-family: 'PT Sans';\">Pawe\u0142 Gierczak<\/span><\/strong><\/h2><\/div><\/div><div class=\"vce-text-block\"><div class=\"vce-text-block-wrapper vce\" id=\"el-052afb12\" data-vce-do-apply=\"all el-052afb12\"><p>Certyfikowany trener biznesu, psycholog, psychoterapeuta, trener Insights Discovery<\/p><p aria-level=\"2\"><strong>Kontakt:&nbsp;<\/strong><\/p><p aria-level=\"2\"><a href=\"callto:0048600448963\"><span data-contrast=\"none\">00 48 600 448 963<\/span><\/a><\/p><p><a href=\"mailto:pawel.gierczak.pg@gmail.com\">pawel.gierczak.pg@gmail.com<\/a><\/p><\/div><\/div><\/div><\/div><\/div><div class=\"vce-col vce-col--md-auto vce-col--xs-1 vce-col--xs-last vce-col--xs-first vce-col--sm-last vce-col--sm-first vce-col--md-last vce-col--lg-last vce-col--xl-last\" id=\"el-15bc6ec1\"><div class=\"vce-col-inner\" data-vce-do-apply=\"border margin background  el-15bc6ec1\"><div class=\"vce-col-content\" data-vce-element-content=\"true\" data-vce-do-apply=\"padding el-15bc6ec1\"><div class=\"vce-single-image-container vce-single-image--align-center\"><div class=\"vce vce-single-image-wrapper\" id=\"el-60e86756\" data-vce-do-apply=\"all el-60e86756\"><figure><div class=\"vce-single-image-figure-inner\" style=\"width: 300px;\"><div class=\"vce-single-image-inner vce-single-image--absolute vce-single-image--border-rounded\" style=\"width: 100%; padding-bottom: 166.667%;\"><img loading=\"lazy\" decoding=\"async\" class=\"vce-single-image\"  width=\"300\" height=\"500\" srcset=\"https:\/\/competencegame.com\/wp-content\/uploads\/2024\/05\/Pawel-Gierczak-1-320x555.jpg 320w, https:\/\/competencegame.com\/wp-content\/uploads\/2024\/05\/Pawel-Gierczak-1-480x833.jpg 480w, https:\/\/competencegame.com\/wp-content\/uploads\/2024\/05\/Pawel-Gierczak-1-800x1388.jpg 800w, https:\/\/competencegame.com\/wp-content\/uploads\/2024\/06\/Pawel-Gierczak-1-300x500.jpg 300w\" src=\"https:\/\/competencegame.com\/wp-content\/uploads\/2024\/06\/Pawel-Gierczak-1-300x500.jpg\" data-img-src=\"https:\/\/competencegame.com\/wp-content\/uploads\/2024\/05\/Pawel-Gierczak-1.jpg\" data-attachment-id=\"1379\"  alt=\"Pawe\u0142 Gierczak\" title=\"Pawe\u0142 Gierczak\" \/><\/div><\/div><figcaption hidden=\"\"><\/figcaption><\/figure><\/div><\/div><\/div><\/div><\/div><\/div><\/div><\/div><div class=\"vce-row-container\" data-vce-boxed-width=\"true\"><div class=\"vce-row vce-row--col-gap-30 vce-row-equal-height vce-row-content--top\" id=\"el-8bf4b84c\" data-vce-do-apply=\"all el-8bf4b84c\"><div class=\"vce-content-background-container\"><\/div><div class=\"vce-row-content\" data-vce-element-content=\"true\"><div class=\"vce-col vce-col--md-89p vce-col--xs-1 vce-col--xs-last vce-col--xs-first vce-col--sm-last vce-col--sm-first vce-col--md-last vce-col--lg-last vce-col--xl-last vce-col--md-first vce-col--lg-first vce-col--xl-first\" id=\"el-17aaa1c8\"><div class=\"vce-col-inner\" data-vce-do-apply=\"border margin background  el-17aaa1c8\"><div class=\"vce-col-content\" data-vce-element-content=\"true\" data-vce-do-apply=\"padding el-17aaa1c8\"><div class=\"vce-text-block\"><div class=\"vce-text-block-wrapper vce\" id=\"el-64f2b856\" data-vce-do-apply=\"all el-64f2b856\"><p><span data-contrast=\"none\"><strong>O mnie:<\/strong><\/span><\/p><p>Od ponad 10 lat wspiera ludzi biznesu na r\u00f3\u017cnych szczeblach (od pracownik\u00f3w na poziomie specjalisty, po kadr\u0119 managersk\u0105) we wzrastaniu w kompetencjach mi\u0119kkich. Prowadzi szkolenia, warsztaty oraz sesje indywidualne. W pracy opiera si\u0119 nie tylko na zasobach Klienta i jego osobistych celach, ale r\u00f3wnie\u017c na zachowaniu r\u00f3wnowagi i dobrostanu w ca\u0142ym procesie rozwijania si\u0119. Korzysta z metod opartych na psychologii osobowo\u015bci. Akredytowany trener metody Insights Discovery.<\/p><\/div><\/div><\/div><\/div><\/div><\/div><\/div><\/div>","protected":false},"excerpt":{"rendered":"<p>Pawe\u0142 GierczakCertyfikowany trener biznesu, psycholog, psychoterapeuta, trener Insights DiscoveryKontakt:&nbsp;00 48 600 448 963pawel.gierczak.pg@gmail.comO mnie:Od ponad 10 lat wspiera ludzi biznesu na r\u00f3\u017cnych szczeblach (od pracownik\u00f3w na poziomie specjalisty, po kadr\u0119 managersk\u0105) we wzrastaniu w kompetencjach mi\u0119kkich. Prowadzi szkolenia, warsztaty oraz sesje indywidualne. W pracy opiera si\u0119 nie tylko na zasobach Klienta i jego osobistych celach, [&hellip;]<\/p>\n","protected":false},"author":5,"featured_media":0,"parent":0,"menu_order":0,"comment_status":"closed","ping_status":"closed","template":"","meta":{"footnotes":""},"class_list":["post-1396","page","type-page","status-publish","hentry"],"_links":{"self":[{"href":"https:\/\/competencegame.com\/en\/wp-json\/wp\/v2\/pages\/1396","targetHints":{"allow":["GET"]}}],"collection":[{"href":"https:\/\/competencegame.com\/en\/wp-json\/wp\/v2\/pages"}],"about":[{"href":"https:\/\/competencegame.com\/en\/wp-json\/wp\/v2\/types\/page"}],"author":[{"embeddable":true,"href":"https:\/\/competencegame.com\/en\/wp-json\/wp\/v2\/users\/5"}],"replies":[{"embeddable":true,"href":"https:\/\/competencegame.com\/en\/wp-json\/wp\/v2\/comments?post=1396"}],"version-history":[{"count":4,"href":"https:\/\/competencegame.com\/en\/wp-json\/wp\/v2\/pages\/1396\/revisions"}],"predecessor-version":[{"id":1441,"href":"https:\/\/competencegame.com\/en\/wp-json\/wp\/v2\/pages\/1396\/revisions\/1441"}],"wp:attachment":[{"href":"https:\/\/competencegame.com\/en\/wp-json\/wp\/v2\/media?parent=1396"}],"curies":[{"name":"wp","href":"https:\/\/api.w.org\/{rel}","templated":true}]}}