{"id":1465,"date":"2024-06-26T13:30:00","date_gmt":"2024-06-26T13:30:00","guid":{"rendered":"https:\/\/competencegame.com\/?page_id=1465"},"modified":"2024-06-28T12:43:56","modified_gmt":"2024-06-28T12:43:56","slug":"visual-composer-1465","status":"publish","type":"page","link":"https:\/\/competencegame.com\/en\/visual-composer-1465\/","title":{"rendered":"Strona testowa"},"content":{"rendered":"<div class=\"vce-row-container\" data-vce-boxed-width=\"true\"><div class=\"vce-row vce-row--col-gap-30 vce-row-equal-height vce-row-content--top\" id=\"el-a75864e1\" data-vce-do-apply=\"all el-a75864e1\"><div class=\"vce-row-content\" data-vce-element-content=\"true\"><div class=\"vce-col vce-col--md-auto vce-col--xs-1 vce-col--xs-last vce-col--xs-first vce-col--sm-last vce-col--sm-first vce-col--md-last vce-col--lg-last vce-col--xl-last vce-col--md-first vce-col--lg-first vce-col--xl-first\" id=\"el-69eb6ca5\"><div class=\"vce-col-inner\" data-vce-do-apply=\"border margin background  el-69eb6ca5\"><div class=\"vce-col-content\" data-vce-element-content=\"true\" data-vce-do-apply=\"padding el-69eb6ca5\"><div class=\"vce-text-block\"><div class=\"vce-text-block-wrapper vce\" id=\"el-1be0acb1\" data-vce-do-apply=\"all el-1be0acb1\"><h2>Nie usuwa\u0107 - strings t\u0142umaczenia<\/h2><p>Blog in English<\/p><p>Blog in Polish<\/p><\/div><\/div><\/div><\/div><\/div><\/div><\/div><\/div><div class=\"vce-row-container\"><div class=\"vce-row vce-element--has-background vce-row--col-gap-30 vce-row-equal-height vce-row-content--top\" data-vce-full-width=\"true\" id=\"el-c7a073ea\" data-vce-do-apply=\"all el-c7a073ea\"><div class=\"vce-content-background-container\"><\/div><div class=\"vce-row-content\" data-vce-element-content=\"true\"><div class=\"vce-col vce-col--md-auto vce-col--xs-1 vce-col--xs-last vce-col--xs-first vce-col--sm-last vce-col--sm-first vce-col--md-first vce-col--lg-first vce-col--xl-first\" id=\"el-98046616\"><div class=\"vce-col-inner\" data-vce-do-apply=\"border margin background  el-98046616\"><div class=\"vce-col-content\" data-vce-element-content=\"true\" data-vce-do-apply=\"padding el-98046616\"><div class=\"vce-features vce-var-icon vce-features--style-filled-circle vce-features--size-small\" style=\"--iconAlignment: center; --iconColor: rgb(244, 168, 206); --iconColorHover: rgb(244, 168, 206); --shapeColor: rgb(58, 12, 163); --shapeColorHover: rgb(58, 12, 163); --linkColorHover: rgb(52,11,146);\"><div id=\"el-1c752c3b\" class=\"vce vce-features-icon-wrapper\" data-vce-do-apply=\"all el-1c752c3b\" data-vce-animate=\"vce-o-animate--bounce\"><div class=\"vce-features--icon vce-icon\"><svg xmlns=\"https:\/\/www.w3.org\/2000\/svg\" viewbox=\"0 0 769 769\"><path stroke-width=\"25\" d=\"M565.755 696.27h-360l-180-311.77 180-311.77h360l180 311.77z\"><\/path><\/svg><span class=\"vce-icon-container fas fa-users\"><\/span><\/div><\/div><\/div><div class=\"vce-text-block\"><div class=\"vce-text-block-wrapper vce\" id=\"el-355814d2\" data-vce-do-apply=\"all el-355814d2\"><h3 style=\"text-align: center;\"><span style=\"font-size: 24pt; font-family: 'PT Sans'; font-weight: bold; font-style: normal; color: #3a0ca3;\">7000+<\/span><\/h3>\n<h3 style=\"text-align: center;\"><span style=\"font-size: 24pt; font-family: 'PT Sans'; font-weight: bold; font-style: normal; color: #3a0ca3;\">assessed&nbsp; <\/span><span style=\"font-size: 24pt; font-family: 'PT Sans'; font-weight: bold; font-style: normal; color: #3a0ca3;\">participants<\/span><\/h3><\/div><\/div><\/div><\/div><\/div><div class=\"vce-col vce-col--md-auto vce-col--xs-1 vce-col--xs-last vce-col--xs-first vce-col--sm-last vce-col--sm-first\" id=\"el-821d6555\"><div class=\"vce-col-inner\" data-vce-do-apply=\"border margin background  el-821d6555\"><div class=\"vce-col-content\" data-vce-element-content=\"true\" data-vce-do-apply=\"padding el-821d6555\"><div class=\"vce-features vce-var-icon vce-features--style-filled-circle vce-features--size-small\" style=\"--iconAlignment: center; --iconColor: rgb(244, 168, 206); --iconColorHover: rgb(244, 168, 206); --shapeColor: rgb(58, 12, 163); --shapeColorHover: rgb(58, 12, 163); --linkColorHover: rgb(52,11,146);\"><div id=\"el-be21263c\" class=\"vce vce-features-icon-wrapper\" data-vce-do-apply=\"all el-be21263c\" data-vce-animate=\"vce-o-animate--bounce\"><div class=\"vce-features--icon vce-icon\"><svg xmlns=\"https:\/\/www.w3.org\/2000\/svg\" viewbox=\"0 0 769 769\"><path stroke-width=\"25\" d=\"M565.755 696.27h-360l-180-311.77 180-311.77h360l180 311.77z\"><\/path><\/svg><span class=\"vce-icon-container fas fa-chalkboard-teacher\"><\/span><\/div><\/div><\/div><div class=\"vce-text-block\"><div class=\"vce-text-block-wrapper vce\" id=\"el-a0f79b86\" data-vce-do-apply=\"all el-a0f79b86\"><h3 style=\"text-align: center;\"><span style=\"font-size: 24pt; font-family: 'PT Sans'; font-weight: bold; font-style: normal; color: #3a0ca3;\">36<\/span><\/h3>\n<h3 style=\"text-align: center;\"><span style=\"font-size: 24pt; font-family: 'PT Sans'; font-weight: bold; font-style: normal; color: #3a0ca3;\">certified partners<\/span><\/h3><\/div><\/div><\/div><\/div><\/div><div class=\"vce-col vce-col--md-auto vce-col--xs-1 vce-col--xs-last vce-col--xs-first vce-col--sm-last vce-col--sm-first\" id=\"el-56d6ed4e\"><div class=\"vce-col-inner\" data-vce-do-apply=\"border margin background  el-56d6ed4e\"><div class=\"vce-col-content\" data-vce-element-content=\"true\" data-vce-do-apply=\"padding el-56d6ed4e\"><div class=\"vce-features vce-var-icon vce-features--style-filled-circle vce-features--size-small\" style=\"--iconAlignment: center; --iconColor: rgb(244, 168, 206); --iconColorHover: rgb(244, 168, 206); --shapeColor: rgb(58, 12, 163); --shapeColorHover: rgb(58, 12, 163); --linkColorHover: rgb(52,11,146);\"><div id=\"el-e0977427\" class=\"vce vce-features-icon-wrapper\" data-vce-do-apply=\"all el-e0977427\" data-vce-animate=\"vce-o-animate--bounce\"><div class=\"vce-features--icon vce-icon\"><svg xmlns=\"https:\/\/www.w3.org\/2000\/svg\" viewbox=\"0 0 769 769\"><path stroke-width=\"25\" d=\"M565.755 696.27h-360l-180-311.77 180-311.77h360l180 311.77z\"><\/path><\/svg><span class=\"vce-icon-container fas fa-heart\"><\/span><\/div><\/div><\/div><div class=\"vce-text-block\"><div class=\"vce-text-block-wrapper vce\" id=\"el-8ea98350\" data-vce-do-apply=\"all el-8ea98350\"><h3 style=\"text-align: center;\"><span style=\"font-size: 24pt; font-family: 'PT Sans'; font-weight: bold; font-style: normal; color: #3a0ca3;\">93%<\/span><\/h3><h3 style=\"text-align: center;\"><span style=\"font-size: 24pt; font-family: 'PT Sans'; font-weight: bold; font-style: normal; color: #3a0ca3;\">positive feedback<\/span><\/h3><\/div><\/div><\/div><\/div><\/div><div class=\"vce-col vce-col--md-auto vce-col--xs-1 vce-col--xs-last vce-col--xs-first vce-col--sm-last vce-col--sm-first vce-col--md-last vce-col--lg-last vce-col--xl-last\" id=\"el-67405479\"><div class=\"vce-col-inner\" data-vce-do-apply=\"border margin background  el-67405479\"><div class=\"vce-col-content\" data-vce-element-content=\"true\" data-vce-do-apply=\"padding el-67405479\"><div class=\"vce-features vce-var-icon vce-features--style-filled-circle vce-features--size-small\" style=\"--iconAlignment: center; --iconColor: rgb(244, 168, 206); --iconColorHover: rgb(244, 168, 206); --shapeColor: rgb(58, 12, 163); --shapeColorHover: rgb(58, 12, 163); --linkColorHover: rgb(52,11,146);\"><div id=\"el-6e9341cf\" class=\"vce vce-features-icon-wrapper\" data-vce-do-apply=\"all el-6e9341cf\" data-vce-animate=\"vce-o-animate--bounce\"><div class=\"vce-features--icon vce-icon\"><svg xmlns=\"https:\/\/www.w3.org\/2000\/svg\" viewbox=\"0 0 769 769\"><path stroke-width=\"25\" d=\"M565.755 696.27h-360l-180-311.77 180-311.77h360l180 311.77z\"><\/path><\/svg><span class=\"vce-icon-container fas fa-drafting-compass\"><\/span><\/div><\/div><\/div><div class=\"vce-text-block\"><div class=\"vce-text-block-wrapper vce\" id=\"el-7a6daf9c\" data-vce-do-apply=\"all el-7a6daf9c\"><h3 style=\"text-align: center;\"><span style=\"font-size: 24pt; font-family: 'PT Sans'; font-weight: bold; font-style: normal; color: #3a0ca3;\">17 <\/span><\/h3><h3 style=\"text-align: center;\"><span style=\"font-size: 24pt; font-family: 'PT Sans'; font-weight: bold; font-style: normal; color: #3a0ca3;\">evaluated competencies<\/span><\/h3><\/div><\/div><\/div><\/div><\/div><\/div><\/div><\/div><div class=\"vce-row-container\"><div class=\"vce-row vce-element--has-background vce-row--col-gap-30 vce-row-equal-height vce-row-content--top\" data-vce-full-width=\"true\" id=\"el-b0e7d011\" data-vce-do-apply=\"all el-b0e7d011\"><div class=\"vce-content-background-container\"><\/div><div class=\"vce-row-content\" data-vce-element-content=\"true\"><div class=\"vce-col vce-col--md-auto vce-col--xs-1 vce-col--xs-last vce-col--xs-first vce-col--sm-last vce-col--sm-first vce-col--md-first vce-col--lg-first vce-col--xl-first\" id=\"el-ae2b8a4f\"><div class=\"vce-col-inner\" data-vce-do-apply=\"border margin background  el-ae2b8a4f\"><div class=\"vce-col-content\" data-vce-element-content=\"true\" data-vce-do-apply=\"padding el-ae2b8a4f\"><div class=\"vce-features vce-var-icon vce-features--style-filled-circle vce-features--size-small\" style=\"--iconAlignment: center; --iconColor: rgb(244, 168, 206); --iconColorHover: rgb(244, 168, 206); --shapeColor: rgb(58, 12, 163); --shapeColorHover: rgb(58, 12, 163); --linkColorHover: rgb(52,11,146);\"><div id=\"el-6eb068c9\" class=\"vce vce-features-icon-wrapper\" data-vce-do-apply=\"all el-6eb068c9\" data-vce-animate=\"vce-o-animate--bounce\"><div class=\"vce-features--icon vce-icon\"><svg xmlns=\"https:\/\/www.w3.org\/2000\/svg\" viewbox=\"0 0 769 769\"><path stroke-width=\"25\" d=\"M565.755 696.27h-360l-180-311.77 180-311.77h360l180 311.77z\"><\/path><\/svg><span class=\"vce-icon-container fas fa-users\"><\/span><\/div><\/div><\/div><div class=\"vce-text-block\"><div class=\"vce-text-block-wrapper vce\" id=\"el-409825bd\" data-vce-do-apply=\"all el-409825bd\"><h3 style=\"text-align: center;\"><span style=\"font-size: 24pt; font-family: 'PT Sans'; font-weight: bold; font-style: normal; color: #3a0ca3;\">7000+<\/span><\/h3>\n<h3 style=\"text-align: center;\"><span style=\"font-size: 24pt; font-family: 'PT Sans'; font-weight: bold; font-style: normal; color: #3a0ca3;\">assessed&nbsp; <\/span><span style=\"font-size: 24pt; font-family: 'PT Sans'; font-weight: bold; font-style: normal; color: #3a0ca3;\">participants<\/span><\/h3><\/div><\/div><\/div><\/div><\/div><div class=\"vce-col vce-col--md-auto vce-col--xs-1 vce-col--xs-last vce-col--xs-first vce-col--sm-last vce-col--sm-first\" id=\"el-fbbe80cf\"><div class=\"vce-col-inner\" data-vce-do-apply=\"border margin background  el-fbbe80cf\"><div class=\"vce-col-content\" data-vce-element-content=\"true\" data-vce-do-apply=\"padding el-fbbe80cf\"><div class=\"vce-features vce-var-icon vce-features--style-filled-circle vce-features--size-small\" style=\"--iconAlignment: center; --iconColor: rgb(244, 168, 206); --iconColorHover: rgb(244, 168, 206); --shapeColor: rgb(58, 12, 163); --shapeColorHover: rgb(58, 12, 163); --linkColorHover: rgb(52,11,146);\"><div id=\"el-13ea6e11\" class=\"vce vce-features-icon-wrapper\" data-vce-do-apply=\"all el-13ea6e11\" data-vce-animate=\"vce-o-animate--bounce\"><div class=\"vce-features--icon vce-icon\"><svg xmlns=\"https:\/\/www.w3.org\/2000\/svg\" viewbox=\"0 0 769 769\"><path stroke-width=\"25\" d=\"M565.755 696.27h-360l-180-311.77 180-311.77h360l180 311.77z\"><\/path><\/svg><span class=\"vce-icon-container fas fa-chalkboard-teacher\"><\/span><\/div><\/div><\/div><div class=\"vce-text-block\"><div class=\"vce-text-block-wrapper vce\" id=\"el-3375aaa8\" data-vce-do-apply=\"all el-3375aaa8\"><h3 style=\"text-align: center;\"><span style=\"font-size: 24pt; font-family: 'PT Sans'; font-weight: bold; font-style: normal; color: #3a0ca3;\">36<\/span><\/h3>\n<h3 style=\"text-align: center;\"><span style=\"font-size: 24pt; font-family: 'PT Sans'; font-weight: bold; font-style: normal; color: #3a0ca3;\">certified partners<\/span><\/h3><\/div><\/div><\/div><\/div><\/div><div class=\"vce-col vce-col--md-auto vce-col--xs-1 vce-col--xs-last vce-col--xs-first vce-col--sm-last vce-col--sm-first\" id=\"el-da10f5a6\"><div class=\"vce-col-inner\" data-vce-do-apply=\"border margin background  el-da10f5a6\"><div class=\"vce-col-content\" data-vce-element-content=\"true\" data-vce-do-apply=\"padding el-da10f5a6\"><div class=\"vce-features vce-var-icon vce-features--style-filled-circle vce-features--size-small\" style=\"--iconAlignment: center; --iconColor: rgb(244, 168, 206); --iconColorHover: rgb(244, 168, 206); --shapeColor: rgb(58, 12, 163); --shapeColorHover: rgb(58, 12, 163); --linkColorHover: rgb(52,11,146);\"><div id=\"el-713a3324\" class=\"vce vce-features-icon-wrapper\" data-vce-do-apply=\"all el-713a3324\" data-vce-animate=\"vce-o-animate--bounce\"><div class=\"vce-features--icon vce-icon\"><svg xmlns=\"https:\/\/www.w3.org\/2000\/svg\" viewbox=\"0 0 769 769\"><path stroke-width=\"25\" d=\"M565.755 696.27h-360l-180-311.77 180-311.77h360l180 311.77z\"><\/path><\/svg><span class=\"vce-icon-container fas fa-heart\"><\/span><\/div><\/div><\/div><div class=\"vce-text-block\"><div class=\"vce-text-block-wrapper vce\" id=\"el-a2310916\" data-vce-do-apply=\"all el-a2310916\"><h3 style=\"text-align: center;\"><span style=\"font-size: 24pt; font-family: 'PT Sans'; font-weight: bold; font-style: normal; color: #3a0ca3;\">93%<\/span><\/h3><h3 style=\"text-align: center;\"><span style=\"font-size: 24pt; font-family: 'PT Sans'; font-weight: bold; font-style: normal; color: #3a0ca3;\">positive feedback<\/span><\/h3><\/div><\/div><\/div><\/div><\/div><div class=\"vce-col vce-col--md-auto vce-col--xs-1 vce-col--xs-last vce-col--xs-first vce-col--sm-last vce-col--sm-first vce-col--md-last vce-col--lg-last vce-col--xl-last\" id=\"el-1afe1fae\"><div class=\"vce-col-inner\" data-vce-do-apply=\"border margin background  el-1afe1fae\"><div class=\"vce-col-content\" data-vce-element-content=\"true\" data-vce-do-apply=\"padding el-1afe1fae\"><div class=\"vce-features vce-var-icon vce-features--style-filled-circle vce-features--size-small\" style=\"--iconAlignment: center; --iconColor: rgb(244, 168, 206); --iconColorHover: rgb(244, 168, 206); --shapeColor: rgb(58, 12, 163); --shapeColorHover: rgb(58, 12, 163); --linkColorHover: rgb(52,11,146);\"><div id=\"el-172f8021\" class=\"vce vce-features-icon-wrapper\" data-vce-do-apply=\"all el-172f8021\" data-vce-animate=\"vce-o-animate--bounce\"><div class=\"vce-features--icon vce-icon\"><svg xmlns=\"https:\/\/www.w3.org\/2000\/svg\" viewbox=\"0 0 769 769\"><path stroke-width=\"25\" d=\"M565.755 696.27h-360l-180-311.77 180-311.77h360l180 311.77z\"><\/path><\/svg><span class=\"vce-icon-container fas fa-drafting-compass\"><\/span><\/div><\/div><\/div><div class=\"vce-text-block\"><div class=\"vce-text-block-wrapper vce\" id=\"el-59248457\" data-vce-do-apply=\"all el-59248457\"><h3 style=\"text-align: center;\"><span style=\"font-size: 24pt; font-family: 'PT Sans'; font-weight: bold; font-style: normal; color: #3a0ca3;\">17 <\/span><\/h3><h3 style=\"text-align: center;\"><span style=\"font-size: 24pt; font-family: 'PT Sans'; font-weight: bold; font-style: normal; color: #3a0ca3;\">evaluated competencies<\/span><\/h3><\/div><\/div><\/div><\/div><\/div><\/div><\/div><\/div>","protected":false},"excerpt":{"rendered":"<p>Nie usuwa\u0107 &#8211; strings t\u0142umaczeniaBlog po angielskuBlog po polsku7000+ Przebadanych&nbsp; os\u00f3b36 Certyfikowanych partner\u00f3w93%Pozytywnych opinii17 Badanych kompetencji7000+ Przebadanych&nbsp; os\u00f3b36 Certyfikowanych partner\u00f3w93%Pozytywnych opinii17 Badanych kompetencji<\/p>","protected":false},"author":5,"featured_media":0,"parent":0,"menu_order":0,"comment_status":"closed","ping_status":"closed","template":"","meta":{"footnotes":""},"class_list":["post-1465","page","type-page","status-publish","hentry"],"_links":{"self":[{"href":"https:\/\/competencegame.com\/en\/wp-json\/wp\/v2\/pages\/1465","targetHints":{"allow":["GET"]}}],"collection":[{"href":"https:\/\/competencegame.com\/en\/wp-json\/wp\/v2\/pages"}],"about":[{"href":"https:\/\/competencegame.com\/en\/wp-json\/wp\/v2\/types\/page"}],"author":[{"embeddable":true,"href":"https:\/\/competencegame.com\/en\/wp-json\/wp\/v2\/users\/5"}],"replies":[{"embeddable":true,"href":"https:\/\/competencegame.com\/en\/wp-json\/wp\/v2\/comments?post=1465"}],"version-history":[{"count":4,"href":"https:\/\/competencegame.com\/en\/wp-json\/wp\/v2\/pages\/1465\/revisions"}],"predecessor-version":[{"id":1471,"href":"https:\/\/competencegame.com\/en\/wp-json\/wp\/v2\/pages\/1465\/revisions\/1471"}],"wp:attachment":[{"href":"https:\/\/competencegame.com\/en\/wp-json\/wp\/v2\/media?parent=1465"}],"curies":[{"name":"wp","href":"https:\/\/api.w.org\/{rel}","templated":true}]}}