{"id":1497,"date":"2024-08-13T14:24:53","date_gmt":"2024-08-13T14:24:53","guid":{"rendered":"https:\/\/competencegame.com\/?page_id=1497"},"modified":"2024-08-21T14:44:03","modified_gmt":"2024-08-21T14:44:03","slug":"ebook-2","status":"publish","type":"page","link":"https:\/\/competencegame.com\/en\/ebook-2\/","title":{"rendered":"Eksperci HR o kluczowych kompetencjach kandydat\u00f3w"},"content":{"rendered":"<div class=\"vce-row-container\" data-vce-boxed-width=\"true\"><div class=\"vce-row vce-row--col-gap-30 vce-row-equal-height vce-row-content--top\" id=\"el-0544f4a1\" data-vce-do-apply=\"all el-0544f4a1\"><div class=\"vce-row-content\" data-vce-element-content=\"true\"><div class=\"vce-col vce-col--md-auto vce-col--xs-1 vce-col--xs-last vce-col--xs-first vce-col--sm-last vce-col--sm-first vce-col--md-last vce-col--lg-last vce-col--xl-last vce-col--md-first vce-col--lg-first vce-col--xl-first\" id=\"el-2ac73b67\"><div class=\"vce-col-inner\" data-vce-do-apply=\"border margin background  el-2ac73b67\"><div class=\"vce-col-content\" data-vce-element-content=\"true\" data-vce-do-apply=\"padding el-2ac73b67\"><div class=\"vce-single-image-container vce-single-image--align-center\"><div class=\"vce vce-single-image-wrapper\" id=\"el-31ab02b2\" data-vce-do-apply=\"all el-31ab02b2\" data-vce-animate=\"vce-o-animate--fadeInUp\"><figure><div class=\"vce-single-image-figure-inner\" style=\"width: 1024px;\"><div class=\"vce-single-image-inner vce-single-image--absolute\" style=\"width: 100%; padding-bottom: 70.6055%;\"><img loading=\"lazy\" decoding=\"async\" class=\"vce-single-image\"  width=\"1024\" height=\"723\" srcset=\"https:\/\/competencegame.com\/wp-content\/uploads\/2024\/08\/Tytul-1-1024x724.png 1024w, https:\/\/competencegame.com\/wp-content\/uploads\/2024\/08\/Tytul-1-320x226.png 320w, https:\/\/competencegame.com\/wp-content\/uploads\/2024\/08\/Tytul-1-480x339.png 480w, https:\/\/competencegame.com\/wp-content\/uploads\/2024\/08\/Tytul-1-800x566.png 800w\" src=\"https:\/\/competencegame.com\/wp-content\/uploads\/2024\/08\/Tytul-1-1024x724.png\" data-img-src=\"https:\/\/competencegame.com\/wp-content\/uploads\/2024\/08\/Tytul-1.png\" data-attachment-id=\"1501\"  alt=\"\" title=\"Tytu\u0142 (1)\" \/><\/div><\/div><figcaption hidden=\"\"><\/figcaption><\/figure><\/div><\/div><div class=\"vce-text-block\"><div class=\"vce-text-block-wrapper vce\" id=\"el-97446ea1\" data-vce-do-apply=\"all el-97446ea1\"><h2 style=\"text-align: center;\"><span style=\"color: #212121; font-family: PT Sans;\">Jakie kompetencje <br>s\u0105 najwa\u017cniejsze, <br><\/span><span style=\"color: #212121; font-family: PT Sans;\">gdy szukamy odpowiedniego kandydata?<\/span><\/h2><\/div><\/div><div class=\"vce-button--style-outline-container vce-button--style-outline-container--align-center\"><span class=\"vce-button--style-outline-wrapper vce\" id=\"el-994fc730\" data-vce-do-apply=\"margin el-994fc730\"><a class=\"vce-button vce-button--style-outline-animated vce-button--style-outline--border-square vce-button--style-outline--size-medium vce-button--style-outline-animated--color-b-193-26-74--fff--3d3d3d vce-button--style-outline-animated--border-color-b-214-69-110--3d3d3d vce-button--style-outline-animated--background-color-ba-193-26-74-0-57\" href=\"#FormularzeBook\" title=\"\" data-vce-do-apply=\"padding border background  el-994fc730\"><span class=\"vce-button--style-outline-text\">Pobierz bezp\u0142atny ebook<\/span><\/a><\/span><\/div><\/div><\/div><\/div><\/div><\/div><\/div><div class=\"vce-row-container\" id=\"step1\" data-vce-boxed-width=\"true\"><div class=\"vce-row vce-row--col-gap-30 vce-row-equal-height vce-row-content--top\" id=\"el-418c076a\" data-vce-do-apply=\"all el-418c076a\"><div class=\"vce-content-background-container\"><\/div><div class=\"vce-row-content\" data-vce-element-content=\"true\"><div class=\"vce-col vce-col--md-43p vce-col--xs-1 vce-col--xs-last vce-col--xs-first vce-col--sm-last vce-col--sm-first vce-col--md-first vce-col--lg-first vce-col--xl-first\" id=\"el-66fa98e6\"><div class=\"vce-col-inner\" data-vce-do-apply=\"border margin background  el-66fa98e6\"><div class=\"vce-col-content\" data-vce-element-content=\"true\" data-vce-do-apply=\"padding el-66fa98e6\"><div class=\"vce-single-image-container vce-single-image--align-left\"><div class=\"vce vce-single-image-wrapper\" id=\"el-fcab410e\" data-vce-do-apply=\"all el-fcab410e\"><figure><div class=\"vce-single-image-figure-inner\" style=\"width: 1024px;\"><div class=\"vce-single-image-inner vce-single-image--absolute vce-single-image--border-rounded\" style=\"width: 100%; padding-bottom: 25.7812%;\"><img loading=\"lazy\" decoding=\"async\" class=\"vce-single-image\"  width=\"1024\" height=\"264\" srcset=\"https:\/\/competencegame.com\/wp-content\/uploads\/2024\/06\/logo-z-usunietym-tlem-1024x265.png 1024w, https:\/\/competencegame.com\/wp-content\/uploads\/2024\/06\/logo-z-usunietym-tlem-320x83.png 320w, https:\/\/competencegame.com\/wp-content\/uploads\/2024\/06\/logo-z-usunietym-tlem-480x124.png 480w, https:\/\/competencegame.com\/wp-content\/uploads\/2024\/06\/logo-z-usunietym-tlem-800x207.png 800w\" src=\"https:\/\/competencegame.com\/wp-content\/uploads\/2024\/06\/logo-z-usunietym-tlem-1024x265.png\" data-img-src=\"https:\/\/competencegame.com\/wp-content\/uploads\/2024\/06\/logo-z-usunietym-tlem.png\" data-attachment-id=\"1452\"  alt=\"Competence Game\" title=\"\" \/><\/div><\/div><figcaption hidden=\"\"><\/figcaption><\/figure><\/div><\/div><div class=\"vce-text-block\"><div class=\"vce-text-block-wrapper vce\" id=\"el-fab64e9e\" data-vce-do-apply=\"all el-fab64e9e\"><p style=\"text-align: left;\"><span style=\"font-size: 14pt; font-family: 'Open Sans';\">W Competence Game dostarczamy przyjazne kandydatom <\/span><span style=\"font-size: 14pt; font-family: 'Open Sans';\">narz\u0119dzia, dzi\u0119ki kt\u00f3rym rekruterzy mog\u0105 \u0142atwiej podejmowa\u0107 <\/span><span style=\"font-size: 14pt; font-family: 'Open Sans';\">trafne decyzje selekcyjne.<br><\/span><br><span style=\"font-size: 14pt; font-family: 'Open Sans';\">Na przestrzeni lat wspierali\u015bmy organizacje takie jak<br><\/span><span style=\"font-family: 'Open Sans'; font-size: 14pt;\">Credit Agricole, Mercedes-Benz czy Metlife.<\/span><\/p><p style=\"text-align: left;\"><span style=\"font-size: 14pt;\"><span style=\"font-family: 'Open Sans';\"><strong>Z naszego ebooka dowiesz si\u0119, jakie kompetencje mi\u0119kkie s\u0105 zdaniem ekspert\u00f3w HR kluczowe dla kandydat\u00f3w na stanowiska szeregowe, specjalistyczne i managerskie.<\/strong><\/span><\/span><\/p><p style=\"text-align: left;\"><span style=\"font-size: 14pt;\"><span style=\"font-family: 'Open Sans';\">W dokumencie opisali\u015bmy wyniki naszego badania przeprowadzonego na polskich ekspertach HR. Zadali\u015bmy im pytania o stanowiska, na jakie najcz\u0119\u015bciej rekrutuj\u0105 oraz o kompetencje szczeg\u00f3lnie istotne na tych stanowiskach.&nbsp;<\/span><\/span><\/p><p style=\"text-align: left;\"><span style=\"font-size: 14pt;\"><span style=\"font-family: 'Open Sans';\">Zapraszamy do lektury!<\/span><\/span><\/p><\/div><\/div><\/div><\/div><\/div><div class=\"vce-col vce-col--md-57p vce-col--xs-1 vce-col--xs-last vce-col--xs-first vce-col--sm-last vce-col--sm-first vce-col--md-last vce-col--lg-last vce-col--xl-last\" id=\"el-55472913\"><div class=\"vce-col-inner\" data-vce-do-apply=\"border margin background  el-55472913\"><div class=\"vce-col-content\" data-vce-element-content=\"true\" data-vce-do-apply=\"padding el-55472913\"><div class=\"vce-text-block\" id=\"FormularzEbook\"><div class=\"vce-text-block-wrapper vce\" id=\"el-edec17b2\" data-vce-do-apply=\"all el-edec17b2\"><h2 style=\"line-height: 1;\"><span style=\"font-size: 24pt; font-weight: bold; font-style: normal;\"><strong><span style=\"font-family: 'PT Sans';\">\"Eksperci HR o kluczowych kompetencjach kandydat\u00f3w\"<\/span><\/strong><\/span><\/h2>\n<p><span style=\"font-family: 'PT Sans'; font-size: 14pt;\">Wype\u0142nij formularz, by otrzyma\u0107 dost\u0119p do ebooka. Dowiesz si\u0119 z niego, jakie kompetencje mi\u0119kkie s\u0105 kluczowe dla stanowisk szeregowych, managerskich i specjalistycznych.<\/span><\/p><\/div><\/div><div class=\"vce-shortcode\" id=\"FormularzeBook\"><div class=\"vce-shortcode-wrapper vce\" id=\"el-f640188d\" data-vce-do-apply=\"all el-f640188d\">\n<div class=\"wpcf7 no-js\" id=\"wpcf7-f1504-o1\" lang=\"pl-PL\" dir=\"ltr\" data-wpcf7-id=\"1504\">\n<div class=\"screen-reader-response\"><p role=\"status\" aria-live=\"polite\" aria-atomic=\"true\"><\/p> <ul><\/ul><\/div>\n<form action=\"\/en\/wp-json\/wp\/v2\/pages\/1497#wpcf7-f1504-o1\" method=\"post\" class=\"wpcf7-form init cf7skins cf7s-fairy-floss\" aria-label=\"Formularz kontaktowy\" novalidate=\"novalidate\" data-status=\"init\" data-trp-original-action=\"\/en\/wp-json\/wp\/v2\/pages\/1497#wpcf7-f1504-o1\">\n<fieldset class=\"hidden-fields-container\"><input type=\"hidden\" name=\"_wpcf7\" value=\"1504\" \/><input type=\"hidden\" name=\"_wpcf7_version\" value=\"6.1.5\" \/><input type=\"hidden\" name=\"_wpcf7_locale\" value=\"pl_PL\" \/><input type=\"hidden\" name=\"_wpcf7_unit_tag\" value=\"wpcf7-f1504-o1\" \/><input type=\"hidden\" name=\"_wpcf7_container_post\" value=\"0\" \/><input type=\"hidden\" name=\"_wpcf7_posted_data_hash\" value=\"\" \/><input type=\"hidden\" name=\"_wpcf7_recaptcha_response\" value=\"\" \/>\n<\/fieldset>\n<b><div class=\"form-group\"><label>Imi\u0119 (wymagane)<\/label>\n<span class=\"wpcf7-form-control-wrap\" data-name=\"imi_wymagane\"><input size=\"40\" maxlength=\"400\" class=\"wpcf7-form-control wpcf7-text wpcf7-validates-as-required form-control\" aria-required=\"true\" aria-invalid=\"false\" value=\"\" type=\"text\" name=\"imi_wymagane\" \/><\/span><\/div>\n<div class=\"form-group\"><label>Nazwisko (wymagane)<\/label>\n<span class=\"wpcf7-form-control-wrap\" data-name=\"nazwisko_wymagane\"><input size=\"40\" maxlength=\"400\" class=\"wpcf7-form-control wpcf7-text wpcf7-validates-as-required form-control\" aria-required=\"true\" aria-invalid=\"false\" value=\"\" type=\"text\" name=\"nazwisko_wymagane\" \/><\/span><\/div>\n<div class=\"form-group\"><label>S\u0142u\u017cbowy adres email (wymagane)<\/label>\n<span class=\"wpcf7-form-control-wrap\" data-name=\"your-email\"><input size=\"40\" maxlength=\"400\" class=\"wpcf7-form-control wpcf7-email wpcf7-validates-as-required wpcf7-text wpcf7-validates-as-email\" aria-required=\"true\" aria-invalid=\"false\" value=\"\" type=\"email\" name=\"your-email\" \/><\/span><\/div>\n<div class=\"form-group\"><label>Stanowisko<\/label>\n<span class=\"wpcf7-form-control-wrap\" data-name=\"stanowisko\"><input size=\"40\" maxlength=\"400\" class=\"wpcf7-form-control wpcf7-text form-control\" aria-invalid=\"false\" value=\"\" type=\"text\" name=\"stanowisko\" \/><\/span><\/div>\n<div class=\"form-group\"><label>Numer kontaktowy<\/label>\n<span class=\"wpcf7-form-control-wrap\" data-name=\"numer_kontaktowy\"><input size=\"40\" maxlength=\"400\" class=\"wpcf7-form-control wpcf7-text form-control\" aria-invalid=\"false\" value=\"\" type=\"text\" name=\"numer_kontaktowy\" \/><\/span><\/div>\n<div class=\"form-group\"><label>Czy Wasza firma obecnie korzysta z narz\u0119dzi do mierzenia kompetencji? (wymagane)<\/label><\/b>\n<span class=\"wpcf7-form-control-wrap\" data-name=\"competence_tests\"><select class=\"wpcf7-form-control wpcf7-select wpcf7-validates-as-required\" aria-required=\"true\" aria-invalid=\"false\" name=\"competence_tests\"><option value=\"Tak, regularnie\">Tak, regularnie<\/option><option value=\"Tak, czasami\">Tak, czasami<\/option><option value=\"Nie, rozwa\u017camy wdro\u017cenie\">Nie, rozwa\u017camy wdro\u017cenie<\/option><option value=\"Nie, nie rozwa\u017camy wdro\u017cenia\">Nie, nie rozwa\u017camy wdro\u017cenia<\/option><option value=\"Nie wiem\">Nie wiem<\/option><\/select><\/span><input type=\"hidden\" name=\"trp-form-language\" value=\"en\"\/><\/div>\n<b><div class=\"form-group\"><label>I jak si\u0119 z tym czujecie?<\/label>\n<span class=\"wpcf7-form-control-wrap\" data-name=\"feeling\"><input size=\"40\" maxlength=\"400\" class=\"wpcf7-form-control wpcf7-text form-control\" aria-invalid=\"false\" value=\"\" type=\"text\" name=\"feeling\" \/><\/span><\/div><\/b>\n\n<div><span class=\"wpcf7-form-control-wrap\" data-name=\"dane2\"><span class=\"wpcf7-form-control wpcf7-checkbox wpcf7-validates-as-required\"><span class=\"wpcf7-list-item first last\"><input type=\"checkbox\" name=\"dane2[]\" value=\"Wyra\u017cam zgod\u0119 na przetwarzanie moich danych osobowych w celach marketingowych przez Salander Sp. z o.o. oraz PGS Pracownia Gier Szkoleniowych sp. z o.o.\" \/><span class=\"wpcf7-list-item-label\">Wyra\u017cam zgod\u0119 na przetwarzanie moich danych osobowych w celach marketingowych przez Salander Sp. z o.o. oraz PGS Pracownia Gier Szkoleniowych sp. z o.o.<\/span><\/span><\/span><\/span><\/div>\n<div class=\"form-group\"><input class=\"wpcf7-form-control wpcf7-submit has-spinner\" type=\"submit\" value=\"Send\" \/><\/div><div class=\"wpcf7-response-output\" aria-hidden=\"true\"><\/div>\n<\/form>\n<\/div>\n<\/div><\/div><\/div><\/div><\/div><\/div><\/div><\/div><div class=\"vce-row-container\" data-vce-boxed-width=\"true\"><div class=\"vce-row vce-row--col-gap-30 vce-row-equal-height vce-row-content--top\" id=\"el-f64c9ddb\" data-vce-do-apply=\"all el-f64c9ddb\"><div class=\"vce-row-content\" data-vce-element-content=\"true\"><div class=\"vce-col vce-col--md-auto vce-col--xs-1 vce-col--xs-last vce-col--xs-first vce-col--sm-last vce-col--sm-first vce-col--md-last vce-col--lg-last vce-col--xl-last vce-col--md-first vce-col--lg-first vce-col--xl-first\" id=\"el-386af350\"><div class=\"vce-col-inner\" data-vce-do-apply=\"border margin background  el-386af350\"><div class=\"vce-col-content\" data-vce-element-content=\"true\" data-vce-do-apply=\"padding el-386af350\"><div class=\"vcv-row-control-wrapper\"><\/div><\/div><\/div><\/div><\/div><\/div><\/div>","protected":false},"excerpt":{"rendered":"<p>Jakie kompetencje s\u0105 najwa\u017cniejsze, gdy szukamy odpowiedniego kandydata?Pobierz bezp\u0142atny ebookW Competence Game dostarczamy przyjazne kandydatom narz\u0119dzia, dzi\u0119ki kt\u00f3rym rekruterzy mog\u0105 \u0142atwiej podejmowa\u0107 trafne decyzje selekcyjne.Na przestrzeni lat wspierali\u015bmy organizacje takie jakCredit Agricole, Mercedes-Benz czy Metlife.Z naszego ebooka dowiesz si\u0119, jakie kompetencje mi\u0119kkie s\u0105 zdaniem ekspert\u00f3w HR kluczowe dla kandydat\u00f3w na stanowiska szeregowe, specjalistyczne i managerskie.W [&hellip;]<\/p>\n","protected":false},"author":5,"featured_media":0,"parent":0,"menu_order":0,"comment_status":"closed","ping_status":"closed","template":"","meta":{"footnotes":""},"class_list":["post-1497","page","type-page","status-publish","hentry"],"_links":{"self":[{"href":"https:\/\/competencegame.com\/en\/wp-json\/wp\/v2\/pages\/1497","targetHints":{"allow":["GET"]}}],"collection":[{"href":"https:\/\/competencegame.com\/en\/wp-json\/wp\/v2\/pages"}],"about":[{"href":"https:\/\/competencegame.com\/en\/wp-json\/wp\/v2\/types\/page"}],"author":[{"embeddable":true,"href":"https:\/\/competencegame.com\/en\/wp-json\/wp\/v2\/users\/5"}],"replies":[{"embeddable":true,"href":"https:\/\/competencegame.com\/en\/wp-json\/wp\/v2\/comments?post=1497"}],"version-history":[{"count":7,"href":"https:\/\/competencegame.com\/en\/wp-json\/wp\/v2\/pages\/1497\/revisions"}],"predecessor-version":[{"id":1515,"href":"https:\/\/competencegame.com\/en\/wp-json\/wp\/v2\/pages\/1497\/revisions\/1515"}],"wp:attachment":[{"href":"https:\/\/competencegame.com\/en\/wp-json\/wp\/v2\/media?parent=1497"}],"curies":[{"name":"wp","href":"https:\/\/api.w.org\/{rel}","templated":true}]}}