{"id":1506,"date":"2024-08-13T14:46:47","date_gmt":"2024-08-13T14:46:47","guid":{"rendered":"https:\/\/competencegame.com\/?page_id=1506"},"modified":"2024-10-10T11:04:02","modified_gmt":"2024-10-10T11:04:02","slug":"badaniehr-pobierz","status":"publish","type":"page","link":"https:\/\/competencegame.com\/en\/badaniehr-pobierz\/","title":{"rendered":"Eksperci HR o kluczowych kompetencjach kandydat\u00f3w &#8211; pobierz ebook"},"content":{"rendered":"<div class=\"vce-row-container\"><div class=\"vce-row vce-element--xl--has-background vce-element--lg--has-background vce-element--md--has-background vce-element--sm--has-background vce-element--xs--has-background vce-row--col-gap-30 vce-row-wrap--reverse vce-row-equal-height vce-row-content--middle\" data-vce-full-width=\"true\" id=\"el-90d2445c\" data-vce-do-apply=\"all el-90d2445c\"><div class=\"vce-content-background-container\"><div class=\"vce-asset-color-gradient-container vce-visible-xl-only\" data-vce-do-apply=\"gradient el-90d2445c\"><\/div><div class=\"vce-asset-color-gradient-container vce-visible-lg-only\" data-vce-do-apply=\"gradient el-90d2445c\"><\/div><div class=\"vce-asset-color-gradient-container vce-visible-md-only\" data-vce-do-apply=\"gradient el-90d2445c\"><\/div><div class=\"vce-asset-color-gradient-container vce-visible-sm-only\" data-vce-do-apply=\"gradient el-90d2445c\"><\/div><div class=\"vce-asset-color-gradient-container vce-visible-xs-only\" data-vce-do-apply=\"gradient el-90d2445c\"><\/div><\/div><div class=\"vce-dividers-wrapper\"><div class=\"vce-container-divider vce-divider-position--bottom vce-container-divider-new vce-visible-all-only\" data-vce-do-apply=\"divider el-90d2445c\"><div class=\"vce-container-divider-inner\"><svg class=\"vce-divider-svg\" viewbox=\"0 0 500 97\" width=\"130%\" preserveaspectratio=\"none\"><g fill=\"rgb(255, 255, 255)\"><path d=\"M370.005859,7 C421.782298,7 471.582031,23.9140625 500,54.4804687 L500,97 L0,97 L0,86.7851562 C135.587891,97.4101563 223.564453,7.000000000000028 370.005859,7 Z\" opacity=\"0.5\"><\/path><path d=\"M370.005859,15 C421.782298,15 471.582031,27.9140625 500,58.4804687 L500,97 L0,97 L0,90.7851562 C135.587891,101.4101562 223.564453,15 370.005859,15 Z\" opacity=\"0.5\"><\/path><path d=\"M370.005859,22 C421.782298,22 471.582031,31.9140625 500,62.4804687 L500,97 L0,97 L0,94.7851562 C135.587891,105.4101562 223.564453,22 370.005859,22 Z\"><\/path><\/g><\/svg><\/div><\/div><\/div><div class=\"vce-row-content\" data-vce-element-content=\"true\"><div class=\"vce-col vce-col--md-50p vce-col--xs-1 vce-col--xs-last vce-col--xs-first vce-col--sm-last vce-col--sm-first vce-col--md-last vce-col--lg-last vce-col--xl-last vce-col--md-first vce-col--lg-first vce-col--xl-first\" id=\"el-35cf8e8e\"><div class=\"vce-col-inner\" data-vce-do-apply=\"border margin background  el-35cf8e8e\"><div class=\"vce-col-content\" data-vce-element-content=\"true\" data-vce-do-apply=\"padding el-35cf8e8e\"><div class=\"vcv-row-control-wrapper\"><\/div><\/div><\/div><\/div><\/div><\/div><\/div><div class=\"vce-row-container\" id=\"step1\" data-vce-boxed-width=\"true\"><div class=\"vce-row vce-row--col-gap-30 vce-row-equal-height vce-row-content--top\" id=\"el-6ebf6e1f\" data-vce-do-apply=\"all el-6ebf6e1f\"><div class=\"vce-content-background-container\"><\/div><div class=\"vce-row-content\" data-vce-element-content=\"true\"><div class=\"vce-col vce-col--md-auto vce-col--xs-1 vce-col--xs-last vce-col--xs-first vce-col--sm-last vce-col--sm-first vce-col--md-last vce-col--lg-last vce-col--xl-last vce-col--md-first vce-col--lg-first vce-col--xl-first\" id=\"el-82501613\"><div class=\"vce-col-inner\" data-vce-do-apply=\"border margin background  el-82501613\"><div class=\"vce-content-background-container\"><\/div><div class=\"vce-col-content\" data-vce-element-content=\"true\" data-vce-do-apply=\"padding el-82501613\"><div class=\"vce-text-block\"><div class=\"vce-text-block-wrapper vce\" id=\"el-11741c8b\" data-vce-do-apply=\"all el-11741c8b\"><h3 style=\"text-align: center;\"><span style=\"font-family: Roboto;\"><strong><span style=\"font-size: 18pt;\">Dzi\u0119kujemy za wype\u0142nienie formularza<\/span><\/strong><\/span><\/h3><\/div><\/div><div class=\"vce-button--style-basic-container vce-button--style-basic-container--align-center\"><span class=\"vce-button--style-basic-wrapper vce\" id=\"el-067e9156\" data-vce-do-apply=\"margin el-067e9156\"><a class=\"vce-button vce-button--style-basic vce-button--style-basic--border-rounded vce-button--style-basic--size-large vce-button--style-basic--color-ba-58-12-163-0-91--fff\" href=\"https:\/\/competencegame.com\/wp-content\/uploads\/2024\/10\/Raport-z-badania-Eksperci-HR-o-kluczowych-kompetencjach-kandydatow.pdf\" title=\"\" target=\"_blank\" data-vce-do-apply=\"padding border background  el-067e9156\" data-vce-animate=\"vce-o-animate--None\" rel=\"noopener\">Kliknij tutaj, by pobra\u0107 ebook<\/a><\/span><\/div><div class=\"vce-single-image-container vce-single-image--align-center\"><div class=\"vce vce-single-image-wrapper\" id=\"el-02c863ed\" data-vce-do-apply=\"all el-02c863ed\"><figure><div class=\"vce-single-image-figure-inner\" style=\"width: 1024px;\"><a href=\"https:\/\/competencegame.com\/wp-content\/uploads\/2024\/10\/Raport-z-badania-Eksperci-HR-o-kluczowych-kompetencjach-kandydatow.pdf\" title=\"\" target=\"_blank\" class=\"vce-single-image-inner vce-single-image--absolute\" style=\"padding-bottom: 70.6055%; width: 100%;\" rel=\"noopener\"><img loading=\"lazy\" decoding=\"async\" class=\"vce-single-image\"  width=\"1024\" height=\"723\" srcset=\"https:\/\/competencegame.com\/wp-content\/uploads\/2024\/08\/Tytul-1-1024x724.png 1024w, https:\/\/competencegame.com\/wp-content\/uploads\/2024\/08\/Tytul-1-320x226.png 320w, https:\/\/competencegame.com\/wp-content\/uploads\/2024\/08\/Tytul-1-480x339.png 480w, https:\/\/competencegame.com\/wp-content\/uploads\/2024\/08\/Tytul-1-800x566.png 800w\" src=\"https:\/\/competencegame.com\/wp-content\/uploads\/2024\/08\/Tytul-1-1024x724.png\" data-img-src=\"https:\/\/competencegame.com\/wp-content\/uploads\/2024\/08\/Tytul-1.png\" data-attachment-id=\"1501\"  alt=\"\" title=\"Tytu\u0142 (1)\" \/><\/a><\/div><figcaption hidden=\"\"><\/figcaption><\/figure><\/div><\/div><section class=\"vce-hero-section-container vce-hero-section-media--xs vce-hero-section-media--sm vce-hero-section-media--md vce-hero-section-media--lg vce-hero-section-media--xl\"><div class=\"vce vce-hero-section\" id=\"el-ff469c83\" data-vce-do-apply=\"margin background border  el-ff469c83\" data-vce-animate=\"vce-o-animate--bounceIn\"><div class=\"vce-hero-section--wrap-row\"><div class=\"vce-hero-section--wrap\"><div class=\"vce-hero-section--content\" data-vce-do-apply=\"padding el-ff469c83\"><div class=\"vce-hero-section--content-container\"><p style=\"color: #fff;\"><span style=\"color: #000000; font-size: 16pt;\">Mo\u017cesz te\u017c skorzysta\u0107 z naszego kalendarza online <br>i wygodnie um\u00f3wi\u0107 si\u0119 na spotkanie.<\/span><\/p><\/div><div class=\"vce-button--style-basic-container vce-button--style-basic-container--align-center\"><span class=\"vce-button--style-basic-wrapper vce\" id=\"el-6027bdf7\" data-vce-do-apply=\"margin el-6027bdf7\"><a class=\"vce-button vce-button--style-basic vce-button--style-basic--border-rounded vce-button--style-basic--size-large vce-button--style-basic--color-b-247-44-146--fff\" href=\"https:\/\/outlook.office365.com\/owa\/calendar\/CompetenceGame1@pracowniagier.com\/bookings\/\" title=\"\" data-vce-do-apply=\"padding border background  el-6027bdf7\">Przejd\u017a do kalendarza<\/a><\/span><\/div><\/div><\/div><\/div><\/div><\/section><\/div><\/div><\/div><\/div><\/div><\/div>","protected":false},"excerpt":{"rendered":"<p>Dzi\u0119kujemy za wype\u0142nienie formularzaKliknij tutaj, by pobra\u0107 ebookMo\u017cesz te\u017c skorzysta\u0107 z naszego kalendarza online i wygodnie um\u00f3wi\u0107 si\u0119 na spotkanie.Przejd\u017a do kalendarza<\/p>","protected":false},"author":5,"featured_media":0,"parent":0,"menu_order":0,"comment_status":"closed","ping_status":"closed","template":"","meta":{"footnotes":""},"class_list":["post-1506","page","type-page","status-publish","hentry"],"_links":{"self":[{"href":"https:\/\/competencegame.com\/en\/wp-json\/wp\/v2\/pages\/1506","targetHints":{"allow":["GET"]}}],"collection":[{"href":"https:\/\/competencegame.com\/en\/wp-json\/wp\/v2\/pages"}],"about":[{"href":"https:\/\/competencegame.com\/en\/wp-json\/wp\/v2\/types\/page"}],"author":[{"embeddable":true,"href":"https:\/\/competencegame.com\/en\/wp-json\/wp\/v2\/users\/5"}],"replies":[{"embeddable":true,"href":"https:\/\/competencegame.com\/en\/wp-json\/wp\/v2\/comments?post=1506"}],"version-history":[{"count":3,"href":"https:\/\/competencegame.com\/en\/wp-json\/wp\/v2\/pages\/1506\/revisions"}],"predecessor-version":[{"id":1527,"href":"https:\/\/competencegame.com\/en\/wp-json\/wp\/v2\/pages\/1506\/revisions\/1527"}],"wp:attachment":[{"href":"https:\/\/competencegame.com\/en\/wp-json\/wp\/v2\/media?parent=1506"}],"curies":[{"name":"wp","href":"https:\/\/api.w.org\/{rel}","templated":true}]}}