{"id":1561,"date":"2024-12-05T15:17:56","date_gmt":"2024-12-05T15:17:56","guid":{"rendered":"https:\/\/competencegame.com\/?page_id=1561"},"modified":"2024-12-10T14:00:07","modified_gmt":"2024-12-10T14:00:07","slug":"dreamemployer2024","status":"publish","type":"page","link":"https:\/\/competencegame.com\/en\/dreamemployer2024\/","title":{"rendered":"Competence Game x Dream Employer Summit 2024"},"content":{"rendered":"<div class=\"vce-row-container\"><div class=\"vce-row vce-element--has-background vce-row--col-gap-30 vce-row-equal-height vce-row-content--middle\" data-vce-full-width=\"true\" data-vce-sticky-element=\"true\" vce-box-shadow=\"el-8be5baf4\" id=\"el-8be5baf4\" data-vce-do-apply=\"all el-8be5baf4\"><div class=\"vce-content-background-container\"><\/div><div class=\"vce-row-content\" data-vce-element-content=\"true\"><div class=\"vce-col vce-col--xs-65p vce-col--xs-visible vce-col--xs-first vce-col--sm-80p vce-col--sm-visible vce-col--sm-first vce-col--md-25p vce-col--md-visible vce-col--md-first vce-col--lg-20p vce-col--lg-visible vce-col--lg-first vce-col--xl-20p vce-col--xl-visible vce-col--xl-first\" id=\"el-01eeb2f4\"><div class=\"vce-col-inner\" data-vce-do-apply=\"border margin background  el-01eeb2f4\"><div class=\"vce-content-background-container\"><\/div><div class=\"vce-col-content\" data-vce-element-content=\"true\" data-vce-do-apply=\"padding el-01eeb2f4\"><div class=\"vce-single-image-container vce-single-image--align-left\"><div class=\"vce vce-single-image-wrapper\" id=\"el-59f730b5\" data-vce-do-apply=\"all el-59f730b5\"><figure><div class=\"vce-single-image-figure-inner\" style=\"width: 174px;\"><a href=\"https:\/\/competencegame.com\/en\/\" title=\"\" class=\"vce-single-image-inner vce-single-image--absolute\" style=\"width: 100%; padding-bottom: 34.4828%;\"><img loading=\"lazy\" decoding=\"async\" class=\"vce-single-image\"  width=\"174\" height=\"60\" srcset=\"https:\/\/competencegame.com\/wp-content\/uploads\/2024\/12\/CG_Logo-1-1-174x60.png 174w\" src=\"https:\/\/competencegame.com\/wp-content\/uploads\/2024\/12\/CG_Logo-1-1-174x60.png\" data-img-src=\"https:\/\/competencegame.com\/wp-content\/uploads\/2022\/03\/CG_Logo-1-1.png\" data-attachment-id=\"46\"  alt=\"\" title=\"\" \/><\/a><\/div><figcaption hidden=\"\"><\/figcaption><\/figure><\/div><\/div><\/div><\/div><\/div><div class=\"vce-col vce-col--xs-hide vce-col--sm-hide vce-col--md-35p vce-col--md-visible vce-col--lg-50p vce-col--lg-visible vce-col--xl-50p vce-col--xl-visible\" id=\"el-f8aa6b80\"><div class=\"vce-col-inner\" data-vce-do-apply=\"border margin background  el-f8aa6b80\"><div class=\"vce-content-background-container\"><\/div><div class=\"vce-col-content\" data-vce-element-content=\"true\" data-vce-do-apply=\"padding el-f8aa6b80\"><div class=\"vce-basic-menu-container\" id=\"el-24c6ae4e\" data-vce-basic-menu=\"true\" data-vce-basic-menu-to-sandwich=\"\"><div class=\"vce-basic-menu-inner vce vce-basic-menu--style-text--color-3E3D3D vce-basic-menu--style-underline--color-b-236-42-133 vce-basic-menu--style-sub-menu-text--color-3E3D3D vce-basic-menu--style-sub-menu-background--color-ffffff vce-basic-menu--style-sub-menu-outline--color-EDEDED vce-basic-menu--style-sub-menu-separator\" data-vce-do-apply=\"margin padding border background  el-24c6ae4e\"><div class=\"vce-basic-menu\" style=\"font-size: 15px;\"><div class=\"vce-basic-menu-wrapper vce-basic-menu--alignment-right\"><nav class=\"menu-top-menu-container\"><ul  class=\"menu\"><li class=\"menu-item menu-item-type-custom menu-item-object-custom menu-item-has-children menu-item-66\"><a href=\"#\">Sign in<\/a>\n<ul class=\"sub-menu\">\n\t<li class=\"menu-item menu-item-type-custom menu-item-object-custom menu-item-100\"><a href=\"https:\/\/hrpanel.competencegame.com\/account\/login?accountlogin=&amp;lang=en\">Partner login<\/a><\/li>\n\t<li class=\"menu-item menu-item-type-custom menu-item-object-custom menu-item-101\"><a href=\"https:\/\/hrpanel.competencegame.com\/participant\">Participant login<\/a><\/li>\n<\/ul>\n<\/li>\n<\/ul><\/nav><\/div><\/div><\/div><\/div><\/div><\/div><\/div><div class=\"vce-col vce-col--xs-hide vce-col--sm-hide vce-col--md-30p vce-col--md-visible vce-col--lg-23p vce-col--lg-visible vce-col--xl-20p vce-col--xl-visible\" id=\"el-032473a3\"><div class=\"vce-col-inner\" data-vce-do-apply=\"border margin background  el-032473a3\"><div class=\"vce-content-background-container\"><\/div><div class=\"vce-col-content\" data-vce-element-content=\"true\" data-vce-do-apply=\"padding el-032473a3\"><div class=\"vce-button--style-basic-container vce-button--style-basic-container--align-center\"><span class=\"vce-button--style-basic-wrapper vce\" id=\"el-2b716d3c\" data-vce-do-apply=\"margin el-2b716d3c\"><a class=\"vce-button vce-button--style-basic vce-button--style-basic--border-rounded vce-button--style-basic--size-medium vce-button--style-basic--color-b-236-42-133--b-255-255-255\" href=\"#contact\" title=\"\" data-vce-do-apply=\"padding border background  el-2b716d3c\">Play a demo<\/a><\/span><\/div><\/div><\/div><\/div><div class=\"vce-col vce-col--xs-auto vce-col--xs-visible vce-col--xs-last vce-col--sm-auto vce-col--sm-visible vce-col--sm-last vce-col--md-10p vce-col--md-visible vce-col--md-last vce-col--lg-7p vce-col--lg-visible vce-col--lg-last vce-col--xl-10p vce-col--xl-visible vce-col--xl-last\" id=\"el-173e8441\"><div class=\"vce-col-inner\" data-vce-do-apply=\"border margin background  el-173e8441\"><div class=\"vce-content-background-container\"><\/div><div class=\"vce-col-content\" data-vce-element-content=\"true\" data-vce-do-apply=\"padding el-173e8441\"><div class=\"vcv-row-control-wrapper\"><\/div><\/div><\/div><\/div><\/div><\/div><\/div><div class=\"vce-row-container\"><div class=\"vce-row vce-element--xl--has-background vce-element--lg--has-background vce-element--md--has-background vce-element--sm--has-background vce-element--xs--has-background vce-row--col-gap-30 vce-row-wrap--reverse vce-row-equal-height vce-row-content--middle\" data-vce-full-width=\"true\" id=\"el-81488a99\" data-vce-do-apply=\"all el-81488a99\"><div class=\"vce-content-background-container\"><div class=\"vce-asset-color-gradient-container vce-visible-xl-only\" data-vce-do-apply=\"gradient el-81488a99\"><\/div><div class=\"vce-asset-color-gradient-container vce-visible-lg-only\" data-vce-do-apply=\"gradient el-81488a99\"><\/div><div class=\"vce-asset-color-gradient-container vce-visible-md-only\" data-vce-do-apply=\"gradient el-81488a99\"><\/div><div class=\"vce-asset-color-gradient-container vce-visible-sm-only\" data-vce-do-apply=\"gradient el-81488a99\"><\/div><div class=\"vce-asset-color-gradient-container vce-visible-xs-only\" data-vce-do-apply=\"gradient el-81488a99\"><\/div><\/div><div class=\"vce-dividers-wrapper\"><div class=\"vce-container-divider vce-divider-position--bottom vce-container-divider-new vce-visible-all-only\" data-vce-do-apply=\"divider el-81488a99\"><div class=\"vce-container-divider-inner\"><svg class=\"vce-divider-svg\" viewbox=\"0 0 500 97\" width=\"130%\" preserveaspectratio=\"none\"><g fill=\"rgb(255, 255, 255)\"><path d=\"M370.005859,7 C421.782298,7 471.582031,23.9140625 500,54.4804687 L500,97 L0,97 L0,86.7851562 C135.587891,97.4101563 223.564453,7.000000000000028 370.005859,7 Z\" opacity=\"0.5\"><\/path><path d=\"M370.005859,15 C421.782298,15 471.582031,27.9140625 500,58.4804687 L500,97 L0,97 L0,90.7851562 C135.587891,101.4101562 223.564453,15 370.005859,15 Z\" opacity=\"0.5\"><\/path><path d=\"M370.005859,22 C421.782298,22 471.582031,31.9140625 500,62.4804687 L500,97 L0,97 L0,94.7851562 C135.587891,105.4101562 223.564453,22 370.005859,22 Z\"><\/path><\/g><\/svg><\/div><\/div><\/div><div class=\"vce-row-content\" data-vce-element-content=\"true\"><div class=\"vce-col vce-col--md-50p vce-col--xs-1 vce-col--xs-last vce-col--xs-first vce-col--sm-last vce-col--sm-first vce-col--md-last vce-col--lg-last vce-col--xl-last vce-col--md-first vce-col--lg-first vce-col--xl-first\" id=\"el-5d1f3f3b\"><div class=\"vce-col-inner\" data-vce-do-apply=\"border margin background  el-5d1f3f3b\"><div class=\"vce-col-content\" data-vce-element-content=\"true\" data-vce-do-apply=\"padding el-5d1f3f3b\"><div class=\"vcv-row-control-wrapper\"><\/div><\/div><\/div><\/div><\/div><\/div><\/div><div class=\"vce-row-container\"><div class=\"vce-row vce-row--col-gap-30 vce-row-wrap--reverse vce-row-equal-height vce-row-content--middle\" data-vce-full-width=\"true\" id=\"el-b2677073\" data-vce-do-apply=\"all el-b2677073\"><div class=\"vce-content-background-container\"><\/div><div class=\"vce-row-content\" data-vce-element-content=\"true\"><div class=\"vce-col vce-col--md-100p vce-col--xs-1 vce-col--xs-last vce-col--xs-first vce-col--sm-last vce-col--sm-first vce-col--md-last vce-col--lg-last vce-col--xl-last vce-col--md-first vce-col--lg-first vce-col--xl-first\" id=\"el-f9bded75\"><div class=\"vce-col-inner\" data-vce-do-apply=\"border margin background  el-f9bded75\"><div class=\"vce-content-background-container\"><\/div><div class=\"vce-col-content\" data-vce-element-content=\"true\" data-vce-do-apply=\"padding el-f9bded75\"><div class=\"vce-text-block\"><div class=\"vce-text-block-wrapper vce\" id=\"el-0b574986\" data-vce-do-apply=\"all el-0b574986\"><h2 style=\"text-align: center;\"><span style=\"color: #212121; font-family: PT Sans;\">Konkurs dla uczestnik\u00f3w Dream Employer Summit 2024<\/span><\/h2><\/div><\/div><div class=\"vce-single-image-container vce-single-image--align-center\"><div class=\"vce vce-single-image-wrapper\" id=\"el-b03c16b0\" data-vce-do-apply=\"all el-b03c16b0\"><figure><div class=\"vce-single-image-figure-inner\" style=\"width: 1024px;\"><div class=\"vce-single-image-inner vce-single-image--absolute\" style=\"width: 100%; padding-bottom: 33.1055%;\"><img loading=\"lazy\" decoding=\"async\" class=\"vce-single-image\"  width=\"1024\" height=\"339\" srcset=\"https:\/\/competencegame.com\/wp-content\/uploads\/2024\/12\/competence-game-dream-employer-1024x340.png 1024w, https:\/\/competencegame.com\/wp-content\/uploads\/2024\/12\/competence-game-dream-employer-320x106.png 320w, https:\/\/competencegame.com\/wp-content\/uploads\/2024\/12\/competence-game-dream-employer-480x159.png 480w, https:\/\/competencegame.com\/wp-content\/uploads\/2024\/12\/competence-game-dream-employer-800x266.png 800w\" src=\"https:\/\/competencegame.com\/wp-content\/uploads\/2024\/12\/competence-game-dream-employer-1024x340.png\" data-img-src=\"https:\/\/competencegame.com\/wp-content\/uploads\/2024\/12\/competence-game-dream-employer.png\" data-attachment-id=\"1562\"  alt=\"\" title=\"competence game dream employer\" \/><\/div><\/div><figcaption hidden=\"\"><\/figcaption><\/figure><\/div><\/div><div class=\"vce-text-block\" id=\"FormularzEbook\"><div class=\"vce-text-block-wrapper vce\" id=\"el-b750170e\" data-vce-do-apply=\"all el-b750170e\"><p style=\"line-height: 1.5;\"><span style=\"font-family: Roboto; font-size: 14pt; letter-spacing: 1px;\">W Competence Game dostarczamy przyjazne kandydatom narz\u0119dzia, dzi\u0119ki kt\u00f3rym rekruterzy mog\u0105 \u0142atwiej podejmowa\u0107 trafne decyzje selekcyjne. To nowoczesny Assessment w formie wci\u0105gaj\u0105cych gier komputerowych. Oferujemy rzeteln\u0105 diagnoz\u0119 12 kompetencji mi\u0119kkich. Wi\u0119ksza efektywno\u015b\u0107 w rekrutacji, lepsze dopasowanie kompetencyjne i u\u0142atwienie w pracy HR.<\/span><\/p>\n<p style=\"line-height: 1.5; letter-spacing: 1px;\"><span style=\"font-family: Roboto; font-size: 14pt;\">Na przestrzeni lat wspierali\u015bmy organizacje takie jak Credit Agricole, Mercedes-Benz czy Metlife.<\/span><\/p><\/div><\/div><div class=\"vce-shortcode\" id=\"FormularzeBook\"><div class=\"vce-shortcode-wrapper vce\" id=\"el-6de5f32e\" data-vce-do-apply=\"all el-6de5f32e\">\n<div class=\"wpcf7 no-js\" id=\"wpcf7-f1567-o1\" lang=\"pl-PL\" dir=\"ltr\" data-wpcf7-id=\"1567\">\n<div class=\"screen-reader-response\"><p role=\"status\" aria-live=\"polite\" aria-atomic=\"true\"><\/p> <ul><\/ul><\/div>\n<form action=\"\/en\/wp-json\/wp\/v2\/pages\/1561#wpcf7-f1567-o1\" method=\"post\" class=\"wpcf7-form init cf7skins cf7s-fairy-floss\" aria-label=\"Formularz kontaktowy\" novalidate=\"novalidate\" data-status=\"init\" data-trp-original-action=\"\/en\/wp-json\/wp\/v2\/pages\/1561#wpcf7-f1567-o1\">\n<fieldset class=\"hidden-fields-container\"><input type=\"hidden\" name=\"_wpcf7\" value=\"1567\" \/><input type=\"hidden\" name=\"_wpcf7_version\" value=\"6.1.5\" \/><input type=\"hidden\" name=\"_wpcf7_locale\" value=\"pl_PL\" \/><input type=\"hidden\" name=\"_wpcf7_unit_tag\" value=\"wpcf7-f1567-o1\" \/><input type=\"hidden\" name=\"_wpcf7_container_post\" value=\"0\" \/><input type=\"hidden\" name=\"_wpcf7_posted_data_hash\" value=\"\" \/><input type=\"hidden\" name=\"_wpcf7_recaptcha_response\" value=\"\" \/>\n<\/fieldset>\n<b><div class=\"form-group\"><label>Imi\u0119 (wymagane)<\/label>\n<span class=\"wpcf7-form-control-wrap\" data-name=\"imi_wymagane\"><input size=\"40\" maxlength=\"400\" class=\"wpcf7-form-control wpcf7-text wpcf7-validates-as-required form-control\" aria-required=\"true\" aria-invalid=\"false\" value=\"\" type=\"text\" name=\"imi_wymagane\" \/><\/span><\/div>\n<div class=\"form-group\"><label>Nazwisko (wymagane)<\/label>\n<span class=\"wpcf7-form-control-wrap\" data-name=\"nazwisko_wymagane\"><input size=\"40\" maxlength=\"400\" class=\"wpcf7-form-control wpcf7-text wpcf7-validates-as-required form-control\" aria-required=\"true\" aria-invalid=\"false\" value=\"\" type=\"text\" name=\"nazwisko_wymagane\" \/><\/span><\/div>\n<div class=\"form-group\"><label>Adres email (wymagane)<\/label>\n<span class=\"wpcf7-form-control-wrap\" data-name=\"your-email\"><input size=\"40\" maxlength=\"400\" class=\"wpcf7-form-control wpcf7-email wpcf7-validates-as-required wpcf7-text wpcf7-validates-as-email\" aria-required=\"true\" aria-invalid=\"false\" value=\"\" type=\"email\" name=\"your-email\" \/><\/span><\/div>\n<div class=\"form-group\"><label>Stanowisko<\/label>\n<span class=\"wpcf7-form-control-wrap\" data-name=\"stanowisko\"><input size=\"40\" maxlength=\"400\" class=\"wpcf7-form-control wpcf7-text form-control\" aria-invalid=\"false\" value=\"\" type=\"text\" name=\"stanowisko\" \/><\/span><\/div>\n<div class=\"form-group\"><label>Numer kontaktowy<\/label>\n<span class=\"wpcf7-form-control-wrap\" data-name=\"numer_kontaktowy\"><input size=\"40\" maxlength=\"400\" class=\"wpcf7-form-control wpcf7-text form-control\" aria-invalid=\"false\" value=\"\" type=\"text\" name=\"numer_kontaktowy\" \/><\/span><\/div><\/b>\n<div><span class=\"wpcf7-form-control-wrap\" data-name=\"dane2\"><span class=\"wpcf7-form-control wpcf7-checkbox wpcf7-validates-as-required\"><span class=\"wpcf7-list-item first last\"><input type=\"checkbox\" name=\"dane2[]\" value=\"Wyra\u017cam zgod\u0119 na przetwarzanie moich danych osobowych w celach marketingowych przez Salander Sp. z o.o. oraz PGS Pracownia Gier Szkoleniowych sp. z o.o.\" \/><span class=\"wpcf7-list-item-label\">Wyra\u017cam zgod\u0119 na przetwarzanie moich danych osobowych w celach marketingowych przez Salander Sp. z o.o. oraz PGS Pracownia Gier Szkoleniowych sp. z o.o.<\/span><\/span><\/span><\/span><\/div>\n<div class=\"form-group\"><input class=\"wpcf7-form-control wpcf7-submit has-spinner\" type=\"submit\" value=\"Send\" \/><\/div><div class=\"wpcf7-response-output\" aria-hidden=\"true\"><\/div>\n<input type=\"hidden\" name=\"trp-form-language\" value=\"en\"\/><\/form>\n<\/div>\n<\/div><\/div><\/div><\/div><\/div><\/div><\/div><\/div>","protected":false},"excerpt":{"rendered":"<p>Zagraj w demoKonkurs dla uczestnik\u00f3w Dream Employer Summit 2024W Competence Game dostarczamy przyjazne kandydatom narz\u0119dzia, dzi\u0119ki kt\u00f3rym rekruterzy mog\u0105 \u0142atwiej podejmowa\u0107 trafne decyzje selekcyjne. To nowoczesny Assessment w formie wci\u0105gaj\u0105cych gier komputerowych. Oferujemy rzeteln\u0105 diagnoz\u0119 12 kompetencji mi\u0119kkich. Wi\u0119ksza efektywno\u015b\u0107 w rekrutacji, lepsze dopasowanie kompetencyjne i u\u0142atwienie w pracy HR. Na przestrzeni lat wspierali\u015bmy organizacje [&hellip;]<\/p>\n","protected":false},"author":5,"featured_media":0,"parent":0,"menu_order":0,"comment_status":"closed","ping_status":"closed","template":"","meta":{"footnotes":""},"class_list":["post-1561","page","type-page","status-publish","hentry"],"_links":{"self":[{"href":"https:\/\/competencegame.com\/en\/wp-json\/wp\/v2\/pages\/1561","targetHints":{"allow":["GET"]}}],"collection":[{"href":"https:\/\/competencegame.com\/en\/wp-json\/wp\/v2\/pages"}],"about":[{"href":"https:\/\/competencegame.com\/en\/wp-json\/wp\/v2\/types\/page"}],"author":[{"embeddable":true,"href":"https:\/\/competencegame.com\/en\/wp-json\/wp\/v2\/users\/5"}],"replies":[{"embeddable":true,"href":"https:\/\/competencegame.com\/en\/wp-json\/wp\/v2\/comments?post=1561"}],"version-history":[{"count":5,"href":"https:\/\/competencegame.com\/en\/wp-json\/wp\/v2\/pages\/1561\/revisions"}],"predecessor-version":[{"id":1569,"href":"https:\/\/competencegame.com\/en\/wp-json\/wp\/v2\/pages\/1561\/revisions\/1569"}],"wp:attachment":[{"href":"https:\/\/competencegame.com\/en\/wp-json\/wp\/v2\/media?parent=1561"}],"curies":[{"name":"wp","href":"https:\/\/api.w.org\/{rel}","templated":true}]}}