{"id":1604,"date":"2025-06-10T11:22:18","date_gmt":"2025-06-10T11:22:18","guid":{"rendered":"https:\/\/competencegame.com\/?page_id=1604"},"modified":"2025-06-24T07:30:02","modified_gmt":"2025-06-24T07:30:02","slug":"biurakarier","status":"publish","type":"page","link":"https:\/\/competencegame.com\/en\/biurakarier\/","title":{"rendered":""},"content":{"rendered":"<div class=\"vce-row-container\" id=\"step1\" data-vce-boxed-width=\"true\"><div class=\"vce-row vce-row--col-gap-30 vce-row-equal-height vce-row-content--top\" id=\"el-513639b0\" data-vce-do-apply=\"all el-513639b0\"><div class=\"vce-content-background-container\"><\/div><div class=\"vce-row-content\" data-vce-element-content=\"true\"><div class=\"vce-col vce-col--md-43p vce-col--xs-1 vce-col--xs-last vce-col--xs-first vce-col--sm-last vce-col--sm-first vce-col--md-first vce-col--lg-first vce-col--xl-first\" id=\"el-331e997f\"><div class=\"vce-col-inner\" data-vce-do-apply=\"border margin background  el-331e997f\"><div class=\"vce-col-content\" data-vce-element-content=\"true\" data-vce-do-apply=\"padding el-331e997f\"><div class=\"vce-text-block\"><div class=\"vce-text-block-wrapper vce\" id=\"el-1071a020\" data-vce-do-apply=\"all el-1071a020\"><h2 style=\"text-align: center;\"><span style=\"color: #212121; font-family: PT Sans;\"><strong>Jak atrakcyjnie zmierzy\u0107 i rozwija\u0107 kompetencje?<\/strong><\/span><\/h2><\/div><\/div><div class=\"vce-button--style-outline-container vce-button--style-outline-container--align-center\"><span class=\"vce-button--style-outline-wrapper vce\" id=\"el-f5b097c8\" data-vce-do-apply=\"margin el-f5b097c8\"><a class=\"vce-button vce-button--style-outline-animated vce-button--style-outline--border-square vce-button--style-outline--size-medium vce-button--style-outline-animated--color-b-193-26-74--fff--3d3d3d vce-button--style-outline-animated--border-color-b-214-69-110--3d3d3d vce-button--style-outline-animated--background-color-ba-193-26-74-0-57\" href=\"#FormularzeBook\" title=\"\" data-vce-do-apply=\"padding border background  el-f5b097c8\"><span class=\"vce-button--style-outline-text\">Pobierz bezp\u0142atny ebook<\/span><\/a><\/span><\/div><div class=\"vce-text-block\"><div class=\"vce-text-block-wrapper vce\" id=\"el-50199785\" data-vce-do-apply=\"all el-50199785\"><p style=\"text-align: left;\"><span style=\"font-size: 14pt; font-family: 'Open Sans';\">W Competence Game dostarczamy przyjazne kandydatom <\/span><span style=\"font-size: 14pt; font-family: 'Open Sans';\">narz\u0119dzia. <\/span><span style=\"font-size: 14pt; font-family: 'Open Sans';\">Dzi\u0119ki nim mo\u017cesz mierzy\u0107 i rozwija\u0107 kluczowe kompetencje mi\u0119kkie.<\/span><span style=\"font-size: 14pt; font-family: 'Open Sans';\"><br><\/span><\/p><p style=\"text-align: left;\"><span style=\"font-size: 14pt;\"><span style=\"font-family: 'Open Sans';\"><strong>Z naszego ebooka dowiesz si\u0119, jak wykorzysta\u0107 gry kompetencyjne w doradztwie zawodowym, coachingu kariery czy w pracy w biurze karier.<br><\/strong>W dokumencie odpowiadamy na najwa\u017cniejsze pytania zwi\u0105zane z pomiarem i rozwojem kompetencji. Jakie istniej\u0105 narz\u0119dzia? Jak ich u\u017cywa\u0107? <\/span><\/span><\/p><p style=\"text-align: left;\"><span style=\"font-size: 14pt;\"><span style=\"font-family: 'Open Sans';\">In<\/span><\/span><span style=\"font-size: 14pt;\"><span style=\"font-family: 'Open Sans';\"> ebooku znajdziesz <strong>wypowied\u017a ekspertki<\/strong> - Katarzyny Wymys\u0142owskiej, doradczyni kariery z Uniwersytetu SWPS.&nbsp;<\/span><\/span><\/p><\/div><\/div><\/div><\/div><\/div><div class=\"vce-col vce-col--md-57p vce-col--xs-1 vce-col--xs-last vce-col--xs-first vce-col--sm-last vce-col--sm-first vce-col--md-last vce-col--lg-last vce-col--xl-last\" id=\"el-026f5466\"><div class=\"vce-col-inner\" data-vce-do-apply=\"border margin background  el-026f5466\"><div class=\"vce-col-content\" data-vce-element-content=\"true\" data-vce-do-apply=\"padding el-026f5466\"><div class=\"vce-single-image-container vce-single-image--align-center\"><div class=\"vce vce-single-image-wrapper\" id=\"el-bfb0eebf\" data-vce-do-apply=\"all el-bfb0eebf\" data-vce-animate=\"vce-o-animate--fadeInUp\"><figure><div class=\"vce-single-image-figure-inner\" style=\"width: 554px;\"><div class=\"vce-single-image-inner vce-single-image--absolute\" style=\"width: 100%; padding-bottom: 129.422%;\"><img loading=\"lazy\" decoding=\"async\" class=\"vce-single-image\"  width=\"554\" height=\"717\" srcset=\"https:\/\/competencegame.com\/wp-content\/uploads\/2025\/06\/ebook-biura-karier-1-320x414.png 320w, https:\/\/competencegame.com\/wp-content\/uploads\/2025\/06\/ebook-biura-karier-1-480x621.png 480w, https:\/\/competencegame.com\/wp-content\/uploads\/2025\/06\/ebook-biura-karier-1-554x717.png 554w\" src=\"https:\/\/competencegame.com\/wp-content\/uploads\/2025\/06\/ebook-biura-karier-1-554x717.png\" data-img-src=\"https:\/\/competencegame.com\/wp-content\/uploads\/2025\/06\/ebook-biura-karier-1.png\" data-attachment-id=\"1609\"  alt=\"\" title=\"ebook biura karier\" \/><\/div><\/div><figcaption hidden=\"\"><\/figcaption><\/figure><\/div><\/div><div class=\"vce-text-block\" id=\"FormularzEbook\"><div class=\"vce-text-block-wrapper vce\" id=\"el-dfb20540\" data-vce-do-apply=\"all el-dfb20540\"><h2 style=\"line-height: 1; text-align: center;\"><span style=\"font-size: 24pt; font-weight: bold; font-style: normal;\"><strong><span style=\"font-family: 'PT Sans';\">Wype\u0142nij formularz i uzyskaj bezp\u0142atny dost\u0119p <\/span><\/strong><\/span><span style=\"font-size: 24pt; font-weight: bold; font-style: normal;\"><strong><span style=\"font-family: 'PT Sans';\">do pe\u0142nego ebooka<\/span><\/strong><\/span><\/h2><p style=\"text-align: center;\">&nbsp;<\/p><\/div><\/div><div class=\"vce-shortcode\" id=\"FormularzeBook\"><div class=\"vce-shortcode-wrapper vce\" id=\"el-f9b5381d\" data-vce-do-apply=\"all el-f9b5381d\">\n<div class=\"wpcf7 no-js\" id=\"wpcf7-f1612-o1\" lang=\"pl-PL\" dir=\"ltr\" data-wpcf7-id=\"1612\">\n<div class=\"screen-reader-response\"><p role=\"status\" aria-live=\"polite\" aria-atomic=\"true\"><\/p> <ul><\/ul><\/div>\n<form action=\"\/en\/wp-json\/wp\/v2\/pages\/1604#wpcf7-f1612-o1\" method=\"post\" class=\"wpcf7-form init cf7skins cf7s-fairy-floss\" aria-label=\"Formularz kontaktowy\" novalidate=\"novalidate\" data-status=\"init\" data-trp-original-action=\"\/en\/wp-json\/wp\/v2\/pages\/1604#wpcf7-f1612-o1\">\n<fieldset class=\"hidden-fields-container\"><input type=\"hidden\" name=\"_wpcf7\" value=\"1612\" \/><input type=\"hidden\" name=\"_wpcf7_version\" value=\"6.1.5\" \/><input type=\"hidden\" name=\"_wpcf7_locale\" value=\"pl_PL\" \/><input type=\"hidden\" name=\"_wpcf7_unit_tag\" value=\"wpcf7-f1612-o1\" \/><input type=\"hidden\" name=\"_wpcf7_container_post\" value=\"0\" \/><input type=\"hidden\" name=\"_wpcf7_posted_data_hash\" value=\"\" \/><input type=\"hidden\" name=\"_wpcf7_recaptcha_response\" value=\"\" \/>\n<\/fieldset>\n<b><div class=\"form-group\"><label>Imi\u0119 (wymagane)<\/label>\n<span class=\"wpcf7-form-control-wrap\" data-name=\"imi_wymagane\"><input size=\"40\" maxlength=\"400\" class=\"wpcf7-form-control wpcf7-text wpcf7-validates-as-required form-control\" aria-required=\"true\" aria-invalid=\"false\" value=\"\" type=\"text\" name=\"imi_wymagane\" \/><\/span><\/div>\n<div class=\"form-group\"><label>Nazwisko (wymagane)<\/label>\n<span class=\"wpcf7-form-control-wrap\" data-name=\"nazwisko_wymagane\"><input size=\"40\" maxlength=\"400\" class=\"wpcf7-form-control wpcf7-text wpcf7-validates-as-required form-control\" aria-required=\"true\" aria-invalid=\"false\" value=\"\" type=\"text\" name=\"nazwisko_wymagane\" \/><\/span><\/div>\n<div class=\"form-group\"><label>Adres email (wymagane)<\/label>\n<span class=\"wpcf7-form-control-wrap\" data-name=\"your-email\"><input size=\"40\" maxlength=\"400\" class=\"wpcf7-form-control wpcf7-email wpcf7-validates-as-required wpcf7-text wpcf7-validates-as-email\" aria-required=\"true\" aria-invalid=\"false\" value=\"\" type=\"email\" name=\"your-email\" \/><\/span><\/div>\n<div class=\"form-group\"><label>Stanowisko<\/label>\n<span class=\"wpcf7-form-control-wrap\" data-name=\"stanowisko\"><input size=\"40\" maxlength=\"400\" class=\"wpcf7-form-control wpcf7-text form-control\" aria-invalid=\"false\" value=\"\" type=\"text\" name=\"stanowisko\" \/><\/span><\/div>\n<div class=\"form-group\"><label>Numer kontaktowy<\/label>\n<span class=\"wpcf7-form-control-wrap\" data-name=\"numer_kontaktowy\"><input size=\"40\" maxlength=\"400\" class=\"wpcf7-form-control wpcf7-text form-control\" aria-invalid=\"false\" value=\"\" type=\"text\" name=\"numer_kontaktowy\" \/><\/span><\/div><\/b>\n<div><span class=\"wpcf7-form-control-wrap\" data-name=\"dane2\"><span class=\"wpcf7-form-control wpcf7-checkbox wpcf7-validates-as-required\"><span class=\"wpcf7-list-item first last\"><input type=\"checkbox\" name=\"dane2[]\" value=\"Wyra\u017cam zgod\u0119 na przetwarzanie moich danych osobowych w celach marketingowych przez Salander Sp. z o.o. oraz PGS Pracownia Gier Szkoleniowych sp. z o.o.\" \/><span class=\"wpcf7-list-item-label\">Wyra\u017cam zgod\u0119 na przetwarzanie moich danych osobowych w celach marketingowych przez Salander Sp. z o.o. oraz PGS Pracownia Gier Szkoleniowych sp. z o.o.<\/span><\/span><\/span><\/span><\/div>\n<div class=\"form-group\"><input class=\"wpcf7-form-control wpcf7-submit has-spinner\" type=\"submit\" value=\"Send\" \/><\/div><div class=\"wpcf7-response-output\" aria-hidden=\"true\"><\/div>\n<input type=\"hidden\" name=\"trp-form-language\" value=\"en\"\/><\/form>\n<\/div>\n<\/div><\/div><\/div><\/div><\/div><\/div><\/div><\/div>","protected":false},"excerpt":{"rendered":"<p>Jak atrakcyjnie zmierzy\u0107 i rozwija\u0107 kompetencje?Pobierz bezp\u0142atny ebookW Competence Game dostarczamy przyjazne kandydatom narz\u0119dzia. Dzi\u0119ki nim mo\u017cesz mierzy\u0107 i rozwija\u0107 kluczowe kompetencje mi\u0119kkie.Z naszego ebooka dowiesz si\u0119, jak wykorzysta\u0107 gry kompetencyjne w doradztwie zawodowym, coachingu kariery czy w pracy w biurze karier.W dokumencie odpowiadamy na najwa\u017cniejsze pytania zwi\u0105zane z pomiarem i rozwojem kompetencji. Jakie istniej\u0105 [&hellip;]<\/p>\n","protected":false},"author":5,"featured_media":0,"parent":0,"menu_order":0,"comment_status":"closed","ping_status":"closed","template":"","meta":{"footnotes":""},"class_list":["post-1604","page","type-page","status-publish","hentry"],"_links":{"self":[{"href":"https:\/\/competencegame.com\/en\/wp-json\/wp\/v2\/pages\/1604","targetHints":{"allow":["GET"]}}],"collection":[{"href":"https:\/\/competencegame.com\/en\/wp-json\/wp\/v2\/pages"}],"about":[{"href":"https:\/\/competencegame.com\/en\/wp-json\/wp\/v2\/types\/page"}],"author":[{"embeddable":true,"href":"https:\/\/competencegame.com\/en\/wp-json\/wp\/v2\/users\/5"}],"replies":[{"embeddable":true,"href":"https:\/\/competencegame.com\/en\/wp-json\/wp\/v2\/comments?post=1604"}],"version-history":[{"count":8,"href":"https:\/\/competencegame.com\/en\/wp-json\/wp\/v2\/pages\/1604\/revisions"}],"predecessor-version":[{"id":1619,"href":"https:\/\/competencegame.com\/en\/wp-json\/wp\/v2\/pages\/1604\/revisions\/1619"}],"wp:attachment":[{"href":"https:\/\/competencegame.com\/en\/wp-json\/wp\/v2\/media?parent=1604"}],"curies":[{"name":"wp","href":"https:\/\/api.w.org\/{rel}","templated":true}]}}