{"id":1622,"date":"2025-06-24T13:59:24","date_gmt":"2025-06-24T13:59:24","guid":{"rendered":"https:\/\/competencegame.com\/?page_id=1622"},"modified":"2026-01-15T09:08:43","modified_gmt":"2026-01-15T09:08:43","slug":"cg-vw-preregister","status":"publish","type":"page","link":"https:\/\/competencegame.com\/en\/cg-vw-preregister\/","title":{"rendered":"Lista oczekuj\u0105cych &#8211; Competence Game x VW Pozna\u0144"},"content":{"rendered":"<div class=\"vce-row-container\"><div class=\"vce-row vce-element--xl--has-background vce-element--lg--has-background vce-element--md--has-background vce-element--sm--has-background vce-element--xs--has-background vce-row--col-gap-30 vce-row-wrap--reverse vce-row-equal-height vce-row-content--middle\" data-vce-full-width=\"true\" id=\"el-a38f4ef9\" data-vce-do-apply=\"all el-a38f4ef9\"><div class=\"vce-content-background-container\"><div class=\"vce-asset-color-gradient-container vce-visible-xl-only\" data-vce-do-apply=\"gradient el-a38f4ef9\"><\/div><div class=\"vce-asset-color-gradient-container vce-visible-lg-only\" data-vce-do-apply=\"gradient el-a38f4ef9\"><\/div><div class=\"vce-asset-color-gradient-container vce-visible-md-only\" data-vce-do-apply=\"gradient el-a38f4ef9\"><\/div><div class=\"vce-asset-color-gradient-container vce-visible-sm-only\" data-vce-do-apply=\"gradient el-a38f4ef9\"><\/div><div class=\"vce-asset-color-gradient-container vce-visible-xs-only\" data-vce-do-apply=\"gradient el-a38f4ef9\"><\/div><\/div><div class=\"vce-dividers-wrapper\"><div class=\"vce-container-divider vce-divider-position--bottom vce-container-divider-new vce-visible-all-only\" data-vce-do-apply=\"divider el-a38f4ef9\"><div class=\"vce-container-divider-inner\"><svg class=\"vce-divider-svg\" viewbox=\"0 0 500 97\" width=\"130%\" preserveaspectratio=\"none\"><g fill=\"rgb(255, 255, 255)\"><path d=\"M370.005859,7 C421.782298,7 471.582031,23.9140625 500,54.4804687 L500,97 L0,97 L0,86.7851562 C135.587891,97.4101563 223.564453,7.000000000000028 370.005859,7 Z\" opacity=\"0.5\"><\/path><path d=\"M370.005859,15 C421.782298,15 471.582031,27.9140625 500,58.4804687 L500,97 L0,97 L0,90.7851562 C135.587891,101.4101562 223.564453,15 370.005859,15 Z\" opacity=\"0.5\"><\/path><path d=\"M370.005859,22 C421.782298,22 471.582031,31.9140625 500,62.4804687 L500,97 L0,97 L0,94.7851562 C135.587891,105.4101562 223.564453,22 370.005859,22 Z\"><\/path><\/g><\/svg><\/div><\/div><\/div><div class=\"vce-row-content\" data-vce-element-content=\"true\"><div class=\"vce-col vce-col--md-50p vce-col--xs-1 vce-col--xs-last vce-col--xs-first vce-col--sm-last vce-col--sm-first vce-col--md-last vce-col--lg-last vce-col--xl-last vce-col--md-first vce-col--lg-first vce-col--xl-first\" id=\"el-47f6bf4c\"><div class=\"vce-col-inner\" data-vce-do-apply=\"border margin background  el-47f6bf4c\"><div class=\"vce-col-content\" data-vce-element-content=\"true\" data-vce-do-apply=\"padding el-47f6bf4c\"><div class=\"vcv-row-control-wrapper\"><\/div><\/div><\/div><\/div><\/div><\/div><\/div><div class=\"vce-row-container\" data-vce-boxed-width=\"true\"><div class=\"vce-row vce-row--col-gap-30 vce-row-equal-height vce-row-content--top\" id=\"el-bd55b32c\" data-vce-do-apply=\"all el-bd55b32c\"><div class=\"vce-row-content\" data-vce-element-content=\"true\"><div class=\"vce-col vce-col--md-auto vce-col--xs-1 vce-col--xs-last vce-col--xs-first vce-col--sm-last vce-col--sm-first vce-col--md-last vce-col--lg-last vce-col--xl-last vce-col--md-first vce-col--lg-first vce-col--xl-first\" id=\"el-7b34ff56\"><div class=\"vce-col-inner\" data-vce-do-apply=\"border margin background  el-7b34ff56\"><div class=\"vce-col-content\" data-vce-element-content=\"true\" data-vce-do-apply=\"padding el-7b34ff56\"><div class=\"vce-text-block\"><div class=\"vce-text-block-wrapper vce\" id=\"el-3b47a561\" data-vce-do-apply=\"all el-3b47a561\"><p style=\"text-align: center;\"><span style=\"font-size: 42pt;\"><strong><span style=\"font-family: inherit;\">Zapisy na list\u0119 oczekuj\u0105cych<\/span><\/strong><\/span><\/p><\/div><\/div><\/div><\/div><\/div><\/div><\/div><\/div><div class=\"vce-row-container\" data-vce-boxed-width=\"true\"><div class=\"vce-row vce-row--col-gap-30 vce-row-equal-height vce-row-content--top\" id=\"el-cf243199\" data-vce-do-apply=\"all el-cf243199\"><div class=\"vce-row-content\" data-vce-element-content=\"true\"><div class=\"vce-col vce-col--md-auto vce-col--xs-1 vce-col--xs-last vce-col--xs-first vce-col--sm-last vce-col--sm-first vce-col--md-last vce-col--lg-last vce-col--xl-last vce-col--md-first vce-col--lg-first vce-col--xl-first\" id=\"el-26f4e903\"><div class=\"vce-col-inner\" data-vce-do-apply=\"border margin background  el-26f4e903\"><div class=\"vce-col-content\" data-vce-element-content=\"true\" data-vce-do-apply=\"padding el-26f4e903\"><div class=\"vcv-row-control-wrapper\"><\/div><\/div><\/div><\/div><\/div><\/div><\/div><div class=\"vce-row-container\" data-vce-boxed-width=\"true\"><div class=\"vce-row vce-row--col-gap-30 vce-row-equal-height vce-row-content--top\" id=\"el-dd937937\" data-vce-do-apply=\"all el-dd937937\"><div class=\"vce-row-content\" data-vce-element-content=\"true\"><div class=\"vce-col vce-col--md-auto vce-col--xs-1 vce-col--xs-last vce-col--xs-first vce-col--sm-last vce-col--sm-first vce-col--md-last vce-col--lg-last vce-col--xl-last vce-col--md-first vce-col--lg-first vce-col--xl-first\" id=\"el-53d1c24b\"><div class=\"vce-col-inner\" data-vce-do-apply=\"border margin background  el-53d1c24b\"><div class=\"vce-col-content\" data-vce-element-content=\"true\" data-vce-do-apply=\"padding el-53d1c24b\"><div class=\"vce-text-block\"><div class=\"vce-text-block-wrapper vce\" id=\"el-33375599\" data-vce-do-apply=\"all el-33375599\"><p>Ju\u017c za nied\u0142ugo we wsp\u00f3\u0142pracy z Volkswagen Pozna\u0144 wydamy case study z kt\u00f3rego dowiesz si\u0119:<\/p>\n<ul>\n<li>Jak Volkswagen Pozna\u0144 przeprowadzi\u0142 sw\u00f3j program talentowy?<\/li>\n<li>Jakie by\u0142y wra\u017cenia uczestnik\u00f3w?<\/li>\n<li>Jak organizatorzy oceniaj\u0105 assessment za pomoc\u0105 Competence Game?<\/li>\n<li>Ile to kosztuje?<\/li>\n<\/ul><\/div><\/div><div class=\"vce-single-image-container vce-single-image--align-left\"><div class=\"vce vce-single-image-wrapper\" id=\"el-6573525c\" data-vce-do-apply=\"all el-6573525c\"><figure><div class=\"vce-single-image-figure-inner\" style=\"width: 1024px;\"><div class=\"vce-single-image-inner vce-single-image--absolute\" style=\"width: 100%; padding-bottom: 30.5664%;\"><img loading=\"lazy\" decoding=\"async\" class=\"vce-single-image\"  width=\"1024\" height=\"313\" srcset=\"https:\/\/competencegame.com\/wp-content\/uploads\/2025\/08\/Screenshot_438-1024x314.png 1024w, https:\/\/competencegame.com\/wp-content\/uploads\/2025\/08\/Screenshot_438-320x98.png 320w, https:\/\/competencegame.com\/wp-content\/uploads\/2025\/08\/Screenshot_438-480x147.png 480w, https:\/\/competencegame.com\/wp-content\/uploads\/2025\/08\/Screenshot_438-800x245.png 800w\" src=\"https:\/\/competencegame.com\/wp-content\/uploads\/2025\/08\/Screenshot_438-1024x314.png\" data-img-src=\"https:\/\/competencegame.com\/wp-content\/uploads\/2025\/08\/Screenshot_438.png\" data-attachment-id=\"1665\"  alt=\"\" title=\"Screenshot_438\" \/><\/div><\/div><figcaption hidden=\"\"><\/figcaption><\/figure><\/div><\/div><\/div><\/div><\/div><\/div><\/div><\/div><div class=\"vce-row-container\" data-vce-boxed-width=\"true\"><div class=\"vce-row vce-row--col-gap-30 vce-row-equal-height vce-row-content--top\" id=\"el-f35f885b\" data-vce-do-apply=\"all el-f35f885b\"><div class=\"vce-row-content\" data-vce-element-content=\"true\"><div class=\"vce-col vce-col--md-auto vce-col--xs-1 vce-col--xs-last vce-col--xs-first vce-col--sm-last vce-col--sm-first vce-col--md-last vce-col--lg-last vce-col--xl-last vce-col--md-first vce-col--lg-first vce-col--xl-first\" id=\"el-ec004a2f\"><div class=\"vce-col-inner\" data-vce-do-apply=\"border margin background  el-ec004a2f\"><div class=\"vce-col-content\" data-vce-element-content=\"true\" data-vce-do-apply=\"padding el-ec004a2f\"><div class=\"vce-text-block\"><div class=\"vce-text-block-wrapper vce\" id=\"el-22c8b0f0\" data-vce-do-apply=\"all el-22c8b0f0\"><p style=\"text-align: center;\"><span style=\"color: #e82c84; font-family: inherit; font-size: 24pt;\"><strong>Wype\u0142nij formularz i zapisz si\u0119 na list\u0119 oczekuj\u0105cych<\/strong><\/span><\/p><\/div><\/div><div class=\"vce-text-block\"><div class=\"vce-text-block-wrapper vce\" id=\"el-a3a0fff0\" data-vce-do-apply=\"all el-a3a0fff0\"><p>Dzi\u0119ki zapisowi na list\u0119 oczekuj\u0105cych dostaniesz nasze case study w pierwszej kolejno\u015bci.<\/p><p>Gwarantujemy, \u017ce <strong>wy\u015blemy Ci case study na 3 dni przed premier\u0105.&nbsp;<\/strong><\/p><\/div><\/div><\/div><\/div><\/div><\/div><\/div><\/div><div class=\"vce-row-container\" data-vce-boxed-width=\"true\"><div class=\"vce-row vce-row--col-gap-30 vce-row-equal-height vce-row-content--top\" id=\"el-a311c233\" data-vce-do-apply=\"all el-a311c233\"><div class=\"vce-row-content\" data-vce-element-content=\"true\"><div class=\"vce-col vce-col--md-auto vce-col--xs-1 vce-col--xs-last vce-col--xs-first vce-col--sm-last vce-col--sm-first vce-col--md-last vce-col--lg-last vce-col--xl-last vce-col--md-first vce-col--lg-first vce-col--xl-first\" id=\"el-664006ef\"><div class=\"vce-col-inner\" data-vce-do-apply=\"border margin background  el-664006ef\"><div class=\"vce-col-content\" data-vce-element-content=\"true\" data-vce-do-apply=\"padding el-664006ef\"><div class=\"vce-shortcode\"><div class=\"vce-shortcode-wrapper vce\" id=\"el-7e13020c\" data-vce-do-apply=\"all el-7e13020c\">\n<div class=\"wpcf7 no-js\" id=\"wpcf7-f1623-o1\" lang=\"pl-PL\" dir=\"ltr\" data-wpcf7-id=\"1623\">\n<div class=\"screen-reader-response\"><p role=\"status\" aria-live=\"polite\" aria-atomic=\"true\"><\/p> <ul><\/ul><\/div>\n<form action=\"\/en\/wp-json\/wp\/v2\/pages\/1622#wpcf7-f1623-o1\" method=\"post\" class=\"wpcf7-form init cf7skins cf7s-fairy-floss\" aria-label=\"Formularz kontaktowy\" novalidate=\"novalidate\" data-status=\"init\" data-trp-original-action=\"\/en\/wp-json\/wp\/v2\/pages\/1622#wpcf7-f1623-o1\">\n<fieldset class=\"hidden-fields-container\"><input type=\"hidden\" name=\"_wpcf7\" value=\"1623\" \/><input type=\"hidden\" name=\"_wpcf7_version\" value=\"6.1.5\" \/><input type=\"hidden\" name=\"_wpcf7_locale\" value=\"pl_PL\" \/><input type=\"hidden\" name=\"_wpcf7_unit_tag\" value=\"wpcf7-f1623-o1\" \/><input type=\"hidden\" name=\"_wpcf7_container_post\" value=\"0\" \/><input type=\"hidden\" name=\"_wpcf7_posted_data_hash\" value=\"\" \/><input type=\"hidden\" name=\"_wpcf7_recaptcha_response\" value=\"\" \/>\n<\/fieldset>\n<b><div class=\"form-group\"><label>Imi\u0119 (wymagane)<\/label>\n<span class=\"wpcf7-form-control-wrap\" data-name=\"imi_wymagane\"><input size=\"40\" maxlength=\"400\" class=\"wpcf7-form-control wpcf7-text wpcf7-validates-as-required form-control\" aria-required=\"true\" aria-invalid=\"false\" value=\"\" type=\"text\" name=\"imi_wymagane\" \/><\/span><\/div>\n<div class=\"form-group\"><label>Nazwisko (wymagane)<\/label>\n<span class=\"wpcf7-form-control-wrap\" data-name=\"nazwisko_wymagane\"><input size=\"40\" maxlength=\"400\" class=\"wpcf7-form-control wpcf7-text wpcf7-validates-as-required form-control\" aria-required=\"true\" aria-invalid=\"false\" value=\"\" type=\"text\" name=\"nazwisko_wymagane\" \/><\/span><\/div>\n<div class=\"form-group\"><label>S\u0142u\u017cbowy adres email (wymagane)<\/label>\n<span class=\"wpcf7-form-control-wrap\" data-name=\"your-email\"><input size=\"40\" maxlength=\"400\" class=\"wpcf7-form-control wpcf7-email wpcf7-validates-as-required wpcf7-text wpcf7-validates-as-email\" aria-required=\"true\" aria-invalid=\"false\" value=\"\" type=\"email\" name=\"your-email\" \/><\/span><\/div>\n<div class=\"form-group\"><label>Stanowisko<\/label>\n<span class=\"wpcf7-form-control-wrap\" data-name=\"stanowisko\"><input size=\"40\" maxlength=\"400\" class=\"wpcf7-form-control wpcf7-text form-control\" aria-invalid=\"false\" value=\"\" type=\"text\" name=\"stanowisko\" \/><\/span><\/div>\n<div class=\"form-group\"><label>Numer kontaktowy<\/label>\n<span class=\"wpcf7-form-control-wrap\" data-name=\"numer_kontaktowy\"><input size=\"40\" maxlength=\"400\" class=\"wpcf7-form-control wpcf7-text form-control\" aria-invalid=\"false\" value=\"\" type=\"text\" name=\"numer_kontaktowy\" \/><\/span><\/div>\n\n<div><span class=\"wpcf7-form-control-wrap\" data-name=\"dane2\"><span class=\"wpcf7-form-control wpcf7-checkbox wpcf7-validates-as-required\"><span class=\"wpcf7-list-item first last\"><input type=\"checkbox\" name=\"dane2[]\" value=\"Wyra\u017cam zgod\u0119 na przetwarzanie moich danych osobowych w celach marketingowych przez Salander Sp. z o.o. oraz PGS Pracownia Gier Szkoleniowych sp. z o.o.\" \/><span class=\"wpcf7-list-item-label\">Wyra\u017cam zgod\u0119 na przetwarzanie moich danych osobowych w celach marketingowych przez Salander Sp. z o.o. oraz PGS Pracownia Gier Szkoleniowych sp. z o.o.<\/span><\/span><\/span><\/span><\/div>\n<div class=\"form-group\"><input class=\"wpcf7-form-control wpcf7-submit has-spinner\" type=\"submit\" value=\"Send\" \/><\/div><div class=\"wpcf7-response-output\" aria-hidden=\"true\"><\/div>\n<input type=\"hidden\" name=\"trp-form-language\" value=\"en\"\/><\/form>\n<\/div>\n<\/div><\/div><\/div><\/div><\/div><\/div><\/div><\/div>","protected":false},"excerpt":{"rendered":"<p>Zapisy na list\u0119 oczekuj\u0105cychJu\u017c za nied\u0142ugo we wsp\u00f3\u0142pracy z Volkswagen Pozna\u0144 wydamy case study z kt\u00f3rego dowiesz si\u0119: Jak Volkswagen Pozna\u0144 przeprowadzi\u0142 sw\u00f3j program talentowy? Jakie by\u0142y wra\u017cenia uczestnik\u00f3w? Jak organizatorzy oceniaj\u0105 assessment za pomoc\u0105 Competence Game? Ile to kosztuje? Wype\u0142nij formularz i zapisz si\u0119 na list\u0119 oczekuj\u0105cychDzi\u0119ki zapisowi na list\u0119 oczekuj\u0105cych dostaniesz nasze case [&hellip;]<\/p>\n","protected":false},"author":5,"featured_media":0,"parent":0,"menu_order":0,"comment_status":"closed","ping_status":"closed","template":"","meta":{"footnotes":""},"class_list":["post-1622","page","type-page","status-publish","hentry"],"_links":{"self":[{"href":"https:\/\/competencegame.com\/en\/wp-json\/wp\/v2\/pages\/1622","targetHints":{"allow":["GET"]}}],"collection":[{"href":"https:\/\/competencegame.com\/en\/wp-json\/wp\/v2\/pages"}],"about":[{"href":"https:\/\/competencegame.com\/en\/wp-json\/wp\/v2\/types\/page"}],"author":[{"embeddable":true,"href":"https:\/\/competencegame.com\/en\/wp-json\/wp\/v2\/users\/5"}],"replies":[{"embeddable":true,"href":"https:\/\/competencegame.com\/en\/wp-json\/wp\/v2\/comments?post=1622"}],"version-history":[{"count":5,"href":"https:\/\/competencegame.com\/en\/wp-json\/wp\/v2\/pages\/1622\/revisions"}],"predecessor-version":[{"id":1694,"href":"https:\/\/competencegame.com\/en\/wp-json\/wp\/v2\/pages\/1622\/revisions\/1694"}],"wp:attachment":[{"href":"https:\/\/competencegame.com\/en\/wp-json\/wp\/v2\/media?parent=1622"}],"curies":[{"name":"wp","href":"https:\/\/api.w.org\/{rel}","templated":true}]}}