{"id":1639,"date":"2025-07-24T14:05:41","date_gmt":"2025-07-24T14:05:41","guid":{"rendered":"https:\/\/competencegame.com\/?page_id=1639"},"modified":"2026-01-29T14:44:31","modified_gmt":"2026-01-29T14:44:31","slug":"vw-deleted","status":"publish","type":"page","link":"https:\/\/competencegame.com\/en\/vw-deleted\/","title":{"rendered":"Jak Volkswagen Pozna\u0144 bada kompetencje w programie rozwojowym?"},"content":{"rendered":"<div class=\"vce-row-container\"><div class=\"vce-row vce-element--xl--has-background vce-element--lg--has-background vce-element--md--has-background vce-element--sm--has-background vce-element--xs--has-background vce-row--col-gap-30 vce-row-wrap--reverse vce-row-equal-height vce-row-content--middle\" data-vce-full-width=\"true\" id=\"el-1eeab142\" data-vce-do-apply=\"all el-1eeab142\"><div class=\"vce-content-background-container\"><div class=\"vce-asset-color-gradient-container vce-visible-xl-only\" data-vce-do-apply=\"gradient el-1eeab142\"><\/div><div class=\"vce-asset-color-gradient-container vce-visible-lg-only\" data-vce-do-apply=\"gradient el-1eeab142\"><\/div><div class=\"vce-asset-color-gradient-container vce-visible-md-only\" data-vce-do-apply=\"gradient el-1eeab142\"><\/div><div class=\"vce-asset-color-gradient-container vce-visible-sm-only\" data-vce-do-apply=\"gradient el-1eeab142\"><\/div><div class=\"vce-asset-color-gradient-container vce-visible-xs-only\" data-vce-do-apply=\"gradient el-1eeab142\"><\/div><\/div><div class=\"vce-dividers-wrapper\"><div class=\"vce-container-divider vce-divider-position--bottom vce-container-divider-flip--horizontally vce-container-divider-new vce-visible-all-only\" data-vce-do-apply=\"divider el-1eeab142\"><div class=\"vce-container-divider-inner\"><svg class=\"vce-divider-svg\" viewbox=\"0 0 500 97\" width=\"130%\" preserveaspectratio=\"none\"><g fill=\"rgb(255, 255, 255)\"><path d=\"M370.005859,7 C421.782298,7 471.582031,23.9140625 500,54.4804687 L500,97 L0,97 L0,86.7851562 C135.587891,97.4101563 223.564453,7.000000000000028 370.005859,7 Z\" opacity=\"0.5\"><\/path><path d=\"M370.005859,15 C421.782298,15 471.582031,27.9140625 500,58.4804687 L500,97 L0,97 L0,90.7851562 C135.587891,101.4101562 223.564453,15 370.005859,15 Z\" opacity=\"0.5\"><\/path><path d=\"M370.005859,22 C421.782298,22 471.582031,31.9140625 500,62.4804687 L500,97 L0,97 L0,94.7851562 C135.587891,105.4101562 223.564453,22 370.005859,22 Z\"><\/path><\/g><\/svg><\/div><\/div><\/div><div class=\"vce-row-content\" data-vce-element-content=\"true\"><div class=\"vce-col vce-col--md-50p vce-col--xs-1 vce-col--xs-last vce-col--xs-first vce-col--sm-last vce-col--sm-first vce-col--md-last vce-col--lg-last vce-col--xl-last vce-col--md-first vce-col--lg-first vce-col--xl-first\" id=\"el-05bbf849\"><div class=\"vce-col-inner\" data-vce-do-apply=\"border margin background  el-05bbf849\"><div class=\"vce-col-content\" data-vce-element-content=\"true\" data-vce-do-apply=\"padding el-05bbf849\"><div class=\"vce-single-image-container vce-single-image--align-left\"><div class=\"vce vce-single-image-wrapper\" id=\"el-4ff0bf62\" data-vce-do-apply=\"all el-4ff0bf62\"><figure><div class=\"vce-single-image-figure-inner\" style=\"width: 174px;\"><div class=\"vce-single-image-inner vce-single-image--absolute\" style=\"width: 100%; padding-bottom: 34.4828%;\"><img loading=\"lazy\" decoding=\"async\" class=\"vce-single-image\"  width=\"174\" height=\"60\" srcset=\"https:\/\/competencegame.com\/wp-content\/uploads\/2026\/01\/CG_Logo-1-1-174x60.png 174w\" src=\"https:\/\/competencegame.com\/wp-content\/uploads\/2026\/01\/CG_Logo-1-1-174x60.png\" data-img-src=\"https:\/\/competencegame.com\/wp-content\/uploads\/2022\/03\/CG_Logo-1-1.png\" data-attachment-id=\"46\"  alt=\"Competence Game logo\" title=\"Competence Game logo\" \/><\/div><\/div><figcaption hidden=\"\"><\/figcaption><\/figure><\/div><\/div><\/div><\/div><\/div><\/div><\/div><\/div><div class=\"vce-row-container\" data-vce-boxed-width=\"true\"><div class=\"vce-row vce-row--col-gap-30 vce-row-equal-height vce-row-content--top\" id=\"el-9635d15a\" data-vce-do-apply=\"all el-9635d15a\"><div class=\"vce-row-content\" data-vce-element-content=\"true\"><div class=\"vce-col vce-col--md-auto vce-col--xs-1 vce-col--xs-last vce-col--xs-first vce-col--sm-last vce-col--sm-first vce-col--md-last vce-col--lg-last vce-col--xl-last vce-col--md-first vce-col--lg-first vce-col--xl-first\" id=\"el-4ec894a7\"><div class=\"vce-col-inner\" data-vce-do-apply=\"border margin background  el-4ec894a7\"><div class=\"vce-col-content\" data-vce-element-content=\"true\" data-vce-do-apply=\"padding el-4ec894a7\"><div class=\"vce-text-block\"><div class=\"vce-text-block-wrapper vce\" id=\"el-6dafefb1\" data-vce-do-apply=\"all el-6dafefb1\"><h2 style=\"text-align: center;\"><strong><span style=\"color: #212121; font-family: PT Sans;\">Program rozwoju High Potentials.<\/span><\/strong><\/h2>\n<h2 style=\"text-align: center;\"><strong><span style=\"color: #212121; font-family: PT Sans;\">Jak zrobi\u0107 to prosto, skutecznie i wydajnie?<\/span><\/strong><\/h2><\/div><\/div><\/div><\/div><\/div><\/div><\/div><\/div><div class=\"vce-row-container\" data-vce-boxed-width=\"true\"><div class=\"vce-row vce-row--col-gap-30 vce-row-equal-height vce-row-content--top\" id=\"el-900d2aaa\" data-vce-do-apply=\"all el-900d2aaa\"><div class=\"vce-row-content\" data-vce-element-content=\"true\"><div class=\"vce-col vce-col--md-auto vce-col--xs-1 vce-col--xs-last vce-col--xs-first vce-col--sm-last vce-col--sm-first vce-col--md-last vce-col--lg-last vce-col--xl-last vce-col--md-first vce-col--lg-first vce-col--xl-first\" id=\"el-fe44a455\"><div class=\"vce-col-inner\" data-vce-do-apply=\"border margin background  el-fe44a455\"><div class=\"vce-col-content\" data-vce-element-content=\"true\" data-vce-do-apply=\"padding el-fe44a455\"><div class=\"vce-single-image-container vce-single-image--align-center\"><div class=\"vce vce-single-image-wrapper\" id=\"el-97c5e225\" data-vce-do-apply=\"all el-97c5e225\"><figure><div class=\"vce-single-image-figure-inner\" style=\"width: 1024px;\"><div class=\"vce-single-image-inner vce-single-image--absolute\" style=\"width: 100%; padding-bottom: 24.9023%;\"><img loading=\"lazy\" decoding=\"async\" class=\"vce-single-image\"  width=\"1024\" height=\"255\" srcset=\"https:\/\/competencegame.com\/wp-content\/uploads\/2025\/07\/tlo_linkedin_kolor-1-1024x256.png 1024w, https:\/\/competencegame.com\/wp-content\/uploads\/2025\/07\/tlo_linkedin_kolor-1-2048x511.png 2x, https:\/\/competencegame.com\/wp-content\/uploads\/2025\/07\/tlo_linkedin_kolor-1-320x80.png 320w, https:\/\/competencegame.com\/wp-content\/uploads\/2025\/07\/tlo_linkedin_kolor-1-480x120.png 480w, https:\/\/competencegame.com\/wp-content\/uploads\/2025\/07\/tlo_linkedin_kolor-1-800x200.png 800w\" src=\"https:\/\/competencegame.com\/wp-content\/uploads\/2025\/07\/tlo_linkedin_kolor-1-1024x256.png\" data-img-src=\"https:\/\/competencegame.com\/wp-content\/uploads\/2025\/07\/tlo_linkedin_kolor-1-scaled.png\" data-attachment-id=\"1640\"  alt=\"\" title=\"Volkswagen Pozna\u0144\" \/><\/div><\/div><figcaption hidden=\"\"><\/figcaption><\/figure><\/div><\/div><div class=\"vce-button--style-outline-container vce-button--style-outline-container--align-center\"><span class=\"vce-button--style-outline-wrapper vce\" id=\"el-e4267864\" data-vce-do-apply=\"margin el-e4267864\"><a class=\"vce-button vce-button--style-outline-animated vce-button--style-outline--border-square vce-button--style-outline--size-medium vce-button--style-outline-animated--color-b-193-26-74--fff--3d3d3d vce-button--style-outline-animated--border-color-b-214-69-110--3d3d3d vce-button--style-outline-animated--background-color-ba-193-26-74-0-57\" href=\"#FormularzeBook\" title=\"\" data-vce-do-apply=\"padding border background  el-e4267864\"><span class=\"vce-button--style-outline-text\">Przeczytaj bezp\u0142atnego ebooka<\/span><\/a><\/span><\/div><div class=\"vce-text-block\"><div class=\"vce-text-block-wrapper vce\" id=\"el-3bda79a5\" data-vce-do-apply=\"all el-3bda79a5\"><p><span style=\"font-family: 'Open Sans'; font-size: 14pt;\"><strong>Volkswagen Pozna\u0144<\/strong> to jeden z najwi\u0119kszych pracodawc\u00f3w w regionie. Powszechnie znana firma, kt\u00f3ra dba o rozw\u00f3j technologiczny oraz o rozw\u00f3j pracownik\u00f3w. Nie bez powodu uzyska\u0142a tytu\u0142 <strong>TOP EMPLOYER 2025.&nbsp;<\/strong><\/span><\/p>\n<div>\n<div>\n<p><span style=\"font-family: 'Open Sans'; font-size: 14pt;\">Wiosn\u0105 2025 roku rozpocz\u0119\u0142a si\u0119 kolejna edycja wewn\u0119trznego programu <strong>Choose Your Way<\/strong>. W jego ramach najbardziej perspektywiczni pracownicy przez rok uczestnicz\u0105 w grupowych i indywidualnych dzia\u0142aniach rozwojowych.<\/span><\/p>\n<div>\n<div>\n<p><span style=\"font-family: 'Open Sans'; font-size: 14pt;\">W programie Choose Your Way postawiono na inny spos\u00f3b oceny kompetencji. <strong>Wykorzystano pe\u0142n\u0105 grywalizacj\u0119.<\/strong><\/span><\/p>\n<\/div>\n<div>\n<p><span style=\"font-family: 'Open Sans'; font-size: 14pt;\">Uczestnicy zostali zaproszeni do komputerowej gry online, do kt\u00f3rej mogli podej\u015b\u0107 w wygodnym dla siebie terminie. Anga\u017cuj\u0105ca, ciekawa gra ma <strong>wbudowane algorytmy pomiarowe<\/strong>. To, jak uczestnik podchodzi do kolejnych zada\u0144, jakie podejmuje decyzje i jak si\u0119 zachowuje, jest obserwowane przez algorytm gry. Na tej podstawie obliczany jest poziom kompetencji.<\/span><\/p>\n<\/div>\n<div>\n<p><span style=\"font-family: 'Open Sans'; font-size: 14pt;\">Z ka\u017cd\u0105 z os\u00f3b przeprowadzono <strong>indywidualne rozmowy rozwojowe<\/strong>, w trakcie kt\u00f3rych uczestnicy poznali wynik testu kompetencji i mogli przy\u0142o\u017cy\u0107 go do swojej rzeczywisto\u015bci zawodowej.<\/span><\/p>\n<\/div>\n<div>\n<p><span style=\"font-family: 'Open Sans'; font-size: 14pt;\">Ca\u0142\u0105 grup\u0119 uda\u0142o zbada\u0107 si\u0119<strong> w zaskakuj\u0105co kr\u00f3tkim czasie<\/strong> i z minimalnym zaanga\u017cowaniem zasob\u00f3w zespo\u0142u HR.<\/span><\/p>\n<\/div>\n<\/div>\n<\/div>\n<\/div><\/div><\/div><div class=\"vce-single-image-container vce-single-image--align-center\"><div class=\"vce vce-single-image-wrapper\" id=\"el-7b22718d\" data-vce-do-apply=\"all el-7b22718d\"><figure><div class=\"vce-single-image-figure-inner\" style=\"width: 1024px;\"><div class=\"vce-single-image-inner vce-single-image--absolute\" style=\"width: 100%; padding-bottom: 71.1914%;\"><img loading=\"lazy\" decoding=\"async\" class=\"vce-single-image\"  width=\"1024\" height=\"729\" srcset=\"https:\/\/competencegame.com\/wp-content\/uploads\/2026\/01\/czego-oczekiwal-vw-1-1024x730.png 1024w, https:\/\/competencegame.com\/wp-content\/uploads\/2026\/01\/czego-oczekiwal-vw-1-320x228.png 320w, https:\/\/competencegame.com\/wp-content\/uploads\/2026\/01\/czego-oczekiwal-vw-1-480x342.png 480w, https:\/\/competencegame.com\/wp-content\/uploads\/2026\/01\/czego-oczekiwal-vw-1-800x570.png 800w\" src=\"https:\/\/competencegame.com\/wp-content\/uploads\/2026\/01\/czego-oczekiwal-vw-1-1024x730.png\" data-img-src=\"https:\/\/competencegame.com\/wp-content\/uploads\/2026\/01\/czego-oczekiwal-vw-1.png\" data-attachment-id=\"1700\"  alt=\"\" title=\"czego oczekiwal vw\" \/><\/div><\/div><figcaption hidden=\"\"><\/figcaption><\/figure><\/div><\/div><div class=\"vce vce-separator-container vce-separator--align-center vce-separator--style-solid\" id=\"el-201e9c25\" data-vce-do-apply=\"margin el-201e9c25\"><div class=\"vce-separator vce-separator--color-bfc0c1 vce-separator--width-60 vce-separator--thickness-1\" data-vce-do-apply=\"border padding background  el-201e9c25\"><\/div><\/div><div class=\"vce-text-block\"><div class=\"vce-text-block-wrapper vce\" id=\"el-6a8293a7\" data-vce-do-apply=\"all el-6a8293a7\"><h2 style=\"text-align: center;\"><strong><span style=\"color: #212121; font-family: PT Sans;\">Pobierz bezp\u0142atnego ebooka i dowiedz si\u0119 wi\u0119cej<\/span><\/strong><\/h2><\/div><\/div><\/div><\/div><\/div><\/div><\/div><\/div><div class=\"vce-row-container\" id=\"step1\" data-vce-boxed-width=\"true\"><div class=\"vce-row vce-row--col-gap-30 vce-row-equal-height vce-row-content--top\" id=\"el-9eefc3a1\" data-vce-do-apply=\"all el-9eefc3a1\"><div class=\"vce-content-background-container\"><\/div><div class=\"vce-row-content\" data-vce-element-content=\"true\"><div class=\"vce-col vce-col--md-43p vce-col--xs-1 vce-col--xs-last vce-col--xs-first vce-col--sm-last vce-col--sm-first vce-col--md-first vce-col--lg-first vce-col--xl-first\" id=\"el-28586ca0\"><div class=\"vce-col-inner\" data-vce-do-apply=\"border margin background  el-28586ca0\"><div class=\"vce-col-content\" data-vce-element-content=\"true\" data-vce-do-apply=\"padding el-28586ca0\"><div class=\"vce-single-image-container vce-single-image--align-center\"><div class=\"vce vce-single-image-wrapper\" id=\"el-f805381f\" data-vce-do-apply=\"all el-f805381f\"><figure><div class=\"vce-single-image-figure-inner\" style=\"width: 60px;\"><div class=\"vce-single-image-inner vce-single-image--absolute vce-single-image--border-rounded\" style=\"width: 100%; padding-bottom: 100%;\"><img loading=\"lazy\" decoding=\"async\" class=\"vce-single-image\"  width=\"60\" height=\"60\" srcset=\"https:\/\/competencegame.com\/wp-content\/uploads\/2026\/01\/CG-fav-60x60.png 60w\" src=\"https:\/\/competencegame.com\/wp-content\/uploads\/2026\/01\/CG-fav-60x60.png\" data-img-src=\"https:\/\/competencegame.com\/wp-content\/uploads\/2022\/03\/CG-fav.png\" data-attachment-id=\"123\"  alt=\"Logo Competence Game\" title=\"\" \/><\/div><\/div><figcaption hidden=\"\"><\/figcaption><\/figure><\/div><\/div><div class=\"vce-text-block\"><div class=\"vce-text-block-wrapper vce\" id=\"el-aa52c801\" data-vce-do-apply=\"all el-aa52c801\"><p style=\"text-align: left;\"><span style=\"font-family: 'Open Sans'; font-size: 14pt;\">Dzi\u0119ki Competence Game zapomnisz o m\u0119cz\u0105cych, drogich i nietrafionych rekrutacjach. Nasze rzetelne i atrakcyjne gry diagnozuj\u0105 kompetencje kandydat\u00f3w.<\/span><\/p>\n<div>\n<div>\n<p><span style=\"font-family: 'Open Sans'; font-size: 14pt;\">Od lat u\u0142atwiamy prac\u0119 dzia\u0142om HR i zwi\u0119kszamy wyniki biznesowe poprzez gwarancj\u0119 dopasowania kompetencyjnego.<\/span><\/p>\n<\/div>\n<div>\n<p><span style=\"font-family: 'Open Sans'; font-size: 14pt;\">Poza rekrutacjami, gry kompetencyjne \u015bwietnie sprawdzaj\u0105 si\u0119 wsz\u0119dzie tam, gdzie przydaje si\u0119 diagnoza kompetencji - w programach rozwojowych, wewn\u0119trznej selekcji talent\u00f3w, doradztwie kariery czy outplacemencie.<\/span><\/p>\n<p><span style=\"font-family: 'Open Sans'; font-size: 14pt;\">Ebook, kt\u00f3ry tutaj proponujemy opisuje case study z programu rozwojowego. Uczestnicy przeszli przez badanie kompetencji i indywidualne rozmowy rozwojowe.<\/span><\/p>\n<\/div>\n<\/div><\/div><\/div><\/div><\/div><\/div><div class=\"vce-col vce-col--md-auto vce-col--xs-1 vce-col--xs-last vce-col--xs-first vce-col--sm-last vce-col--sm-first vce-col--md-last vce-col--lg-last vce-col--xl-last\" id=\"el-8031bfec\"><div class=\"vce-col-inner\" data-vce-do-apply=\"border margin background  el-8031bfec\"><div class=\"vce-col-content\" data-vce-element-content=\"true\" data-vce-do-apply=\"padding el-8031bfec\"><div class=\"vce-text-block\" id=\"FormularzEbook\"><div class=\"vce-text-block-wrapper vce\" id=\"el-e9d632dd\" data-vce-do-apply=\"all el-e9d632dd\"><h2 style=\"line-height: 1;\"><span style=\"font-size: 24pt; font-weight: bold; font-style: normal;\"><strong><span style=\"font-family: 'PT Sans';\">Badanie kompetencji skutecznie i wydajnie.<br>Case study z Volkswagen Pozna\u0144.<\/span><\/strong><\/span><\/h2>\n<p><span style=\"font-family: 'PT Sans';\">Wype\u0142nij formularz, by otrzyma\u0107 dost\u0119p do ebooka.<\/span><\/p><\/div><\/div><div class=\"vce-row-container\" data-vce-boxed-width=\"true\"><div class=\"vce-row vce-row--col-gap-30 vce-row-equal-height vce-row-content--top\" id=\"el-fcc73762\" data-vce-do-apply=\"all el-fcc73762\"><div class=\"vce-row-content\" data-vce-element-content=\"true\"><div class=\"vce-col vce-col--md-auto vce-col--xs-1 vce-col--xs-last vce-col--xs-first vce-col--sm-last vce-col--sm-first vce-col--md-last vce-col--lg-last vce-col--xl-last vce-col--md-first vce-col--lg-first vce-col--xl-first\" id=\"el-8f63e57c\"><div class=\"vce-col-inner\" data-vce-do-apply=\"border margin background  el-8f63e57c\"><div class=\"vce-col-content\" data-vce-element-content=\"true\" data-vce-do-apply=\"padding el-8f63e57c\"><div class=\"vce-shortcode\" id=\"FormularzeBook\"><div class=\"vce-shortcode-wrapper vce\" id=\"el-47329876\" data-vce-do-apply=\"all el-47329876\">\n<div class=\"wpcf7 no-js\" id=\"wpcf7-f1656-o1\" lang=\"pl-PL\" dir=\"ltr\" data-wpcf7-id=\"1656\">\n<div class=\"screen-reader-response\"><p role=\"status\" aria-live=\"polite\" aria-atomic=\"true\"><\/p> <ul><\/ul><\/div>\n<form action=\"\/en\/wp-json\/wp\/v2\/pages\/1639#wpcf7-f1656-o1\" method=\"post\" class=\"wpcf7-form init cf7skins cf7s-fairy-floss\" aria-label=\"Formularz kontaktowy\" novalidate=\"novalidate\" data-status=\"init\" data-trp-original-action=\"\/en\/wp-json\/wp\/v2\/pages\/1639#wpcf7-f1656-o1\">\n<fieldset class=\"hidden-fields-container\"><input type=\"hidden\" name=\"_wpcf7\" value=\"1656\" \/><input type=\"hidden\" name=\"_wpcf7_version\" value=\"6.1.5\" \/><input type=\"hidden\" name=\"_wpcf7_locale\" value=\"pl_PL\" \/><input type=\"hidden\" name=\"_wpcf7_unit_tag\" value=\"wpcf7-f1656-o1\" \/><input type=\"hidden\" name=\"_wpcf7_container_post\" value=\"0\" \/><input type=\"hidden\" name=\"_wpcf7_posted_data_hash\" value=\"\" \/><input type=\"hidden\" name=\"_wpcf7_recaptcha_response\" value=\"\" \/>\n<\/fieldset>\n<b><div class=\"form-group\"><label>Imi\u0119 (wymagane)<\/label>\n<span class=\"wpcf7-form-control-wrap\" data-name=\"imi_wymagane\"><input size=\"40\" maxlength=\"400\" class=\"wpcf7-form-control wpcf7-text wpcf7-validates-as-required form-control\" aria-required=\"true\" aria-invalid=\"false\" value=\"\" type=\"text\" name=\"imi_wymagane\" \/><\/span><\/div>\n<div class=\"form-group\"><label>Nazwisko (wymagane)<\/label>\n<span class=\"wpcf7-form-control-wrap\" data-name=\"nazwisko_wymagane\"><input size=\"40\" maxlength=\"400\" class=\"wpcf7-form-control wpcf7-text wpcf7-validates-as-required form-control\" aria-required=\"true\" aria-invalid=\"false\" value=\"\" type=\"text\" name=\"nazwisko_wymagane\" \/><\/span><\/div>\n<div class=\"form-group\"><label>Adres email (wymagane)<\/label>\n<span class=\"wpcf7-form-control-wrap\" data-name=\"your-email\"><input size=\"40\" maxlength=\"400\" class=\"wpcf7-form-control wpcf7-email wpcf7-validates-as-required wpcf7-text wpcf7-validates-as-email\" aria-required=\"true\" aria-invalid=\"false\" value=\"\" type=\"email\" name=\"your-email\" \/><\/span><\/div>\n<div class=\"form-group\"><label>Stanowisko<\/label>\n<span class=\"wpcf7-form-control-wrap\" data-name=\"stanowisko\"><input size=\"40\" maxlength=\"400\" class=\"wpcf7-form-control wpcf7-text form-control\" aria-invalid=\"false\" value=\"\" type=\"text\" name=\"stanowisko\" \/><\/span><\/div>\n<div class=\"form-group\"><label>Numer kontaktowy<\/label>\n<span class=\"wpcf7-form-control-wrap\" data-name=\"numer_kontaktowy\"><input size=\"40\" maxlength=\"400\" class=\"wpcf7-form-control wpcf7-text form-control\" aria-invalid=\"false\" value=\"\" type=\"text\" name=\"numer_kontaktowy\" \/><\/span><\/div><\/b>\n<div><span class=\"wpcf7-form-control-wrap\" data-name=\"dane2\"><span class=\"wpcf7-form-control wpcf7-checkbox wpcf7-validates-as-required\"><span class=\"wpcf7-list-item first last\"><input type=\"checkbox\" name=\"dane2[]\" value=\"Wyra\u017cam zgod\u0119 na przetwarzanie moich danych osobowych w celach marketingowych przez Salander Sp. z o.o. oraz PGS Pracownia Gier Szkoleniowych sp. z o.o.\" \/><span class=\"wpcf7-list-item-label\">Wyra\u017cam zgod\u0119 na przetwarzanie moich danych osobowych w celach marketingowych przez Salander Sp. z o.o. oraz PGS Pracownia Gier Szkoleniowych sp. z o.o.<\/span><\/span><\/span><\/span><\/div>\n<div class=\"form-group\"><input class=\"wpcf7-form-control wpcf7-submit has-spinner\" type=\"submit\" value=\"Send\" \/><\/div><div class=\"wpcf7-response-output\" aria-hidden=\"true\"><\/div>\n<input type=\"hidden\" name=\"trp-form-language\" value=\"en\"\/><\/form>\n<\/div>\n<\/div><\/div><\/div><\/div><\/div><\/div><\/div><\/div><\/div><\/div><\/div><div class=\"vce-col vce-col--md-57p vce-col--xs-1 vce-col--xs-last vce-col--xs-first vce-col--sm-last vce-col--sm-first vce-col--md-last vce-col--lg-last vce-col--xl-last vce-col--md-first vce-col--lg-first vce-col--xl-first\" id=\"el-8ff967d5\"><div class=\"vce-col-inner\" data-vce-do-apply=\"border margin background  el-8ff967d5\"><div class=\"vce-col-content\" data-vce-element-content=\"true\" data-vce-do-apply=\"padding el-8ff967d5\"><div class=\"vcv-row-control-wrapper\"><\/div><\/div><\/div><\/div><\/div><\/div><\/div><div class=\"vce-row-container\" id=\"contact\"><div class=\"vce-row vce-element--xl--has-background vce-element--lg--has-background vce-element--md--has-background vce-element--sm--has-background vce-element--xs--has-background vce-row--col-gap-30 vce-row-equal-height vce-row-content--middle\" data-vce-full-width=\"true\" id=\"el-d932b518\" data-vce-do-apply=\"all el-d932b518\"><div class=\"vce-content-background-container\"><\/div><div class=\"vce-dividers-wrapper\"><div class=\"vce-container-divider vce-divider-position--top vce-container-divider-new vce-visible-all-only\" data-vce-do-apply=\"divider el-d932b518\"><div class=\"vce-container-divider-inner\"><svg class=\"vce-divider-svg\" viewbox=\"0 0 500 115\" width=\"100%\" preserveaspectratio=\"none\"><g fill=\"rgb(255, 255, 255)\"><path d=\"M500,0 L0,0 L0,12.059997599999999 C0,12.059997599999999 85.1201172,101 170,101 C254.879883,101 500,12.059997599999999 500,12.059997599999999 L500,0 Z\" opacity=\"0.5\"><\/path><path d=\"M500,0 L0,0 L0,7.059997599999999 C0,7.059997599999999 84.9990234,91 170,91 C255.000977,91 500,7.059997599999999 500,7.059997599999999 L500,0 Z\" opacity=\"0.5\"><\/path><path d=\"M500,0 L0,0 L0,2.059997599999999 C0,2.059997599999999 84.6279297,81 170,81 C255.37207,81 500,2.059997599999999 500,2.059997599999999 L500,0 Z\"><\/path><\/g><\/svg><\/div><\/div><\/div><div class=\"vce-row-content\" data-vce-element-content=\"true\"><div class=\"vce-col vce-col--md-50p vce-col--xs-1 vce-col--xs-last vce-col--xs-first vce-col--sm-last vce-col--sm-first vce-col--md-first vce-col--lg-first vce-col--xl-first\" id=\"el-126e2d63\"><div class=\"vce-col-inner\" data-vce-do-apply=\"border margin background  el-126e2d63\"><div class=\"vce-col-content\" data-vce-element-content=\"true\" data-vce-do-apply=\"padding el-126e2d63\"><div class=\"vcv-row-control-wrapper\"><\/div><\/div><\/div><\/div><div class=\"vce-col vce-col--md-50p vce-col--xs-1 vce-col--xs-last vce-col--xs-first vce-col--sm-last vce-col--sm-first vce-col--md-last vce-col--lg-last vce-col--xl-last\" id=\"el-8359a196\"><div class=\"vce-col-inner\" data-vce-do-apply=\"border margin background  el-8359a196\"><div class=\"vce-content-background-container\"><\/div><div class=\"vce-col-content\" data-vce-element-content=\"true\" data-vce-do-apply=\"padding el-8359a196\"><div class=\"vce-single-image-container vce-single-image--align-left\"><div class=\"vce vce-single-image-wrapper\" id=\"el-def8554b\" data-vce-do-apply=\"all el-def8554b\"><figure><div class=\"vce-single-image-figure-inner\" style=\"width: 174px;\"><div class=\"vce-single-image-inner vce-single-image--absolute\" style=\"width: 100%; padding-bottom: 34.4828%;\"><img loading=\"lazy\" decoding=\"async\" class=\"vce-single-image\"  width=\"174\" height=\"60\" srcset=\"https:\/\/competencegame.com\/wp-content\/uploads\/2026\/01\/CG_Logo-1-1-fff-174x60.png 174w\" src=\"https:\/\/competencegame.com\/wp-content\/uploads\/2026\/01\/CG_Logo-1-1-fff-174x60.png\" data-img-src=\"https:\/\/competencegame.com\/wp-content\/uploads\/2022\/03\/CG_Logo-1-1-fff.png\" data-attachment-id=\"44\"  alt=\"\" title=\"\" \/><\/div><\/div><figcaption hidden=\"\"><\/figcaption><\/figure><\/div><\/div><\/div><\/div><\/div><\/div><\/div><\/div>","protected":false},"excerpt":{"rendered":"<p>Program rozwoju High Potentials. Jak zrobi\u0107 to prosto, skutecznie i wydajnie?Przeczytaj bezp\u0142atnego ebookaVolkswagen Pozna\u0144 to jeden z najwi\u0119kszych pracodawc\u00f3w w regionie. Powszechnie znana firma, kt\u00f3ra dba o rozw\u00f3j technologiczny oraz o rozw\u00f3j pracownik\u00f3w. Nie bez powodu uzyska\u0142a tytu\u0142 TOP EMPLOYER 2025.&nbsp; Wiosn\u0105 2025 roku rozpocz\u0119\u0142a si\u0119 kolejna edycja wewn\u0119trznego programu Choose Your Way. W jego [&hellip;]<\/p>\n","protected":false},"author":5,"featured_media":0,"parent":0,"menu_order":0,"comment_status":"closed","ping_status":"closed","template":"","meta":{"footnotes":""},"class_list":["post-1639","page","type-page","status-publish","hentry"],"_links":{"self":[{"href":"https:\/\/competencegame.com\/en\/wp-json\/wp\/v2\/pages\/1639","targetHints":{"allow":["GET"]}}],"collection":[{"href":"https:\/\/competencegame.com\/en\/wp-json\/wp\/v2\/pages"}],"about":[{"href":"https:\/\/competencegame.com\/en\/wp-json\/wp\/v2\/types\/page"}],"author":[{"embeddable":true,"href":"https:\/\/competencegame.com\/en\/wp-json\/wp\/v2\/users\/5"}],"replies":[{"embeddable":true,"href":"https:\/\/competencegame.com\/en\/wp-json\/wp\/v2\/comments?post=1639"}],"version-history":[{"count":21,"href":"https:\/\/competencegame.com\/en\/wp-json\/wp\/v2\/pages\/1639\/revisions"}],"predecessor-version":[{"id":1707,"href":"https:\/\/competencegame.com\/en\/wp-json\/wp\/v2\/pages\/1639\/revisions\/1707"}],"wp:attachment":[{"href":"https:\/\/competencegame.com\/en\/wp-json\/wp\/v2\/media?parent=1639"}],"curies":[{"name":"wp","href":"https:\/\/api.w.org\/{rel}","templated":true}]}}