{"id":1676,"date":"2025-09-10T13:37:49","date_gmt":"2025-09-10T13:37:49","guid":{"rendered":"https:\/\/competencegame.com\/?page_id=1676"},"modified":"2025-09-10T13:38:27","modified_gmt":"2025-09-10T13:38:27","slug":"konkurs-polski-hr","status":"publish","type":"page","link":"https:\/\/competencegame.com\/en\/konkurs-polski-hr\/","title":{"rendered":"Regulamin konkursu &#8211; &quot;Czego potrzebuje polski HR?&quot;"},"content":{"rendered":"<div class=\"vce-row-container\" data-vce-boxed-width=\"true\"><div class=\"vce-row vce-row--col-gap-30 vce-row-equal-height vce-row-content--top\" id=\"el-a4ab0cce\" data-vce-do-apply=\"all el-a4ab0cce\"><div class=\"vce-row-content\" data-vce-element-content=\"true\"><div class=\"vce-col vce-col--md-auto vce-col--xs-1 vce-col--xs-last vce-col--xs-first vce-col--sm-last vce-col--sm-first vce-col--md-last vce-col--lg-last vce-col--xl-last vce-col--md-first vce-col--lg-first vce-col--xl-first\" id=\"el-012f67cf\"><div class=\"vce-col-inner\" data-vce-do-apply=\"border margin background  el-012f67cf\"><div class=\"vce-col-content\" data-vce-element-content=\"true\" data-vce-do-apply=\"padding el-012f67cf\"><div class=\"vce-text-block\"><div class=\"vce-text-block-wrapper vce\" id=\"el-11e56413\" data-vce-do-apply=\"all el-11e56413\"><h2>Regulamin konkursu \"Czego potrzebuje polski HR? \"<\/h2><\/div><\/div><\/div><\/div><\/div><\/div><\/div><\/div><div class=\"vce-row-container\" data-vce-boxed-width=\"true\"><div class=\"vce-row vce-row--col-gap-30 vce-row-equal-height vce-row-content--top\" id=\"el-19690bb6\" data-vce-do-apply=\"all el-19690bb6\"><div class=\"vce-row-content\" data-vce-element-content=\"true\"><div class=\"vce-col vce-col--md-auto vce-col--xs-1 vce-col--xs-last vce-col--xs-first vce-col--sm-last vce-col--sm-first vce-col--md-last vce-col--lg-last vce-col--xl-last vce-col--md-first vce-col--lg-first vce-col--xl-first\" id=\"el-23251fb3\"><div class=\"vce-col-inner\" data-vce-do-apply=\"border margin background  el-23251fb3\"><div class=\"vce-col-content\" data-vce-element-content=\"true\" data-vce-do-apply=\"padding el-23251fb3\"><div class=\"vce-text-block\"><div class=\"vce-text-block-wrapper vce\" id=\"el-02db5d9e\" data-vce-do-apply=\"all el-02db5d9e\"><p>REGULAMIN KONKURSU<\/p><p>Z DNIA 10.09.2025r.<\/p><ul><li>1. POSTANOWIENIA OG\u00d3LNE<\/li><\/ul><ol><li>Organizatorem&nbsp;<strong>konkursu \"Czego potrzebuje polski HR?\" <\/strong>(zwanego dalej&nbsp;<strong>\u201cKonkursem\u201d<\/strong>), jest Salander Sp.z.o.o., z siedzib\u0105 przy ul. Pu\u0142awskiej 39\/61 w Warszawie<br>(zwany dalej \u201eOrganizatorem\u201d).<\/li><li>Fundatorem nagrody jest Organizator.<\/li><li>Administratorem danych osobowych udost\u0119pnianych przez Uczestnik\u00f3w Konkursu jest Organizator.<\/li><li>Podanie danych osobowych ma charakter dowolny, lecz niezb\u0119dny do przyst\u0105pienia przez Uczestnika do Konkursu. Osobom udost\u0119pniaj\u0105cym dane przys\u0142uguje prawo dost\u0119pu do tych danych, ich zmian b\u0105d\u017a usuni\u0119cia.<\/li><li>Niniejszy regulamin okre\u015bla warunki Konkursu.<\/li><li>Konkurs jest prowadzony na stronie https:\/\/forms.gle\/6ZTLeq9CjshFP2hJA<\/li><li>Nadz\u00f3r nad prawid\u0142owo\u015bci\u0105 i przebiegiem Konkursu, tj. udzielaniem informacji na temat Konkursu oraz rozpatrywaniem reklamacji sprawuje Organizator.<\/li><\/ol><ul><li>2. UCZESTNICY KONKURSU<\/li><\/ul><ol><li>Uczestnikami Konkursu mog\u0105 by\u0107 wy\u0142\u0105cznie osoby fizyczne, konsumenci w rozumieniu art. 221 kodeksu cywilnego , posiadaj\u0105ce pe\u0142n\u0105 zdolno\u015bci do czynno\u015bci prawnych, kt\u00f3re zaakceptowa\u0142y niniejszy Regulamin (dalej: \u201eUczestnik\u201d).<\/li><li>Uczestnik o\u015bwiadcza, \u017ce:<\/li><li>jest osob\u0105 fizyczn\u0105, posiadaj\u0105c\u0105 pe\u0142n\u0105 zdolno\u015b\u0107 do czynno\u015bci prawnych;<\/li><li>zapozna\u0142 si\u0119 z tre\u015bci\u0105 niniejszego Regulaminu i w spos\u00f3b dobrowolny przyst\u0119puje do Konkursu;<\/li><li>wyra\u017ca zgod\u0119 i akceptuje warunki Regulaminu, w tym zapozna\u0142 si\u0119 z tre\u015bci\u0105 dotycz\u0105c\u0105 procedury odbioru nagrody i j\u0105 w pe\u0142ni akceptuje;<\/li><li>zobowi\u0105zuje si\u0119 do przestrzegania postanowie\u0144 Regulaminu;<\/li><li>wyrazi\u0142 zgod\u0119 na przetwarzanie danych osobowych dla cel\u00f3w zwi\u0105zanych z uczestnictwem w Konkursie;<\/li><li>W Konkursie nie mog\u0105 uczestniczy\u0107 pracownicy i wsp\u00f3\u0142pracownicy Organizatora.<\/li><\/ol><ul><li>3. NAGRODA<\/li><\/ul><ol><li>W Konkursie przewidziano 3 nagrody \u2013 dla 3 os\u00f3b wy\u0142onionych w spos\u00f3b wskazany w \u00a76.<\/li><li>Nagrod\u0105 jest badanie kompetencji przy pomocy narz\u0119dzia Archipelago Competence Game;<\/li><li>Laureatom nie przys\u0142uguje prawo wymiany Nagrody na got\u00f3wk\u0119 ani nagrod\u0119 innego rodzaju.<\/li><li>Zwyci\u0119zcy mog\u0105 zrzec si\u0119 Nagrody, ale w zamian nie przys\u0142uguje im ekwiwalent pieni\u0119\u017cny ani jakakolwiek inna nagroda.<\/li><\/ol><ul><li>4. MIEJSCE, CZAS I ZASADY KONKURSU<\/li><\/ul><ol><li>Konkurs jest dost\u0119pny w ramach ankiety na portalu Google Forms https:\/\/forms.gle\/6ZTLeq9CjshFP2hJA<\/li><li>Konkurs trwa od dnia 10.09.2025 godz. 23:59 do 10.11.2025 godz 23:59.<\/li><\/ol><ul><li>5. ZASADY UCZESTNICTWA W KONKURSIE<\/li><\/ul><ol><li>Zadaniem Uczestnika Konkursu jest:\"Opisz sw\u00f3j wymarzony materia\u0142 merytoryczny - mo\u017ce to by\u0107 ebook, webinar, spotkanie na \u017cywo lub cokolwiek innego, co przychodzi ci na my\u015bl!\"<\/li><li>Informacje o konkursie s\u0105 dost\u0119pne pod adresem https:\/\/forms.gle\/c2HMZp8JRdEiT4ED7<\/li><\/ol><ul><li>6. WARUNKI UCZESTNICTWA W KONKURSIE I ODBIORU NAGR\u00d3D<\/li><\/ul><ol><li>Dost\u0119p do Konkursu jest bezp\u0142atny;<\/li><li>Warunkiem uczestnictwa w Konkursie jest zaakceptowanie Regulaminu oraz poprawne wykonanie wszystkich zada\u0144 opisanych w \u00a7 5. Ust. 1 Regulaminu.<\/li><li>O przyznaniu nagrody decyduje Organizator w drodze analizy poprawno\u015bci oraz atrakcyjno\u015bci wykonania zada\u0144 opisanych w \u00a7 5. Ust. 1 Regulaminu przez Uczestnik\u00f3w Konkursu, a tak\u017ce na podstawie kryterium mo\u017cliwo\u015bci realizacji.<\/li><li>Spo\u015br\u00f3d nades\u0142anych zg\u0142osze\u0144 Organizator wy\u0142oni 3 zwyci\u0119zc\u00f3w&nbsp;<\/li><li>Zwyci\u0119zca Konkursu zostanie powiadomiony o wygranej i warunkach odbioru Nagrody za po\u015brednictwem wiadomo\u015bci email, wys\u0142anej w ci\u0105gu 2 dni roboczych od momentu zako\u0144czenia konkursu.<\/li><li>Publiczna informacja o wygranej zostanie r\u00f3wnie\u017c umieszczona w formie posta na profilach na portalach Facebook i LinkedIn prowadzonych przez Organizatora.<\/li><\/ol><ul><li>7. ZAKRES ODPOWIEDZIALNO\u015aCI ORGANIZATORA<\/li><\/ul><ol><li>Organizator nie ponosi odpowiedzialno\u015bci za rzetelno\u015b\u0107 i prawdziwo\u015b\u0107 danych Uczestnik\u00f3w Konkursu, w tym za brak mo\u017cliwo\u015bci przekazania nagr\u00f3d, z przyczyny le\u017c\u0105cych po stronie Uczestnika, w szczeg\u00f3lno\u015bci, je\u015bli ten nie poda\u0142 prawdziwego adresu do korespondencji lub podane dane s\u0105 niepe\u0142ne lub nieaktualne.<\/li><li>Organizator o\u015bwiadcza, \u017ce nie prowadzi kontroli, ani monitoringu tre\u015bci umieszczanych przez Uczestnik\u00f3w w zakresie rzetelno\u015bci i prawdziwo\u015bci, z zastrze\u017ceniem dzia\u0142a\u0144 zwi\u0105zanych z usuni\u0119ciem narusze\u0144 Regulaminu lub przepis\u00f3w powszechnie obowi\u0105zuj\u0105cych.<\/li><\/ol><ul><li>8. PRZETWARZANIE DANYCH OSOBOWYCH<\/li><\/ul><ol><li>Dane osobowe Uczestnik\u00f3w Konkursu b\u0119d\u0105 przetwarzane przez Organizatora wy\u0142\u0105cznie w celu dokonania czynno\u015bci niezb\u0119dnych do prawid\u0142owego przeprowadzenia Konkursu.<\/li><li>Dane osobowe Uczestnik\u00f3w Konkursu b\u0119d\u0105 przechowywane przez Organizatora tylko przez okres niezb\u0119dny do przeprowadzenia Konkursu i wydania nagr\u00f3d wyr\u00f3\u017cnionym Uczestnikom.<\/li><li>Uczestnicy maj\u0105 prawo wgl\u0105du do przetwarzanych danych i ich poprawiania oraz usuwania. Dane s\u0105 podawane na zasadach dobrowolno\u015bci.<\/li><li>W momencie usuni\u0119cia danych U\u017cytkownik traci mo\u017cliwo\u015b\u0107 Uczestnictwa w Konkursie.<\/li><\/ol><ul><li>9. PRAWA AUTORSKIE<\/li><\/ul><ol><li>Wszelkie prawa w\u0142asno\u015bci intelektualnej do Konkursu przys\u0142uguj\u0105 Organizatorowi. Uczestnictwo w Konkursie nie skutkuje w \u017cadnym zakresie nabyciem przez Uczestnik\u00f3w jakichkolwiek praw w\u0142asno\u015bci intelektualnej. Zabronione jest naruszanie w jakikolwiek spos\u00f3b praw w\u0142asno\u015bci intelektualnej w Konkursie, w szczeg\u00f3lno\u015bci:<\/li><li>a) kopiowanie, modyfikowanie oraz transmitowanie elektronicznie lub rozpowszechnianie w inny spos\u00f3b mechanizmu Konkursu lub jego cz\u0119\u015bci, a tak\u017ce poszczeg\u00f3lnych utwor\u00f3w i baz danych, bez wyra\u017anej pisemnej zgody Administratora;<\/li><li>b) korzystanie z Konkursu w spos\u00f3b niezgodny z Regulaminem lub powszechnie obowi\u0105zuj\u0105cymi przepisami.<\/li><\/ol><ul><li>10. REKLAMACJE I ZG\u0141OSZENIA NARUSZE\u0143<\/li><\/ul><ol><li>Wszelkie reklamacje dotycz\u0105ce sposobu przeprowadzania Konkursu, Uczestnicy winni zg\u0142asza\u0107 na pi\u015bmie w czasie trwania Konkursu, jednak nie p\u00f3\u017aniej ni\u017c w terminie 14 (czternastu) dni od dnia wydania Nagr\u00f3d.<\/li><li>Reklamacja zg\u0142oszona po wyznaczonym terminie nie wywo\u0142uje skutk\u00f3w prawnych.<\/li><li>Pisemna reklamacja powinna zawiera\u0107 imi\u0119, nazwisko, dok\u0142adny adres Uczestnika oraz dok\u0142adny opis i uzasadnienie reklamacji.<\/li><li>Reklamacja powinna by\u0107 przes\u0142ana listem poleconym na adres Organizatora&nbsp;<\/li><li>Reklamacje rozpatrywane b\u0119d\u0105 pisemnie w terminie 30 dni.<\/li><\/ol><ul><li>11. POSTANOWIENIA KO\u0143COWE<\/li><\/ul><ol><li>Regulamin wchodzi w \u017cycie z dniem 10.09.2025 i obowi\u0105zuje do 10.11.2025<\/li><li>W kwestiach nieuregulowanych niniejszym Regulaminem stosuje si\u0119 przepisy Kodeksu cywilnego i inne przepisy prawa.<\/li><li>Spory odnosz\u0105ce si\u0119 i wynikaj\u0105ce z Konkursu b\u0119d\u0105 rozwi\u0105zywane przez s\u0105d powszechny w\u0142a\u015bciwy miejscowo dla siedziby Organizatora.<\/li><\/ol><p>&nbsp;<\/p><\/div><\/div><\/div><\/div><\/div><\/div><\/div><\/div>","protected":false},"excerpt":{"rendered":"<p>Regulamin konkursu &#8222;Czego potrzebuje polski HR? &#8222;REGULAMIN KONKURSUZ DNIA 10.09.2025r.1. POSTANOWIENIA OG\u00d3LNEOrganizatorem&nbsp;konkursu &#8222;Czego potrzebuje polski HR?&#8221; (zwanego dalej&nbsp;\u201cKonkursem\u201d), jest Salander Sp.z.o.o., z siedzib\u0105 przy ul. Pu\u0142awskiej 39\/61 w Warszawie(zwany dalej \u201eOrganizatorem\u201d).Fundatorem nagrody jest Organizator.Administratorem danych osobowych udost\u0119pnianych przez Uczestnik\u00f3w Konkursu jest Organizator.Podanie danych osobowych ma charakter dowolny, lecz niezb\u0119dny do przyst\u0105pienia przez Uczestnika do Konkursu. [&hellip;]<\/p>\n","protected":false},"author":5,"featured_media":0,"parent":0,"menu_order":0,"comment_status":"closed","ping_status":"closed","template":"","meta":{"footnotes":""},"class_list":["post-1676","page","type-page","status-publish","hentry"],"_links":{"self":[{"href":"https:\/\/competencegame.com\/en\/wp-json\/wp\/v2\/pages\/1676","targetHints":{"allow":["GET"]}}],"collection":[{"href":"https:\/\/competencegame.com\/en\/wp-json\/wp\/v2\/pages"}],"about":[{"href":"https:\/\/competencegame.com\/en\/wp-json\/wp\/v2\/types\/page"}],"author":[{"embeddable":true,"href":"https:\/\/competencegame.com\/en\/wp-json\/wp\/v2\/users\/5"}],"replies":[{"embeddable":true,"href":"https:\/\/competencegame.com\/en\/wp-json\/wp\/v2\/comments?post=1676"}],"version-history":[{"count":2,"href":"https:\/\/competencegame.com\/en\/wp-json\/wp\/v2\/pages\/1676\/revisions"}],"predecessor-version":[{"id":1679,"href":"https:\/\/competencegame.com\/en\/wp-json\/wp\/v2\/pages\/1676\/revisions\/1679"}],"wp:attachment":[{"href":"https:\/\/competencegame.com\/en\/wp-json\/wp\/v2\/media?parent=1676"}],"curies":[{"name":"wp","href":"https:\/\/api.w.org\/{rel}","templated":true}]}}