{"id":409,"date":"2022-08-16T13:44:57","date_gmt":"2022-08-16T13:44:57","guid":{"rendered":"https:\/\/competencegame.com\/?page_id=409"},"modified":"2024-06-21T10:40:55","modified_gmt":"2024-06-21T10:40:55","slug":"blog","status":"publish","type":"page","link":"https:\/\/competencegame.com\/en\/blog\/","title":{"rendered":"Blog Competence Game"},"content":{"rendered":"<div class=\"vce-row-container\"><div class=\"vce-row vce-element--xl--has-background vce-element--lg--has-background vce-element--md--has-background vce-element--sm--has-background vce-element--xs--has-background vce-row--col-gap-30 vce-row-wrap--reverse vce-row-equal-height vce-row-content--middle\" data-vce-full-width=\"true\" id=\"el-73a4d253\" data-vce-do-apply=\"all el-73a4d253\"><div class=\"vce-content-background-container\"><div class=\"vce-asset-color-gradient-container vce-visible-xl-only\" data-vce-do-apply=\"gradient el-73a4d253\"><\/div><div class=\"vce-asset-color-gradient-container vce-visible-lg-only\" data-vce-do-apply=\"gradient el-73a4d253\"><\/div><div class=\"vce-asset-color-gradient-container vce-visible-md-only\" data-vce-do-apply=\"gradient el-73a4d253\"><\/div><div class=\"vce-asset-color-gradient-container vce-visible-sm-only\" data-vce-do-apply=\"gradient el-73a4d253\"><\/div><div class=\"vce-asset-color-gradient-container vce-visible-xs-only\" data-vce-do-apply=\"gradient el-73a4d253\"><\/div><\/div><div class=\"vce-dividers-wrapper\"><div class=\"vce-container-divider vce-divider-position--bottom vce-container-divider-new vce-visible-all-only\" data-vce-do-apply=\"divider el-73a4d253\"><div class=\"vce-container-divider-inner\"><svg class=\"vce-divider-svg\" viewBox=\"0 0 500 97\" width=\"130%\" preserveAspectRatio=\"none\"><g fill=\"rgb(255, 255, 255)\"><path d=\"M370.005859,7 C421.782298,7 471.582031,23.9140625 500,54.4804687 L500,97 L0,97 L0,86.7851562 C135.587891,97.4101563 223.564453,7.000000000000028 370.005859,7 Z\" opacity=\"0.5\"><\/path><path d=\"M370.005859,15 C421.782298,15 471.582031,27.9140625 500,58.4804687 L500,97 L0,97 L0,90.7851562 C135.587891,101.4101562 223.564453,15 370.005859,15 Z\" opacity=\"0.5\"><\/path><path d=\"M370.005859,22 C421.782298,22 471.582031,31.9140625 500,62.4804687 L500,97 L0,97 L0,94.7851562 C135.587891,105.4101562 223.564453,22 370.005859,22 Z\"><\/path><\/g><\/svg><\/div><\/div><\/div><div class=\"vce-row-content\" data-vce-element-content=\"true\"><div class=\"vce-col vce-col--md-50p vce-col--xs-1 vce-col--xs-last vce-col--xs-first vce-col--sm-last vce-col--sm-first vce-col--md-last vce-col--lg-last vce-col--xl-last vce-col--md-first vce-col--lg-first vce-col--xl-first\" id=\"el-783c737c\"><div class=\"vce-col-inner\" data-vce-do-apply=\"border margin background  el-783c737c\"><div class=\"vce-col-content\" data-vce-element-content=\"true\" data-vce-do-apply=\"padding el-783c737c\"><div class=\"vcv-row-control-wrapper\"><\/div><\/div><\/div><\/div><\/div><\/div><\/div><div class=\"vce-row-container\" id=\"step2\" data-vce-boxed-width=\"true\"><div class=\"vce-row vce-row--col-gap-30 vce-row-equal-height vce-row-content--top\" id=\"el-36e26e37\" data-vce-do-apply=\"all el-36e26e37\"><div class=\"vce-content-background-container\"><\/div><div class=\"vce-row-content\" data-vce-element-content=\"true\"><div class=\"vce-col vce-col--md-auto vce-col--xs-1 vce-col--xs-last vce-col--xs-first vce-col--sm-last vce-col--sm-first vce-col--md-last vce-col--lg-last vce-col--xl-last vce-col--md-first vce-col--lg-first vce-col--xl-first\" id=\"el-51251e45\"><div class=\"vce-col-inner\" data-vce-do-apply=\"border margin background  el-51251e45\"><div class=\"vce-col-content\" data-vce-element-content=\"true\" data-vce-do-apply=\"padding el-51251e45\"><div class=\"vce-text-block\"><div class=\"vce-text-block-wrapper vce\" id=\"el-70d8cfb9\" data-vce-do-apply=\"all el-70d8cfb9\"><h2 style=\"text-align: center; line-height: 0.5;\"><span style=\"color: #212121; font-family: 'PT Sans'; letter-spacing: 1px;\">Blog Competence Game<\/span><\/h2><\/div><\/div><\/div><\/div><\/div><\/div><\/div><\/div><div class=\"vce-row-container\" id=\"step1\" data-vce-boxed-width=\"true\"><div class=\"vce-row vce-row--col-gap-30 vce-row-equal-height vce-row-content--top\" id=\"el-0b74d3ec\" data-vce-do-apply=\"all el-0b74d3ec\"><div class=\"vce-content-background-container\"><\/div><div class=\"vce-row-content\" data-vce-element-content=\"true\"><div class=\"vce-col vce-col--md-auto vce-col--xs-1 vce-col--xs-last vce-col--xs-first vce-col--sm-last vce-col--sm-first vce-col--md-last vce-col--lg-last vce-col--xl-last vce-col--md-first vce-col--lg-first vce-col--xl-first\" id=\"el-6b464225\"><div class=\"vce-col-inner\" data-vce-do-apply=\"border margin background  el-6b464225\"><div class=\"vce-col-content\" data-vce-element-content=\"true\" data-vce-do-apply=\"padding el-6b464225\"><div class=\"vce-posts-grid-container\" style=\"--gapPx: 30px; --columns: 3; --paginationColor: #EEE; --paginationActiveColor: #557CBF; --paginationTextColor: #3d3d3d; --paginationActiveTextColor: #FFF; --paginationHoverColor: #e2e2e2; --paginationActiveHoverColor: #5176b5;\"><div class=\"vce vce-posts-grid-wrapper\" id=\"el-82e053c9\" data-vce-do-apply=\"all el-82e053c9\"><div class=\"vce-posts-grid-list\"><article class=\"vce-posts-grid-item\"><div class=\"vce-post-description vce-post-description--animation\"><a href=\"https:\/\/competencegame.com\/en\/2025\/01\/28\/faking\/\" class=\"vce-post-description-link\" aria-label=\"Kwestionariusze i ich zgrywalizowane wersje: co, je\u015bli kandydat pr\u00f3buje oszuka\u0107?\"><\/a><div class=\"vce-post-description--background-wrapper-box\">\n    <div class=\"vce-post-description--background-wrapper\">\n        <div class=\"vce-post-description--background\" style=\"background-image: url(https:\/\/competencegame.com\/wp-content\/uploads\/2025\/01\/post-ze-statystykami-e-book1-14.png);\"><\/div>\n    <\/div>\n<\/div>\n<div class=\"vce-post-description--content vce-post-description-content--has-title vce-post-description-content--has-excerpt\">\n    <div class=\"vce-post-description--title\">\n    <h3>\n        <a href=\"https:\/\/competencegame.com\/en\/2025\/01\/28\/faking\/\">Kwestionariusze i ich zgrywalizowane wersje: co, je\u015bli kandydat pr\u00f3buje oszuka\u0107?<\/a>\n    <\/h3>\n<\/div>\n    <div class=\"vce-post-description--excerpt\"><p>Opublikowane niedawno badanie naukowe wskazuje, \u017ce skuteczno\u015b\u0107 test\u00f3w spada znacz\u0105co, gdy badane osoby chc\u0105 dobrze wypa\u015b\u0107.<\/p>\n<\/div>\n<\/div>\n<\/div><\/article><article class=\"vce-posts-grid-item\"><div class=\"vce-post-description vce-post-description--animation\"><a href=\"https:\/\/competencegame.com\/en\/2024\/11\/28\/visual-composer-1540\/\" class=\"vce-post-description-link\" aria-label=\"Jak wspiera\u0107 rozw\u00f3j? Transformacyjna moc rozm\u00f3w o do\u015bwiadczeniu z Competence Game\"><\/a><div class=\"vce-post-description--background-wrapper-box\">\n    <div class=\"vce-post-description--background-wrapper\">\n        <div class=\"vce-post-description--background\" style=\"background-image: url(https:\/\/competencegame.com\/wp-content\/uploads\/2024\/11\/post-ze-statystykami-e-book1-13.png);\"><\/div>\n    <\/div>\n<\/div>\n<div class=\"vce-post-description--content vce-post-description-content--has-title vce-post-description-content--has-excerpt\">\n    <div class=\"vce-post-description--title\">\n    <h3>\n        <a href=\"https:\/\/competencegame.com\/en\/2024\/11\/28\/visual-composer-1540\/\">Jak wspiera\u0107 rozw\u00f3j? Transformacyjna moc rozm\u00f3w o do\u015bwiadczeniu z Competence Game<\/a>\n    <\/h3>\n<\/div>\n    <div class=\"vce-post-description--excerpt\"><p>Jak wykorzysta\u0107 refleksje po rozgrywce do osi\u0105gania pe\u0142ni swojego potencja\u0142u? Oto 5 sprawdzonych porad.<\/p>\n<\/div>\n<\/div>\n<\/div><\/article><article class=\"vce-posts-grid-item\"><div class=\"vce-post-description vce-post-description--animation\"><a href=\"https:\/\/competencegame.com\/en\/2024\/11\/14\/rekrutacja-i-zarzadzanie-oparte-na-dowodach\/\" class=\"vce-post-description-link\" aria-label=\"[WYWIAD] Rekrutacja i zarz\u0105dzanie oparte na dowodach \u2013 wywiad z Filipem Tomaszewskim\"><\/a><div class=\"vce-post-description--background-wrapper-box\">\n    <div class=\"vce-post-description--background-wrapper\">\n        <div class=\"vce-post-description--background\" style=\"background-image: url(https:\/\/competencegame.com\/wp-content\/uploads\/2024\/11\/filip-wywiad-polskie-forum-biznesu.png);\"><\/div>\n    <\/div>\n<\/div>\n<div class=\"vce-post-description--content vce-post-description-content--has-title vce-post-description-content--has-excerpt\">\n    <div class=\"vce-post-description--title\">\n    <h3>\n        <a href=\"https:\/\/competencegame.com\/en\/2024\/11\/14\/rekrutacja-i-zarzadzanie-oparte-na-dowodach\/\">[WYWIAD] Rekrutacja i zarz\u0105dzanie oparte na dowodach \u2013 wywiad z Filipem Tomaszewskim<\/a>\n    <\/h3>\n<\/div>\n    <div class=\"vce-post-description--excerpt\"><p>Nowoczesna rekrutacja wymaga innowacyjnych narz\u0119dzi, kt\u00f3re minimalizuj\u0105 ryzyko b\u0142\u0119d\u00f3w i pomagaj\u0105 lepiej dopasowa\u0107 kandydat\u00f3w do zespo\u0142u. Filip Tomaszewski, za\u0142o\u017cyciel Competence Game, wyja\u015bnia, jak zarz\u0105dzanie oparte na dowodach i gry kompetencyjne mog\u0105 zrewolucjonizowa\u0107 proces rekrutacji.<\/p>\n<\/div>\n<\/div>\n<\/div><\/article><article class=\"vce-posts-grid-item\"><div class=\"vce-post-description vce-post-description--animation\"><a href=\"https:\/\/competencegame.com\/en\/2024\/07\/24\/4powodydlaacg\/\" class=\"vce-post-description-link\" aria-label=\"4 powody, by u\u017cywa\u0107 Archipelago Competence Game w rekrutacji\"><\/a><div class=\"vce-post-description--background-wrapper-box\">\n    <div class=\"vce-post-description--background-wrapper\">\n        <div class=\"vce-post-description--background\" style=\"background-image: url(https:\/\/competencegame.com\/wp-content\/uploads\/2024\/07\/post-ze-statystykami-e-book1-9.png);\"><\/div>\n    <\/div>\n<\/div>\n<div class=\"vce-post-description--content vce-post-description-content--has-title vce-post-description-content--has-excerpt\">\n    <div class=\"vce-post-description--title\">\n    <h3>\n        <a href=\"https:\/\/competencegame.com\/en\/2024\/07\/24\/4powodydlaacg\/\">4 powody, by u\u017cywa\u0107 Archipelago Competence Game w rekrutacji<\/a>\n    <\/h3>\n<\/div>\n    <div class=\"vce-post-description--excerpt\"><p>Dlaczego warto wybra\u0107 to narz\u0119dzie? Sp\u00f3jrzmy na to z perspektywy jednego z najwa\u017cniejszych interesariuszy proces\u00f3w rekrutacyjnych \u2013 osoby rekrutera.<\/p>\n<\/div>\n<\/div>\n<\/div><\/article><article class=\"vce-posts-grid-item\"><div class=\"vce-post-description vce-post-description--animation\"><a href=\"https:\/\/competencegame.com\/en\/2024\/02\/22\/wywiad-jak-podjac-trafna-decyzje-selekcyjna-pomiar-kompetencji-w-procesie-rekrutacyjnym\/\" class=\"vce-post-description-link\" aria-label=\"[WYWIAD] Jak podj\u0105\u0107 trafn\u0105 decyzj\u0119 selekcyjn\u0105? Pomiar kompetencji w procesie rekrutacyjnym\"><\/a><div class=\"vce-post-description--background-wrapper-box\">\n    <div class=\"vce-post-description--background-wrapper\">\n        <div class=\"vce-post-description--background\" style=\"background-image: url(https:\/\/competencegame.com\/wp-content\/uploads\/2024\/02\/post-ze-statystykami-e-book1-7.png);\"><\/div>\n    <\/div>\n<\/div>\n<div class=\"vce-post-description--content vce-post-description-content--has-title vce-post-description-content--has-excerpt\">\n    <div class=\"vce-post-description--title\">\n    <h3>\n        <a href=\"https:\/\/competencegame.com\/en\/2024\/02\/22\/wywiad-jak-podjac-trafna-decyzje-selekcyjna-pomiar-kompetencji-w-procesie-rekrutacyjnym\/\">[WYWIAD] Jak podj\u0105\u0107 trafn\u0105 decyzj\u0119 selekcyjn\u0105? Pomiar kompetencji w procesie rekrutacyjnym<\/a>\n    <\/h3>\n<\/div>\n    <div class=\"vce-post-description--excerpt\"><p>Wywiad z Ann\u0105 Zieli\u0144sk\u0105-Wolfigiel o tym, jak mierzy\u0107 kompetencje w rekrutacjach. <\/p>\n<\/div>\n<\/div>\n<\/div><\/article><article class=\"vce-posts-grid-item\"><div class=\"vce-post-description vce-post-description--animation\"><a href=\"https:\/\/competencegame.com\/en\/2024\/02\/14\/podcast-przeszedles-przez-gre-kompetencyjna-oto-4-pomysly-na-to-jak-mozesz-wykorzystac-to-doswiadczenie\/\" class=\"vce-post-description-link\" aria-label=\"[PODCAST] 4 pomys\u0142y na to, jak mo\u017cesz wykorzysta\u0107 do\u015bwiadczenie. gry kompetencyjnej\"><\/a><div class=\"vce-post-description--background-wrapper-box\">\n    <div class=\"vce-post-description--background-wrapper\">\n        <div class=\"vce-post-description--background\" style=\"background-image: url(https:\/\/competencegame.com\/wp-content\/uploads\/2024\/02\/post-ze-statystykami-e-book1-6.png);\"><\/div>\n    <\/div>\n<\/div>\n<div class=\"vce-post-description--content vce-post-description-content--has-title vce-post-description-content--has-excerpt\">\n    <div class=\"vce-post-description--title\">\n    <h3>\n        <a href=\"https:\/\/competencegame.com\/en\/2024\/02\/14\/podcast-przeszedles-przez-gre-kompetencyjna-oto-4-pomysly-na-to-jak-mozesz-wykorzystac-to-doswiadczenie\/\">[PODCAST] 4 pomys\u0142y na to, jak mo\u017cesz wykorzysta\u0107 do\u015bwiadczenie. gry kompetencyjnej<\/a>\n    <\/h3>\n<\/div>\n    <div class=\"vce-post-description--excerpt\"><p>Jakie kolejne kroki mo\u017cesz podj\u0105\u0107, aby zaplanowa\u0107 sw\u00f3j rozw\u00f3j bazuj\u0105c na wynikach z gry? Dzielimy si\u0119 czterema konkretnymi pomys\u0142ami<\/p>\n<\/div>\n<\/div>\n<\/div><\/article><article class=\"vce-posts-grid-item\"><div class=\"vce-post-description vce-post-description--animation\"><a href=\"https:\/\/competencegame.com\/en\/2024\/02\/14\/podcast-jak-gra-ocenia-kompetencje\/\" class=\"vce-post-description-link\" aria-label=\"[PODCAST] Jak gra ocenia kompetencje?\"><\/a><div class=\"vce-post-description--background-wrapper-box\">\n    <div class=\"vce-post-description--background-wrapper\">\n        <div class=\"vce-post-description--background\" style=\"background-image: url(https:\/\/competencegame.com\/wp-content\/uploads\/2024\/02\/Jak-gra-ocenia-kompetencje.png);\"><\/div>\n    <\/div>\n<\/div>\n<div class=\"vce-post-description--content vce-post-description-content--has-title vce-post-description-content--has-excerpt\">\n    <div class=\"vce-post-description--title\">\n    <h3>\n        <a href=\"https:\/\/competencegame.com\/en\/2024\/02\/14\/podcast-jak-gra-ocenia-kompetencje\/\">[PODCAST] Jak gra ocenia kompetencje?<\/a>\n    <\/h3>\n<\/div>\n    <div class=\"vce-post-description--excerpt\"><p>Gry kompetencyjne, kt\u00f3re najlepiej znam to Archipelago i ClusterMind. Jak to jest, \u017ce za pomoc\u0105 gry mo\u017cna zmierzy\u0107 poziom kompetencji? To ca\u0142kiem proste&#8230;<\/p>\n<\/div>\n<\/div>\n<\/div><\/article><article class=\"vce-posts-grid-item\"><div class=\"vce-post-description vce-post-description--animation\"><a href=\"https:\/\/competencegame.com\/en\/2024\/02\/08\/metody-badania-kompetencji-szybki-przeglad\/\" class=\"vce-post-description-link\" aria-label=\"Metody badania kompetencji - szybki przegl\u0105d\"><\/a><div class=\"vce-post-description--background-wrapper-box\">\n    <div class=\"vce-post-description--background-wrapper\">\n        <div class=\"vce-post-description--background\" style=\"background-image: url(https:\/\/competencegame.com\/wp-content\/uploads\/2024\/02\/post-ze-statystykami-e-book1-5.png);\"><\/div>\n    <\/div>\n<\/div>\n<div class=\"vce-post-description--content vce-post-description-content--has-title vce-post-description-content--has-excerpt\">\n    <div class=\"vce-post-description--title\">\n    <h3>\n        <a href=\"https:\/\/competencegame.com\/en\/2024\/02\/08\/metody-badania-kompetencji-szybki-przeglad\/\">Metody badania kompetencji - szybki przegl\u0105d<\/a>\n    <\/h3>\n<\/div>\n    <div class=\"vce-post-description--excerpt\"><p>Poznaj trzy grupy metod badania kompetencji<\/p>\n<\/div>\n<\/div>\n<\/div><\/article><article class=\"vce-posts-grid-item\"><div class=\"vce-post-description vce-post-description--animation\"><a href=\"https:\/\/competencegame.com\/en\/2024\/02\/01\/jak-zbadac-kompetencje-to-zalezy\/\" class=\"vce-post-description-link\" aria-label=\"Jak zbada\u0107 kompetencje? To zale\u017cy...\"><\/a><div class=\"vce-post-description--background-wrapper-box\">\n    <div class=\"vce-post-description--background-wrapper\">\n        <div class=\"vce-post-description--background\" style=\"background-image: url(https:\/\/competencegame.com\/wp-content\/uploads\/2024\/02\/post-ze-statystykami-e-book1-4.png);\"><\/div>\n    <\/div>\n<\/div>\n<div class=\"vce-post-description--content vce-post-description-content--has-title vce-post-description-content--has-excerpt\">\n    <div class=\"vce-post-description--title\">\n    <h3>\n        <a href=\"https:\/\/competencegame.com\/en\/2024\/02\/01\/jak-zbadac-kompetencje-to-zalezy\/\">Jak zbada\u0107 kompetencje? To zale\u017cy...<\/a>\n    <\/h3>\n<\/div>\n    <div class=\"vce-post-description--excerpt\"><p>Dobre badanie kompetencji mogliby\u015bmy por\u00f3wna\u0107 do zrobienia zdj\u0119cia. Klik, stopklatka. Tak w\u0142a\u015bnie jest. Nie opieramy si\u0119 na deklaracjach, na tym, co kto\u015b o sobie my\u015bli.<\/p>\n<\/div>\n<\/div>\n<\/div><\/article><\/div><div class=\"vce-posts-grid-pagination\">\n    <a href=\"\/en\/wp-json\/wp\/v2\/pages\/409?vcv-pagination-82e053c9=1\" class=\"vce-posts-grid-pagination-item vce-state--active\" title=\"Page 1\">1<\/a><a href=\"\/en\/wp-json\/wp\/v2\/pages\/409?vcv-pagination-82e053c9=2\" class=\"vce-posts-grid-pagination-item\" title=\"Page 2\">2<\/a><a href=\"\/en\/wp-json\/wp\/v2\/pages\/409?vcv-pagination-82e053c9=3\" class=\"vce-posts-grid-pagination-item\" title=\"Page 3\">3<\/a><\/div>\n<\/div><\/div><\/div><\/div><\/div><\/div><\/div><\/div>","protected":false},"excerpt":{"rendered":"<p>Blog Competence Game<\/p>","protected":false},"author":5,"featured_media":0,"parent":0,"menu_order":0,"comment_status":"closed","ping_status":"closed","template":"","meta":{"footnotes":""},"class_list":["post-409","page","type-page","status-publish","hentry"],"_links":{"self":[{"href":"https:\/\/competencegame.com\/en\/wp-json\/wp\/v2\/pages\/409","targetHints":{"allow":["GET"]}}],"collection":[{"href":"https:\/\/competencegame.com\/en\/wp-json\/wp\/v2\/pages"}],"about":[{"href":"https:\/\/competencegame.com\/en\/wp-json\/wp\/v2\/types\/page"}],"author":[{"embeddable":true,"href":"https:\/\/competencegame.com\/en\/wp-json\/wp\/v2\/users\/5"}],"replies":[{"embeddable":true,"href":"https:\/\/competencegame.com\/en\/wp-json\/wp\/v2\/comments?post=409"}],"version-history":[{"count":15,"href":"https:\/\/competencegame.com\/en\/wp-json\/wp\/v2\/pages\/409\/revisions"}],"predecessor-version":[{"id":1422,"href":"https:\/\/competencegame.com\/en\/wp-json\/wp\/v2\/pages\/409\/revisions\/1422"}],"wp:attachment":[{"href":"https:\/\/competencegame.com\/en\/wp-json\/wp\/v2\/media?parent=409"}],"curies":[{"name":"wp","href":"https:\/\/api.w.org\/{rel}","templated":true}]}}