{"id":562,"date":"2022-11-02T14:53:53","date_gmt":"2022-11-02T14:53:53","guid":{"rendered":"https:\/\/competencegame.com\/?page_id=562"},"modified":"2024-06-21T10:40:20","modified_gmt":"2024-06-21T10:40:20","slug":"ebook","status":"publish","type":"page","link":"https:\/\/competencegame.com\/en\/ebook\/","title":{"rendered":"Bezp\u0142atny ebook: Efektywne i efektowne badanie kompetencji z Competence Game"},"content":{"rendered":"<div class=\"vce-row-container\"><div class=\"vce-row vce-element--has-background vce-row--col-gap-30 vce-row-equal-height vce-row-content--middle\" data-vce-full-width=\"true\" data-vce-sticky-element=\"true\" vce-box-shadow=\"el-35318397\" id=\"el-35318397\" data-vce-do-apply=\"all el-35318397\"><div class=\"vce-content-background-container\"><\/div><div class=\"vce-row-content\" data-vce-element-content=\"true\"><div class=\"vce-col vce-col--xs-65p vce-col--xs-visible vce-col--xs-first vce-col--sm-80p vce-col--sm-visible vce-col--sm-first vce-col--md-25p vce-col--md-visible vce-col--md-first vce-col--lg-20p vce-col--lg-visible vce-col--lg-first vce-col--xl-20p vce-col--xl-visible vce-col--xl-first\" id=\"el-09135e4b\"><div class=\"vce-col-inner\" data-vce-do-apply=\"border margin background  el-09135e4b\"><div class=\"vce-content-background-container\"><\/div><div class=\"vce-col-content\" data-vce-element-content=\"true\" data-vce-do-apply=\"padding el-09135e4b\"><div class=\"vce-single-image-container vce-single-image--align-left\"><div class=\"vce vce-single-image-wrapper\" id=\"el-43b37e14\" data-vce-do-apply=\"all el-43b37e14\"><figure><div class=\"vce-single-image-figure-inner\" style=\"width: 174px;\"><a href=\"https:\/\/competencegame.com\/en\/\" title=\"\" class=\"vce-single-image-inner vce-single-image--absolute\" style=\"width: 100%; padding-bottom: 34.4828%;\"><img loading=\"lazy\" decoding=\"async\" class=\"vce-single-image\"  width=\"174\" height=\"60\" srcset=\"https:\/\/competencegame.com\/wp-content\/uploads\/2024\/06\/CG_Logo-1-1-174x60.png 174w\" src=\"https:\/\/competencegame.com\/wp-content\/uploads\/2024\/06\/CG_Logo-1-1-174x60.png\" data-img-src=\"https:\/\/competencegame.com\/wp-content\/uploads\/2022\/03\/CG_Logo-1-1.png\" data-attachment-id=\"46\"  alt=\"\" title=\"\" \/><\/a><\/div><figcaption hidden=\"\"><\/figcaption><\/figure><\/div><\/div><\/div><\/div><\/div><div class=\"vce-col vce-col--xs-hide vce-col--sm-hide vce-col--md-35p vce-col--md-visible vce-col--lg-50p vce-col--lg-visible vce-col--xl-50p vce-col--xl-visible\" id=\"el-0cfcae3c\"><div class=\"vce-col-inner\" data-vce-do-apply=\"border margin background  el-0cfcae3c\"><div class=\"vce-content-background-container\"><\/div><div class=\"vce-col-content\" data-vce-element-content=\"true\" data-vce-do-apply=\"padding el-0cfcae3c\"><div class=\"vce-basic-menu-container\" id=\"el-4ad46051\" data-vce-basic-menu=\"true\" data-vce-basic-menu-to-sandwich=\"\"><div class=\"vce-basic-menu-inner vce vce-basic-menu--style-text--color-3E3D3D vce-basic-menu--style-underline--color-b-236-42-133 vce-basic-menu--style-sub-menu-text--color-3E3D3D vce-basic-menu--style-sub-menu-background--color-ffffff vce-basic-menu--style-sub-menu-outline--color-EDEDED vce-basic-menu--style-sub-menu-separator\" data-vce-do-apply=\"margin padding border background  el-4ad46051\"><div class=\"vce-basic-menu\" style=\"font-size: 15px;\"><div class=\"vce-basic-menu-wrapper vce-basic-menu--alignment-right\"><nav class=\"menu-top-menu-container\"><ul  class=\"menu\"><li class=\"menu-item menu-item-type-custom menu-item-object-custom menu-item-has-children menu-item-66\"><a href=\"#\">Sign in<\/a>\n<ul class=\"sub-menu\">\n\t<li class=\"menu-item menu-item-type-custom menu-item-object-custom menu-item-100\"><a href=\"https:\/\/hrpanel.competencegame.com\/account\/login?accountlogin=&amp;lang=en\">Partner login<\/a><\/li>\n\t<li class=\"menu-item menu-item-type-custom menu-item-object-custom menu-item-101\"><a href=\"https:\/\/hrpanel.competencegame.com\/participant\">Participant login<\/a><\/li>\n<\/ul>\n<\/li>\n<\/ul><\/nav><\/div><\/div><\/div><\/div><\/div><\/div><\/div><div class=\"vce-col vce-col--xs-hide vce-col--sm-hide vce-col--md-30p vce-col--md-visible vce-col--lg-23p vce-col--lg-visible vce-col--xl-20p vce-col--xl-visible\" id=\"el-11306947\"><div class=\"vce-col-inner\" data-vce-do-apply=\"border margin background  el-11306947\"><div class=\"vce-content-background-container\"><\/div><div class=\"vce-col-content\" data-vce-element-content=\"true\" data-vce-do-apply=\"padding el-11306947\"><div class=\"vce-button--style-basic-container vce-button--style-basic-container--align-center\"><span class=\"vce-button--style-basic-wrapper vce\" id=\"el-1ab95ff3\" data-vce-do-apply=\"margin el-1ab95ff3\"><a class=\"vce-button vce-button--style-basic vce-button--style-basic--border-rounded vce-button--style-basic--size-medium vce-button--style-basic--color-b-236-42-133--b-255-255-255\" href=\"#contact\" title=\"\" data-vce-do-apply=\"padding border background  el-1ab95ff3\">Play a demo<\/a><\/span><\/div><\/div><\/div><\/div><div class=\"vce-col vce-col--xs-auto vce-col--xs-visible vce-col--xs-last vce-col--sm-auto vce-col--sm-visible vce-col--sm-last vce-col--md-10p vce-col--md-visible vce-col--md-last vce-col--lg-7p vce-col--lg-visible vce-col--lg-last vce-col--xl-10p vce-col--xl-visible vce-col--xl-last\" id=\"el-d82be3a6\"><div class=\"vce-col-inner\" data-vce-do-apply=\"border margin background  el-d82be3a6\"><div class=\"vce-content-background-container\"><\/div><div class=\"vce-col-content\" data-vce-element-content=\"true\" data-vce-do-apply=\"padding el-d82be3a6\"><div class=\"vce-basic-menu-container\" id=\"el-ca1f9139\" data-vce-basic-menu=\"true\" data-vce-basic-menu-to-sandwich=\"1\"><div class=\"vce-basic-menu-inner vce vce-basic-menu--style-text--color-3E3D3D vce-basic-menu--style-underline--color-b-236-42-133 vce-basic-menu--style-sub-menu-text--color-3E3D3D vce-basic-menu--style-sub-menu-background--color-ffffff vce-basic-menu--style-sub-menu-outline--color-EDEDED vce-basic-menu--style-sub-menu-separator\" data-vce-do-apply=\"margin padding border background  el-ca1f9139\"><div class=\"vce-basic-menu\" style=\"font-size: 16px;\"><div class=\"vce-basic-menu-wrapper vce-basic-menu--alignment-right\"><nav class=\"menu-top-menu-container\"><ul  class=\"menu\"><li class=\"menu-item menu-item-type-custom menu-item-object-custom menu-item-has-children menu-item-66\"><a href=\"#\">Sign in<\/a>\n<ul class=\"sub-menu\">\n\t<li class=\"menu-item menu-item-type-custom menu-item-object-custom menu-item-100\"><a href=\"https:\/\/hrpanel.competencegame.com\/account\/login?accountlogin=&amp;lang=en\">Partner login<\/a><\/li>\n\t<li class=\"menu-item menu-item-type-custom menu-item-object-custom menu-item-101\"><a href=\"https:\/\/hrpanel.competencegame.com\/participant\">Participant login<\/a><\/li>\n<\/ul>\n<\/li>\n<\/ul><\/nav><\/div><\/div><div class=\"vce-basic-menu-sandwich-container\"><div class=\"vce-sandwich-menu-wrapper vce\" id=\"el-39d71b53\" data-vce-sandwich-menu=\"true\" data-vce-do-apply=\"margin el-39d71b53\" style=\"--alignment: right; --iconColor: rgb(115, 9, 184); --iconHoverColor: rgb(162,128,204); --closeIconColor: rgb(115, 9, 184); --closeIconHoverColor: rgb(162,128,204); --linkColor: #EDEDED; --linkHoverColor: #f2f2f2; --overlayBackground: rgba(33,33,33,.9); --shapeColor: transparent; --shapeHoverColor: transparent;\"><div class=\"vce-sandwich-menu vce-sandwich-menu--alignment-right\"><button class=\"vce-sandwich-menu-open-button\" data-vce-do-apply=\"padding border background el-39d71b53\" aria-label=\"Open menu\" data-vce-sandwich-menu-open-button=\"true\"><span class=\"vce-sandwich-menu-open-button-inner\"><svg width=\"24px\" height=\"19px\" viewbox=\"0 0 24 19\"><g><rect x=\"0\" y=\"0\" width=\"24\" height=\"3\"><\/rect><rect x=\"0\" y=\"8\" width=\"24\" height=\"3\"><\/rect><rect x=\"0\" y=\"16\" width=\"24\" height=\"3\"><\/rect><\/g><\/svg><\/span><\/button><div class=\"vce-sandwich-menu-container\" data-vce-sandwich-menu-modal=\"true\"><button class=\"vce-sandwich-menu-close-button\" data-vce-do-apply=\"padding border background el-39d71b53\" aria-label=\"Close menu\" data-vce-sandwich-menu-close-button=\"true\"><span class=\"vce-sandwich-menu-close-button-inner\"><svg width=\"20px\" height=\"20px\" viewbox=\"0 0 20 20\"><polygon points=\"9.5 7.38888889 2.11111111 0 0 2.11111111 7.38888889 9.5 0 16.8888889 2.11111111 19 9.5 11.6111111 16.8888889 19 19 16.8888889 11.6111111 9.5 19 2.11111111 16.8888889 1.76780781e-15\"><\/polygon><\/svg><\/span><\/button><div class=\"vce-sandwich-menu-scroll-container\"><div class=\"vce-sandwich-menu-inner\" style=\"font-size: 22px;\"><nav class=\"menu-top-menu-mobile-container\"><ul  class=\"\"><li class=\"menu-item menu-item-type-custom menu-item-object-custom menu-item-has-children menu-item-182\"><a href=\"#\">Sign in<\/a>\n<ul class=\"sub-menu\">\n\t<li class=\"menu-item menu-item-type-custom menu-item-object-custom menu-item-183\"><a href=\"https:\/\/hrpanel.competencegame.com\/account\/login?accountlogin=&amp;lang=en\">Partner login<\/a><\/li>\n\t<li class=\"menu-item menu-item-type-custom menu-item-object-custom menu-item-184\"><a href=\"https:\/\/hrpanel.competencegame.com\/participant\">Participant login<\/a><\/li>\n<\/ul>\n<\/li>\n<li class=\"menu-item menu-item-type-custom menu-item-object-custom menu-item-has-children menu-item-509\"><a href=\"#\">Our games<\/a>\n<ul class=\"sub-menu\">\n\t<li class=\"menu-item menu-item-type-custom menu-item-object-custom menu-item-510\"><a href=\"https:\/\/competencegame.com\/en\/clustermind\/\">ClusterMind<\/a><\/li>\n\t<li class=\"menu-item menu-item-type-custom menu-item-object-custom menu-item-511\"><a href=\"https:\/\/competencegame.com\/en\/archipelago\/\">Archipelago<\/a><\/li>\n<\/ul>\n<\/li>\n<li class=\"trp-language-switcher-container menu-item menu-item-type-post_type menu-item-object-language_switcher current-language-menu-item menu-item-185\"><a href=\"https:\/\/competencegame.com\/en\/wp-json\/wp\/v2\/pages\/562\"><span data-no-translation><img class=\"trp-flag-image\" src=\"https:\/\/competencegame.com\/wp-content\/plugins\/translatepress-multilingual\/assets\/images\/flags\/pl_PL.png\" width=\"18\" height=\"12\" alt=\"pl_PL\" title=\"Polish\"><\/span><\/a><\/li>\n<\/ul><\/nav><\/div><\/div><\/div><\/div><\/div><\/div><\/div><\/div><\/div><\/div><\/div><\/div><\/div><\/div><div class=\"vce-row-container\"><div class=\"vce-row vce-element--xl--has-background vce-element--lg--has-background vce-element--md--has-background vce-element--sm--has-background vce-element--xs--has-background vce-row--col-gap-30 vce-row-wrap--reverse vce-row-equal-height vce-row-content--middle\" data-vce-full-width=\"true\" id=\"el-83058a68\" data-vce-do-apply=\"all el-83058a68\"><div class=\"vce-content-background-container\"><div class=\"vce-asset-color-gradient-container vce-visible-xl-only\" data-vce-do-apply=\"gradient el-83058a68\"><\/div><div class=\"vce-asset-color-gradient-container vce-visible-lg-only\" data-vce-do-apply=\"gradient el-83058a68\"><\/div><div class=\"vce-asset-color-gradient-container vce-visible-md-only\" data-vce-do-apply=\"gradient el-83058a68\"><\/div><div class=\"vce-asset-color-gradient-container vce-visible-sm-only\" data-vce-do-apply=\"gradient el-83058a68\"><\/div><div class=\"vce-asset-color-gradient-container vce-visible-xs-only\" data-vce-do-apply=\"gradient el-83058a68\"><\/div><\/div><div class=\"vce-dividers-wrapper\"><div class=\"vce-container-divider vce-divider-position--bottom vce-container-divider-new vce-visible-all-only\" data-vce-do-apply=\"divider el-83058a68\"><div class=\"vce-container-divider-inner\"><svg class=\"vce-divider-svg\" viewbox=\"0 0 500 97\" width=\"130%\" preserveaspectratio=\"none\"><g fill=\"rgb(255, 255, 255)\"><path d=\"M370.005859,7 C421.782298,7 471.582031,23.9140625 500,54.4804687 L500,97 L0,97 L0,86.7851562 C135.587891,97.4101563 223.564453,7.000000000000028 370.005859,7 Z\" opacity=\"0.5\"><\/path><path d=\"M370.005859,15 C421.782298,15 471.582031,27.9140625 500,58.4804687 L500,97 L0,97 L0,90.7851562 C135.587891,101.4101562 223.564453,15 370.005859,15 Z\" opacity=\"0.5\"><\/path><path d=\"M370.005859,22 C421.782298,22 471.582031,31.9140625 500,62.4804687 L500,97 L0,97 L0,94.7851562 C135.587891,105.4101562 223.564453,22 370.005859,22 Z\"><\/path><\/g><\/svg><\/div><\/div><\/div><div class=\"vce-row-content\" data-vce-element-content=\"true\"><div class=\"vce-col vce-col--md-50p vce-col--xs-1 vce-col--xs-last vce-col--xs-first vce-col--sm-last vce-col--sm-first vce-col--md-last vce-col--lg-last vce-col--xl-last vce-col--md-first vce-col--lg-first vce-col--xl-first\" id=\"el-90068868\"><div class=\"vce-col-inner\" data-vce-do-apply=\"border margin background  el-90068868\"><div class=\"vce-col-content\" data-vce-element-content=\"true\" data-vce-do-apply=\"padding el-90068868\"><div class=\"vcv-row-control-wrapper\"><\/div><\/div><\/div><\/div><\/div><\/div><\/div><div class=\"vce-row-container\" id=\"step1\" data-vce-boxed-width=\"true\"><div class=\"vce-row vce-row--col-gap-30 vce-row-equal-height vce-row-content--top\" id=\"el-82073000\" data-vce-do-apply=\"all el-82073000\"><div class=\"vce-content-background-container\"><\/div><div class=\"vce-row-content\" data-vce-element-content=\"true\"><div class=\"vce-col vce-col--md-43p vce-col--xs-1 vce-col--xs-last vce-col--xs-first vce-col--sm-last vce-col--sm-first vce-col--md-first vce-col--lg-first vce-col--xl-first\" id=\"el-3dddd61e\"><div class=\"vce-col-inner\" data-vce-do-apply=\"border margin background  el-3dddd61e\"><div class=\"vce-col-content\" data-vce-element-content=\"true\" data-vce-do-apply=\"padding el-3dddd61e\"><div class=\"vce-text-block\"><div class=\"vce-text-block-wrapper vce\" id=\"el-771afc18\" data-vce-do-apply=\"all el-771afc18\"><h2 style=\"text-align: center;\"><span style=\"color: #212121; font-family: PT Sans;\"><strong>Efektywne i efektowne badanie kompetencji w rekrutacji. <\/strong><\/span><\/h2><h2 style=\"text-align: center;\"><span style=\"color: #212121; font-family: PT Sans;\"><strong>Jak to osi\u0105gn\u0105\u0107?<\/strong><\/span><\/h2><p style=\"text-align: center; line-height: 1.5;\">&nbsp;<\/p><\/div><\/div><div class=\"vce-button--style-outline-container vce-button--style-outline-container--align-center\"><span class=\"vce-button--style-outline-wrapper vce\" id=\"el-ebfd7b61\" data-vce-do-apply=\"margin el-ebfd7b61\"><a class=\"vce-button vce-button--style-outline-animated vce-button--style-outline--border-square vce-button--style-outline--size-medium vce-button--style-outline-animated--color-b-193-26-74--fff--3d3d3d vce-button--style-outline-animated--border-color-b-214-69-110--3d3d3d vce-button--style-outline-animated--background-color-ba-193-26-74-0-57\" href=\"#FormularzeBook\" title=\"\" data-vce-do-apply=\"padding border background  el-ebfd7b61\"><span class=\"vce-button--style-outline-text\">Pobierz bezp\u0142atny ebook<\/span><\/a><\/span><\/div><div class=\"vce-text-block\"><div class=\"vce-text-block-wrapper vce\" id=\"el-8d2c0ab8\" data-vce-do-apply=\"all el-8d2c0ab8\"><p style=\"text-align: left;\"><span style=\"font-size: 14pt; font-family: 'Open Sans';\">W Competence Game dostarczamy przyjazne kandydatom<\/span><br><span style=\"font-size: 14pt; font-family: 'Open Sans';\">narz\u0119dzia, dzi\u0119ki kt\u00f3rym rekruterzy mog\u0105 \u0142atwiej podejmowa\u0107<\/span><br><span style=\"font-size: 14pt; font-family: 'Open Sans';\">trafne decyzje selekcyjne.<br><\/span><br><span style=\"font-size: 14pt; font-family: 'Open Sans';\">Na przestrzeni lat wspierali\u015bmy organizacje takie jak<br><\/span><span style=\"font-family: 'Open Sans'; font-size: 14pt;\">Credit Agricole, Mercedes-Benz czy Metlife.<\/span><\/p>\n<p style=\"text-align: left;\"><br><span style=\"font-size: 14pt;\"><span style=\"font-family: 'Open Sans';\"><strong>Z naszego ebooka dowiesz si\u0119, jak wygl\u0105da proces rekrutacji z wykorzystaniem gier kompetencyjnych.&nbsp;<br><\/strong>W dokumencie opisali\u015bmy realny przyk\u0142ad&nbsp;<\/span><span style=\"font-family: 'Open Sans';\">badania kompetencji kandydat\u00f3w do mi\u0119dzynarodowego programu <\/span><span style=\"font-family: 'Open Sans';\">sta\u017cowego. Zapraszamy do lektury!<\/span><\/span><\/p><\/div><\/div><\/div><\/div><\/div><div class=\"vce-col vce-col--md-57p vce-col--xs-1 vce-col--xs-last vce-col--xs-first vce-col--sm-last vce-col--sm-first vce-col--md-last vce-col--lg-last vce-col--xl-last\" id=\"el-ffbb5e7b\"><div class=\"vce-col-inner\" data-vce-do-apply=\"border margin background  el-ffbb5e7b\"><div class=\"vce-col-content\" data-vce-element-content=\"true\" data-vce-do-apply=\"padding el-ffbb5e7b\"><div class=\"vce-single-image-container vce-single-image--align-center\"><div class=\"vce vce-single-image-wrapper\" id=\"el-0602dc0a\" data-vce-do-apply=\"all el-0602dc0a\" data-vce-animate=\"vce-o-animate--fadeInUp\"><figure><div class=\"vce-single-image-figure-inner\" style=\"width: 551px;\"><div class=\"vce-single-image-inner vce-single-image--absolute\" style=\"width: 100%; padding-bottom: 141.379%;\"><img loading=\"lazy\" decoding=\"async\" class=\"vce-single-image\"  width=\"551\" height=\"779\" srcset=\"https:\/\/competencegame.com\/wp-content\/uploads\/2022\/11\/Efektywne-I-efektowne-badanie-kompetencji-kandydatow._-Jak-to-osiagnac_-_-e1667839100967-320x304.png 320w, https:\/\/competencegame.com\/wp-content\/uploads\/2022\/11\/Efektywne-I-efektowne-badanie-kompetencji-kandydatow._-Jak-to-osiagnac_-_-e1667839100967-480x456.png 480w, https:\/\/competencegame.com\/wp-content\/uploads\/2022\/11\/Efektywne-I-efektowne-badanie-kompetencji-kandydatow._-Jak-to-osiagnac_-_-800x1132.png 800w, https:\/\/competencegame.com\/wp-content\/uploads\/2024\/06\/Efektywne-I-efektowne-badanie-kompetencji-kandydatow._-Jak-to-osiagnac_-_-e1667838842954-551x779.png 551w\" src=\"https:\/\/competencegame.com\/wp-content\/uploads\/2024\/06\/Efektywne-I-efektowne-badanie-kompetencji-kandydatow._-Jak-to-osiagnac_-_-e1667838842954-551x779.png\" data-img-src=\"https:\/\/competencegame.com\/wp-content\/uploads\/2022\/11\/Efektywne-I-efektowne-badanie-kompetencji-kandydatow._-Jak-to-osiagnac_-_-e1667838842954.png\" data-attachment-id=\"717\"  alt=\"\" title=\"Efektywne I efektowne badanie kompetencji kandydat\u00f3w._ Jak to osi\u0105gn\u0105\u0107_ _\" \/><\/div><\/div><figcaption hidden=\"\"><\/figcaption><\/figure><\/div><\/div><div class=\"vce-text-block\" id=\"FormularzEbook\"><div class=\"vce-text-block-wrapper vce\" id=\"el-a70f1adb\" data-vce-do-apply=\"all el-a70f1adb\"><h2 style=\"line-height: 1;\"><span style=\"font-size: 24pt; font-weight: bold; font-style: normal;\"><strong><span style=\"font-family: 'PT Sans';\">\"Efektywne i efektowne badanie kompetencji kandydat\u00f3w\"<\/span><\/strong><\/span><\/h2>\n<p><span style=\"font-family: 'PT Sans';\">Wype\u0142nij formularz, by otrzyma\u0107 dost\u0119p do ebooka.<\/span><\/p><\/div><\/div><div class=\"vce-shortcode\" id=\"FormularzeBook\"><div class=\"vce-shortcode-wrapper vce\" id=\"el-cdea5397\" data-vce-do-apply=\"all el-cdea5397\"><div id=\"cf7cstmzr-form\" class=\"cf7cstmzr-form-03f7785 cf7cstmzr-form\">\n<div class=\"wpcf7 no-js\" id=\"wpcf7-f721-o1\" lang=\"pl-PL\" dir=\"ltr\" data-wpcf7-id=\"721\">\n<div class=\"screen-reader-response\"><p role=\"status\" aria-live=\"polite\" aria-atomic=\"true\"><\/p> <ul><\/ul><\/div>\n<form action=\"\/en\/wp-json\/wp\/v2\/pages\/562#wpcf7-f721-o1\" method=\"post\" class=\"wpcf7-form init cf7skins cf7s-fairy-floss\" aria-label=\"Formularz kontaktowy\" novalidate=\"novalidate\" data-status=\"init\" data-trp-original-action=\"\/en\/wp-json\/wp\/v2\/pages\/562#wpcf7-f721-o1\">\n<fieldset class=\"hidden-fields-container\"><input type=\"hidden\" name=\"_wpcf7\" value=\"721\" \/><input type=\"hidden\" name=\"_wpcf7_version\" value=\"6.1.5\" \/><input type=\"hidden\" name=\"_wpcf7_locale\" value=\"pl_PL\" \/><input type=\"hidden\" name=\"_wpcf7_unit_tag\" value=\"wpcf7-f721-o1\" \/><input type=\"hidden\" name=\"_wpcf7_container_post\" value=\"0\" \/><input type=\"hidden\" name=\"_wpcf7_posted_data_hash\" value=\"\" \/><input type=\"hidden\" name=\"_wpcf7_recaptcha_response\" value=\"\" \/>\n<\/fieldset>\n<b><div class=\"form-group\"><label>Imi\u0119 (wymagane)<\/label>\n<span class=\"wpcf7-form-control-wrap\" data-name=\"imi_wymagane\"><input size=\"40\" maxlength=\"400\" class=\"wpcf7-form-control wpcf7-text wpcf7-validates-as-required form-control\" aria-required=\"true\" aria-invalid=\"false\" value=\"\" type=\"text\" name=\"imi_wymagane\" \/><\/span><\/div>\n<div class=\"form-group\"><label>Nazwisko (wymagane)<\/label>\n<span class=\"wpcf7-form-control-wrap\" data-name=\"nazwisko_wymagane\"><input size=\"40\" maxlength=\"400\" class=\"wpcf7-form-control wpcf7-text wpcf7-validates-as-required form-control\" aria-required=\"true\" aria-invalid=\"false\" value=\"\" type=\"text\" name=\"nazwisko_wymagane\" \/><\/span><\/div>\n<div class=\"form-group\"><label>Adres email (wymagane)<\/label>\n<span class=\"wpcf7-form-control-wrap\" data-name=\"your-email\"><input size=\"40\" maxlength=\"400\" class=\"wpcf7-form-control wpcf7-email wpcf7-validates-as-required wpcf7-text wpcf7-validates-as-email\" aria-required=\"true\" aria-invalid=\"false\" value=\"\" type=\"email\" name=\"your-email\" \/><\/span><\/div>\n<div class=\"form-group\"><label>Stanowisko<\/label>\n<span class=\"wpcf7-form-control-wrap\" data-name=\"stanowisko\"><input size=\"40\" maxlength=\"400\" class=\"wpcf7-form-control wpcf7-text form-control\" aria-invalid=\"false\" value=\"\" type=\"text\" name=\"stanowisko\" \/><\/span><\/div>\n<div class=\"form-group\"><label>Numer kontaktowy<\/label>\n<span class=\"wpcf7-form-control-wrap\" data-name=\"numer_kontaktowy\"><input size=\"40\" maxlength=\"400\" class=\"wpcf7-form-control wpcf7-text form-control\" aria-invalid=\"false\" value=\"\" type=\"text\" name=\"numer_kontaktowy\" \/><\/span><\/div><\/b>\n<div><span class=\"wpcf7-form-control-wrap\" data-name=\"dane2\"><span class=\"wpcf7-form-control wpcf7-checkbox wpcf7-validates-as-required\"><span class=\"wpcf7-list-item first last\"><input type=\"checkbox\" name=\"dane2[]\" value=\"Wyra\u017cam zgod\u0119 na przetwarzanie moich danych osobowych w celach marketingowych przez Salander Sp. z o.o. oraz PGS Pracownia Gier Szkoleniowych sp. z o.o.\" \/><span class=\"wpcf7-list-item-label\">Wyra\u017cam zgod\u0119 na przetwarzanie moich danych osobowych w celach marketingowych przez Salander Sp. z o.o. oraz PGS Pracownia Gier Szkoleniowych sp. z o.o.<\/span><\/span><\/span><\/span><\/div>\n<div class=\"form-group\"><input class=\"wpcf7-form-control wpcf7-submit has-spinner\" type=\"submit\" value=\"Send\" \/><\/div><div class=\"wpcf7-response-output\" aria-hidden=\"true\"><\/div>\n<input type=\"hidden\" name=\"trp-form-language\" value=\"en\"\/><\/form>\n<\/div>\n<\/div><\/div><\/div><\/div><\/div><\/div><\/div><\/div><\/div><div class=\"vce-row-container\"><div class=\"vce-row vce-row--col-gap-30 vce-row-wrap--reverse vce-row-equal-height vce-row-content--middle\" data-vce-full-width=\"true\" id=\"el-64d835db\" data-vce-do-apply=\"all el-64d835db\"><div class=\"vce-content-background-container\"><\/div><div class=\"vce-row-content\" data-vce-element-content=\"true\"><div class=\"vce-col vce-col--md-100p vce-col--xs-1 vce-col--xs-last vce-col--xs-first vce-col--sm-last vce-col--sm-first vce-col--md-last vce-col--lg-last vce-col--xl-last vce-col--md-first vce-col--lg-first vce-col--xl-first\" id=\"el-f0db4492\"><div class=\"vce-col-inner\" data-vce-do-apply=\"border margin background  el-f0db4492\"><div class=\"vce-content-background-container\"><\/div><div class=\"vce-col-content\" data-vce-element-content=\"true\" data-vce-do-apply=\"padding el-f0db4492\"><div class=\"vcv-row-control-wrapper\"><\/div><\/div><\/div><\/div><\/div><\/div><\/div>","protected":false},"excerpt":{"rendered":"<p>Zagraj w demoEfektywne i efektowne badanie kompetencji w rekrutacji. Jak to osi\u0105gn\u0105\u0107?&nbsp;Pobierz bezp\u0142atny ebookW Competence Game dostarczamy przyjazne kandydatomnarz\u0119dzia, dzi\u0119ki kt\u00f3rym rekruterzy mog\u0105 \u0142atwiej podejmowa\u0107trafne decyzje selekcyjne.Na przestrzeni lat wspierali\u015bmy organizacje takie jakCredit Agricole, Mercedes-Benz czy Metlife. Z naszego ebooka dowiesz si\u0119, jak wygl\u0105da proces rekrutacji z wykorzystaniem gier kompetencyjnych.&nbsp;W dokumencie opisali\u015bmy realny przyk\u0142ad&nbsp;badania kompetencji [&hellip;]<\/p>\n","protected":false},"author":5,"featured_media":0,"parent":0,"menu_order":0,"comment_status":"closed","ping_status":"closed","template":"","meta":{"footnotes":""},"class_list":["post-562","page","type-page","status-publish","hentry"],"_links":{"self":[{"href":"https:\/\/competencegame.com\/en\/wp-json\/wp\/v2\/pages\/562","targetHints":{"allow":["GET"]}}],"collection":[{"href":"https:\/\/competencegame.com\/en\/wp-json\/wp\/v2\/pages"}],"about":[{"href":"https:\/\/competencegame.com\/en\/wp-json\/wp\/v2\/types\/page"}],"author":[{"embeddable":true,"href":"https:\/\/competencegame.com\/en\/wp-json\/wp\/v2\/users\/5"}],"replies":[{"embeddable":true,"href":"https:\/\/competencegame.com\/en\/wp-json\/wp\/v2\/comments?post=562"}],"version-history":[{"count":30,"href":"https:\/\/competencegame.com\/en\/wp-json\/wp\/v2\/pages\/562\/revisions"}],"predecessor-version":[{"id":1421,"href":"https:\/\/competencegame.com\/en\/wp-json\/wp\/v2\/pages\/562\/revisions\/1421"}],"wp:attachment":[{"href":"https:\/\/competencegame.com\/en\/wp-json\/wp\/v2\/media?parent=562"}],"curies":[{"name":"wp","href":"https:\/\/api.w.org\/{rel}","templated":true}]}}