{"id":726,"date":"2022-11-08T16:30:28","date_gmt":"2022-11-08T16:30:28","guid":{"rendered":"https:\/\/competencegame.com\/?page_id=726"},"modified":"2024-06-21T10:42:02","modified_gmt":"2024-06-21T10:42:02","slug":"ebook_thankyou","status":"publish","type":"page","link":"https:\/\/competencegame.com\/en\/blog\/ebook_thankyou\/","title":{"rendered":"Dzi\u0119kujemy! Twoja wiadomo\u015b\u0107 zosta\u0142a wys\u0142ana. Za chwil\u0119 otrzymasz od nas email z zam\u00f3wionym e-bookiem."},"content":{"rendered":"<div class=\"vce-row-container\"><div class=\"vce-row vce-element--has-background vce-row--col-gap-30 vce-row-equal-height vce-row-content--middle\" data-vce-full-width=\"true\" data-vce-sticky-element=\"true\" vce-box-shadow=\"el-faad8ad7\" id=\"el-faad8ad7\" data-vce-do-apply=\"all el-faad8ad7\"><div class=\"vce-content-background-container\"><\/div><div class=\"vce-row-content\" data-vce-element-content=\"true\"><div class=\"vce-col vce-col--xs-65p vce-col--xs-visible vce-col--xs-first vce-col--sm-80p vce-col--sm-visible vce-col--sm-first vce-col--md-25p vce-col--md-visible vce-col--md-first vce-col--lg-20p vce-col--lg-visible vce-col--lg-first vce-col--xl-20p vce-col--xl-visible vce-col--xl-first\" id=\"el-8efb1773\"><div class=\"vce-col-inner\" data-vce-do-apply=\"border margin background  el-8efb1773\"><div class=\"vce-content-background-container\"><\/div><div class=\"vce-col-content\" data-vce-element-content=\"true\" data-vce-do-apply=\"padding el-8efb1773\"><div class=\"vce-single-image-container vce-single-image--align-left\"><div class=\"vce vce-single-image-wrapper\" id=\"el-05300579\" data-vce-do-apply=\"all el-05300579\"><figure><div class=\"vce-single-image-figure-inner\" style=\"width: 174px;\"><a href=\"https:\/\/competencegame.com\/en\/\" title=\"\" class=\"vce-single-image-inner vce-single-image--absolute\" style=\"width: 100%; padding-bottom: 34.4828%;\"><img loading=\"lazy\" decoding=\"async\" class=\"vce-single-image\"  width=\"174\" height=\"60\" srcset=\"https:\/\/competencegame.com\/wp-content\/uploads\/2024\/06\/CG_Logo-1-1-174x60.png 174w\" src=\"https:\/\/competencegame.com\/wp-content\/uploads\/2024\/06\/CG_Logo-1-1-174x60.png\" data-img-src=\"https:\/\/competencegame.com\/wp-content\/uploads\/2022\/03\/CG_Logo-1-1.png\" data-attachment-id=\"46\"  alt=\"\" title=\"\" \/><\/a><\/div><figcaption hidden=\"\"><\/figcaption><\/figure><\/div><\/div><\/div><\/div><\/div><div class=\"vce-col vce-col--xs-hide vce-col--sm-hide vce-col--md-35p vce-col--md-visible vce-col--lg-50p vce-col--lg-visible vce-col--xl-50p vce-col--xl-visible\" id=\"el-33937583\"><div class=\"vce-col-inner\" data-vce-do-apply=\"border margin background  el-33937583\"><div class=\"vce-content-background-container\"><\/div><div class=\"vce-col-content\" data-vce-element-content=\"true\" data-vce-do-apply=\"padding el-33937583\"><div class=\"vce-basic-menu-container\" id=\"el-cd46aae9\" data-vce-basic-menu=\"true\" data-vce-basic-menu-to-sandwich=\"\"><div class=\"vce-basic-menu-inner vce vce-basic-menu--style-text--color-3E3D3D vce-basic-menu--style-underline--color-b-236-42-133 vce-basic-menu--style-sub-menu-text--color-3E3D3D vce-basic-menu--style-sub-menu-background--color-ffffff vce-basic-menu--style-sub-menu-outline--color-EDEDED vce-basic-menu--style-sub-menu-separator\" data-vce-do-apply=\"margin padding border background  el-cd46aae9\"><div class=\"vce-basic-menu\" style=\"font-size: 15px;\"><div class=\"vce-basic-menu-wrapper vce-basic-menu--alignment-right\"><nav class=\"menu-top-menu-container\"><ul  class=\"menu\"><li class=\"menu-item menu-item-type-custom menu-item-object-custom menu-item-has-children menu-item-66\"><a href=\"#\">Sign in<\/a>\n<ul class=\"sub-menu\">\n\t<li class=\"menu-item menu-item-type-custom menu-item-object-custom menu-item-100\"><a href=\"https:\/\/hrpanel.competencegame.com\/account\/login?accountlogin=&amp;lang=en\">Partner login<\/a><\/li>\n\t<li class=\"menu-item menu-item-type-custom menu-item-object-custom menu-item-101\"><a href=\"https:\/\/hrpanel.competencegame.com\/participant\">Participant login<\/a><\/li>\n<\/ul>\n<\/li>\n<\/ul><\/nav><\/div><\/div><\/div><\/div><\/div><\/div><\/div><div class=\"vce-col vce-col--xs-hide vce-col--sm-hide vce-col--md-30p vce-col--md-visible vce-col--lg-23p vce-col--lg-visible vce-col--xl-20p vce-col--xl-visible\" id=\"el-511cdedb\"><div class=\"vce-col-inner\" data-vce-do-apply=\"border margin background  el-511cdedb\"><div class=\"vce-content-background-container\"><\/div><div class=\"vce-col-content\" data-vce-element-content=\"true\" data-vce-do-apply=\"padding el-511cdedb\"><div class=\"vce-button--style-basic-container vce-button--style-basic-container--align-center\"><span class=\"vce-button--style-basic-wrapper vce\" id=\"el-76ebffbd\" data-vce-do-apply=\"margin el-76ebffbd\"><a class=\"vce-button vce-button--style-basic vce-button--style-basic--border-rounded vce-button--style-basic--size-medium vce-button--style-basic--color-b-236-42-133--b-255-255-255\" href=\"#contact\" title=\"\" data-vce-do-apply=\"padding border background  el-76ebffbd\">Play a demo<\/a><\/span><\/div><\/div><\/div><\/div><div class=\"vce-col vce-col--xs-auto vce-col--xs-visible vce-col--xs-last vce-col--sm-auto vce-col--sm-visible vce-col--sm-last vce-col--md-10p vce-col--md-visible vce-col--md-last vce-col--lg-7p vce-col--lg-visible vce-col--lg-last vce-col--xl-10p vce-col--xl-visible vce-col--xl-last\" id=\"el-8e8312ba\"><div class=\"vce-col-inner\" data-vce-do-apply=\"border margin background  el-8e8312ba\"><div class=\"vce-content-background-container\"><\/div><div class=\"vce-col-content\" data-vce-element-content=\"true\" data-vce-do-apply=\"padding el-8e8312ba\"><div class=\"vce-basic-menu-container\" id=\"el-ce403bdc\" data-vce-basic-menu=\"true\" data-vce-basic-menu-to-sandwich=\"1\"><div class=\"vce-basic-menu-inner vce vce-basic-menu--style-text--color-3E3D3D vce-basic-menu--style-underline--color-b-236-42-133 vce-basic-menu--style-sub-menu-text--color-3E3D3D vce-basic-menu--style-sub-menu-background--color-ffffff vce-basic-menu--style-sub-menu-outline--color-EDEDED vce-basic-menu--style-sub-menu-separator\" data-vce-do-apply=\"margin padding border background  el-ce403bdc\"><div class=\"vce-basic-menu\" style=\"font-size: 16px;\"><div class=\"vce-basic-menu-wrapper vce-basic-menu--alignment-right\"><nav class=\"menu-top-menu-container\"><ul  class=\"menu\"><li class=\"menu-item menu-item-type-custom menu-item-object-custom menu-item-has-children menu-item-66\"><a href=\"#\">Sign in<\/a>\n<ul class=\"sub-menu\">\n\t<li class=\"menu-item menu-item-type-custom menu-item-object-custom menu-item-100\"><a href=\"https:\/\/hrpanel.competencegame.com\/account\/login?accountlogin=&amp;lang=en\">Partner login<\/a><\/li>\n\t<li class=\"menu-item menu-item-type-custom menu-item-object-custom menu-item-101\"><a href=\"https:\/\/hrpanel.competencegame.com\/participant\">Participant login<\/a><\/li>\n<\/ul>\n<\/li>\n<\/ul><\/nav><\/div><\/div><div class=\"vce-basic-menu-sandwich-container\"><div class=\"vce-sandwich-menu-wrapper vce\" id=\"el-c9a33321\" data-vce-sandwich-menu=\"true\" data-vce-do-apply=\"margin el-c9a33321\" style=\"--alignment: right; --iconColor: rgb(115, 9, 184); --iconHoverColor: rgb(162,128,204); --closeIconColor: rgb(115, 9, 184); --closeIconHoverColor: rgb(162,128,204); --linkColor: #EDEDED; --linkHoverColor: #f2f2f2; --overlayBackground: rgba(33,33,33,.9); --shapeColor: transparent; --shapeHoverColor: transparent;\"><div class=\"vce-sandwich-menu vce-sandwich-menu--alignment-right\"><button class=\"vce-sandwich-menu-open-button\" data-vce-do-apply=\"padding border background el-c9a33321\" aria-label=\"Open menu\" data-vce-sandwich-menu-open-button=\"true\"><span class=\"vce-sandwich-menu-open-button-inner\"><svg width=\"24px\" height=\"19px\" viewbox=\"0 0 24 19\"><g><rect x=\"0\" y=\"0\" width=\"24\" height=\"3\"><\/rect><rect x=\"0\" y=\"8\" width=\"24\" height=\"3\"><\/rect><rect x=\"0\" y=\"16\" width=\"24\" height=\"3\"><\/rect><\/g><\/svg><\/span><\/button><div class=\"vce-sandwich-menu-container\" data-vce-sandwich-menu-modal=\"true\"><button class=\"vce-sandwich-menu-close-button\" data-vce-do-apply=\"padding border background el-c9a33321\" aria-label=\"Close menu\" data-vce-sandwich-menu-close-button=\"true\"><span class=\"vce-sandwich-menu-close-button-inner\"><svg width=\"20px\" height=\"20px\" viewbox=\"0 0 20 20\"><polygon points=\"9.5 7.38888889 2.11111111 0 0 2.11111111 7.38888889 9.5 0 16.8888889 2.11111111 19 9.5 11.6111111 16.8888889 19 19 16.8888889 11.6111111 9.5 19 2.11111111 16.8888889 1.76780781e-15\"><\/polygon><\/svg><\/span><\/button><div class=\"vce-sandwich-menu-scroll-container\"><div class=\"vce-sandwich-menu-inner\" style=\"font-size: 22px;\"><nav class=\"menu-top-menu-mobile-container\"><ul  class=\"\"><li class=\"menu-item menu-item-type-custom menu-item-object-custom menu-item-has-children menu-item-182\"><a href=\"#\">Sign in<\/a>\n<ul class=\"sub-menu\">\n\t<li class=\"menu-item menu-item-type-custom menu-item-object-custom menu-item-183\"><a href=\"https:\/\/hrpanel.competencegame.com\/account\/login?accountlogin=&amp;lang=en\">Partner login<\/a><\/li>\n\t<li class=\"menu-item menu-item-type-custom menu-item-object-custom menu-item-184\"><a href=\"https:\/\/hrpanel.competencegame.com\/participant\">Participant login<\/a><\/li>\n<\/ul>\n<\/li>\n<li class=\"menu-item menu-item-type-custom menu-item-object-custom menu-item-has-children menu-item-509\"><a href=\"#\">Our games<\/a>\n<ul class=\"sub-menu\">\n\t<li class=\"menu-item menu-item-type-custom menu-item-object-custom menu-item-510\"><a href=\"https:\/\/competencegame.com\/en\/clustermind\/\">ClusterMind<\/a><\/li>\n\t<li class=\"menu-item menu-item-type-custom menu-item-object-custom menu-item-511\"><a href=\"https:\/\/competencegame.com\/en\/archipelago\/\">Archipelago<\/a><\/li>\n<\/ul>\n<\/li>\n<li class=\"trp-language-switcher-container menu-item menu-item-type-post_type menu-item-object-language_switcher current-language-menu-item menu-item-185\"><a href=\"https:\/\/competencegame.com\/en\/wp-json\/wp\/v2\/pages\/726\"><span data-no-translation><img class=\"trp-flag-image\" src=\"https:\/\/competencegame.com\/wp-content\/plugins\/translatepress-multilingual\/assets\/images\/flags\/pl_PL.png\" width=\"18\" height=\"12\" alt=\"pl_PL\" title=\"Polish\"><\/span><\/a><\/li>\n<\/ul><\/nav><\/div><\/div><\/div><\/div><\/div><\/div><\/div><\/div><\/div><\/div><\/div><\/div><\/div><\/div><div class=\"vce-row-container\"><div class=\"vce-row vce-element--xl--has-background vce-element--lg--has-background vce-element--md--has-background vce-element--sm--has-background vce-element--xs--has-background vce-row--col-gap-30 vce-row-wrap--reverse vce-row-equal-height vce-row-content--middle\" data-vce-full-width=\"true\" id=\"el-10b74e30\" data-vce-do-apply=\"all el-10b74e30\"><div class=\"vce-content-background-container\"><div class=\"vce-asset-color-gradient-container vce-visible-xl-only\" data-vce-do-apply=\"gradient el-10b74e30\"><\/div><div class=\"vce-asset-color-gradient-container vce-visible-lg-only\" data-vce-do-apply=\"gradient el-10b74e30\"><\/div><div class=\"vce-asset-color-gradient-container vce-visible-md-only\" data-vce-do-apply=\"gradient el-10b74e30\"><\/div><div class=\"vce-asset-color-gradient-container vce-visible-sm-only\" data-vce-do-apply=\"gradient el-10b74e30\"><\/div><div class=\"vce-asset-color-gradient-container vce-visible-xs-only\" data-vce-do-apply=\"gradient el-10b74e30\"><\/div><\/div><div class=\"vce-dividers-wrapper\"><div class=\"vce-container-divider vce-divider-position--bottom vce-container-divider-new vce-visible-all-only\" data-vce-do-apply=\"divider el-10b74e30\"><div class=\"vce-container-divider-inner\"><svg class=\"vce-divider-svg\" viewbox=\"0 0 500 97\" width=\"130%\" preserveaspectratio=\"none\"><g fill=\"rgb(255, 255, 255)\"><path d=\"M370.005859,7 C421.782298,7 471.582031,23.9140625 500,54.4804687 L500,97 L0,97 L0,86.7851562 C135.587891,97.4101563 223.564453,7.000000000000028 370.005859,7 Z\" opacity=\"0.5\"><\/path><path d=\"M370.005859,15 C421.782298,15 471.582031,27.9140625 500,58.4804687 L500,97 L0,97 L0,90.7851562 C135.587891,101.4101562 223.564453,15 370.005859,15 Z\" opacity=\"0.5\"><\/path><path d=\"M370.005859,22 C421.782298,22 471.582031,31.9140625 500,62.4804687 L500,97 L0,97 L0,94.7851562 C135.587891,105.4101562 223.564453,22 370.005859,22 Z\"><\/path><\/g><\/svg><\/div><\/div><\/div><div class=\"vce-row-content\" data-vce-element-content=\"true\"><div class=\"vce-col vce-col--md-50p vce-col--xs-1 vce-col--xs-last vce-col--xs-first vce-col--sm-last vce-col--sm-first vce-col--md-last vce-col--lg-last vce-col--xl-last vce-col--md-first vce-col--lg-first vce-col--xl-first\" id=\"el-c05e7075\"><div class=\"vce-col-inner\" data-vce-do-apply=\"border margin background  el-c05e7075\"><div class=\"vce-col-content\" data-vce-element-content=\"true\" data-vce-do-apply=\"padding el-c05e7075\"><div class=\"vcv-row-control-wrapper\"><\/div><\/div><\/div><\/div><\/div><\/div><\/div><div class=\"vce-row-container\" id=\"step1\" data-vce-boxed-width=\"true\"><div class=\"vce-row vce-row--col-gap-30 vce-row-equal-height vce-row-content--top\" id=\"el-2225943f\" data-vce-do-apply=\"all el-2225943f\"><div class=\"vce-content-background-container\"><\/div><div class=\"vce-row-content\" data-vce-element-content=\"true\"><div class=\"vce-col vce-col--md-auto vce-col--xs-1 vce-col--xs-last vce-col--xs-first vce-col--sm-last vce-col--sm-first vce-col--md-last vce-col--lg-last vce-col--xl-last vce-col--md-first vce-col--lg-first vce-col--xl-first\" id=\"el-b5ed73af\"><div class=\"vce-col-inner\" data-vce-do-apply=\"border margin background  el-b5ed73af\"><div class=\"vce-content-background-container\"><\/div><div class=\"vce-col-content\" data-vce-element-content=\"true\" data-vce-do-apply=\"padding el-b5ed73af\"><div class=\"vce-text-block\"><div class=\"vce-text-block-wrapper vce\" id=\"el-fe446e73\" data-vce-do-apply=\"all el-fe446e73\"><h3 style=\"text-align: center;\"><span style=\"font-family: Roboto;\"><strong><span style=\"font-size: 18pt;\">Dzi\u0119kujemy za wype\u0142nienie formularza<\/span><\/strong><\/span><\/h3><\/div><\/div><div class=\"vce-button--style-basic-container vce-button--style-basic-container--align-center\"><span class=\"vce-button--style-basic-wrapper vce\" id=\"el-54864b79\" data-vce-do-apply=\"margin el-54864b79\"><a class=\"vce-button vce-button--style-basic vce-button--style-basic--border-rounded vce-button--style-basic--size-large vce-button--style-basic--color-ba-58-12-163-0-91--fff\" href=\"https:\/\/competencegame.com\/wp-content\/uploads\/2024\/04\/Efektywna_rekrutacja_CompetenceGame.pdf\" title=\"\" target=\"_blank\" data-vce-do-apply=\"padding border background  el-54864b79\" data-vce-animate=\"vce-o-animate--None\" rel=\"noopener\">Kliknij tutaj, by pobra\u0107 ebook<\/a><\/span><\/div><div class=\"vce-single-image-container vce-single-image--align-center\"><div class=\"vce vce-single-image-wrapper\" id=\"el-a209ba99\" data-vce-do-apply=\"all el-a209ba99\"><figure><div class=\"vce-single-image-figure-inner\" style=\"width: 551px;\"><div class=\"vce-single-image-inner vce-single-image--absolute\" style=\"width: 100%; padding-bottom: 94.9183%;\"><img loading=\"lazy\" decoding=\"async\" class=\"vce-single-image\"  width=\"551\" height=\"523\" srcset=\"https:\/\/competencegame.com\/wp-content\/uploads\/2022\/11\/Efektywne-I-efektowne-badanie-kompetencji-kandydatow._-Jak-to-osiagnac_-_-e1667839100967-320x304.png 320w, https:\/\/competencegame.com\/wp-content\/uploads\/2022\/11\/Efektywne-I-efektowne-badanie-kompetencji-kandydatow._-Jak-to-osiagnac_-_-e1667839100967-480x456.png 480w, https:\/\/competencegame.com\/wp-content\/uploads\/2022\/11\/Efektywne-I-efektowne-badanie-kompetencji-kandydatow._-Jak-to-osiagnac_-_-800x1132.png 800w, https:\/\/competencegame.com\/wp-content\/uploads\/2024\/06\/Efektywne-I-efektowne-badanie-kompetencji-kandydatow._-Jak-to-osiagnac_-_-e1667839100967-551x523.png 551w\" src=\"https:\/\/competencegame.com\/wp-content\/uploads\/2024\/06\/Efektywne-I-efektowne-badanie-kompetencji-kandydatow._-Jak-to-osiagnac_-_-e1667839100967-551x523.png\" data-img-src=\"https:\/\/competencegame.com\/wp-content\/uploads\/2022\/11\/Efektywne-I-efektowne-badanie-kompetencji-kandydatow._-Jak-to-osiagnac_-_-e1667839100967.png\" data-attachment-id=\"717\"  alt=\"\" title=\"Efektywne I efektowne badanie kompetencji kandydat\u00f3w._ Jak to osi\u0105gn\u0105\u0107_ _\" \/><\/div><\/div><figcaption hidden=\"\"><\/figcaption><\/figure><\/div><\/div><section class=\"vce-hero-section-container vce-hero-section-media--xs vce-hero-section-media--sm vce-hero-section-media--md vce-hero-section-media--lg vce-hero-section-media--xl\"><div class=\"vce vce-hero-section\" id=\"el-fd47dbc4\" data-vce-do-apply=\"margin background border  el-fd47dbc4\" data-vce-animate=\"vce-o-animate--bounceIn\"><div class=\"vce-hero-section--wrap-row\"><div class=\"vce-hero-section--wrap\"><div class=\"vce-hero-section--content\" data-vce-do-apply=\"padding el-fd47dbc4\"><div class=\"vce-hero-section--content-container\"><p style=\"color: #fff;\"><span style=\"color: #000000; font-size: 16pt;\">Mo\u017cesz te\u017c skorzysta\u0107 z naszego kalendarza online <br>i wygodnie um\u00f3wi\u0107 si\u0119 na spotkanie.<\/span><\/p><\/div><div class=\"vce-button--style-basic-container vce-button--style-basic-container--align-center\"><span class=\"vce-button--style-basic-wrapper vce\" id=\"el-b0fee4b8\" data-vce-do-apply=\"margin el-b0fee4b8\"><a class=\"vce-button vce-button--style-basic vce-button--style-basic--border-rounded vce-button--style-basic--size-large vce-button--style-basic--color-b-247-44-146--fff\" href=\"https:\/\/outlook.office365.com\/owa\/calendar\/CompetenceGame1@pracowniagier.com\/bookings\/\" title=\"\" data-vce-do-apply=\"padding border background  el-b0fee4b8\">Przejd\u017a do kalendarza<\/a><\/span><\/div><\/div><\/div><\/div><\/div><\/section><\/div><\/div><\/div><\/div><\/div><\/div>","protected":false},"excerpt":{"rendered":"<p>Zagraj w demoDzi\u0119kujemy za wype\u0142nienie formularzaKliknij tutaj, by pobra\u0107 ebookMo\u017cesz te\u017c skorzysta\u0107 z naszego kalendarza online i wygodnie um\u00f3wi\u0107 si\u0119 na spotkanie.Przejd\u017a do kalendarza<\/p>","protected":false},"author":4,"featured_media":717,"parent":409,"menu_order":0,"comment_status":"closed","ping_status":"closed","template":"","meta":{"footnotes":""},"class_list":["post-726","page","type-page","status-publish","has-post-thumbnail","hentry"],"_links":{"self":[{"href":"https:\/\/competencegame.com\/en\/wp-json\/wp\/v2\/pages\/726","targetHints":{"allow":["GET"]}}],"collection":[{"href":"https:\/\/competencegame.com\/en\/wp-json\/wp\/v2\/pages"}],"about":[{"href":"https:\/\/competencegame.com\/en\/wp-json\/wp\/v2\/types\/page"}],"author":[{"embeddable":true,"href":"https:\/\/competencegame.com\/en\/wp-json\/wp\/v2\/users\/4"}],"replies":[{"embeddable":true,"href":"https:\/\/competencegame.com\/en\/wp-json\/wp\/v2\/comments?post=726"}],"version-history":[{"count":14,"href":"https:\/\/competencegame.com\/en\/wp-json\/wp\/v2\/pages\/726\/revisions"}],"predecessor-version":[{"id":1423,"href":"https:\/\/competencegame.com\/en\/wp-json\/wp\/v2\/pages\/726\/revisions\/1423"}],"up":[{"embeddable":true,"href":"https:\/\/competencegame.com\/en\/wp-json\/wp\/v2\/pages\/409"}],"wp:featuredmedia":[{"embeddable":true,"href":"https:\/\/competencegame.com\/en\/wp-json\/wp\/v2\/media\/717"}],"wp:attachment":[{"href":"https:\/\/competencegame.com\/en\/wp-json\/wp\/v2\/media?parent=726"}],"curies":[{"name":"wp","href":"https:\/\/api.w.org\/{rel}","templated":true}]}}